{"id":399,"date":"2020-09-16T01:28:53","date_gmt":"2020-09-16T03:28:53","guid":{"rendered":"http:\/\/sites.usp.br\/pequim\/?page_id=399"},"modified":"2020-09-16T01:38:59","modified_gmt":"2020-09-16T03:38:59","slug":"egressos-onde-estao","status":"publish","type":"page","link":"https:\/\/sites.usp.br\/pequim\/egressos-onde-estao\/","title":{"rendered":"Egressos &#8211; onde est\u00e3o"},"content":{"rendered":"<p><a href=\"http:\/\/buscatextual.cnpq.br\/buscatextual\/visualizacv.do?id=K4249660Z8\">Luciane Fernandes de Goes<\/a>\u00a0(Mestrado, 2014; Doutorado, 2018) \u2013 Escola de Aplica\u00e7\u00e3o, Faculdade de Educa\u00e7\u00e3o da Universidade de S\u00e3o Paulo, docente<\/p>\n<p><a href=\"http:\/\/buscatextual.cnpq.br\/buscatextual\/visualizacv.do?id=K4455693A4\">Keysy S. C. Nogueira<\/a>\u00a0(DD, 2018) \u2013 Universidade Estadual de Santa Catarina, Blumenau, docente<\/p>\n<p><a href=\"http:\/\/buscatextual.cnpq.br\/buscatextual\/visualizacv.do?id=K4437652A5\">Brenno R. M. Oliveira\u00a0<\/a>(doutorado, 2018) \u2013\u00a0Universidade Estadual de Santa Catarina, Joinville, docente<\/p>\n<p><a href=\"http:\/\/buscatextual.cnpq.br\/buscatextual\/visualizacv.do?id=K4262487Y0\">Jana\u00edna Farias de Ornellas<\/a>\u00a0(Doutorado, 2016) \u2013 Universidade Federal do Tri\u00e2ngulo Mineiro, Uberaba, docente, coord. Pibid<\/p>\n<p><a href=\"http:\/\/buscatextual.cnpq.br\/buscatextual\/visualizacv.do?id=K4133417J5\">Leila In\u00eas Follman Freire\u00a0<\/a>(Doutorado, 2015) \u2013\u00a0Universidade Estadual de Ponta Grossa, PR, docente, coord PIBID, coord, Programa P\u00f3s Grad. Ensino Ci\u00eancias da UEPG<\/p>\n<p><a href=\"http:\/\/buscatextual.cnpq.br\/buscatextual\/visualizacv.do?id=K4755856A7\">Robson Macedo Novais (<\/a>DD, 2015) \u2013 Universidade Federal do ABC (atual), docente; Universidade Federal de S\u00e3o Jo\u00e3o del Rey, docente<\/p>\n<p><a href=\"http:\/\/buscatextual.cnpq.br\/buscatextual\/visualizacv.do?id=K4759444T4\">Gildo Girotto J\u00fanior<\/a>\u00a0(Mestrado, 2012; Doutorado, 2015) \u2013 UNICAMP (atual). docente; Universidade Federal de Lavras<\/p>\n<p><a href=\"http:\/\/buscatextual.cnpq.br\/buscatextual\/visualizacv.do?id=K4293314Z9\">Vanda Luiza S. Montenegro<\/a>\u00a0(Mestrado, 2012; Doutorado, 2017) Prefeitura de S\u00e3o Paulo, docente<\/p>\n<p><a href=\"http:\/\/buscatextual.cnpq.br\/buscatextual\/visualizacv.do?id=K4233825A3\">Wagner Alves Moreira<\/a>\u00a0(Doutorado, 2015) \u2013 Universidade S\u00e3o Bernardo Campo, docente e coord curso Licenciatura<\/p>\n<p><a href=\"http:\/\/buscatextual.cnpq.br\/buscatextual\/visualizacv.do?id=K4504357H3\">Lailton Passos Cortes Jr.<\/a>\u00a0(Mestrado, 2008; Doutorado, 2013) \u2013 Universidade Federal da Bahia, docente<\/p>\n<p><a href=\"http:\/\/buscatextual.cnpq.br\/buscatextual\/visualizacv.do?id=K4716664E3\">Aroldo Nascimento Silva<\/a>\u00a0(Mestrado, 2012) \u2013 Universidade Federal Fluminense, docente<\/p>\n<p><a href=\"http:\/\/buscatextual.cnpq.br\/buscatextual\/visualizacv.do?id=K4711907Z3\">Milton Machado de Oliveira Jr<\/a>\u00a0(Mestrado, 2012) \u2013 Col\u00e9gio e Cursinho, docente<\/p>\n<p><a href=\"http:\/\/buscatextual.cnpq.br\/buscatextual\/visualizacv.do?id=K4736242Z5\">Fernando Luiz C\u00e1ssio<\/a>\u00a0(posdoc, 2011) \u2013 Universidade Federal do ABC, docente<\/p>\n<p><a href=\"http:\/\/buscatextual.cnpq.br\/buscatextual\/visualizacv.do?id=K4767135J1\">Sergio Henrique B.S. Leal<\/a>\u00a0(posdoc, 2011) \u2013 Universidade Federal do ABC, docente<\/p>\n<p><a href=\"http:\/\/buscatextual.cnpq.br\/buscatextual\/visualizacv.do?id=K4550758Y5\">Perceli Gomes Elias\u00a0<\/a>(Mestrado, 2011) \u2013 UNISEPE, docente<\/p>\n<p><a href=\"http:\/\/buscatextual.cnpq.br\/buscatextual\/visualizacv.do?id=K4779984H8\">Marco Antonio Bueno Filho<\/a>\u00a0(Doutorado, 2010) \u2013 Universidade Federal do ABC, docente<\/p>\n<p><a href=\"http:\/\/buscatextual.cnpq.br\/buscatextual\/visualizacv.do?id=K4137026U2\">Maria Gislaine P. Sales<\/a>\u00a0(Mestrado, 2010) \u2013 Secretaria de Educa\u00e7\u00e3o do Estado de S\u00e3o Paulo, docente<\/p>\n<p><a href=\"http:\/\/buscatextual.cnpq.br\/buscatextual\/visualizacv.do?id=K4238026E3\">Josely Cubero<\/a>\u00a0(Mestrado, 2010) \u2013 EACH Escola de Artes, Ci\u00eancias e Humanidades da USP Leste, Educadora<\/p>\n<p><a href=\"http:\/\/buscatextual.cnpq.br\/buscatextual\/visualizacv.do?id=K4238557U0\">Marina M. A. Tacoshi<\/a>\u00a0(Mestrado, 2008) \u2013 Escola Minicipal Sto Andr\u00e9, diretora<\/p>\n<p><a href=\"http:\/\/buscatextual.cnpq.br\/buscatextual\/visualizacv.do?id=K4129274J7\">Marcela Gaeta Andrade<\/a>\u00a0(mestrado, 2008) \u2013 Col\u00e9gio V\u00e9rtice, docente<\/p>\n<p><a href=\"http:\/\/buscatextual.cnpq.br\/buscatextual\/visualizacv.do?id=K4760099T4\">Jos\u00e9 Guilherme S. Lopes<\/a>\u00a0(posdoc, 2007) \u2013 Universidade Federal de Juiz de Fora, docente<\/p>\n<p><a href=\"http:\/\/buscatextual.cnpq.br\/buscatextual\/visualizacv.do?id=K4129271U8\">Sandra Vaiteka<\/a>\u00a0(Mestrado, 2007) \u2013 Col\u00e9gio S\u00e3o Luis, coordenadora pedag\u00f3gica<\/p>\n<p><a href=\"http:\/\/buscatextual.cnpq.br\/buscatextual\/visualizacv.do?id=K4129271T1\">Valdir Pedro Berti\u00a0<\/a>(Mestrado, 2007) \u2013 Diretoria de Ensino de Tup\u00e3, coord n\u00facleo pedag\u00f3gico<\/p>\n<p><a href=\"http:\/\/buscatextual.cnpq.br\/buscatextual\/visualizacv.do?id=K4129274H4\">L\u00facia Machado de Andrade<\/a>\u00a0(Mestrado, 2006) \u2013 Universidade S\u00e3o Judas Tadeu, docente<\/p>\n","protected":false},"excerpt":{"rendered":"<p>Luciane Fernandes de Goes\u00a0(Mestrado, 2014; Doutorado, 2018) \u2013 Escola de Aplica\u00e7\u00e3o, Faculdade de Educa\u00e7\u00e3o da Universidade de S\u00e3o Paulo, docente Keysy S. C. Nogueira\u00a0(DD, 2018) \u2013 Universidade Estadual de Santa Catarina, Blumenau, docente Brenno R. M. Oliveira\u00a0(doutorado, 2018) \u2013\u00a0Universidade Estadual de Santa Catarina, Joinville, docente Jana\u00edna Farias de Ornellas\u00a0(Doutorado, 2016) \u2013 Universidade Federal do Tri\u00e2ngulo [&hellip;]<\/p>\n","protected":false},"author":124,"featured_media":0,"parent":0,"menu_order":0,"comment_status":"closed","ping_status":"closed","template":"","meta":{"footnotes":"","_links_to":"","_links_to_target":""},"class_list":["post-399","page","type-page","status-publish","hentry"],"_links":{"self":[{"href":"https:\/\/sites.usp.br\/pequim\/wp-json\/wp\/v2\/pages\/399","targetHints":{"allow":["GET"]}}],"collection":[{"href":"https:\/\/sites.usp.br\/pequim\/wp-json\/wp\/v2\/pages"}],"about":[{"href":"https:\/\/sites.usp.br\/pequim\/wp-json\/wp\/v2\/types\/page"}],"author":[{"embeddable":true,"href":"https:\/\/sites.usp.br\/pequim\/wp-json\/wp\/v2\/users\/124"}],"replies":[{"embeddable":true,"href":"https:\/\/sites.usp.br\/pequim\/wp-json\/wp\/v2\/comments?post=399"}],"version-history":[{"count":2,"href":"https:\/\/sites.usp.br\/pequim\/wp-json\/wp\/v2\/pages\/399\/revisions"}],"predecessor-version":[{"id":401,"href":"https:\/\/sites.usp.br\/pequim\/wp-json\/wp\/v2\/pages\/399\/revisions\/401"}],"wp:attachment":[{"href":"https:\/\/sites.usp.br\/pequim\/wp-json\/wp\/v2\/media?parent=399"}],"curies":[{"name":"wp","href":"https:\/\/api.w.org\/{rel}","templated":true}]}}