{"id":416,"date":"2020-09-24T00:34:02","date_gmt":"2020-09-24T02:34:02","guid":{"rendered":"http:\/\/sites.usp.br\/pequim\/?page_id=416"},"modified":"2022-09-20T02:05:57","modified_gmt":"2022-09-20T04:05:57","slug":"disciplinas","status":"publish","type":"page","link":"https:\/\/sites.usp.br\/pequim\/pagina-1\/disciplinas\/","title":{"rendered":"Disciplinas"},"content":{"rendered":"<p><a href=\"https:\/\/uspdigital.usp.br\/jupiterweb\/obterDisciplina?nomdis=&amp;sgldis=qfl1704\">QFL 1704 &#8211; Instrumenta\u00e7\u00e3o para o Ensino de Qu\u00edmica III (Curr\u00edculo e Planejamento);\u00a0 Docente: Carmen Fernandez<\/a><\/p>\n<p>Aqui voc\u00ea ir\u00e1 encontrar Planejamentos de Ensino de Qu\u00edmica desenvolvidos pelos licenciandos do Instituto de Qu\u00edmica da Universidade de S\u00e3o Paulo como produto final desta disciplina. S\u00e3o planejamentos pensados para os tr\u00eas anos do Ensino M\u00e9dio de Qu\u00edmica em contextos de escolas diversas. Apresentam tamb\u00e9m v\u00e1rios planos de aulas detalhados compondo Sequ\u00eancias Did\u00e1ticas de diferentes conte\u00fados da Qu\u00edmica.<\/p>\n<p><a href=\"https:\/\/sites.usp.br\/pequim\/wp-content\/uploads\/sites\/68\/2022\/09\/Planejamento_2021_EM_Tatiana_DAmato.pdf\">Planejamento_2021_EM_Tatiana_DAmato<\/a><\/p>\n<p><a href=\"https:\/\/sites.usp.br\/pequim\/wp-content\/uploads\/sites\/68\/2020\/09\/Planejamento_2019_EJA_Larissa_Schneider.pdf\">Planejamento_2019_EJA_Larissa_Schneider<\/a><\/p>\n<p><a href=\"https:\/\/sites.usp.br\/pequim\/wp-content\/uploads\/sites\/68\/2020\/09\/Planejamento_2019_EM_Samuel_Vanique-1.pdf\">Planejamento_2019_EM_Samuel_Vanique<\/a><\/p>\n<p><a href=\"https:\/\/sites.usp.br\/pequim\/wp-content\/uploads\/sites\/68\/2020\/09\/Planejamento_2019_EM_Dante_Gon\u00e7alves.pdf\">Planejamento_2019_EM_Dante_Gon\u00e7alves<\/a><\/p>\n<p><a href=\"https:\/\/sites.usp.br\/pequim\/wp-content\/uploads\/sites\/68\/2020\/09\/Planejamento_2019_EM_Giovanna_Bon\u00e9si_Sara_Ferreira-1.pdf\">Planejamento_2019_EM_Giovanna_Bon\u00e9si_Sara_Ferreira<\/a><\/p>\n<p><a href=\"https:\/\/sites.usp.br\/pequim\/wp-content\/uploads\/sites\/68\/2020\/10\/Planejamento_2019_EM_Lucas_Bariani_Pereira.pdf\">Planejamento_2019_EM_Lucas_Bariani_Pereira<\/a><\/p>\n<p><a href=\"https:\/\/sites.usp.br\/pequim\/wp-content\/uploads\/sites\/68\/2020\/11\/Planejamento_2019_EM_FernandoMenegatti.pdf\">Planejamento_2019_EM_FernandoMenegatti<\/a><\/p>\n<p><a href=\"https:\/\/sites.usp.br\/pequim\/wp-content\/uploads\/sites\/68\/2020\/11\/Planejamento_2019_EM_BrunaFadiga_AlexandreVong.pdf\">Planejamento_2019_EM_BrunaFadiga_AlexandreVong<\/a><\/p>\n<p><a href=\"https:\/\/sites.usp.br\/pequim\/wp-content\/uploads\/sites\/68\/2021\/05\/Planejamento_2020_EM_Quim_Elisa_Melissa_Nicolle_Pedro-2.pdf\">Planejamento_2020_EM_Quim_Elisa_Melissa_Nicolle_Pedro<\/a><\/p>\n<p><a href=\"https:\/\/sites.usp.br\/pequim\/wp-content\/uploads\/sites\/68\/2021\/05\/Planejamento_2020_Quim_EM_Artur_Marina_Osvaldo_Paulo-2.pdf\">Planejamento_2020_Quim_EM_Artur_Marina_Osvaldo_Paulo<\/a><\/p>\n<p>&nbsp;<\/p>\n<p>&nbsp;<\/p>\n<p>&nbsp;<\/p>\n<p>&nbsp;<\/p>\n","protected":false},"excerpt":{"rendered":"<p>QFL 1704 &#8211; Instrumenta\u00e7\u00e3o para o Ensino de Qu\u00edmica III (Curr\u00edculo e Planejamento);\u00a0 Docente: Carmen Fernandez Aqui voc\u00ea ir\u00e1 encontrar Planejamentos de Ensino de Qu\u00edmica desenvolvidos pelos licenciandos do Instituto de Qu\u00edmica da Universidade de S\u00e3o Paulo como produto final desta disciplina. S\u00e3o planejamentos pensados para os tr\u00eas anos do Ensino M\u00e9dio de Qu\u00edmica em [&hellip;]<\/p>\n","protected":false},"author":124,"featured_media":0,"parent":62,"menu_order":0,"comment_status":"closed","ping_status":"closed","template":"","meta":{"footnotes":"","_links_to":"","_links_to_target":""},"class_list":["post-416","page","type-page","status-publish","hentry"],"_links":{"self":[{"href":"https:\/\/sites.usp.br\/pequim\/wp-json\/wp\/v2\/pages\/416","targetHints":{"allow":["GET"]}}],"collection":[{"href":"https:\/\/sites.usp.br\/pequim\/wp-json\/wp\/v2\/pages"}],"about":[{"href":"https:\/\/sites.usp.br\/pequim\/wp-json\/wp\/v2\/types\/page"}],"author":[{"embeddable":true,"href":"https:\/\/sites.usp.br\/pequim\/wp-json\/wp\/v2\/users\/124"}],"replies":[{"embeddable":true,"href":"https:\/\/sites.usp.br\/pequim\/wp-json\/wp\/v2\/comments?post=416"}],"version-history":[{"count":4,"href":"https:\/\/sites.usp.br\/pequim\/wp-json\/wp\/v2\/pages\/416\/revisions"}],"predecessor-version":[{"id":506,"href":"https:\/\/sites.usp.br\/pequim\/wp-json\/wp\/v2\/pages\/416\/revisions\/506"}],"up":[{"embeddable":true,"href":"https:\/\/sites.usp.br\/pequim\/wp-json\/wp\/v2\/pages\/62"}],"wp:attachment":[{"href":"https:\/\/sites.usp.br\/pequim\/wp-json\/wp\/v2\/media?parent=416"}],"curies":[{"name":"wp","href":"https:\/\/api.w.org\/{rel}","templated":true}]}}