{"id":62,"date":"2014-02-12T11:28:30","date_gmt":"2014-02-12T13:28:30","guid":{"rendered":"http:\/\/sites.usp.br\/pequim\/?page_id=62"},"modified":"2020-09-24T00:27:24","modified_gmt":"2020-09-24T02:27:24","slug":"pagina-1","status":"publish","type":"page","link":"https:\/\/sites.usp.br\/pequim\/pagina-1\/","title":{"rendered":"Grupo"},"content":{"rendered":"<ul>\n<li><a href=\"http:\/\/sites.usp.br\/pequim\/pagina-1\/pagina-1-1\/\">Doutorandos<\/a><\/li>\n<li><a href=\"http:\/\/sites.usp.br\/pequim\/pagina-1\/mestrandos\/\">Mestrandos<\/a><\/li>\n<li><a href=\"http:\/\/sites.usp.br\/pequim\/pagina-1\/iniciacao-cientifica\/\">Inicia\u00e7\u00e3o Cient\u00edfica<\/a><\/li>\n<li><a href=\"http:\/\/sites.usp.br\/pequim\/egressos-onde-estao\/\">Egressos &#8211; Onde est\u00e3o<\/a><\/li>\n<\/ul>\n<p>&nbsp;<\/p>\n<p>&nbsp;<\/p>\n<p>&nbsp;<\/p>\n","protected":false},"excerpt":{"rendered":"<p>Doutorandos Mestrandos Inicia\u00e7\u00e3o Cient\u00edfica Egressos &#8211; Onde est\u00e3o &nbsp; &nbsp; &nbsp;<\/p>\n","protected":false},"author":1,"featured_media":0,"parent":0,"menu_order":0,"comment_status":"closed","ping_status":"closed","template":"","meta":{"footnotes":"","_links_to":"","_links_to_target":""},"class_list":["post-62","page","type-page","status-publish","hentry"],"_links":{"self":[{"href":"https:\/\/sites.usp.br\/pequim\/wp-json\/wp\/v2\/pages\/62","targetHints":{"allow":["GET"]}}],"collection":[{"href":"https:\/\/sites.usp.br\/pequim\/wp-json\/wp\/v2\/pages"}],"about":[{"href":"https:\/\/sites.usp.br\/pequim\/wp-json\/wp\/v2\/types\/page"}],"author":[{"embeddable":true,"href":"https:\/\/sites.usp.br\/pequim\/wp-json\/wp\/v2\/users\/1"}],"replies":[{"embeddable":true,"href":"https:\/\/sites.usp.br\/pequim\/wp-json\/wp\/v2\/comments?post=62"}],"version-history":[{"count":4,"href":"https:\/\/sites.usp.br\/pequim\/wp-json\/wp\/v2\/pages\/62\/revisions"}],"predecessor-version":[{"id":403,"href":"https:\/\/sites.usp.br\/pequim\/wp-json\/wp\/v2\/pages\/62\/revisions\/403"}],"wp:attachment":[{"href":"https:\/\/sites.usp.br\/pequim\/wp-json\/wp\/v2\/media?parent=62"}],"curies":[{"name":"wp","href":"https:\/\/api.w.org\/{rel}","templated":true}]}}