{"id":164,"date":"2023-10-24T11:42:34","date_gmt":"2023-10-24T14:42:34","guid":{"rendered":"https:\/\/sites.usp.br\/pesquisaletrasusp\/?page_id=164"},"modified":"2023-10-24T11:51:54","modified_gmt":"2023-10-24T14:51:54","slug":"tema-pergunta-e-hipotese-2","status":"publish","type":"page","link":"https:\/\/sites.usp.br\/pesquisaletrasusp\/tema-pergunta-e-hipotese-2\/","title":{"rendered":"Tema, Pergunta e hip\u00f3tese"},"content":{"rendered":"<p><span style=\"font-weight: 400;\">Estabelecer temas, perguntas e hip\u00f3teses de pesquisa \u00e9 essencial para alcan\u00e7ar um <strong>equil\u00edbrio e liga\u00e7\u00e3o harm\u00f4nica entre as partes,<\/strong> assim como para determinar os <a href=\"https:\/\/sites.usp.br\/pesquisaletrasusp\/estrutura-de-um-projeto-de-pesquisa\/\">objetivos<\/a> do seu estudo!\u00a0\u00a0<\/span><\/p>\n<ul>\n<li style=\"font-weight: 400; text-align: left;\" aria-level=\"1\"><span style=\"color: #0000ff;\"><b>Tema<\/b><\/span><span style=\"font-weight: 400;\">: campo que estabelecemos dentro de uma \u00e1rea, por exemplo: (i) as dificuldades de aprendizagem de X por estudantes em determinado contexto; (ii) met\u00e1foras utilizadas nas literaturas de autoras feministas do per\u00edodo Z; (iii) o papel das ferramentas digitais para o ensino de uma l\u00edngua adicional.\u00a0<\/span><\/li>\n<li style=\"font-weight: 400; text-align: left;\" aria-level=\"1\"><span style=\"color: #0000ff;\"><b>Problema<\/b><\/span><span style=\"font-weight: 400;\">: recorte dentro da \u00e1rea espec\u00edfica (dificuldade, lacunas), por exemplo: (i) Compreender quais condi\u00e7\u00f5es influenciam na dificuldade de aprendizagem X?; (ii) Entender tipos de met\u00e1foras utilizadas por autoras femininas para representar K (isolamento, natureza, ass\u00e9dio, viol\u00eancia etc) na sociedade Z; (iii) A utiliza\u00e7\u00e3o de ferramentas para fomentar H (produ\u00e7\u00e3o escrita ou oral, motiva\u00e7\u00e3o, pensamento cr\u00edtico) no ensino de uma l\u00edngua adicional.<br \/>\n<\/span><\/li>\n<li style=\"font-weight: 400; text-align: left;\" aria-level=\"1\"><span style=\"color: #0000ff;\"><b>Perguntas<\/b><\/span><span style=\"font-weight: 400;\">: questionamentos a partir do <\/span><b>tema<\/b><span style=\"font-weight: 400;\"> para serem respondidos pelos resultados da pesquisa, por exemplo: (i) Como solucionar a dificuldade de aprendizagem X neste contexto espec\u00edfico e quais fatores determinam tal dificuldade?; (ii) Qual o motivo da maior ocorr\u00eancia da met\u00e1fora W em rela\u00e7\u00e3o a outras met\u00e1foras e qual a representa\u00e7\u00e3o da sociedade Z?; (iii) Quais s\u00e3o os efeitos do uso de ferramentas digitais sobre H para o ensino de uma l\u00edngua adicional e quais as percep\u00e7\u00f5es das estudantes?<\/span><\/li>\n<\/ul>\n<p><b><br \/>\n<\/b><span style=\"color: #993366;\"><b>Hip\u00f3tese<\/b><\/span><span style=\"font-weight: 400;\">: todo trabalho cient\u00edfico deve constituir um <\/span><b>racioc\u00ednio demonstrativo<\/b><span style=\"font-weight: 400;\"> de uma <\/span><b>hip\u00f3tese<\/b><span style=\"font-weight: 400;\"> (o que voc\u00ea acha que vai acontecer, que vai alcan\u00e7ar com esta pesquisa?), que demonstra ou soluciona o problema pesquisado (que se situa dentro de um tema). Assim, as hip\u00f3teses s\u00e3o como conjecturas que <\/span><b>respondem a determinados problemas<\/b><span style=\"font-weight: 400;\"> que ser\u00e3o tratados ao longo da pesquisa. <\/span><span style=\"font-weight: 400;\"><br \/>\n<\/span><span style=\"font-weight: 400;\"><strong><span style=\"color: #ff00ff;\">Dica<\/span><\/strong>: <\/span><i><span style=\"font-weight: 400;\">a hip\u00f3tese inicial pode n\u00e3o ser confirmada pelos resultados e novas hip\u00f3teses podem surgir no desenrolar da pesquisa! Assim, esteja aberta ao que os seus dados indicam, os resultados podem te surpreender (positivamente).\u00a0<\/span><\/i><\/p>\n","protected":false},"excerpt":{"rendered":"<p>Estabelecer temas, perguntas e hip\u00f3teses de pesquisa \u00e9 essencial para alcan\u00e7ar um equil\u00edbrio e liga\u00e7\u00e3o harm\u00f4nica entre as partes, assim como para determinar os objetivos do seu estudo!\u00a0\u00a0 Tema: campo que estabelecemos dentro de uma \u00e1rea, por exemplo: (i) as dificuldades de aprendizagem de X por estudantes em determinado contexto; (ii) met\u00e1foras utilizadas nas literaturas [&hellip;]<\/p>\n","protected":false},"author":23775,"featured_media":0,"parent":0,"menu_order":0,"comment_status":"closed","ping_status":"closed","template":"","meta":{"footnotes":"","_links_to":"","_links_to_target":""},"categories":[18],"tags":[],"class_list":["post-164","page","type-page","status-publish","hentry","category-tema-pergunta-e-hipotese"],"_links":{"self":[{"href":"https:\/\/sites.usp.br\/pesquisaletrasusp\/wp-json\/wp\/v2\/pages\/164","targetHints":{"allow":["GET"]}}],"collection":[{"href":"https:\/\/sites.usp.br\/pesquisaletrasusp\/wp-json\/wp\/v2\/pages"}],"about":[{"href":"https:\/\/sites.usp.br\/pesquisaletrasusp\/wp-json\/wp\/v2\/types\/page"}],"author":[{"embeddable":true,"href":"https:\/\/sites.usp.br\/pesquisaletrasusp\/wp-json\/wp\/v2\/users\/23775"}],"replies":[{"embeddable":true,"href":"https:\/\/sites.usp.br\/pesquisaletrasusp\/wp-json\/wp\/v2\/comments?post=164"}],"version-history":[{"count":2,"href":"https:\/\/sites.usp.br\/pesquisaletrasusp\/wp-json\/wp\/v2\/pages\/164\/revisions"}],"predecessor-version":[{"id":172,"href":"https:\/\/sites.usp.br\/pesquisaletrasusp\/wp-json\/wp\/v2\/pages\/164\/revisions\/172"}],"wp:attachment":[{"href":"https:\/\/sites.usp.br\/pesquisaletrasusp\/wp-json\/wp\/v2\/media?parent=164"}],"wp:term":[{"taxonomy":"category","embeddable":true,"href":"https:\/\/sites.usp.br\/pesquisaletrasusp\/wp-json\/wp\/v2\/categories?post=164"},{"taxonomy":"post_tag","embeddable":true,"href":"https:\/\/sites.usp.br\/pesquisaletrasusp\/wp-json\/wp\/v2\/tags?post=164"}],"curies":[{"name":"wp","href":"https:\/\/api.w.org\/{rel}","templated":true}]}}