{"id":444,"date":"2022-06-25T18:39:31","date_gmt":"2022-06-25T21:39:31","guid":{"rendered":"https:\/\/sites.usp.br\/pet-direitos\/?page_id=444"},"modified":"2022-06-25T18:42:04","modified_gmt":"2022-06-25T21:42:04","slug":"processo-seletivo","status":"publish","type":"page","link":"https:\/\/sites.usp.br\/pet-direitos\/projetos\/processo-seletivo\/","title":{"rendered":"Processo Seletivo"},"content":{"rendered":"\t\t<div data-elementor-type=\"wp-page\" data-elementor-id=\"444\" class=\"elementor elementor-444\" data-elementor-post-type=\"page\">\n\t\t\t\t\t\t<section class=\"elementor-section elementor-top-section elementor-element elementor-element-2609dedd elementor-section-boxed elementor-section-height-default elementor-section-height-default\" data-id=\"2609dedd\" data-element_type=\"section\">\n\t\t\t\t\t\t<div class=\"elementor-container elementor-column-gap-default\">\n\t\t\t\t\t<div class=\"elementor-column elementor-col-100 elementor-top-column elementor-element elementor-element-246fdcd3\" data-id=\"246fdcd3\" data-element_type=\"column\">\n\t\t\t<div class=\"elementor-widget-wrap elementor-element-populated\">\n\t\t\t\t\t\t<div class=\"elementor-element elementor-element-b103b95 elementor-widget elementor-widget-text-editor\" data-id=\"b103b95\" data-element_type=\"widget\" data-widget_type=\"text-editor.default\">\n\t\t\t\t<div class=\"elementor-widget-container\">\n\t\t\t\t\t\t\t<p><span style=\"font-weight: 400;\">O processo de sele\u00e7\u00e3o de estudantes para a composi\u00e7\u00e3o do PET-Direitos acontece anualmente e \u00e9 coordenado pelo Professor Tutor, que forma a Comiss\u00e3o de Sele\u00e7\u00e3o conjuntamente com os discentes integrantes do Grupo. Por conseguinte, a comiss\u00e3o redige e analisa o Edital, discute os objetivos da sele\u00e7\u00e3o, os crit\u00e9rios que ser\u00e3o usados e as provas que compor\u00e3o o processo. A an\u00e1lise socioecon\u00f4mica dos candidatos \u00e9 uma etapa relevante no processo seletivo e foi empregada em todos os anos a partir da cria\u00e7\u00e3o do Grupo pois est\u00e1 em conformidade com os objetivos centrais do PET estabelecidos no artigo 2\u00b0, inciso VIII da Portaria MEC n\u00b0 976 de 2010.<\/span><\/p>\n<p><span style=\"font-weight: 400;\">De maneira geral, o processo seletivo, busca permitir que os candidatos sejam avaliados de forma ampla, desde sua capacidade de argumenta\u00e7\u00e3o e organiza\u00e7\u00e3o de ideias at\u00e9 sua condi\u00e7\u00e3o social e financeira. O compromisso do Grupo PET-Direitos com a diversidade e a equidade de seus componentes se expressa justamente na an\u00e1lise socioecon\u00f4mica, j\u00e1 que&nbsp; esta etapa corresponde a at\u00e9 40% (quarenta por cento) da nota final do processo de sele\u00e7\u00e3o, sendo, muitas vezes, determinante da ordem final de classifica\u00e7\u00e3o do processo.<\/span><\/p>\n<p><span style=\"font-weight: 400;\">A avalia\u00e7\u00e3o socioecon\u00f4mica \u00e9 feita por meio da an\u00e1lise da documenta\u00e7\u00e3o disponibilizada pelos candidatos no ato da inscri\u00e7\u00e3o e considera a ra\u00e7a, a renda familiar per capita dos candidatos, se o candidato estudou em escolas da rede p\u00fablica de ensino ou em escola particular com bolsa integral, bem como a escolaridade de seus pais ou respons\u00e1veis e o local de resid\u00eancia do candidato quando este adv\u00e9m de regi\u00f5es com elevado grau de vulnerabilidade social, atribuindo pontos por cada um desses marcadores de exclus\u00e3o socioecon\u00f4mica em que a pessoa candidata se encaixe.&nbsp;<\/span><\/p>\n<p><span style=\"font-weight: 400;\">Assim, os crit\u00e9rios socioecon\u00f4micos empregados no processo de sele\u00e7\u00e3o possuem a finalidade de contribuir, por meio das bolsas concedidas pelo PET, para a pol\u00edtica de perman\u00eancia estudantil e promo\u00e7\u00e3o da equidade econ\u00f4mica e \u00e9tnico-racial na universidade p\u00fablica, j\u00e1 que concede maior pontua\u00e7\u00e3o \u00e0queles que somam caracter\u00edsticas de maior vulnerabilidade. Garantem, tamb\u00e9m, a necess\u00e1ria diversidade do pr\u00f3prio Grupo, que se beneficia em suas atividades da multiplicidade de hist\u00f3rias de vida, de perspectivas e vis\u00f5es de mundo de seus integrantes.<\/span><\/p>\t\t\t\t\t\t<\/div>\n\t\t\t\t<\/div>\n\t\t\t\t<div class=\"elementor-element elementor-element-d8f0298 elementor-widget elementor-widget-heading\" data-id=\"d8f0298\" data-element_type=\"widget\" data-widget_type=\"heading.default\">\n\t\t\t\t<div class=\"elementor-widget-container\">\n\t\t\t<h2 class=\"elementor-heading-title elementor-size-default\"><span style=\"font-family: var( --e-global-typography-primary-font-family ), Sans-serif;font-size: 20px;font-style: normal;font-weight: var( --e-global-typography-primary-font-weight );white-space: normal\">Abaixo, voc\u00ea pode encontrar os posts relacionados a este projeto:<\/span><\/h2>\t\t<\/div>\n\t\t\t\t<\/div>\n\t\t\t\t<div class=\"elementor-element elementor-element-4b2783b elementor-grid-3 elementor-grid-tablet-2 elementor-grid-mobile-1 elementor-posts--thumbnail-top elementor-widget elementor-widget-posts\" data-id=\"4b2783b\" data-element_type=\"widget\" data-settings=\"{&quot;classic_columns&quot;:&quot;3&quot;,&quot;classic_columns_tablet&quot;:&quot;2&quot;,&quot;classic_columns_mobile&quot;:&quot;1&quot;,&quot;classic_row_gap&quot;:{&quot;unit&quot;:&quot;px&quot;,&quot;size&quot;:35,&quot;sizes&quot;:[]},&quot;classic_row_gap_tablet&quot;:{&quot;unit&quot;:&quot;px&quot;,&quot;size&quot;:&quot;&quot;,&quot;sizes&quot;:[]},&quot;classic_row_gap_mobile&quot;:{&quot;unit&quot;:&quot;px&quot;,&quot;size&quot;:&quot;&quot;,&quot;sizes&quot;:[]}}\" data-widget_type=\"posts.classic\">\n\t\t\t\t<div class=\"elementor-widget-container\">\n\t\t\t\t\t<div class=\"elementor-posts-container elementor-posts elementor-posts--skin-classic elementor-grid\">\n\t\t\t\t<article class=\"elementor-post elementor-grid-item post-444 page type-page status-publish hentry entry\">\n\t\t\t\t<div class=\"elementor-post__text\">\n\t\t\t\t<h3 class=\"elementor-post__title\">\n\t\t\t<a href=\"https:\/\/sites.usp.br\/pet-direitos\/projetos\/processo-seletivo\/\" >\n\t\t\t\tProcesso Seletivo\t\t\t<\/a>\n\t\t<\/h3>\n\t\t\t\t<div class=\"elementor-post__meta-data\">\n\t\t\t\t\t<span class=\"elementor-post-date\">\n\t\t\t25 de junho de 2022\t\t<\/span>\n\t\t\t\t<span class=\"elementor-post-avatar\">\n\t\t\tNenhum coment\u00e1rio\t\t<\/span>\n\t\t\t\t<\/div>\n\t\t\t\t<div class=\"elementor-post__excerpt\">\n\t\t\t<p>O processo de sele\u00e7\u00e3o de estudantes para a composi\u00e7\u00e3o do PET-Direitos acontece anualmente e \u00e9 coordenado pelo Professor Tutor, que forma a Comiss\u00e3o de Sele\u00e7\u00e3o<\/p>\n\t\t<\/div>\n\t\t\n\t\t<a class=\"elementor-post__read-more\" href=\"https:\/\/sites.usp.br\/pet-direitos\/projetos\/processo-seletivo\/\" aria-label=\"Read more about Processo Seletivo\" tabindex=\"-1\" >\n\t\t\tRead More \u00bb\t\t<\/a>\n\n\t\t\t\t<\/div>\n\t\t\t\t<\/article>\n\t\t\t\t<\/div>\n\t\t\n\t\t\t\t<\/div>\n\t\t\t\t<\/div>\n\t\t\t\t\t<\/div>\n\t\t<\/div>\n\t\t\t\t\t<\/div>\n\t\t<\/section>\n\t\t\t\t<\/div>\n\t\t","protected":false},"excerpt":{"rendered":"<p>O processo de sele\u00e7\u00e3o de estudantes para a composi\u00e7\u00e3o do PET-Direitos acontece anualmente e \u00e9 coordenado pelo Professor Tutor, que forma a Comiss\u00e3o de Sele\u00e7\u00e3o conjuntamente com os discentes integrantes do Grupo. Por conseguinte, a comiss\u00e3o redige e analisa o Edital, discute os objetivos da sele\u00e7\u00e3o, os crit\u00e9rios que ser\u00e3o usados e as provas que [&hellip;]<\/p>\n","protected":false},"author":22588,"featured_media":0,"parent":17,"menu_order":0,"comment_status":"closed","ping_status":"closed","template":"","meta":{"ocean_post_layout":"","ocean_both_sidebars_style":"","ocean_both_sidebars_content_width":0,"ocean_both_sidebars_sidebars_width":0,"ocean_sidebar":"0","ocean_second_sidebar":"0","ocean_disable_margins":"enable","ocean_add_body_class":"","ocean_shortcode_before_top_bar":"","ocean_shortcode_after_top_bar":"","ocean_shortcode_before_header":"","ocean_shortcode_after_header":"","ocean_has_shortcode":"","ocean_shortcode_after_title":"","ocean_shortcode_before_footer_widgets":"","ocean_shortcode_after_footer_widgets":"","ocean_shortcode_before_footer_bottom":"","ocean_shortcode_after_footer_bottom":"","ocean_display_top_bar":"default","ocean_display_header":"default","ocean_header_style":"","ocean_center_header_left_menu":"0","ocean_custom_header_template":"0","ocean_custom_logo":0,"ocean_custom_retina_logo":0,"ocean_custom_logo_max_width":0,"ocean_custom_logo_tablet_max_width":0,"ocean_custom_logo_mobile_max_width":0,"ocean_custom_logo_max_height":0,"ocean_custom_logo_tablet_max_height":0,"ocean_custom_logo_mobile_max_height":0,"ocean_header_custom_menu":"0","ocean_menu_typo_font_family":"0","ocean_menu_typo_font_subset":"","ocean_menu_typo_font_size":0,"ocean_menu_typo_font_size_tablet":0,"ocean_menu_typo_font_size_mobile":0,"ocean_menu_typo_font_size_unit":"px","ocean_menu_typo_font_weight":"","ocean_menu_typo_font_weight_tablet":"","ocean_menu_typo_font_weight_mobile":"","ocean_menu_typo_transform":"","ocean_menu_typo_transform_tablet":"","ocean_menu_typo_transform_mobile":"","ocean_menu_typo_line_height":0,"ocean_menu_typo_line_height_tablet":0,"ocean_menu_typo_line_height_mobile":0,"ocean_menu_typo_line_height_unit":"","ocean_menu_typo_spacing":0,"ocean_menu_typo_spacing_tablet":0,"ocean_menu_typo_spacing_mobile":0,"ocean_menu_typo_spacing_unit":"","ocean_menu_link_color":"","ocean_menu_link_color_hover":"","ocean_menu_link_color_active":"","ocean_menu_link_background":"","ocean_menu_link_hover_background":"","ocean_menu_link_active_background":"","ocean_menu_social_links_bg":"","ocean_menu_social_hover_links_bg":"","ocean_menu_social_links_color":"","ocean_menu_social_hover_links_color":"","ocean_disable_title":"default","ocean_disable_heading":"default","ocean_post_title":"","ocean_post_subheading":"","ocean_post_title_style":"","ocean_post_title_background_color":"","ocean_post_title_background":0,"ocean_post_title_bg_image_position":"","ocean_post_title_bg_image_attachment":"","ocean_post_title_bg_image_repeat":"","ocean_post_title_bg_image_size":"","ocean_post_title_height":0,"ocean_post_title_bg_overlay":0.5,"ocean_post_title_bg_overlay_color":"","ocean_disable_breadcrumbs":"default","ocean_breadcrumbs_color":"","ocean_breadcrumbs_separator_color":"","ocean_breadcrumbs_links_color":"","ocean_breadcrumbs_links_hover_color":"","ocean_display_footer_widgets":"default","ocean_display_footer_bottom":"default","ocean_custom_footer_template":"0","footnotes":"","_links_to":"","_links_to_target":""},"class_list":["post-444","page","type-page","status-publish","hentry","entry"],"_links":{"self":[{"href":"https:\/\/sites.usp.br\/pet-direitos\/wp-json\/wp\/v2\/pages\/444","targetHints":{"allow":["GET"]}}],"collection":[{"href":"https:\/\/sites.usp.br\/pet-direitos\/wp-json\/wp\/v2\/pages"}],"about":[{"href":"https:\/\/sites.usp.br\/pet-direitos\/wp-json\/wp\/v2\/types\/page"}],"author":[{"embeddable":true,"href":"https:\/\/sites.usp.br\/pet-direitos\/wp-json\/wp\/v2\/users\/22588"}],"replies":[{"embeddable":true,"href":"https:\/\/sites.usp.br\/pet-direitos\/wp-json\/wp\/v2\/comments?post=444"}],"version-history":[{"count":4,"href":"https:\/\/sites.usp.br\/pet-direitos\/wp-json\/wp\/v2\/pages\/444\/revisions"}],"predecessor-version":[{"id":449,"href":"https:\/\/sites.usp.br\/pet-direitos\/wp-json\/wp\/v2\/pages\/444\/revisions\/449"}],"up":[{"embeddable":true,"href":"https:\/\/sites.usp.br\/pet-direitos\/wp-json\/wp\/v2\/pages\/17"}],"wp:attachment":[{"href":"https:\/\/sites.usp.br\/pet-direitos\/wp-json\/wp\/v2\/media?parent=444"}],"curies":[{"name":"wp","href":"https:\/\/api.w.org\/{rel}","templated":true}]}}