{"id":455,"date":"2022-06-25T18:46:05","date_gmt":"2022-06-25T21:46:05","guid":{"rendered":"https:\/\/sites.usp.br\/pet-direitos\/?page_id=455"},"modified":"2022-06-25T18:48:14","modified_gmt":"2022-06-25T21:48:14","slug":"monitoria-peeg","status":"publish","type":"page","link":"https:\/\/sites.usp.br\/pet-direitos\/projetos\/monitoria-peeg\/","title":{"rendered":"Monitoria PEEG"},"content":{"rendered":"\t\t<div data-elementor-type=\"wp-page\" data-elementor-id=\"455\" class=\"elementor elementor-455\" data-elementor-post-type=\"page\">\n\t\t\t\t\t\t<section class=\"elementor-section elementor-top-section elementor-element elementor-element-5aed9af8 elementor-section-boxed elementor-section-height-default elementor-section-height-default\" data-id=\"5aed9af8\" data-element_type=\"section\">\n\t\t\t\t\t\t<div class=\"elementor-container elementor-column-gap-default\">\n\t\t\t\t\t<div class=\"elementor-column elementor-col-100 elementor-top-column elementor-element elementor-element-18773e2\" data-id=\"18773e2\" data-element_type=\"column\">\n\t\t\t<div class=\"elementor-widget-wrap elementor-element-populated\">\n\t\t\t\t\t\t<div class=\"elementor-element elementor-element-4bcd4ca1 elementor-widget elementor-widget-text-editor\" data-id=\"4bcd4ca1\" data-element_type=\"widget\" data-widget_type=\"text-editor.default\">\n\t\t\t\t<div class=\"elementor-widget-container\">\n\t\t\t\t\t\t\t<p><span style=\"font-weight: 400;\">A monitoria do PLEA \u00e9 respons\u00e1vel pelo desenvolvimento de atividades grupais previamente discutidas e definidas com o docente respons\u00e1vel pela disciplina, buscando estimular a criatividade e a coer\u00eancia do planejado com os objetivos visados; assim, a monitoria serve como uma introdu\u00e7\u00e3o aos discentes selecionados \u00e0s atividades da doc\u00eancia e ao processo de ensino-aprendizagem nos moldes das diretrizes da reitoria e do PPP da FDRP-USP.&nbsp;<\/span><\/p>\n<p><span style=\"font-weight: 400;\">A disciplina em que se realizar\u00e1 a monitoria est\u00e1 planejada para ter encontros semanais de 4 horas, sendo as duas primeiras reservadas para aulas expositivas sobre o m\u00e9todo do fichamento de estrutura expositiva e outras atividades que ser\u00e3o realizadas com a turma inteira, \u00e0s quais se seguir\u00e3o duas horas de monitoria, com atividades planejadas pelos monitores.&nbsp;<\/span><\/p>\n<p><span style=\"font-weight: 400;\">A prepara\u00e7\u00e3o dessas atividades da monitoria, o acompanhamento e a avalia\u00e7\u00e3o ser\u00e3o feitos em reuni\u00f5es semanais com o docente supervisor, de frequ\u00eancia obrigat\u00f3ria para os monitores, tamb\u00e9m devendo eles manter o contato com as pessoas de seu grupo, de modo a estimular seu engajamento com o curso e a realiza\u00e7\u00e3o das atividades, al\u00e9m de solucionar d\u00favidas, que ser\u00e3o repassadas para o docente supervisor.<\/span><\/p>\t\t\t\t\t\t<\/div>\n\t\t\t\t<\/div>\n\t\t\t\t<div class=\"elementor-element elementor-element-e5adcd9 elementor-widget elementor-widget-heading\" data-id=\"e5adcd9\" data-element_type=\"widget\" data-widget_type=\"heading.default\">\n\t\t\t\t<div class=\"elementor-widget-container\">\n\t\t\t<h2 class=\"elementor-heading-title elementor-size-default\"><span style=\"font-family: var( --e-global-typography-primary-font-family ), Sans-serif;font-size: 20px;font-style: normal;font-weight: var( --e-global-typography-primary-font-weight );white-space: normal\">Abaixo, voc\u00ea pode encontrar os posts relacionados a este projeto:<\/span><\/h2>\t\t<\/div>\n\t\t\t\t<\/div>\n\t\t\t\t<div class=\"elementor-element elementor-element-4776756 elementor-grid-3 elementor-grid-tablet-2 elementor-grid-mobile-1 elementor-posts--thumbnail-top elementor-widget elementor-widget-posts\" data-id=\"4776756\" data-element_type=\"widget\" data-settings=\"{&quot;classic_columns&quot;:&quot;3&quot;,&quot;classic_columns_tablet&quot;:&quot;2&quot;,&quot;classic_columns_mobile&quot;:&quot;1&quot;,&quot;classic_row_gap&quot;:{&quot;unit&quot;:&quot;px&quot;,&quot;size&quot;:35,&quot;sizes&quot;:[]},&quot;classic_row_gap_tablet&quot;:{&quot;unit&quot;:&quot;px&quot;,&quot;size&quot;:&quot;&quot;,&quot;sizes&quot;:[]},&quot;classic_row_gap_mobile&quot;:{&quot;unit&quot;:&quot;px&quot;,&quot;size&quot;:&quot;&quot;,&quot;sizes&quot;:[]}}\" data-widget_type=\"posts.classic\">\n\t\t\t\t<div class=\"elementor-widget-container\">\n\t\t\t\t\t<div class=\"elementor-posts-container elementor-posts elementor-posts--skin-classic elementor-grid\">\n\t\t\t\t<article class=\"elementor-post elementor-grid-item post-455 page type-page status-publish hentry entry\">\n\t\t\t\t<div class=\"elementor-post__text\">\n\t\t\t\t<h3 class=\"elementor-post__title\">\n\t\t\t<a href=\"https:\/\/sites.usp.br\/pet-direitos\/projetos\/monitoria-peeg\/\" >\n\t\t\t\tMonitoria PEEG\t\t\t<\/a>\n\t\t<\/h3>\n\t\t\t\t<div class=\"elementor-post__meta-data\">\n\t\t\t\t\t<span class=\"elementor-post-date\">\n\t\t\t25 de junho de 2022\t\t<\/span>\n\t\t\t\t<span class=\"elementor-post-avatar\">\n\t\t\tNenhum coment\u00e1rio\t\t<\/span>\n\t\t\t\t<\/div>\n\t\t\t\t<div class=\"elementor-post__excerpt\">\n\t\t\t<p>A monitoria do PLEA \u00e9 respons\u00e1vel pelo desenvolvimento de atividades grupais previamente discutidas e definidas com o docente respons\u00e1vel pela disciplina, buscando estimular a criatividade<\/p>\n\t\t<\/div>\n\t\t\n\t\t<a class=\"elementor-post__read-more\" href=\"https:\/\/sites.usp.br\/pet-direitos\/projetos\/monitoria-peeg\/\" aria-label=\"Read more about Monitoria PEEG\" tabindex=\"-1\" >\n\t\t\tRead More \u00bb\t\t<\/a>\n\n\t\t\t\t<\/div>\n\t\t\t\t<\/article>\n\t\t\t\t<\/div>\n\t\t\n\t\t\t\t<\/div>\n\t\t\t\t<\/div>\n\t\t\t\t\t<\/div>\n\t\t<\/div>\n\t\t\t\t\t<\/div>\n\t\t<\/section>\n\t\t\t\t<\/div>\n\t\t","protected":false},"excerpt":{"rendered":"<p>A monitoria do PLEA \u00e9 respons\u00e1vel pelo desenvolvimento de atividades grupais previamente discutidas e definidas com o docente respons\u00e1vel pela disciplina, buscando estimular a criatividade e a coer\u00eancia do planejado com os objetivos visados; assim, a monitoria serve como uma introdu\u00e7\u00e3o aos discentes selecionados \u00e0s atividades da doc\u00eancia e ao processo de ensino-aprendizagem nos moldes [&hellip;]<\/p>\n","protected":false},"author":22588,"featured_media":0,"parent":17,"menu_order":0,"comment_status":"closed","ping_status":"closed","template":"","meta":{"ocean_post_layout":"","ocean_both_sidebars_style":"","ocean_both_sidebars_content_width":0,"ocean_both_sidebars_sidebars_width":0,"ocean_sidebar":"0","ocean_second_sidebar":"0","ocean_disable_margins":"enable","ocean_add_body_class":"","ocean_shortcode_before_top_bar":"","ocean_shortcode_after_top_bar":"","ocean_shortcode_before_header":"","ocean_shortcode_after_header":"","ocean_has_shortcode":"","ocean_shortcode_after_title":"","ocean_shortcode_before_footer_widgets":"","ocean_shortcode_after_footer_widgets":"","ocean_shortcode_before_footer_bottom":"","ocean_shortcode_after_footer_bottom":"","ocean_display_top_bar":"default","ocean_display_header":"default","ocean_header_style":"","ocean_center_header_left_menu":"0","ocean_custom_header_template":"0","ocean_custom_logo":0,"ocean_custom_retina_logo":0,"ocean_custom_logo_max_width":0,"ocean_custom_logo_tablet_max_width":0,"ocean_custom_logo_mobile_max_width":0,"ocean_custom_logo_max_height":0,"ocean_custom_logo_tablet_max_height":0,"ocean_custom_logo_mobile_max_height":0,"ocean_header_custom_menu":"0","ocean_menu_typo_font_family":"0","ocean_menu_typo_font_subset":"","ocean_menu_typo_font_size":0,"ocean_menu_typo_font_size_tablet":0,"ocean_menu_typo_font_size_mobile":0,"ocean_menu_typo_font_size_unit":"px","ocean_menu_typo_font_weight":"","ocean_menu_typo_font_weight_tablet":"","ocean_menu_typo_font_weight_mobile":"","ocean_menu_typo_transform":"","ocean_menu_typo_transform_tablet":"","ocean_menu_typo_transform_mobile":"","ocean_menu_typo_line_height":0,"ocean_menu_typo_line_height_tablet":0,"ocean_menu_typo_line_height_mobile":0,"ocean_menu_typo_line_height_unit":"","ocean_menu_typo_spacing":0,"ocean_menu_typo_spacing_tablet":0,"ocean_menu_typo_spacing_mobile":0,"ocean_menu_typo_spacing_unit":"","ocean_menu_link_color":"","ocean_menu_link_color_hover":"","ocean_menu_link_color_active":"","ocean_menu_link_background":"","ocean_menu_link_hover_background":"","ocean_menu_link_active_background":"","ocean_menu_social_links_bg":"","ocean_menu_social_hover_links_bg":"","ocean_menu_social_links_color":"","ocean_menu_social_hover_links_color":"","ocean_disable_title":"default","ocean_disable_heading":"default","ocean_post_title":"","ocean_post_subheading":"","ocean_post_title_style":"","ocean_post_title_background_color":"","ocean_post_title_background":0,"ocean_post_title_bg_image_position":"","ocean_post_title_bg_image_attachment":"","ocean_post_title_bg_image_repeat":"","ocean_post_title_bg_image_size":"","ocean_post_title_height":0,"ocean_post_title_bg_overlay":0.5,"ocean_post_title_bg_overlay_color":"","ocean_disable_breadcrumbs":"default","ocean_breadcrumbs_color":"","ocean_breadcrumbs_separator_color":"","ocean_breadcrumbs_links_color":"","ocean_breadcrumbs_links_hover_color":"","ocean_display_footer_widgets":"default","ocean_display_footer_bottom":"default","ocean_custom_footer_template":"0","footnotes":"","_links_to":"","_links_to_target":""},"class_list":["post-455","page","type-page","status-publish","hentry","entry"],"_links":{"self":[{"href":"https:\/\/sites.usp.br\/pet-direitos\/wp-json\/wp\/v2\/pages\/455","targetHints":{"allow":["GET"]}}],"collection":[{"href":"https:\/\/sites.usp.br\/pet-direitos\/wp-json\/wp\/v2\/pages"}],"about":[{"href":"https:\/\/sites.usp.br\/pet-direitos\/wp-json\/wp\/v2\/types\/page"}],"author":[{"embeddable":true,"href":"https:\/\/sites.usp.br\/pet-direitos\/wp-json\/wp\/v2\/users\/22588"}],"replies":[{"embeddable":true,"href":"https:\/\/sites.usp.br\/pet-direitos\/wp-json\/wp\/v2\/comments?post=455"}],"version-history":[{"count":4,"href":"https:\/\/sites.usp.br\/pet-direitos\/wp-json\/wp\/v2\/pages\/455\/revisions"}],"predecessor-version":[{"id":459,"href":"https:\/\/sites.usp.br\/pet-direitos\/wp-json\/wp\/v2\/pages\/455\/revisions\/459"}],"up":[{"embeddable":true,"href":"https:\/\/sites.usp.br\/pet-direitos\/wp-json\/wp\/v2\/pages\/17"}],"wp:attachment":[{"href":"https:\/\/sites.usp.br\/pet-direitos\/wp-json\/wp\/v2\/media?parent=455"}],"curies":[{"name":"wp","href":"https:\/\/api.w.org\/{rel}","templated":true}]}}