{"id":68,"date":"2022-02-20T14:28:34","date_gmt":"2022-02-20T17:28:34","guid":{"rendered":"https:\/\/sites.usp.br\/pet-direitos\/?page_id=68"},"modified":"2022-10-21T10:41:49","modified_gmt":"2022-10-21T13:41:49","slug":"sobre-o-pet","status":"publish","type":"page","link":"https:\/\/sites.usp.br\/pet-direitos\/sobre-o-pet\/","title":{"rendered":"Sobre o PET"},"content":{"rendered":"\t\t<div data-elementor-type=\"wp-page\" data-elementor-id=\"68\" class=\"elementor elementor-68\" data-elementor-post-type=\"page\">\n\t\t\t\t\t\t<section class=\"elementor-section elementor-top-section elementor-element elementor-element-385fd07f elementor-section-boxed elementor-section-height-default elementor-section-height-default\" data-id=\"385fd07f\" data-element_type=\"section\">\n\t\t\t\t\t\t<div class=\"elementor-container elementor-column-gap-default\">\n\t\t\t\t\t<div class=\"elementor-column elementor-col-100 elementor-top-column elementor-element elementor-element-62bbdb39\" data-id=\"62bbdb39\" data-element_type=\"column\">\n\t\t\t<div class=\"elementor-widget-wrap elementor-element-populated\">\n\t\t\t\t\t\t<div class=\"elementor-element elementor-element-797fa6d6 elementor-widget elementor-widget-text-editor\" data-id=\"797fa6d6\" data-element_type=\"widget\" data-widget_type=\"text-editor.default\">\n\t\t\t\t<div class=\"elementor-widget-container\">\n\t\t\t\t\t\t\t<div class=\"kvgmc6g5 cxmmr5t8 oygrvhab hcukyx3x c1et5uql\" style=\"font-variant-ligatures: normal; font-variant-caps: normal; font-family: Adamina, sans-serif; font-size: 14px; font-style: normal; font-weight: 200; color: #0f0e0e; text-align: justify;\"><div dir=\"auto\" style=\"font-size: 14px;\">O\u00a0<span style=\"font-size: 14px; font-weight: 600;\">PET Direitos<\/span>\u00a0\u00e9 formado por alunos e alunas de gradua\u00e7\u00e3o da\u00a0<em style=\"font-size: 14px;\"><span style=\"font-size: 14px; font-weight: 600;\">Faculdade de Direito de Ribeir\u00e3o Preto<\/span><\/em>\u00a0da Universidade de S\u00e3o Paulo (FDRP-USP).<\/div><\/div><div dir=\"auto\" style=\"font-variant-ligatures: normal; font-variant-caps: normal; font-family: Adamina, sans-serif; font-size: 14px; font-style: normal; font-weight: 200; color: #0f0e0e; text-align: justify;\">\u00a0<\/div><div class=\"cxmmr5t8 oygrvhab hcukyx3x c1et5uql o9v6fnle\" style=\"font-variant-ligatures: normal; font-variant-caps: normal; font-family: Adamina, sans-serif; font-size: 14px; font-style: normal; font-weight: 200; color: #0f0e0e; text-align: justify;\"><div dir=\"auto\" style=\"font-size: 14px;\">Iniciamos nossas atividades em\u00a0<em style=\"font-size: 14px;\">abril de 2013<\/em>, sob tutoria da\u00a0<span style=\"font-size: 14px; font-weight: 600;\">Profa. Dra. Fabiana Severi<\/span>. Atualmente, contamos com 12 integrantes e com a tutoria do Prof. Dr. Caio Gracco, realizando atividades de\u00a0<span style=\"font-size: 14px; font-weight: 600;\">ensino<\/span>,\u00a0<span style=\"font-size: 14px; font-weight: 600;\">pesquisa<\/span>\u00a0e\u00a0<span style=\"font-size: 14px; font-weight: 600;\">extens\u00e3o<\/span>.<\/div><div dir=\"auto\" style=\"font-size: 14px;\">\u00a0<\/div><\/div><div class=\"cxmmr5t8 oygrvhab hcukyx3x c1et5uql o9v6fnle\" style=\"font-variant-ligatures: normal; font-variant-caps: normal; font-family: Adamina, sans-serif; font-size: 14px; font-style: normal; font-weight: 200; color: #0f0e0e; text-align: justify;\"><div dir=\"auto\" style=\"font-size: 14px;\">Temos como pr\u00e1tica a extens\u00e3o universit\u00e1ria, visando a educa\u00e7\u00e3o popular e a emancipa\u00e7\u00e3o do sujeito, oferecendo apoio a grupos sociais para que eles pr\u00f3prios possam obter e\/ou construir ferramentas e saberes jur\u00eddicos e pol\u00edticos para a defesa de seus direitos.<\/div><div dir=\"auto\" style=\"font-size: 14px;\">\u00a0<\/div><\/div><div class=\"cxmmr5t8 oygrvhab hcukyx3x c1et5uql o9v6fnle\" style=\"font-variant-ligatures: normal; font-variant-caps: normal; font-family: Adamina, sans-serif; font-size: 14px; font-style: normal; font-weight: 200; color: #0f0e0e; text-align: justify;\"><div dir=\"auto\" style=\"font-size: 14px;\">O\u00a0<span style=\"font-size: 14px; font-weight: 600;\">PET &#8211; Programa de Educa\u00e7\u00e3o Tutorial<\/span>\u00a0\u00e9 uma iniciativa do MEC (Minist\u00e9rio da Educa\u00e7\u00e3o), contando hoje com 779 grupos distribu\u00eddos entre 114 Institui\u00e7\u00f5es de Ensino Superior de diferentes \u00e1reas do conhecimento e diversas regi\u00f5es geogr\u00e1ficas do pa\u00eds.<\/div><div dir=\"auto\" style=\"font-size: 14px;\">\u00a0<\/div><\/div><div class=\"cxmmr5t8 oygrvhab hcukyx3x c1et5uql o9v6fnle\" style=\"font-variant-ligatures: normal; font-variant-caps: normal; font-family: Adamina, sans-serif; font-size: 14px; font-style: normal; font-weight: 200; color: #0f0e0e; text-align: justify;\"><div dir=\"auto\" style=\"font-size: 14px;\">\u00c9 orientado pela\u00a0<span style=\"font-size: 14px; font-weight: 600;\">indissociabilidade<\/span>\u00a0entre\u00a0<span style=\"font-size: 14px; font-weight: 600;\">ensino<\/span>,\u00a0<span style=\"font-size: 14px; font-weight: 600;\">pesquisa<\/span>\u00a0e\u00a0<span style=\"font-size: 14px; font-weight: 600;\">extens\u00e3o<\/span>, tendo dentre seus principais objetivos o desenvolvimento de atividades acad\u00eamicas em padr\u00f5es de qualidade de excel\u00eancia, a contribui\u00e7\u00e3o para\u00a0<em style=\"font-size: 14px;\">eleva\u00e7\u00e3o da qualidade da forma\u00e7\u00e3o acad\u00eamica e profissional<\/em>\u00a0dos alunos de gradua\u00e7\u00e3o e a formula\u00e7\u00e3o de novas estrat\u00e9gias de desenvolvimento e moderniza\u00e7\u00e3o do ensino superior no pa\u00eds, bem como o est\u00edmulo ao esp\u00edrito cr\u00edtico\u00a0<em style=\"font-size: 14px;\">(Portaria MEC n\u00ba 976, de 27 de julho de 2010).<\/em><\/div><\/div><div dir=\"auto\">\u00a0<\/div><div dir=\"auto\">O PET &#8211; Direitos diferencia-se por nossa preocupa\u00e7\u00e3o \u00edmpar com a diversidade da composi\u00e7\u00e3o de nossos membros. Somos o \u00fanico PET brasileiro a utilizar crit\u00e9rios socioecon\u00f4micos al\u00e9m da an\u00e1lise de curr\u00edculo. Acreditamos que o acesso \u00e0 Educa\u00e7\u00e3o come\u00e7a por oferecer oportunidades equalit\u00e1rias para os candidatos, de forma que pensamos em um crit\u00e9rio que permita reduzir as diferen\u00e7as socioecon\u00f4micas que encontramos na gradua\u00e7\u00e3o em Direito.<\/div>\t\t\t\t\t\t<\/div>\n\t\t\t\t<\/div>\n\t\t\t\t\t<\/div>\n\t\t<\/div>\n\t\t\t\t\t<\/div>\n\t\t<\/section>\n\t\t\t\t<section class=\"elementor-section elementor-top-section elementor-element elementor-element-f928bae elementor-section-boxed elementor-section-height-default elementor-section-height-default\" data-id=\"f928bae\" data-element_type=\"section\">\n\t\t\t\t\t\t<div class=\"elementor-container elementor-column-gap-default\">\n\t\t\t\t\t<div class=\"elementor-column elementor-col-20 elementor-top-column elementor-element elementor-element-26a48f0\" data-id=\"26a48f0\" data-element_type=\"column\">\n\t\t\t<div class=\"elementor-widget-wrap elementor-element-populated\">\n\t\t\t\t\t\t<div class=\"elementor-element elementor-element-6546729 elementor-widget elementor-widget-image\" data-id=\"6546729\" data-element_type=\"widget\" data-widget_type=\"image.default\">\n\t\t\t\t<div class=\"elementor-widget-container\">\n\t\t\t\t\t\t\t\t\t\t\t\t\t<img fetchpriority=\"high\" decoding=\"async\" width=\"1024\" height=\"768\" src=\"https:\/\/sites.usp.br\/pet-direitos\/wp-content\/uploads\/sites\/969\/2022\/03\/20211127_163018-1024x768.jpg\" class=\"attachment-large size-large wp-image-345\" alt=\"\" srcset=\"https:\/\/sites.usp.br\/pet-direitos\/wp-content\/uploads\/sites\/969\/2022\/03\/20211127_163018-1024x768.jpg 1024w, https:\/\/sites.usp.br\/pet-direitos\/wp-content\/uploads\/sites\/969\/2022\/03\/20211127_163018-300x225.jpg 300w, https:\/\/sites.usp.br\/pet-direitos\/wp-content\/uploads\/sites\/969\/2022\/03\/20211127_163018-768x576.jpg 768w, https:\/\/sites.usp.br\/pet-direitos\/wp-content\/uploads\/sites\/969\/2022\/03\/20211127_163018-1536x1152.jpg 1536w, https:\/\/sites.usp.br\/pet-direitos\/wp-content\/uploads\/sites\/969\/2022\/03\/20211127_163018-2048x1536.jpg 2048w, https:\/\/sites.usp.br\/pet-direitos\/wp-content\/uploads\/sites\/969\/2022\/03\/20211127_163018-80x60.jpg 80w\" sizes=\"(max-width: 1024px) 100vw, 1024px\" \/>\t\t\t\t\t\t\t\t\t\t\t\t\t<\/div>\n\t\t\t\t<\/div>\n\t\t\t\t\t<\/div>\n\t\t<\/div>\n\t\t\t\t<div class=\"elementor-column elementor-col-20 elementor-top-column elementor-element elementor-element-0dbb5da\" data-id=\"0dbb5da\" data-element_type=\"column\">\n\t\t\t<div class=\"elementor-widget-wrap elementor-element-populated\">\n\t\t\t\t\t\t<div class=\"elementor-element elementor-element-d3bc662 elementor-widget elementor-widget-image\" data-id=\"d3bc662\" data-element_type=\"widget\" data-widget_type=\"image.default\">\n\t\t\t\t<div class=\"elementor-widget-container\">\n\t\t\t\t\t\t\t\t\t\t\t\t\t<img decoding=\"async\" width=\"1024\" height=\"768\" src=\"https:\/\/sites.usp.br\/pet-direitos\/wp-content\/uploads\/sites\/969\/2022\/10\/WhatsApp-Image-2022-08-17-at-19.23.36-1024x768.jpeg\" class=\"attachment-large size-large wp-image-523\" alt=\"\" srcset=\"https:\/\/sites.usp.br\/pet-direitos\/wp-content\/uploads\/sites\/969\/2022\/10\/WhatsApp-Image-2022-08-17-at-19.23.36-1024x768.jpeg 1024w, https:\/\/sites.usp.br\/pet-direitos\/wp-content\/uploads\/sites\/969\/2022\/10\/WhatsApp-Image-2022-08-17-at-19.23.36-300x225.jpeg 300w, https:\/\/sites.usp.br\/pet-direitos\/wp-content\/uploads\/sites\/969\/2022\/10\/WhatsApp-Image-2022-08-17-at-19.23.36-768x576.jpeg 768w, https:\/\/sites.usp.br\/pet-direitos\/wp-content\/uploads\/sites\/969\/2022\/10\/WhatsApp-Image-2022-08-17-at-19.23.36-80x60.jpeg 80w, https:\/\/sites.usp.br\/pet-direitos\/wp-content\/uploads\/sites\/969\/2022\/10\/WhatsApp-Image-2022-08-17-at-19.23.36.jpeg 1280w\" sizes=\"(max-width: 1024px) 100vw, 1024px\" \/>\t\t\t\t\t\t\t\t\t\t\t\t\t<\/div>\n\t\t\t\t<\/div>\n\t\t\t\t\t<\/div>\n\t\t<\/div>\n\t\t\t\t<div class=\"elementor-column elementor-col-20 elementor-top-column elementor-element elementor-element-551932f\" data-id=\"551932f\" data-element_type=\"column\">\n\t\t\t<div class=\"elementor-widget-wrap elementor-element-populated\">\n\t\t\t\t\t\t<div class=\"elementor-element elementor-element-55dec00 elementor-widget elementor-widget-image\" data-id=\"55dec00\" data-element_type=\"widget\" data-widget_type=\"image.default\">\n\t\t\t\t<div class=\"elementor-widget-container\">\n\t\t\t\t\t\t\t\t\t\t\t\t\t<img decoding=\"async\" width=\"1024\" height=\"768\" src=\"https:\/\/sites.usp.br\/pet-direitos\/wp-content\/uploads\/sites\/969\/2022\/10\/WhatsApp-Image-2022-08-31-at-12.36.10-1024x768.jpeg\" class=\"attachment-large size-large wp-image-526\" alt=\"\" srcset=\"https:\/\/sites.usp.br\/pet-direitos\/wp-content\/uploads\/sites\/969\/2022\/10\/WhatsApp-Image-2022-08-31-at-12.36.10-1024x768.jpeg 1024w, https:\/\/sites.usp.br\/pet-direitos\/wp-content\/uploads\/sites\/969\/2022\/10\/WhatsApp-Image-2022-08-31-at-12.36.10-300x225.jpeg 300w, https:\/\/sites.usp.br\/pet-direitos\/wp-content\/uploads\/sites\/969\/2022\/10\/WhatsApp-Image-2022-08-31-at-12.36.10-768x576.jpeg 768w, https:\/\/sites.usp.br\/pet-direitos\/wp-content\/uploads\/sites\/969\/2022\/10\/WhatsApp-Image-2022-08-31-at-12.36.10-1536x1152.jpeg 1536w, https:\/\/sites.usp.br\/pet-direitos\/wp-content\/uploads\/sites\/969\/2022\/10\/WhatsApp-Image-2022-08-31-at-12.36.10-80x60.jpeg 80w, https:\/\/sites.usp.br\/pet-direitos\/wp-content\/uploads\/sites\/969\/2022\/10\/WhatsApp-Image-2022-08-31-at-12.36.10.jpeg 1600w\" sizes=\"(max-width: 1024px) 100vw, 1024px\" \/>\t\t\t\t\t\t\t\t\t\t\t\t\t<\/div>\n\t\t\t\t<\/div>\n\t\t\t\t\t<\/div>\n\t\t<\/div>\n\t\t\t\t<div class=\"elementor-column elementor-col-20 elementor-top-column elementor-element elementor-element-5271d01\" data-id=\"5271d01\" data-element_type=\"column\">\n\t\t\t<div class=\"elementor-widget-wrap elementor-element-populated\">\n\t\t\t\t\t\t<div class=\"elementor-element elementor-element-d306fa6 elementor-widget elementor-widget-image\" data-id=\"d306fa6\" data-element_type=\"widget\" data-widget_type=\"image.default\">\n\t\t\t\t<div class=\"elementor-widget-container\">\n\t\t\t\t\t\t\t\t\t\t\t\t\t<img loading=\"lazy\" decoding=\"async\" width=\"1024\" height=\"768\" src=\"https:\/\/sites.usp.br\/pet-direitos\/wp-content\/uploads\/sites\/969\/2022\/10\/IMG-20220606-WA0008-1024x768.jpg\" class=\"attachment-large size-large wp-image-529\" alt=\"\" srcset=\"https:\/\/sites.usp.br\/pet-direitos\/wp-content\/uploads\/sites\/969\/2022\/10\/IMG-20220606-WA0008-1024x768.jpg 1024w, https:\/\/sites.usp.br\/pet-direitos\/wp-content\/uploads\/sites\/969\/2022\/10\/IMG-20220606-WA0008-300x225.jpg 300w, https:\/\/sites.usp.br\/pet-direitos\/wp-content\/uploads\/sites\/969\/2022\/10\/IMG-20220606-WA0008-768x576.jpg 768w, https:\/\/sites.usp.br\/pet-direitos\/wp-content\/uploads\/sites\/969\/2022\/10\/IMG-20220606-WA0008-80x60.jpg 80w, https:\/\/sites.usp.br\/pet-direitos\/wp-content\/uploads\/sites\/969\/2022\/10\/IMG-20220606-WA0008.jpg 1156w\" sizes=\"(max-width: 1024px) 100vw, 1024px\" \/>\t\t\t\t\t\t\t\t\t\t\t\t\t<\/div>\n\t\t\t\t<\/div>\n\t\t\t\t\t<\/div>\n\t\t<\/div>\n\t\t\t\t<div class=\"elementor-column elementor-col-20 elementor-top-column elementor-element elementor-element-e7c66fc\" data-id=\"e7c66fc\" data-element_type=\"column\">\n\t\t\t<div class=\"elementor-widget-wrap elementor-element-populated\">\n\t\t\t\t\t\t<div class=\"elementor-element elementor-element-ae1eda0 elementor-widget elementor-widget-image\" data-id=\"ae1eda0\" data-element_type=\"widget\" data-widget_type=\"image.default\">\n\t\t\t\t<div class=\"elementor-widget-container\">\n\t\t\t\t\t\t\t\t\t\t\t\t\t<img loading=\"lazy\" decoding=\"async\" width=\"1024\" height=\"576\" src=\"https:\/\/sites.usp.br\/pet-direitos\/wp-content\/uploads\/sites\/969\/2022\/10\/WhatsApp-Image-2022-09-14-at-12.10.07-1024x576.jpeg\" class=\"attachment-large size-large wp-image-527\" alt=\"\" srcset=\"https:\/\/sites.usp.br\/pet-direitos\/wp-content\/uploads\/sites\/969\/2022\/10\/WhatsApp-Image-2022-09-14-at-12.10.07-1024x576.jpeg 1024w, https:\/\/sites.usp.br\/pet-direitos\/wp-content\/uploads\/sites\/969\/2022\/10\/WhatsApp-Image-2022-09-14-at-12.10.07-300x169.jpeg 300w, https:\/\/sites.usp.br\/pet-direitos\/wp-content\/uploads\/sites\/969\/2022\/10\/WhatsApp-Image-2022-09-14-at-12.10.07-768x432.jpeg 768w, https:\/\/sites.usp.br\/pet-direitos\/wp-content\/uploads\/sites\/969\/2022\/10\/WhatsApp-Image-2022-09-14-at-12.10.07-800x450.jpeg 800w, https:\/\/sites.usp.br\/pet-direitos\/wp-content\/uploads\/sites\/969\/2022\/10\/WhatsApp-Image-2022-09-14-at-12.10.07-310x174.jpeg 310w, https:\/\/sites.usp.br\/pet-direitos\/wp-content\/uploads\/sites\/969\/2022\/10\/WhatsApp-Image-2022-09-14-at-12.10.07.jpeg 1280w\" sizes=\"(max-width: 1024px) 100vw, 1024px\" \/>\t\t\t\t\t\t\t\t\t\t\t\t\t<\/div>\n\t\t\t\t<\/div>\n\t\t\t\t\t<\/div>\n\t\t<\/div>\n\t\t\t\t\t<\/div>\n\t\t<\/section>\n\t\t\t\t<section class=\"elementor-section elementor-top-section elementor-element elementor-element-886c042 elementor-section-boxed elementor-section-height-default elementor-section-height-default\" data-id=\"886c042\" data-element_type=\"section\">\n\t\t\t\t\t\t<div class=\"elementor-container elementor-column-gap-default\">\n\t\t\t\t\t<div class=\"elementor-column elementor-col-100 elementor-top-column elementor-element elementor-element-9b22bf1\" data-id=\"9b22bf1\" data-element_type=\"column\">\n\t\t\t<div class=\"elementor-widget-wrap elementor-element-populated\">\n\t\t\t\t\t\t<div class=\"elementor-element elementor-element-946c987 elementor-widget elementor-widget-heading\" data-id=\"946c987\" data-element_type=\"widget\" data-widget_type=\"heading.default\">\n\t\t\t\t<div class=\"elementor-widget-container\">\n\t\t\t<h2 class=\"elementor-heading-title elementor-size-small\">Quer saber mais sobre os projetos desenvolvidos? Visite a p\u00e1gina relacionada:<\/h2>\t\t<\/div>\n\t\t\t\t<\/div>\n\t\t\t\t<section class=\"elementor-section elementor-inner-section elementor-element elementor-element-cbb3925 elementor-section-boxed elementor-section-height-default elementor-section-height-default\" data-id=\"cbb3925\" data-element_type=\"section\">\n\t\t\t\t\t\t<div class=\"elementor-container elementor-column-gap-default\">\n\t\t\t\t\t<div class=\"elementor-column elementor-col-100 elementor-inner-column elementor-element elementor-element-cb8d3ce\" data-id=\"cb8d3ce\" data-element_type=\"column\">\n\t\t\t<div class=\"elementor-widget-wrap elementor-element-populated\">\n\t\t\t\t\t\t<div class=\"elementor-element elementor-element-64e2da8 elementor-widget elementor-widget-text-editor\" data-id=\"64e2da8\" data-element_type=\"widget\" data-widget_type=\"text-editor.default\">\n\t\t\t\t<div class=\"elementor-widget-container\">\n\t\t\t\t\t\t\t<p>Para ser redirecionado para a p\u00e1gina dos projetos, <a href=\"https:\/\/sites.usp.br\/pet-direitos\/projetos\/\" target=\"_blank\" rel=\"noopener\">clique aqui<\/a>.<\/p>\t\t\t\t\t\t<\/div>\n\t\t\t\t<\/div>\n\t\t\t\t\t<\/div>\n\t\t<\/div>\n\t\t\t\t\t<\/div>\n\t\t<\/section>\n\t\t\t\t\t<\/div>\n\t\t<\/div>\n\t\t\t\t\t<\/div>\n\t\t<\/section>\n\t\t\t\t<\/div>\n\t\t","protected":false},"excerpt":{"rendered":"<p>O\u00a0PET Direitos\u00a0\u00e9 formado por alunos e alunas de gradua\u00e7\u00e3o da\u00a0Faculdade de Direito de Ribeir\u00e3o Preto\u00a0da Universidade de S\u00e3o Paulo (FDRP-USP).\u00a0Iniciamos nossas atividades em\u00a0abril de 2013, sob tutoria da\u00a0Profa. Dra. Fabiana Severi. Atualmente, contamos com 12 integrantes e com a tutoria do Prof. Dr. Caio Gracco, realizando atividades de\u00a0ensino,\u00a0pesquisa\u00a0e\u00a0extens\u00e3o.\u00a0Temos como pr\u00e1tica a extens\u00e3o universit\u00e1ria, visando a [&hellip;]<\/p>\n","protected":false},"author":22588,"featured_media":0,"parent":0,"menu_order":0,"comment_status":"closed","ping_status":"closed","template":"","meta":{"ocean_post_layout":"","ocean_both_sidebars_style":"","ocean_both_sidebars_content_width":0,"ocean_both_sidebars_sidebars_width":0,"ocean_sidebar":"0","ocean_second_sidebar":"0","ocean_disable_margins":"enable","ocean_add_body_class":"","ocean_shortcode_before_top_bar":"","ocean_shortcode_after_top_bar":"","ocean_shortcode_before_header":"","ocean_shortcode_after_header":"","ocean_has_shortcode":"","ocean_shortcode_after_title":"","ocean_shortcode_before_footer_widgets":"","ocean_shortcode_after_footer_widgets":"","ocean_shortcode_before_footer_bottom":"","ocean_shortcode_after_footer_bottom":"","ocean_display_top_bar":"default","ocean_display_header":"default","ocean_header_style":"","ocean_center_header_left_menu":"0","ocean_custom_header_template":"0","ocean_custom_logo":0,"ocean_custom_retina_logo":0,"ocean_custom_logo_max_width":0,"ocean_custom_logo_tablet_max_width":0,"ocean_custom_logo_mobile_max_width":0,"ocean_custom_logo_max_height":0,"ocean_custom_logo_tablet_max_height":0,"ocean_custom_logo_mobile_max_height":0,"ocean_header_custom_menu":"2","ocean_menu_typo_font_family":"0","ocean_menu_typo_font_subset":"","ocean_menu_typo_font_size":0,"ocean_menu_typo_font_size_tablet":0,"ocean_menu_typo_font_size_mobile":0,"ocean_menu_typo_font_size_unit":"px","ocean_menu_typo_font_weight":"","ocean_menu_typo_font_weight_tablet":"","ocean_menu_typo_font_weight_mobile":"","ocean_menu_typo_transform":"","ocean_menu_typo_transform_tablet":"","ocean_menu_typo_transform_mobile":"","ocean_menu_typo_line_height":0,"ocean_menu_typo_line_height_tablet":0,"ocean_menu_typo_line_height_mobile":0,"ocean_menu_typo_line_height_unit":"","ocean_menu_typo_spacing":0,"ocean_menu_typo_spacing_tablet":0,"ocean_menu_typo_spacing_mobile":0,"ocean_menu_typo_spacing_unit":"","ocean_menu_link_color":"","ocean_menu_link_color_hover":"","ocean_menu_link_color_active":"","ocean_menu_link_background":"","ocean_menu_link_hover_background":"","ocean_menu_link_active_background":"","ocean_menu_social_links_bg":"","ocean_menu_social_hover_links_bg":"","ocean_menu_social_links_color":"","ocean_menu_social_hover_links_color":"","ocean_disable_title":"default","ocean_disable_heading":"default","ocean_post_title":"","ocean_post_subheading":"","ocean_post_title_style":"","ocean_post_title_background_color":"","ocean_post_title_background":0,"ocean_post_title_bg_image_position":"","ocean_post_title_bg_image_attachment":"","ocean_post_title_bg_image_repeat":"","ocean_post_title_bg_image_size":"","ocean_post_title_height":0,"ocean_post_title_bg_overlay":0.5,"ocean_post_title_bg_overlay_color":"","ocean_disable_breadcrumbs":"default","ocean_breadcrumbs_color":"","ocean_breadcrumbs_separator_color":"","ocean_breadcrumbs_links_color":"","ocean_breadcrumbs_links_hover_color":"","ocean_display_footer_widgets":"default","ocean_display_footer_bottom":"default","ocean_custom_footer_template":"0","footnotes":"","_links_to":"","_links_to_target":""},"class_list":["post-68","page","type-page","status-publish","hentry","entry"],"_links":{"self":[{"href":"https:\/\/sites.usp.br\/pet-direitos\/wp-json\/wp\/v2\/pages\/68","targetHints":{"allow":["GET"]}}],"collection":[{"href":"https:\/\/sites.usp.br\/pet-direitos\/wp-json\/wp\/v2\/pages"}],"about":[{"href":"https:\/\/sites.usp.br\/pet-direitos\/wp-json\/wp\/v2\/types\/page"}],"author":[{"embeddable":true,"href":"https:\/\/sites.usp.br\/pet-direitos\/wp-json\/wp\/v2\/users\/22588"}],"replies":[{"embeddable":true,"href":"https:\/\/sites.usp.br\/pet-direitos\/wp-json\/wp\/v2\/comments?post=68"}],"version-history":[{"count":4,"href":"https:\/\/sites.usp.br\/pet-direitos\/wp-json\/wp\/v2\/pages\/68\/revisions"}],"predecessor-version":[{"id":532,"href":"https:\/\/sites.usp.br\/pet-direitos\/wp-json\/wp\/v2\/pages\/68\/revisions\/532"}],"wp:attachment":[{"href":"https:\/\/sites.usp.br\/pet-direitos\/wp-json\/wp\/v2\/media?parent=68"}],"curies":[{"name":"wp","href":"https:\/\/api.w.org\/{rel}","templated":true}]}}