{"id":115,"date":"2014-04-28T16:28:49","date_gmt":"2014-04-28T19:28:49","guid":{"rendered":"http:\/\/sites.usp.brprp\/?page_id=115"},"modified":"2023-11-02T19:58:55","modified_gmt":"2023-11-02T22:58:55","slug":"contato","status":"publish","type":"page","link":"https:\/\/sites.usp.br\/pet\/contato\/","title":{"rendered":"Contato"},"content":{"rendered":"\t\t<div data-elementor-type=\"wp-page\" data-elementor-id=\"115\" class=\"elementor elementor-115\" data-elementor-post-type=\"page\">\n\t\t\t\t<div class=\"elementor-element elementor-element-130e554 e-flex e-con-boxed e-con e-parent\" data-id=\"130e554\" data-element_type=\"container\" data-settings=\"{&quot;background_background&quot;:&quot;classic&quot;}\">\n\t\t\t\t\t<div class=\"e-con-inner\">\n\t\t\t\t<div class=\"elementor-element elementor-element-eda25c4 elementor-widget elementor-widget-heading\" data-id=\"eda25c4\" data-element_type=\"widget\" data-widget_type=\"heading.default\">\n\t\t\t\t<div class=\"elementor-widget-container\">\n\t\t\t<h2 class=\"elementor-heading-title elementor-size-default\">pRECISA FALAR CONOSCO?<\/h2>\t\t<\/div>\n\t\t\t\t<\/div>\n\t\t\t\t\t<\/div>\n\t\t\t\t<\/div>\n\t\t<div class=\"elementor-element elementor-element-9bb2195 e-flex e-con-boxed e-con e-parent\" data-id=\"9bb2195\" data-element_type=\"container\" data-settings=\"{&quot;background_background&quot;:&quot;classic&quot;,&quot;shape_divider_top&quot;:&quot;mountains&quot;,&quot;shape_divider_bottom&quot;:&quot;mountains&quot;}\">\n\t\t\t\t\t<div class=\"e-con-inner\">\n\t\t\t\t<div class=\"elementor-shape elementor-shape-top\" data-negative=\"false\">\n\t\t\t<svg xmlns=\"http:\/\/www.w3.org\/2000\/svg\" viewBox=\"0 0 1000 100\" preserveAspectRatio=\"none\">\n\t<path class=\"elementor-shape-fill\" opacity=\"0.33\" d=\"M473,67.3c-203.9,88.3-263.1-34-320.3,0C66,119.1,0,59.7,0,59.7V0h1000v59.7 c0,0-62.1,26.1-94.9,29.3c-32.8,3.3-62.8-12.3-75.8-22.1C806,49.6,745.3,8.7,694.9,4.7S492.4,59,473,67.3z\"\/>\n\t<path class=\"elementor-shape-fill\" opacity=\"0.66\" d=\"M734,67.3c-45.5,0-77.2-23.2-129.1-39.1c-28.6-8.7-150.3-10.1-254,39.1 s-91.7-34.4-149.2,0C115.7,118.3,0,39.8,0,39.8V0h1000v36.5c0,0-28.2-18.5-92.1-18.5C810.2,18.1,775.7,67.3,734,67.3z\"\/>\n\t<path class=\"elementor-shape-fill\" d=\"M766.1,28.9c-200-57.5-266,65.5-395.1,19.5C242,1.8,242,5.4,184.8,20.6C128,35.8,132.3,44.9,89.9,52.5C28.6,63.7,0,0,0,0 h1000c0,0-9.9,40.9-83.6,48.1S829.6,47,766.1,28.9z\"\/>\n<\/svg>\t\t<\/div>\n\t\t\t\t<div class=\"elementor-shape elementor-shape-bottom\" data-negative=\"false\">\n\t\t\t<svg xmlns=\"http:\/\/www.w3.org\/2000\/svg\" viewBox=\"0 0 1000 100\" preserveAspectRatio=\"none\">\n\t<path class=\"elementor-shape-fill\" opacity=\"0.33\" d=\"M473,67.3c-203.9,88.3-263.1-34-320.3,0C66,119.1,0,59.7,0,59.7V0h1000v59.7 c0,0-62.1,26.1-94.9,29.3c-32.8,3.3-62.8-12.3-75.8-22.1C806,49.6,745.3,8.7,694.9,4.7S492.4,59,473,67.3z\"\/>\n\t<path class=\"elementor-shape-fill\" opacity=\"0.66\" d=\"M734,67.3c-45.5,0-77.2-23.2-129.1-39.1c-28.6-8.7-150.3-10.1-254,39.1 s-91.7-34.4-149.2,0C115.7,118.3,0,39.8,0,39.8V0h1000v36.5c0,0-28.2-18.5-92.1-18.5C810.2,18.1,775.7,67.3,734,67.3z\"\/>\n\t<path class=\"elementor-shape-fill\" d=\"M766.1,28.9c-200-57.5-266,65.5-395.1,19.5C242,1.8,242,5.4,184.8,20.6C128,35.8,132.3,44.9,89.9,52.5C28.6,63.7,0,0,0,0 h1000c0,0-9.9,40.9-83.6,48.1S829.6,47,766.1,28.9z\"\/>\n<\/svg>\t\t<\/div>\n\t\t<div class=\"elementor-element elementor-element-823e756 e-flex e-con-boxed e-con e-child\" data-id=\"823e756\" data-element_type=\"container\">\n\t\t\t\t\t<div class=\"e-con-inner\">\n\t\t\t\t<div class=\"elementor-element elementor-element-c5b66d8 premium-atext__switch elementor-widget elementor-widget-premium-addon-fancy-text\" data-id=\"c5b66d8\" data-element_type=\"widget\" data-widget_type=\"premium-addon-fancy-text.default\">\n\t\t\t\t<div class=\"elementor-widget-container\">\n\t\t\t\t\t<div class=\"premium-atext__wrapper premium-atext__slide \" data-start-effect=\"page_load\" data-settings=\"{&quot;effect&quot;:&quot;slide&quot;,&quot;speed&quot;:200,&quot;showItems&quot;:1,&quot;pause&quot;:2000,&quot;mousePause&quot;:false,&quot;loading&quot;:false,&quot;style&quot;:&quot;switch&quot;}\">\n\n\t\t\t<h3 class=\"premium-atext__headline\">\n\t\t\t\t\t\t\t<span class=\"premium-prefix-text\">\n\t\t\t\t\t<span class=\"premium-atext__span-align\">Visite Nosso<\/span>\n\t\t\t\t<\/span>\n\t\t\t\n\t\t\t\t\t\t<div class=\"premium-atext__text\" style='display: inline-block; text-align: center'>\n\t\t\t\t<ul class=\"premium-atext__items-wrapper\">\n\t\t\t\t\t\t\t\t\t<li class=\"premium-fancy-list-items premium-fancy-item-visible\">\n\t\t\t\t\t\t\tFacebook\t\t\t\t\t\t<\/li>\n\t\t\t\t\t\t\t\t\t\t\t<li class=\"premium-fancy-list-items premium-fancy-item-visible\">\n\t\t\t\t\t\t\tTwitter\t\t\t\t\t\t<\/li>\n\t\t\t\t\t\t\t\t\t\t\t<li class=\"premium-fancy-list-items premium-fancy-item-visible\">\n\t\t\t\t\t\t\tYoutube\t\t\t\t\t\t<\/li>\n\t\t\t\t\t\t\t\t\t\t\t<li class=\"premium-fancy-list-items premium-fancy-item-visible\">\n\t\t\t\t\t\t\tInstagram\t\t\t\t\t\t<\/li>\n\t\t\t\t\t\t\t\t\t<\/ul>\n\t\t\t<\/div>\n\t\t\t\n\t\t\t\t\t\t\t<span class=\"premium-suffix-text\">\n\t\t\t\t\t<span class=\"premium-atext__span-align\">!<\/span>\n\t\t\t\t<\/span>\n\t\t\t\n\t\t\t\n\t\t\t<\/h3>\n\t\t<\/div>\n\t\t\t\t<\/div>\n\t\t\t\t<\/div>\n\t\t\t\t<div class=\"elementor-element elementor-element-a883e9a elementor-shape-circle elementor-grid-0 e-grid-align-center elementor-widget elementor-widget-social-icons\" data-id=\"a883e9a\" data-element_type=\"widget\" data-widget_type=\"social-icons.default\">\n\t\t\t\t<div class=\"elementor-widget-container\">\n\t\t\t\t\t<div class=\"elementor-social-icons-wrapper elementor-grid\">\n\t\t\t\t\t\t\t<span class=\"elementor-grid-item\">\n\t\t\t\t\t<a class=\"elementor-icon elementor-social-icon elementor-social-icon-facebook elementor-animation-bob elementor-repeater-item-40c77db\" href=\"https:\/\/www.facebook.com\/pethistoriausp\/\" target=\"_blank\">\n\t\t\t\t\t\t<span class=\"elementor-screen-only\">Facebook<\/span>\n\t\t\t\t\t\t<i class=\"fab fa-facebook\"><\/i>\t\t\t\t\t<\/a>\n\t\t\t\t<\/span>\n\t\t\t\t\t\t\t<span class=\"elementor-grid-item\">\n\t\t\t\t\t<a class=\"elementor-icon elementor-social-icon elementor-social-icon-twitter elementor-animation-bob elementor-repeater-item-e3f1521\" href=\"https:\/\/twitter.com\/pethistoriausp\" target=\"_blank\">\n\t\t\t\t\t\t<span class=\"elementor-screen-only\">Twitter<\/span>\n\t\t\t\t\t\t<i class=\"fab fa-twitter\"><\/i>\t\t\t\t\t<\/a>\n\t\t\t\t<\/span>\n\t\t\t\t\t\t\t<span class=\"elementor-grid-item\">\n\t\t\t\t\t<a class=\"elementor-icon elementor-social-icon elementor-social-icon-youtube elementor-animation-bob elementor-repeater-item-e19d29e\" href=\"https:\/\/www.youtube.com\/channel\/UCw94A7D8BLnDWRBG0-_vxXQ\/featured\" target=\"_blank\">\n\t\t\t\t\t\t<span class=\"elementor-screen-only\">Youtube<\/span>\n\t\t\t\t\t\t<i class=\"fab fa-youtube\"><\/i>\t\t\t\t\t<\/a>\n\t\t\t\t<\/span>\n\t\t\t\t\t\t\t<span class=\"elementor-grid-item\">\n\t\t\t\t\t<a class=\"elementor-icon elementor-social-icon elementor-social-icon-instagram elementor-animation-bob elementor-repeater-item-af56d60\" href=\"https:\/\/www.instagram.com\/pethistoriausp\/\" target=\"_blank\">\n\t\t\t\t\t\t<span class=\"elementor-screen-only\">Instagram<\/span>\n\t\t\t\t\t\t<i class=\"fab fa-instagram\"><\/i>\t\t\t\t\t<\/a>\n\t\t\t\t<\/span>\n\t\t\t\t\t<\/div>\n\t\t\t\t<\/div>\n\t\t\t\t<\/div>\n\t\t<div class=\"elementor-element elementor-element-ed19736 e-flex e-con-boxed e-con e-child\" data-id=\"ed19736\" data-element_type=\"container\">\n\t\t\t\t\t<div class=\"e-con-inner\">\n\t\t\t\t<div class=\"elementor-element elementor-element-0550f94 premium-lottie-svg elementor-widget elementor-widget-premium-lottie\" data-id=\"0550f94\" data-element_type=\"widget\" data-settings=\"{&quot;lottie_file&quot;:{&quot;url&quot;:&quot;https:\\\/\\\/sites.usp.br\\\/pet\\\/wp-content\\\/uploads\\\/sites\\\/759\\\/2023\\\/11\\\/Enviar.json&quot;,&quot;id&quot;:2465,&quot;size&quot;:&quot;&quot;,&quot;alt&quot;:&quot;&quot;,&quot;source&quot;:&quot;library&quot;},&quot;trigger&quot;:&quot;viewport&quot;}\" data-widget_type=\"premium-lottie.default\">\n\t\t\t\t<div class=\"elementor-widget-container\">\n\t\t\t\r\n\t\t<div class=\"premium-lottie-animation\" data-lottie-url=\"https:\/\/sites.usp.br\/pet\/wp-content\/uploads\/sites\/759\/2023\/11\/Enviar.json\" data-lottie-loop=\"true\" data-lottie-reverse=\"\" data-lottie-hover=\"\" data-lottie-speed=\"1\" data-lottie-render=\"svg\" data-lottie-viewport=\"true\" data-scroll-start=\"30\" data-scroll-end=\"70\">\r\n\t\t\t\t\t<\/div>\r\n\r\n\t\t\t\t<\/div>\n\t\t\t\t<\/div>\n\t\t\t\t\t<\/div>\n\t\t\t\t<\/div>\n\t\t\t\t\t<\/div>\n\t\t\t\t<\/div>\n\t\t<div class=\"elementor-element elementor-element-f7afbae e-flex e-con-boxed e-con e-child\" data-id=\"f7afbae\" data-element_type=\"container\">\n\t\t\t\t\t<div class=\"e-con-inner\">\n\t\t\t\t<div class=\"elementor-element elementor-element-a9d980c elementor-drop-cap-yes elementor-drop-cap-view-default elementor-widget elementor-widget-text-editor\" data-id=\"a9d980c\" data-element_type=\"widget\" data-settings=\"{&quot;drop_cap&quot;:&quot;yes&quot;}\" data-widget_type=\"text-editor.default\">\n\t\t\t\t<div class=\"elementor-widget-container\">\n\t\t\t\t\t\t\t<p>Entre em contato com o PET HIST\u00d3RIA USP. Aqui voc\u00ea pode enviar uma cr\u00edtica ou sugest\u00e3o, registrar um elogio ou esclarecer alguma d\u00favida.<\/p>\t\t\t\t\t\t<\/div>\n\t\t\t\t<\/div>\n\t\t\t\t<div class=\"elementor-element elementor-element-bcdddfa elementor-button-align-start elementor-tablet-button-align-start elementor-mobile-button-align-stretch elementor-widget elementor-widget-form\" data-id=\"bcdddfa\" data-element_type=\"widget\" data-settings=\"{&quot;step_next_label&quot;:&quot;Next&quot;,&quot;step_previous_label&quot;:&quot;Previous&quot;,&quot;button_width_tablet&quot;:&quot;100&quot;,&quot;button_width&quot;:&quot;100&quot;,&quot;step_type&quot;:&quot;number_text&quot;,&quot;step_icon_shape&quot;:&quot;circle&quot;}\" data-widget_type=\"form.default\">\n\t\t\t\t<div class=\"elementor-widget-container\">\n\t\t\t\t\t<form class=\"elementor-form\" method=\"post\" name=\"Formul\u00e1rio de Contato\">\n\t\t\t<input type=\"hidden\" name=\"post_id\" value=\"115\"\/>\n\t\t\t<input type=\"hidden\" name=\"form_id\" value=\"bcdddfa\"\/>\n\t\t\t<input type=\"hidden\" name=\"referer_title\" value=\"\" \/>\n\n\t\t\t\n\t\t\t<div class=\"elementor-form-fields-wrapper elementor-labels-above\">\n\t\t\t\t\t\t\t\t<div class=\"elementor-field-type-text elementor-field-group elementor-column elementor-field-group-name elementor-col-50 elementor-md-100 elementor-field-required\">\n\t\t\t\t\t\t\t\t\t\t\t\t<label for=\"form-field-name\" class=\"elementor-field-label\">\n\t\t\t\t\t\t\t\tNome\t\t\t\t\t\t\t<\/label>\n\t\t\t\t\t\t\t\t\t\t\t\t\t\t<input size=\"1\" type=\"text\" name=\"form_fields[name]\" id=\"form-field-name\" class=\"elementor-field elementor-size-md  elementor-field-textual\" placeholder=\"Digite seu nome.\" required=\"required\" aria-required=\"true\">\n\t\t\t\t\t\t\t\t\t\t\t<\/div>\n\t\t\t\t\t\t\t\t<div class=\"elementor-field-type-email elementor-field-group elementor-column elementor-field-group-email elementor-col-50 elementor-md-100 elementor-field-required\">\n\t\t\t\t\t\t\t\t\t\t\t\t<label for=\"form-field-email\" class=\"elementor-field-label\">\n\t\t\t\t\t\t\t\tEmail\t\t\t\t\t\t\t<\/label>\n\t\t\t\t\t\t\t\t\t\t\t\t\t\t<input size=\"1\" type=\"email\" name=\"form_fields[email]\" id=\"form-field-email\" class=\"elementor-field elementor-size-md  elementor-field-textual\" placeholder=\"Digite seu e-mail.\" required=\"required\" aria-required=\"true\">\n\t\t\t\t\t\t\t\t\t\t\t<\/div>\n\t\t\t\t\t\t\t\t<div class=\"elementor-field-type-textarea elementor-field-group elementor-column elementor-field-group-field_7230aa0 elementor-col-100 elementor-md-100 elementor-field-required\">\n\t\t\t\t\t\t\t\t\t\t\t\t<label for=\"form-field-field_7230aa0\" class=\"elementor-field-label\">\n\t\t\t\t\t\t\t\tMessagem\t\t\t\t\t\t\t<\/label>\n\t\t\t\t\t\t<textarea class=\"elementor-field-textual elementor-field  elementor-size-md\" name=\"form_fields[field_7230aa0]\" id=\"form-field-field_7230aa0\" rows=\"5\" placeholder=\"Escreva sua messagem aqui.\" required=\"required\" aria-required=\"true\"><\/textarea>\t\t\t\t<\/div>\n\t\t\t\t\t\t\t\t<div class=\"elementor-field-group elementor-column elementor-field-type-submit elementor-col-100 e-form__buttons elementor-md-100\">\n\t\t\t\t\t<button class=\"elementor-button elementor-size-md\" type=\"submit\">\n\t\t\t\t\t\t<span class=\"elementor-button-content-wrapper\">\n\t\t\t\t\t\t\t\t\t\t\t\t\t\t\t<span class=\"elementor-button-icon\">\n\t\t\t\t\t\t\t\t\t<i aria-hidden=\"true\" class=\"far fa-envelope\"><\/i>\t\t\t\t\t\t\t\t\t\t\t\t\t\t\t\t\t<\/span>\n\t\t\t\t\t\t\t\t\t\t\t\t\t\t\t\t\t\t\t\t\t\t<span class=\"elementor-button-text\">Enviar.<\/span>\n\t\t\t\t\t\t\t\t\t\t\t\t\t<\/span>\n\t\t\t\t\t<\/button>\n\t\t\t\t<\/div>\n\t\t\t<\/div>\n\t\t<\/form>\n\t\t\t\t<\/div>\n\t\t\t\t<\/div>\n\t\t\t\t\t<\/div>\n\t\t\t\t<\/div>\n\t\t\t\t\t<\/div>\n\t\t\t\t<\/div>\n\t\t<div class=\"elementor-element elementor-element-da096fb e-flex e-con-boxed e-con e-parent\" data-id=\"da096fb\" data-element_type=\"container\" data-settings=\"{&quot;background_background&quot;:&quot;classic&quot;}\">\n\t\t\t\t\t<div class=\"e-con-inner\">\n\t\t\t\t<div class=\"elementor-element elementor-element-4307355 elementor-widget elementor-widget-heading\" data-id=\"4307355\" data-element_type=\"widget\" data-widget_type=\"heading.default\">\n\t\t\t\t<div class=\"elementor-widget-container\">\n\t\t\t<h1 class=\"elementor-heading-title elementor-size-default\">institui\u00e7\u00f5es respons\u00e1veis<\/h1>\t\t<\/div>\n\t\t\t\t<\/div>\n\t\t<div class=\"elementor-element elementor-element-2867796 e-grid e-con-boxed e-con e-child\" data-id=\"2867796\" data-element_type=\"container\">\n\t\t\t\t\t<div class=\"e-con-inner\">\n\t\t\t\t<div class=\"elementor-element elementor-element-a634ef9 elementor-widget elementor-widget-image\" data-id=\"a634ef9\" data-element_type=\"widget\" data-widget_type=\"image.default\">\n\t\t\t\t<div class=\"elementor-widget-container\">\n\t\t\t\t\t\t\t\t\t\t\t\t\t<img fetchpriority=\"high\" decoding=\"async\" width=\"768\" height=\"543\" src=\"https:\/\/sites.usp.br\/pet\/wp-content\/uploads\/sites\/759\/2023\/10\/PET_HISTORIA_LOGO_branco-01-768x543.png\" class=\"attachment-medium_large size-medium_large wp-image-1998\" alt=\"\" srcset=\"https:\/\/sites.usp.br\/pet\/wp-content\/uploads\/sites\/759\/2023\/10\/PET_HISTORIA_LOGO_branco-01-768x543.png 768w, https:\/\/sites.usp.br\/pet\/wp-content\/uploads\/sites\/759\/2023\/10\/PET_HISTORIA_LOGO_branco-01-300x212.png 300w, https:\/\/sites.usp.br\/pet\/wp-content\/uploads\/sites\/759\/2023\/10\/PET_HISTORIA_LOGO_branco-01-1024x724.png 1024w, https:\/\/sites.usp.br\/pet\/wp-content\/uploads\/sites\/759\/2023\/10\/PET_HISTORIA_LOGO_branco-01-1536x1086.png 1536w, https:\/\/sites.usp.br\/pet\/wp-content\/uploads\/sites\/759\/2023\/10\/PET_HISTORIA_LOGO_branco-01-2048x1448.png 2048w\" sizes=\"(max-width: 768px) 100vw, 768px\" \/>\t\t\t\t\t\t\t\t\t\t\t\t\t<\/div>\n\t\t\t\t<\/div>\n\t\t\t\t<div class=\"elementor-element elementor-element-0f56cb0 elementor-widget elementor-widget-image\" data-id=\"0f56cb0\" data-element_type=\"widget\" data-widget_type=\"image.default\">\n\t\t\t\t<div class=\"elementor-widget-container\">\n\t\t\t\t\t\t\t\t\t\t\t\t\t<img decoding=\"async\" width=\"691\" height=\"361\" src=\"https:\/\/sites.usp.br\/pet\/wp-content\/uploads\/sites\/759\/2023\/10\/fundo_preto-removebg-preview.png\" class=\"attachment-large size-large wp-image-1999\" alt=\"\" srcset=\"https:\/\/sites.usp.br\/pet\/wp-content\/uploads\/sites\/759\/2023\/10\/fundo_preto-removebg-preview.png 691w, https:\/\/sites.usp.br\/pet\/wp-content\/uploads\/sites\/759\/2023\/10\/fundo_preto-removebg-preview-300x157.png 300w\" sizes=\"(max-width: 691px) 100vw, 691px\" \/>\t\t\t\t\t\t\t\t\t\t\t\t\t<\/div>\n\t\t\t\t<\/div>\n\t\t\t\t<div class=\"elementor-element elementor-element-318b2f3 elementor-widget elementor-widget-image\" data-id=\"318b2f3\" data-element_type=\"widget\" data-widget_type=\"image.default\">\n\t\t\t\t<div class=\"elementor-widget-container\">\n\t\t\t\t\t\t\t\t\t\t\t\t\t<img decoding=\"async\" width=\"300\" height=\"144\" src=\"https:\/\/sites.usp.br\/pet\/wp-content\/uploads\/sites\/759\/2023\/10\/USP-Branco.png\" class=\"attachment-large size-large wp-image-2000\" alt=\"\" \/>\t\t\t\t\t\t\t\t\t\t\t\t\t<\/div>\n\t\t\t\t<\/div>\n\t\t\t\t<div class=\"elementor-element elementor-element-bd5a0f0 elementor-widget elementor-widget-image\" data-id=\"bd5a0f0\" data-element_type=\"widget\" data-widget_type=\"image.default\">\n\t\t\t\t<div class=\"elementor-widget-container\">\n\t\t\t\t\t\t\t\t\t\t\t\t\t<img loading=\"lazy\" decoding=\"async\" width=\"800\" height=\"366\" src=\"https:\/\/sites.usp.br\/pet\/wp-content\/uploads\/sites\/759\/2023\/10\/logo_governo_federal_2023_branco.png\" class=\"attachment-large size-large wp-image-2003\" alt=\"\" srcset=\"https:\/\/sites.usp.br\/pet\/wp-content\/uploads\/sites\/759\/2023\/10\/logo_governo_federal_2023_branco.png 909w, https:\/\/sites.usp.br\/pet\/wp-content\/uploads\/sites\/759\/2023\/10\/logo_governo_federal_2023_branco-300x137.png 300w, https:\/\/sites.usp.br\/pet\/wp-content\/uploads\/sites\/759\/2023\/10\/logo_governo_federal_2023_branco-768x351.png 768w\" sizes=\"(max-width: 800px) 100vw, 800px\" \/>\t\t\t\t\t\t\t\t\t\t\t\t\t<\/div>\n\t\t\t\t<\/div>\n\t\t\t\t\t<\/div>\n\t\t\t\t<\/div>\n\t\t\t\t\t<\/div>\n\t\t\t\t<\/div>\n\t\t\t\t<\/div>\n\t\t","protected":false},"excerpt":{"rendered":"<p>pRECISA FALAR CONOSCO? Visite Nosso Facebook Twitter Youtube Instagram ! Facebook Twitter Youtube Instagram Entre em contato com o PET HIST\u00d3RIA USP. Aqui voc\u00ea pode enviar uma cr\u00edtica ou sugest\u00e3o, registrar um elogio ou esclarecer alguma d\u00favida. institui\u00e7\u00f5es respons\u00e1veis<\/p>\n","protected":false},"author":13,"featured_media":0,"parent":0,"menu_order":0,"comment_status":"closed","ping_status":"closed","template":"elementor_header_footer","meta":{"footnotes":"","_links_to":"","_links_to_target":""},"class_list":["post-115","page","type-page","status-publish","hentry"],"_links":{"self":[{"href":"https:\/\/sites.usp.br\/pet\/wp-json\/wp\/v2\/pages\/115","targetHints":{"allow":["GET"]}}],"collection":[{"href":"https:\/\/sites.usp.br\/pet\/wp-json\/wp\/v2\/pages"}],"about":[{"href":"https:\/\/sites.usp.br\/pet\/wp-json\/wp\/v2\/types\/page"}],"author":[{"embeddable":true,"href":"https:\/\/sites.usp.br\/pet\/wp-json\/wp\/v2\/users\/13"}],"replies":[{"embeddable":true,"href":"https:\/\/sites.usp.br\/pet\/wp-json\/wp\/v2\/comments?post=115"}],"version-history":[{"count":4,"href":"https:\/\/sites.usp.br\/pet\/wp-json\/wp\/v2\/pages\/115\/revisions"}],"predecessor-version":[{"id":2607,"href":"https:\/\/sites.usp.br\/pet\/wp-json\/wp\/v2\/pages\/115\/revisions\/2607"}],"wp:attachment":[{"href":"https:\/\/sites.usp.br\/pet\/wp-json\/wp\/v2\/media?parent=115"}],"curies":[{"name":"wp","href":"https:\/\/api.w.org\/{rel}","templated":true}]}}