{"id":1393,"date":"2021-04-27T13:04:58","date_gmt":"2021-04-27T16:04:58","guid":{"rendered":"http:\/\/sites.usp.br\/pet\/?page_id=1393"},"modified":"2024-04-23T16:29:34","modified_gmt":"2024-04-23T19:29:34","slug":"semana-de-historia","status":"publish","type":"page","link":"https:\/\/sites.usp.br\/pet\/semana-de-historia\/","title":{"rendered":"Semana de Hist\u00f3ria"},"content":{"rendered":"\t\t<div data-elementor-type=\"wp-page\" data-elementor-id=\"1393\" class=\"elementor elementor-1393\" data-elementor-post-type=\"page\">\n\t\t\t\t<div class=\"elementor-element elementor-element-213e8205 e-flex e-con-boxed e-con e-parent\" data-id=\"213e8205\" data-element_type=\"container\">\n\t\t\t\t\t<div class=\"e-con-inner\">\n\t\t<div class=\"elementor-element elementor-element-3dd1f58e e-flex e-con-boxed e-con e-child\" data-id=\"3dd1f58e\" data-element_type=\"container\">\n\t\t\t\t\t<div class=\"e-con-inner\">\n\t\t\t\t<div class=\"elementor-element elementor-element-771c42d5 eael-dual-header-content-align-center elementor-widget elementor-widget-eael-dual-color-header\" data-id=\"771c42d5\" data-element_type=\"widget\" data-widget_type=\"eael-dual-color-header.default\">\n\t\t\t\t<div class=\"elementor-widget-container\">\n\t\t\t\t\t\t<div class=\"eael-dual-header\">\n\t\t\t\t\t\t\t\t\t<span class=\"eael-dch-svg-icon\"><i aria-hidden=\"true\" class=\"fas fa-tools\"><\/i><\/span>\t\t\t\t\t\t\t\t<h2 class=\"title\"><span class=\"lead gradient-color\">pagina<\/span> <span>em manuten\u00e7\u00e3o<\/span><\/h2>\t\t\t\t<span class=\"subtext\"><p>Aguarde, em breve o conte\u00fado desta p\u00e1gina estar\u00e1 dispon\u00edvel.<\/p><\/span>\n\t\t\t<\/div>\n\t\t\t\t<\/div>\n\t\t\t\t<\/div>\n\t\t\t\t\t<\/div>\n\t\t\t\t<\/div>\n\t\t\t\t\t<\/div>\n\t\t\t\t<\/div>\n\t\t<div class=\"elementor-element elementor-element-1fb803d2 e-flex e-con-boxed e-con e-parent\" data-id=\"1fb803d2\" data-element_type=\"container\">\n\t\t\t\t\t<div class=\"e-con-inner\">\n\t\t\t\t<div class=\"elementor-element elementor-element-7a9b9aa0 elementor-widget elementor-widget-text-editor\" data-id=\"7a9b9aa0\" data-element_type=\"widget\" data-widget_type=\"text-editor.default\">\n\t\t\t\t<div class=\"elementor-widget-container\">\n\t\t\t\t\t\t\t<a href=\"https:\/\/sites.usp.br\/pet\/wp-content\/uploads\/sites\/759\/2020\/07\/IMG_8757.jpg\"><img fetchpriority=\"high\" decoding=\"async\" class=\"aligncenter wp-image-1044\" src=\"https:\/\/sites.usp.br\/pet\/wp-content\/uploads\/sites\/759\/2020\/07\/IMG_8757.jpg\" alt=\"\" width=\"834\" height=\"556\" data-id=\"1044\" srcset=\"https:\/\/sites.usp.br\/pet\/wp-content\/uploads\/sites\/759\/2020\/07\/IMG_8757.jpg 2256w, https:\/\/sites.usp.br\/pet\/wp-content\/uploads\/sites\/759\/2020\/07\/IMG_8757-300x200.jpg 300w, https:\/\/sites.usp.br\/pet\/wp-content\/uploads\/sites\/759\/2020\/07\/IMG_8757-1024x683.jpg 1024w, https:\/\/sites.usp.br\/pet\/wp-content\/uploads\/sites\/759\/2020\/07\/IMG_8757-768x512.jpg 768w, https:\/\/sites.usp.br\/pet\/wp-content\/uploads\/sites\/759\/2020\/07\/IMG_8757-1536x1024.jpg 1536w, https:\/\/sites.usp.br\/pet\/wp-content\/uploads\/sites\/759\/2020\/07\/IMG_8757-2048x1365.jpg 2048w, https:\/\/sites.usp.br\/pet\/wp-content\/uploads\/sites\/759\/2020\/07\/IMG_8757-400x267.jpg 400w\" sizes=\"(max-width: 834px) 100vw, 834px\" \/><\/a>Tendo em mente o isolamento da Universidade em rela\u00e7\u00e3o ao restante da sociedade, a necessidade de pensar na disciplina Hist\u00f3ria como parte do cotidiano e a falta de projetos de extens\u00e3o voltados ao programa de Educa\u00e7\u00e3o de Jovens e Adultos (EJA). Ser\u00e3o escolhidas algumas escolas p\u00fablicas EJA, entre 2 e 4, e, a partir de um tema geral decidido pela organiza\u00e7\u00e3o da Semana, os alunos e professores das escolas dever\u00e3o elaborar apresenta\u00e7\u00f5es de acordo com seu entendimento da proposta. O grupo respons\u00e1vel pela Semana e os colaboradores (por volta de 5, que ser\u00e3o selecionados pelos bolsistas PET devido \u00e0 quantidade de tarefas que o projeto exige) ficar\u00e3o respons\u00e1veis pelo acompanhamento dos trabalhos por escola. Entretanto ser\u00e1 dada total autonomia aos alunos e professores no desenvolvimento do projeto. No segundo semestre, entre final de setembro ou outubro, as escolas ir\u00e3o apresentar seus trabalhos na USP, no pr\u00e9dio da Faculdade de Hist\u00f3ria e Geografia e, se poss\u00edvel, apresentaremos alguns outros espa\u00e7os do campus universit\u00e1rio (CUASO).\r\n\r\nEm 2020, caminhamos para a nossa 4\u00aa edi\u00e7\u00e3o do Projeto; e tendo em vista a pandemia de Covid-19 estamos trabalhando remotamente, seguindo as recomenda\u00e7\u00f5es de distanciamento social.\t\t\t\t\t\t<\/div>\n\t\t\t\t<\/div>\n\t\t\t\t\t<\/div>\n\t\t\t\t<\/div>\n\t\t\t\t<\/div>\n\t\t","protected":false},"excerpt":{"rendered":"<p>pagina em manuten\u00e7\u00e3o Aguarde, em breve o conte\u00fado desta p\u00e1gina estar\u00e1 dispon\u00edvel. Tendo em mente o isolamento da Universidade em rela\u00e7\u00e3o ao restante da sociedade, a necessidade de pensar na disciplina Hist\u00f3ria como parte do cotidiano e a falta de projetos de extens\u00e3o voltados ao programa de Educa\u00e7\u00e3o de Jovens e Adultos (EJA). Ser\u00e3o escolhidas [&hellip;]<\/p>\n","protected":false},"author":21957,"featured_media":1044,"parent":0,"menu_order":0,"comment_status":"closed","ping_status":"closed","template":"elementor_theme","meta":{"footnotes":"","_links_to":"","_links_to_target":""},"class_list":["post-1393","page","type-page","status-publish","has-post-thumbnail","hentry"],"_links":{"self":[{"href":"https:\/\/sites.usp.br\/pet\/wp-json\/wp\/v2\/pages\/1393","targetHints":{"allow":["GET"]}}],"collection":[{"href":"https:\/\/sites.usp.br\/pet\/wp-json\/wp\/v2\/pages"}],"about":[{"href":"https:\/\/sites.usp.br\/pet\/wp-json\/wp\/v2\/types\/page"}],"author":[{"embeddable":true,"href":"https:\/\/sites.usp.br\/pet\/wp-json\/wp\/v2\/users\/21957"}],"replies":[{"embeddable":true,"href":"https:\/\/sites.usp.br\/pet\/wp-json\/wp\/v2\/comments?post=1393"}],"version-history":[{"count":4,"href":"https:\/\/sites.usp.br\/pet\/wp-json\/wp\/v2\/pages\/1393\/revisions"}],"predecessor-version":[{"id":3252,"href":"https:\/\/sites.usp.br\/pet\/wp-json\/wp\/v2\/pages\/1393\/revisions\/3252"}],"wp:featuredmedia":[{"embeddable":true,"href":"https:\/\/sites.usp.br\/pet\/wp-json\/wp\/v2\/media\/1044"}],"wp:attachment":[{"href":"https:\/\/sites.usp.br\/pet\/wp-json\/wp\/v2\/media?parent=1393"}],"curies":[{"name":"wp","href":"https:\/\/api.w.org\/{rel}","templated":true}]}}