{"id":3117,"date":"2024-04-22T18:19:34","date_gmt":"2024-04-22T21:19:34","guid":{"rendered":"https:\/\/sites.usp.br\/pet\/?page_id=3117"},"modified":"2025-09-15T21:43:28","modified_gmt":"2025-09-16T00:43:28","slug":"apresenta","status":"publish","type":"page","link":"https:\/\/sites.usp.br\/pet\/apresenta\/","title":{"rendered":"Pet Apresenta"},"content":{"rendered":"\t\t<div data-elementor-type=\"wp-page\" data-elementor-id=\"3117\" class=\"elementor elementor-3117\" data-elementor-post-type=\"page\">\n\t\t\t\t<div class=\"elementor-element elementor-element-3ff819f e-flex e-con-boxed e-con e-parent\" data-id=\"3ff819f\" data-element_type=\"container\">\n\t\t\t\t\t<div class=\"e-con-inner\">\n\t\t<div class=\"elementor-element elementor-element-1756d85 e-con-full e-flex e-con e-child\" data-id=\"1756d85\" data-element_type=\"container\">\n\t\t<div class=\"elementor-element elementor-element-fb11483 e-flex e-con-boxed e-con e-child\" data-id=\"fb11483\" data-element_type=\"container\">\n\t\t\t\t\t<div class=\"e-con-inner\">\n\t\t\t\t<div class=\"elementor-element elementor-element-5690d8b elementor-widget elementor-widget-premium-addon-banner\" data-id=\"5690d8b\" data-element_type=\"widget\" data-widget_type=\"premium-addon-banner.default\">\n\t\t\t\t<div class=\"elementor-widget-container\">\n\t\t\t\t\t<div class=\"premium-banner-ib premium-banner-min-height premium-banner-animation5 zoomout\">\r\n\t\t\t\t\t\t\t\t\t\t<img fetchpriority=\"high\" decoding=\"async\" width=\"500\" height=\"500\" src=\"https:\/\/sites.usp.br\/pet\/wp-content\/uploads\/sites\/759\/2024\/07\/3.jpg\" class=\"attachment-full size-full wp-image-3594\" alt=\"\" srcset=\"https:\/\/sites.usp.br\/pet\/wp-content\/uploads\/sites\/759\/2024\/07\/3.jpg 500w, https:\/\/sites.usp.br\/pet\/wp-content\/uploads\/sites\/759\/2024\/07\/3-300x300.jpg 300w, https:\/\/sites.usp.br\/pet\/wp-content\/uploads\/sites\/759\/2024\/07\/3-150x150.jpg 150w, https:\/\/sites.usp.br\/pet\/wp-content\/uploads\/sites\/759\/2024\/07\/3-45x45.jpg 45w\" sizes=\"(max-width: 500px) 100vw, 500px\" \/>\t\t\t\t\t\t\t\t\t<div class=\"premium-banner-ib-desc\">\r\n\t\t\t\t\t\t\t\t\t<h3 class=\"premium-banner-ib-title premium_banner_title\">PET APRESENTA<\/h3>\t\t\t\t\t\t<div class=\"premium-banner-ib-content premium_banner_content\">\r\n\t\t\t\t\t\t\t<p>Conhe\u00e7a a logo do nosso projeto.<\/p>\t\t\t\t\t\t<\/div>\r\n\t\t\t\t\t\t\t\t\t\t\t\t\t\t\t\t\t<\/div>\r\n\t\t\t\t\t<\/div>\r\n\t\t\t\t\t\t<\/div>\n\t\t\t\t<\/div>\n\t\t<div class=\"elementor-element elementor-element-27de037 e-con-full e-flex e-con e-child\" data-id=\"27de037\" data-element_type=\"container\">\n\t\t\t\t<div class=\"elementor-element elementor-element-f62341b elementor-widget elementor-widget-heading\" data-id=\"f62341b\" data-element_type=\"widget\" data-widget_type=\"heading.default\">\n\t\t\t\t<div class=\"elementor-widget-container\">\n\t\t\t<h1 class=\"elementor-heading-title elementor-size-default\">sOBRE O PROJETO<\/h1>\t\t<\/div>\n\t\t\t\t<\/div>\n\t\t\t\t<div class=\"elementor-element elementor-element-b157fe3 elementor-drop-cap-yes elementor-widget__width-inherit elementor-drop-cap-view-default elementor-widget elementor-widget-text-editor\" data-id=\"b157fe3\" data-element_type=\"widget\" data-settings=\"{&quot;drop_cap&quot;:&quot;yes&quot;}\" data-widget_type=\"text-editor.default\">\n\t\t\t\t<div class=\"elementor-widget-container\">\n\t\t\t\t\t\t\t<p>O <span class=\"OYPEnA font-feature-liga-off font-feature-clig-off font-feature-calt-off text-decoration-none text-strikethrough-none\">projeto tem como objetivo ser uma ferramenta de remedia\u00e7\u00e3o de certas lacunas que percebemos na forma\u00e7\u00e3o dos alunes de gradua\u00e7\u00e3o do curso de hist\u00f3ria da USP. Para ajudar a sanar essas lacunas curriculares o projeto seria composto por cursos introdut\u00f3rios realizados em regime online sobre temas e recortes hist\u00f3ricos negligenciados no curr\u00edculo. De forma que os estudantes travem contato com esses temas ainda na gradua\u00e7\u00e3o.<\/span><\/p>\n<p class=\"cvGsUA direction-ltr align-justify para-style-body\"><span class=\"OYPEnA font-feature-liga-off font-feature-clig-off font-feature-calt-off text-decoration-none text-strikethrough-none\">O projeto surge em um momento de consolida\u00e7\u00e3o de um processo de reforma curricular de grande envergadura, cujo as discuss\u00f5es iniciaram-se nos idos de 2008 e culminaram em uma mudan\u00e7a curricular extensa que valer\u00e1 para es alunes que ingressarem no ano de 2024, embora n\u00e3o estejamos diretamente vinculados aos processos que levaram a essa reforma acreditamos que a vontade de diversificar o curso de hist\u00f3ria, que est\u00e1 presente no novo curr\u00edculo tamb\u00e9m est\u00e1 presente neste projeto.<\/span><\/p>\t\t\t\t\t\t<\/div>\n\t\t\t\t<\/div>\n\t\t\t\t<\/div>\n\t\t\t\t\t<\/div>\n\t\t\t\t<\/div>\n\t\t\t\t<\/div>\n\t\t\t\t\t<\/div>\n\t\t\t\t<\/div>\n\t\t<div class=\"elementor-element elementor-element-fabedde e-con-full e-flex e-con e-parent\" data-id=\"fabedde\" data-element_type=\"container\">\n\t\t\t\t<div class=\"elementor-element elementor-element-fd8e026 elementor-widget__width-inherit elementor-widget elementor-widget-image\" data-id=\"fd8e026\" data-element_type=\"widget\" data-widget_type=\"image.default\">\n\t\t\t\t<div class=\"elementor-widget-container\">\n\t\t\t\t\t\t\t\t\t\t\t\t\t<img decoding=\"async\" width=\"1920\" height=\"1080\" src=\"https:\/\/sites.usp.br\/pet\/wp-content\/uploads\/sites\/759\/2024\/07\/Apresentacao-PET-APRESENTA-2.jpg\" class=\"attachment-full size-full wp-image-3612\" alt=\"\" srcset=\"https:\/\/sites.usp.br\/pet\/wp-content\/uploads\/sites\/759\/2024\/07\/Apresentacao-PET-APRESENTA-2.jpg 1920w, https:\/\/sites.usp.br\/pet\/wp-content\/uploads\/sites\/759\/2024\/07\/Apresentacao-PET-APRESENTA-2-300x169.jpg 300w, https:\/\/sites.usp.br\/pet\/wp-content\/uploads\/sites\/759\/2024\/07\/Apresentacao-PET-APRESENTA-2-1024x576.jpg 1024w, https:\/\/sites.usp.br\/pet\/wp-content\/uploads\/sites\/759\/2024\/07\/Apresentacao-PET-APRESENTA-2-768x432.jpg 768w, https:\/\/sites.usp.br\/pet\/wp-content\/uploads\/sites\/759\/2024\/07\/Apresentacao-PET-APRESENTA-2-1536x864.jpg 1536w, https:\/\/sites.usp.br\/pet\/wp-content\/uploads\/sites\/759\/2024\/07\/Apresentacao-PET-APRESENTA-2-310x174.jpg 310w\" sizes=\"(max-width: 1920px) 100vw, 1920px\" \/>\t\t\t\t\t\t\t\t\t\t\t\t\t<\/div>\n\t\t\t\t<\/div>\n\t\t\t\t<\/div>\n\t\t<div class=\"elementor-element elementor-element-7dd8767 e-flex e-con-boxed e-con e-parent\" data-id=\"7dd8767\" data-element_type=\"container\" data-settings=\"{&quot;background_background&quot;:&quot;classic&quot;}\">\n\t\t\t\t\t<div class=\"e-con-inner\">\n\t\t<div class=\"elementor-element elementor-element-65007d9 e-con-full e-flex e-con e-child\" data-id=\"65007d9\" data-element_type=\"container\">\n\t\t\t\t<div class=\"elementor-element elementor-element-97fe411 elementor-widget elementor-widget-heading\" data-id=\"97fe411\" data-element_type=\"widget\" data-widget_type=\"heading.default\">\n\t\t\t\t<div class=\"elementor-widget-container\">\n\t\t\t<h1 class=\"elementor-heading-title elementor-size-default\">minicursos<\/h1>\t\t<\/div>\n\t\t\t\t<\/div>\n\t\t\t\t<div class=\"elementor-element elementor-element-2dde5bb elementor-widget elementor-widget-text-editor\" data-id=\"2dde5bb\" data-element_type=\"widget\" data-widget_type=\"text-editor.default\">\n\t\t\t\t<div class=\"elementor-widget-container\">\n\t\t\t\t\t\t\t<p>Conhe\u00e7a todas os minicursos apresentados pelo PET Hist\u00f3ria USP, por ano, e explore temas que n\u00e3o s\u00e3o t\u00e3o abordados na gradua\u00e7\u00e3o, tendo aula com especialistas nos assuntos acessando nossa playlist no youtube:<\/p>\t\t\t\t\t\t<\/div>\n\t\t\t\t<\/div>\n\t\t\t\t<div class=\"elementor-element elementor-element-10c3d39 elementor-widget elementor-widget-eael-creative-button\" data-id=\"10c3d39\" data-element_type=\"widget\" data-widget_type=\"eael-creative-button.default\">\n\t\t\t\t<div class=\"elementor-widget-container\">\n\t\t\t        <div class=\"eael-creative-button-wrapper\">\n\n            <a class=\"eael-creative-button eael-creative-button--default\" href=\"https:\/\/www.youtube.com\/watch?v=w45z-3BV4Vc&#038;list=PL-HZcLqBwBnH5liU3P5VFBOq8RFbIzrSf\" data-text=\"SOBRE\">\n\n\t    \n                <div class=\"creative-button-inner\">\n\n                                            <span class=\"eael-creative-button-icon-left\"><i aria-hidden=\"true\" class=\"far fa-hand-point-right\"><\/i><\/span>                    \n                    <span class=\"cretive-button-text\">CLIQUE AQUI<\/span>\n\n                                    <\/div>\n\t                        <\/a>\n        <\/div>\n        \t\t<\/div>\n\t\t\t\t<\/div>\n\t\t\t\t<\/div>\n\t\t\t\t\t<\/div>\n\t\t\t\t<\/div>\n\t\t<div class=\"elementor-element elementor-element-069e16e e-flex e-con-boxed e-con e-parent\" data-id=\"069e16e\" data-element_type=\"container\" data-settings=\"{&quot;background_background&quot;:&quot;classic&quot;,&quot;shape_divider_top&quot;:&quot;arrow&quot;,&quot;shape_divider_bottom&quot;:&quot;opacity-fan&quot;}\">\n\t\t\t\t\t<div class=\"e-con-inner\">\n\t\t\t\t<div class=\"elementor-shape elementor-shape-top\" data-negative=\"false\">\n\t\t\t<svg xmlns=\"http:\/\/www.w3.org\/2000\/svg\" viewBox=\"0 0 700 10\" preserveAspectRatio=\"none\">\n\t<path class=\"elementor-shape-fill\" d=\"M350,10L340,0h20L350,10z\"\/>\n<\/svg>\t\t<\/div>\n\t\t\t\t<div class=\"elementor-shape elementor-shape-bottom\" data-negative=\"false\">\n\t\t\t<svg xmlns=\"http:\/\/www.w3.org\/2000\/svg\" viewBox=\"0 0 283.5 19.6\" preserveAspectRatio=\"none\">\n\t<path class=\"elementor-shape-fill\" style=\"opacity:0.33\" d=\"M0 0L0 18.8 141.8 4.1 283.5 18.8 283.5 0z\"\/>\n\t<path class=\"elementor-shape-fill\" style=\"opacity:0.33\" d=\"M0 0L0 12.6 141.8 4 283.5 12.6 283.5 0z\"\/>\n\t<path class=\"elementor-shape-fill\" style=\"opacity:0.33\" d=\"M0 0L0 6.4 141.8 4 283.5 6.4 283.5 0z\"\/>\n\t<path class=\"elementor-shape-fill\" d=\"M0 0L0 1.2 141.8 4 283.5 1.2 283.5 0z\"\/>\n<\/svg>\t\t<\/div>\n\t\t<div class=\"elementor-element elementor-element-31271b7 e-con-full e-flex e-con e-child\" data-id=\"31271b7\" data-element_type=\"container\">\n\t\t\t\t<div class=\"elementor-element elementor-element-1dcaff9 elementor-widget elementor-widget-heading\" data-id=\"1dcaff9\" data-element_type=\"widget\" data-widget_type=\"heading.default\">\n\t\t\t\t<div class=\"elementor-widget-container\">\n\t\t\t<h1 class=\"elementor-heading-title elementor-size-default\">NOvidades<\/h1>\t\t<\/div>\n\t\t\t\t<\/div>\n\t\t\t\t<div class=\"elementor-element elementor-element-df99733 premium-blog-align-center elementor-widget elementor-widget-premium-addon-blog\" data-id=\"df99733\" data-element_type=\"widget\" data-settings=\"{&quot;premium_blog_columns_number&quot;:&quot;33.33%&quot;,&quot;force_height&quot;:&quot;true&quot;,&quot;premium_blog_columns_number_tablet&quot;:&quot;33.33%&quot;,&quot;filter_flag&quot;:&quot;cat&quot;,&quot;premium_blog_grid&quot;:&quot;yes&quot;,&quot;premium_blog_layout&quot;:&quot;even&quot;,&quot;premium_blog_columns_number_mobile&quot;:&quot;100%&quot;,&quot;scroll_to_offset&quot;:&quot;yes&quot;}\" data-widget_type=\"premium-addon-blog.default\">\n\t\t\t\t<div class=\"elementor-widget-container\">\n\t\t\t\r\n\t\t\t\t\t\t\t<div class=\"premium-blog-filter\">\r\n\t\t\t<ul class=\"premium-blog-filters-container\">\r\n\t\t\t\t\t\t\t\t\t<li>\r\n\t\t\t\t\t\t<a href=\"javascript:;\" class=\"category active\" data-filter=\"*\">\r\n\t\t\t\t\t\t\tTodos\t\t\t\t\t\t<\/a>\r\n\t\t\t\t\t<\/li>\r\n\t\t\t\t\t\t\t\t\t\t\t\t\t\t<li>\r\n\t\t\t\t\t\t\t<a href=\"javascript:;\" class=\"category\" data-filter=\"pa-2024\">\r\n\t\t\t\t\t\t\t\tPA-2024\t\t\t\t\t\t\t<\/a>\r\n\t\t\t\t\t\t<\/li>\r\n\t\t\t\t\t\t\t<\/ul>\r\n\t\t<\/div>\r\n\t\t\t\t\t\t<div class=\"premium-blog-wrap  premium-blog-even\" data-page=\"3117\">\r\n\t\t\t\t\t<div class=\"premium-blog-post-outer-container pa-2024\" data-total=\"1\">\r\n\t\t\t<div class=\"premium-blog-post-container premium-blog-skin-classic\">\r\n\t\t\t\t\t\t\t\t\t<div class=\"premium-blog-thumb-effect-wrapper\">\r\n\t\t\t\t\t\t<div class=\"premium-blog-thumbnail-container premium-blog-zoomin-effect\">\r\n\t\t\t\t\t\t\t<img decoding=\"async\" width=\"500\" height=\"500\" src=\"https:\/\/sites.usp.br\/pet\/wp-content\/uploads\/sites\/759\/2024\/07\/4.jpg\" class=\"attachment-full size-full wp-image-3595\" alt=\"\" srcset=\"https:\/\/sites.usp.br\/pet\/wp-content\/uploads\/sites\/759\/2024\/07\/4.jpg 500w, https:\/\/sites.usp.br\/pet\/wp-content\/uploads\/sites\/759\/2024\/07\/4-300x300.jpg 300w, https:\/\/sites.usp.br\/pet\/wp-content\/uploads\/sites\/759\/2024\/07\/4-150x150.jpg 150w, https:\/\/sites.usp.br\/pet\/wp-content\/uploads\/sites\/759\/2024\/07\/4-45x45.jpg 45w\" sizes=\"(max-width: 500px) 100vw, 500px\" \/>\t\t\t\t\t\t<\/div>\r\n\t\t\t\t\t\t\t\t\t\t\t\t\t<div class=\"premium-blog-thumbnail-overlay\">\r\n\t\t\t\t\t\t\t\t<a class=\"elementor-icon\" href=\"https:\/\/sites.usp.br\/pet\/pet-apresenta\/tema-pet-apresenta\/\" target=\"_self\" aria-hidden=\"true\"><span>Tema Pet Apresenta<\/span><\/a>\r\n\t\t\t\t\t\t\t<\/div>\r\n\r\n\t\t\t\t\t\t\t\t\t\t\t\t\t\t\t\t\t\t<\/div>\r\n\t\t\t\t\t\t\t\t\t\t\t\t<div class=\"premium-blog-content-wrapper \">\r\n\r\n\t\t\t\t\t<div class=\"premium-blog-inner-container\">\r\n\r\n\t\t\t\t\t\t\t\t\t\t\t\t\t\t<h2 class=\"premium-blog-entry-title\">\r\n\t\t\t<a href=\"https:\/\/sites.usp.br\/pet\/pet-apresenta\/tema-pet-apresenta\/\" target=\"_self\">\r\n\t\t\t\tTema Pet Apresenta\t\t\t<\/a>\r\n\t\t<\/h2>\r\n\t\t\t\t<div class=\"premium-blog-entry-meta\">\r\n\t\t\t\r\n\t\t\t\t\t\t\t<span class=\"premium-blog-meta-separator\">\u2022<\/span>\r\n\t\t\t\t<div class=\"premium-blog-post-time premium-blog-meta-data\">\r\n\t\t\t\t\t<i class=\"fa fa-calendar-alt\" aria-hidden=\"true\"><\/i>\r\n\t\t\t\t\t<span>22\/07\/2024<\/span>\r\n\t\t\t\t<\/div>\r\n\t\t\t\r\n\t\t\t\r\n\t\t\t\t\t<\/div>\r\n\t\t\r\n\t\t\t\t\t<\/div>\r\n\r\n\t\t\t\t\t\t\t\t\t\t\r\n\t\t\t\t<\/div>\r\n\t\t\t<\/div>\r\n\t\t<\/div>\r\n\r\n\t\t\t\t<\/div>\r\n\r\n\t\t\t\t<\/div>\n\t\t\t\t<\/div>\n\t\t\t\t<\/div>\n\t\t\t\t\t<\/div>\n\t\t\t\t<\/div>\n\t\t\t\t<\/div>\n\t\t","protected":false},"excerpt":{"rendered":"<p>PET APRESENTA Conhe\u00e7a a logo do nosso projeto. sOBRE O PROJETO O projeto tem como objetivo ser uma ferramenta de remedia\u00e7\u00e3o de certas lacunas que percebemos na forma\u00e7\u00e3o dos alunes de gradua\u00e7\u00e3o do curso de hist\u00f3ria da USP. Para ajudar a sanar essas lacunas curriculares o projeto seria composto por cursos introdut\u00f3rios realizados em regime [&hellip;]<\/p>\n","protected":false},"author":23007,"featured_media":3593,"parent":0,"menu_order":0,"comment_status":"closed","ping_status":"closed","template":"elementor_theme","meta":{"footnotes":"","_links_to":"","_links_to_target":""},"class_list":["post-3117","page","type-page","status-publish","has-post-thumbnail","hentry"],"_links":{"self":[{"href":"https:\/\/sites.usp.br\/pet\/wp-json\/wp\/v2\/pages\/3117","targetHints":{"allow":["GET"]}}],"collection":[{"href":"https:\/\/sites.usp.br\/pet\/wp-json\/wp\/v2\/pages"}],"about":[{"href":"https:\/\/sites.usp.br\/pet\/wp-json\/wp\/v2\/types\/page"}],"author":[{"embeddable":true,"href":"https:\/\/sites.usp.br\/pet\/wp-json\/wp\/v2\/users\/23007"}],"replies":[{"embeddable":true,"href":"https:\/\/sites.usp.br\/pet\/wp-json\/wp\/v2\/comments?post=3117"}],"version-history":[{"count":4,"href":"https:\/\/sites.usp.br\/pet\/wp-json\/wp\/v2\/pages\/3117\/revisions"}],"predecessor-version":[{"id":4262,"href":"https:\/\/sites.usp.br\/pet\/wp-json\/wp\/v2\/pages\/3117\/revisions\/4262"}],"wp:featuredmedia":[{"embeddable":true,"href":"https:\/\/sites.usp.br\/pet\/wp-json\/wp\/v2\/media\/3593"}],"wp:attachment":[{"href":"https:\/\/sites.usp.br\/pet\/wp-json\/wp\/v2\/media?parent=3117"}],"curies":[{"name":"wp","href":"https:\/\/api.w.org\/{rel}","templated":true}]}}