{"id":1063,"date":"2021-10-26T17:04:01","date_gmt":"2021-10-26T19:04:01","guid":{"rendered":"https:\/\/sites.usp.br\/pexurb\/?page_id=1063"},"modified":"2026-01-26T11:18:44","modified_gmt":"2026-01-26T14:18:44","slug":"sobre-2","status":"publish","type":"page","link":"https:\/\/sites.usp.br\/pexurb\/sobre-2\/","title":{"rendered":"SOBRE"},"content":{"rendered":"<div id=\"pl-1063\"  class=\"panel-layout\" ><div id=\"pg-1063-0\"  class=\"panel-grid panel-no-style\" ><div id=\"pgc-1063-0-0\"  class=\"panel-grid-cell\" ><div id=\"panel-1063-0-0-0\" class=\"so-panel widget widget_text panel-first-child panel-last-child\" data-index=\"0\" >\t\t\t<div class=\"textwidget\"><p>INFRA (Investiga\u00e7\u00f5es em Infraestrutura: natureza, formas, redes e ambiente urbano) \u00e9 um grupo sediado no Instituto de Arquitetura e Urbanismo da USP (IAU\/USP) e \u00e9 integrado por docentes e discentes de gradua\u00e7\u00e3o e p\u00f3s-gradua\u00e7\u00e3o. Entre 2017 e 2025 atuou de forma pioneira como PExURB. Diante dos novos desafios, direcionou seu enfoque para as diferentes escalas do planejamento, das pol\u00edticas p\u00fablicas e da governan\u00e7a. As a\u00e7\u00f5es est\u00e3o relacionadas a mudan\u00e7as clim\u00e1ticas, eventos extremos, mitiga\u00e7\u00e3o, resili\u00eancia e adaptabilidade nas cidades brasileiras. Os trabalhos ocorrem por meio de assessorias, conv\u00eanios, parcerias em pesquisa, ensino e extens\u00e3o para o combate \u00e0 segrega\u00e7\u00e3o e \u00e0s desigualdades.<\/p>\n<\/div>\n\t\t<\/div><\/div><\/div><\/div>","protected":false},"excerpt":{"rendered":"<p>INFRA (Investiga\u00e7\u00f5es em Infraestrutura: natureza, formas, redes e ambiente urbano) \u00e9 um grupo sediado no Instituto de Arquitetura e Urbanismo da USP (IAU\/USP) e \u00e9 integrado por docentes e discentes de gradua\u00e7\u00e3o e p\u00f3s-gradua\u00e7\u00e3o. Entre 2017 e 2025 atuou de forma pioneira como PExURB. Diante dos novos desafios, direcionou seu enfoque para as diferentes escalas &hellip; <\/p>\n<p class=\"link-more\"><a href=\"https:\/\/sites.usp.br\/pexurb\/sobre-2\/\" class=\"more-link\">Continue lendo<span class=\"screen-reader-text\"> &#8220;SOBRE&#8221;<\/span><\/a><\/p>\n","protected":false},"author":21820,"featured_media":0,"parent":0,"menu_order":0,"comment_status":"closed","ping_status":"closed","template":"","meta":{"footnotes":"","_links_to":"","_links_to_target":""},"class_list":["post-1063","page","type-page","status-publish","hentry"],"_links":{"self":[{"href":"https:\/\/sites.usp.br\/pexurb\/wp-json\/wp\/v2\/pages\/1063","targetHints":{"allow":["GET"]}}],"collection":[{"href":"https:\/\/sites.usp.br\/pexurb\/wp-json\/wp\/v2\/pages"}],"about":[{"href":"https:\/\/sites.usp.br\/pexurb\/wp-json\/wp\/v2\/types\/page"}],"author":[{"embeddable":true,"href":"https:\/\/sites.usp.br\/pexurb\/wp-json\/wp\/v2\/users\/21820"}],"replies":[{"embeddable":true,"href":"https:\/\/sites.usp.br\/pexurb\/wp-json\/wp\/v2\/comments?post=1063"}],"version-history":[{"count":4,"href":"https:\/\/sites.usp.br\/pexurb\/wp-json\/wp\/v2\/pages\/1063\/revisions"}],"predecessor-version":[{"id":3773,"href":"https:\/\/sites.usp.br\/pexurb\/wp-json\/wp\/v2\/pages\/1063\/revisions\/3773"}],"wp:attachment":[{"href":"https:\/\/sites.usp.br\/pexurb\/wp-json\/wp\/v2\/media?parent=1063"}],"curies":[{"name":"wp","href":"https:\/\/api.w.org\/{rel}","templated":true}]}}