{"id":1246,"date":"2021-11-22T20:19:33","date_gmt":"2021-11-22T22:19:33","guid":{"rendered":"https:\/\/sites.usp.br\/pexurb\/?page_id=1246"},"modified":"2025-11-10T11:56:44","modified_gmt":"2025-11-10T14:56:44","slug":"araraquara","status":"publish","type":"page","link":"https:\/\/sites.usp.br\/pexurb\/araraquara\/","title":{"rendered":"VILA-PRA\u00c7A, ARARAQUARA-SP"},"content":{"rendered":"<div id=\"pl-1246\"  class=\"panel-layout\" ><div id=\"pg-1246-0\"  class=\"panel-grid panel-no-style\" ><div id=\"pgc-1246-0-0\"  class=\"panel-grid-cell\" ><div id=\"panel-1246-0-0-0\" class=\"so-panel widget widget_text panel-first-child\" data-index=\"0\" >\t\t\t<div class=\"textwidget\"><p style=\"text-align: justify;\">\n<p><b>Per\u00edodo de elabora\u00e7\u00e3o: <\/b><span style=\"font-weight: 400;\">2021-2022<\/span><\/p>\n<p><strong>Escopo:<\/strong> Proposta de uma nova tipologia de quadra para assentamentos prec\u00e1rios e reassentamentos de moradias em \u00e1reas de risco levando em considera\u00e7\u00e3o aspectos de cidades m\u00e9dias do interior paulista. Tornou-se pol\u00edtica p\u00fablica habitacional de Araraquara-SP, sendo adaptada para diferentes localidades do munic\u00edpio. Considerou aspectos de gera\u00e7\u00e3o de renda, seguran\u00e7a alimentar e recomposi\u00e7\u00e3o do ciclo hidrol\u00f3gico, partindo da cr\u00edtica aos projetos reproduzidos indistintamente da COHAB, CDHU e MCMV.<\/p>\n<p><b>Parcerias: <\/b><span style=\"font-weight: 400;\">Prefeitura Municipal de Araraquara<\/span><\/p>\n<p><strong>Popula\u00e7\u00e3o atendida (aproximada):<\/strong> 180 pessoas (diretamente) e 10.000 pessoas (indiretamente)<\/p>\n<p><strong>\u00c1rea beneficiada (aproximada):<\/strong>\u00a0 13.925,12 m\u00b2 (diretamente) e 1.990.672,70 m\u00b2 (indiretamente)<\/p>\n<p><strong>Coordenador e colaboradores:<\/strong> Jeferson Tavares (coordenador e respons\u00e1vel); Marcelo Monta\u00f1o; Fabiana Cristina Severi; Cibele Saliba Rizek; Camila Moreno de Camargo<\/p>\n<p><strong>Orienta\u00e7\u00f5es no IAU-USP:<\/strong> Ana\u00a0 Victoria\u00a0 Silva\u00a0 Gon\u00e7alves, Anna Laura Ribeiro Fiore, Anna Laura Pereira Rossi, Ana Paula de Castro Vieira, B\u00e1rbara Vizioli Matos\u00a0 de\u00a0 Andrade, Beatriz\u00a0 Kopperschmidt\u00a0 de\u00a0 Oliveira, Beatriz Varani Eleut\u00e9rio, Caroline\u00a0 Brassi\u00a0 Scapol, Cec\u00edlia\u00a0 Videira, Cynthia Daiane\u00a0 Diniz, Denise\u00a0 Ortolani de Menezes, Gabrielle Gomes Coelho, Giovanna de Vitro Chiachio, Giovanna Navarro Miotto, Ingridth Sarah Hopp, Izabella Carvalho Franco de Salles, Janaina\u00a0 Matoso\u00a0 Santos, Juliana da Costa Oliveira, Lu\u00eds Fernando\u00a0 P.\u00a0 Brito, Luiza\u00a0 Nascimento\u00a0 Gon\u00e7alves, Maria\u00a0 Beatriz\u00a0 Gallucci Menossi, Maria Brabo Silvestre Custodio, Mariana Blanco Gonzalez, Mariana Fernandes Minar\u00e9, Mar\u00edlia Gaspar de Souza\u00a0 Lima, Marina\u00a0 Bonesso\u00a0 Sabadini, Millena\u00a0 Cristina\u00a0 de\u00a0 Morais, Naiara Nunes Ribeiro, Nat\u00e1lia Jacomino, Pedro Manfrinato Pavani Andrade, Rafaela Walder Pimentel, Vitor Rozante Porto, V\u00edvian de Almeida Cor\u00f3<\/p>\n<p><strong>Trabalhos t\u00e9cnicos:<\/strong> Pesquisa de campo, invent\u00e1rio participativo, reuni\u00f5es com o prefeito, secret\u00e1rios e t\u00e9cnicos para formula\u00e7\u00e3o do plano e do projeto (5), disciplinas de gradua\u00e7\u00e3o, workshop. Envolvimento de gestores p\u00fablicos, lideran\u00e7as comunit\u00e1rias, sociedade civil e t\u00e9cnicos<\/p>\n<p><strong>Recursos:<\/strong> USP: Pr\u00f3-Reitoria de Gradua\u00e7\u00e3o, Comiss\u00e3o de Cultura e Extens\u00e3o do IAU-USP-CCES, Pr\u00f3-Reitoria de Cultura e Extens\u00e3o Universit\u00e1ria-PRCEU, Pr\u00f3-Reitoria de Gradua\u00e7\u00e3o-PRG, Pr\u00f3-Reitoria de Pesquisa- PRP-USP<\/p>\n<p>&nbsp;<\/p>\n<p style=\"text-align: justify;\"><span style=\"font-weight: 400;\">Em Araraquara-SP, o Programa Minha Morada, aprovado pela Lei Complementar n\u00ba 911\/2019, prev\u00ea a destina\u00e7\u00e3o de terrenos p\u00fablicos localizados em regi\u00f5es j\u00e1 servidas de equipamentos para a provis\u00e3o de lotes habitacionais urbanizados. Atrav\u00e9s de assessoria t\u00e9cnica \u00e0 prefeitura, o projeto Vila-Pra\u00e7a Araraquara foi desenvolvido pelo PExURB como\u00a0 parcelamento referencial para esse programa municipal.<\/span><\/p>\n<p style=\"text-align: justify;\"><span style=\"font-weight: 400;\">A proposta objetiva integrar a provis\u00e3o habitacional de lotes para 45 fam\u00edlias a espa\u00e7os p\u00fablicos, atividades geradoras de renda e estrat\u00e9gias ambientais. As condicionantes geogr\u00e1ficas e territoriais da \u00e1rea foram analisadas e delinearam o partido projetual, definido a partir da valoriza\u00e7\u00e3o da vista para o centro da cidade e da continuidade de fluxos de pedestres advindos de cal\u00e7adas de outras quadras. Assim, foi reservada uma grande \u00e1rea para comportar a pra\u00e7a, por\u00e7\u00e3o mais alta da topografia, com vista privilegiada.<\/span><\/p>\n<p style=\"text-align: justify;\"><span style=\"font-weight: 400;\">Prop\u00f5e-se a conex\u00e3o entre a pra\u00e7a e elementos e infraestruturas do entorno (como a \u00c1rea de Prote\u00e7\u00e3o Permanente do Rio \u00c1gua Branca e hortas comunit\u00e1rias ao longo da Linha de Alta Tens\u00e3o) de forma a estruturar um corredor ambiental. Al\u00e9m disso, as vias destinadas a pedestres, que permeiam o projeto, foram desenhadas como continua\u00e7\u00e3o das cal\u00e7adas do bairro.<\/span><\/p>\n<p style=\"text-align: justify;\"><span style=\"font-weight: 400;\">Para a elabora\u00e7\u00e3o do projeto, o estudo da quadra como unidade urbana \u00e9 empregado de forma a articular a provis\u00e3o habitacional \u00e0s vias e aos espa\u00e7os livres, compondo a morfologia da cidade. Exemplos brasileiros de provis\u00e3o habitacional foram analisados como refer\u00eancias, de forma a compor a discuss\u00e3o sobre o desenho das quadras. Desde vilas oper\u00e1rias at\u00e9 conjuntos habitacionais promovidos pela COHAB-SP, in\u00fameras tipologias de edifica\u00e7\u00f5es e de implanta\u00e7\u00e3o dos edif\u00edcios no lote foram desenvolvidas, como casas geminadas, casas unifamiliares, casas multifamiliares, unidades embri\u00e3o, lotes tradicionais e edif\u00edcios em l\u00e2minas, resultando em diferentes rela\u00e7\u00f5es entre a quadra e seu entorno. Quadras abertas ou semiabertas ilustram tal rela\u00e7\u00e3o ao articularem a massa constru\u00edda das edifica\u00e7\u00f5es a espa\u00e7os livres.<\/span><\/p>\n<p style=\"text-align: justify;\"><span style=\"font-weight: 400;\">Assim, ao analisar diversos tipos e formas de quadras, este projeto parte da concep\u00e7\u00e3o de quadras abertas e quadras com p\u00e1tios e consolida a proposta da quadra pra\u00e7a, de forma a associar a unidade de projeto \u00e0s diretrizes e ao partido projetual. A \u00e1rea projetada \u00e9 multifuncional e dialoga com o entorno atrav\u00e9s de espa\u00e7os p\u00fablicos e facilidade de acesso e circula\u00e7\u00e3o.<\/span><\/p>\n<p style=\"text-align: justify;\"><span style=\"font-weight: 400;\">A Vila-Pra\u00e7a de Araraquara-SP cont\u00e9m: lotes mistos (possibilitando a associa\u00e7\u00e3o entre habita\u00e7\u00f5es e pequenos com\u00e9rcios e servi\u00e7os), pra\u00e7a, hortas urbanas e feiras. O projeto foi delineado a partir dos conceitos de caminhabilidade dos pedestres, seguran\u00e7a de g\u00eanero, sa\u00fade e bem-estar, seguran\u00e7a alimentar, redu\u00e7\u00e3o das desigualdades sociais e produ\u00e7\u00e3o de cidades sustent\u00e1veis \u2013 tendo em vista a mitiga\u00e7\u00e3o das mudan\u00e7as clim\u00e1ticas. O modelo da Vila-Pra\u00e7a pode ser usado em outras situa\u00e7\u00f5es urbanas.<\/span><\/p>\n<p style=\"text-align: justify;\"><span style=\"font-weight: 400;\">O projeto de parcelamento do solo foi guiado pelos Objetivos de Desenvolvimento Sustent\u00e1vel da Organiza\u00e7\u00e3o das Na\u00e7\u00f5es Unidas (ODS-ONU) e visa colaborar com: a) inclus\u00e3o social, atrav\u00e9s da disposi\u00e7\u00e3o de feiras na pra\u00e7a, sob a marquise; b) desenvolvimento sustent\u00e1vel, garantido por meio de estrat\u00e9gias de drenagem urbana (canteiro de chuva), aumento da permeabilidade do solo, recomposi\u00e7\u00e3o do ciclo hidrol\u00f3gico e integra\u00e7\u00e3o entre sistemas ambientais; c) seguran\u00e7a de g\u00eanero, ra\u00e7a e renda, fomentada pela implanta\u00e7\u00e3o dos lotes voltados aos eixos de circula\u00e7\u00e3o de pedestres e pelo incentivo \u00e0 venda de produtos nas feiras, incrementando a renda de moradores e feirantes; d) solu\u00e7\u00f5es urban\u00edsticas interescalares, identificadas atrav\u00e9s do mapeamento de equipamentos p\u00fablicos e infraestruturas do entorno.<\/span><\/p>\n<p style=\"text-align: justify;\"><span style=\"font-weight: 400;\">A multifuncionalidade do projeto colabora para a aproxima\u00e7\u00e3o entre moradias, empregos e servi\u00e7os. Al\u00e9m disso, privilegia a circula\u00e7\u00e3o de pedestres em espa\u00e7os p\u00fablicos e associa a implanta\u00e7\u00e3o de moradias de popula\u00e7\u00e3o de baixa renda em \u00e1reas dotadas de infraestrutura e equipamentos urbanos e, por conseguinte, integra fam\u00edlias em situa\u00e7\u00e3o de vulnerabilidade socioecon\u00f4mica \u00e0s din\u00e2micas urbanas e regionais.<\/span><\/p>\n<p>&nbsp;<\/p>\n<p><b>PUBLICA\u00c7\u00d5ES RELACIONADAS:<\/b><\/p>\n<p style=\"text-align: justify;\"><span style=\"font-weight: 400;\">TAVARES, Jeferson C..<\/span><b> Projetos de urbaniza\u00e7\u00e3o no Estado de SP<\/b><span style=\"font-weight: 400;\">: universidade, sociedade e as cidades. Universidade de S\u00e3o Paulo. Instituto de Arquitetura e Urbanismo de S\u00e3o Carlos, 2022. Dispon\u00edvel em: <\/span><a href=\"https:\/\/www.livrosabertos.sibi.usp.br\/portaldelivrosUSP\/catalog\/book\/904\"><span style=\"font-weight: 400;\">https:\/\/www.livrosabertos.sibi.usp.br\/portaldelivrosUSP\/catalog\/book\/904<\/span><\/a><span style=\"font-weight: 400;\">.<\/span><\/p>\n<p style=\"text-align: justify;\"><span style=\"font-weight: 400;\">TAVARES, J.<\/span><span style=\"font-weight: 400;\">; ROSSI, A. L. P. ; SANTOS, J. M. <a href=\"https:\/\/sites.usp.br\/pexurb\/wp-content\/uploads\/sites\/716\/2024\/01\/ARTIGO-ENANPARQ_2022.pdf\">Pr\u00e1tica urban\u00edstica e o papel da universidade: experi\u00eancias integradas de ensino, pesquisa e extens\u00e3o em tr\u00eas cidades do estado de S\u00e3o Paulo.<\/a> ENANPARQ, 7, 2022, S\u00e3o Carlos. <\/span><b>Anais\u2026<\/b><span style=\"font-weight: 400;\"> S\u00e3o Carlos: ANPARQ, 2022.<\/span><\/p>\n<p style=\"text-align: justify;\"><span style=\"font-weight: 400;\">PROJETOS BOAS PR\u00c1TICAS. <\/span><b>Vila-Pra\u00e7a em Araraquara<\/b><span style=\"font-weight: 400;\">. Dispon\u00edvel em: <\/span><a href=\"https:\/\/caubr.gov.br\/eleicoes2022\/?boas-praticas=vila-praca-em-araraquara\"><span style=\"font-weight: 400;\">https:\/\/caubr.gov.br\/eleicoes2022\/?boas-praticas=vila-praca-em-araraquara<\/span><\/a><span style=\"font-weight: 400;\">\u00a0<\/span><\/p>\n<p><span style=\"font-weight: 400;\">TAVARES, J.<\/span><span style=\"font-weight: 400;\">; MINAR\u00c9, M. F.; SANTOS, J. M. <\/span><a href=\"https:\/\/ausrevista.uach.cl\/index.php\/ausrevista\/article\/view\/48\/99\">Projeto urban\u00edstico da Vila-Pra\u00e7a (Brasil): alternativa de tecido urbano sustent\u00e1vel para cidades brasileiras<\/a><\/p>\n<p><b>PR\u00caMIOS RECEBIDOS PELO PROJETO:<\/b><\/p>\n<p style=\"text-align: justify;\"><span style=\"font-weight: 400;\">(2023) Rios Urbanos: projetos de urbaniza\u00e7\u00e3o no estado de S\u00e3o Paulo: universidade, sociedade e as cidades. <\/span><b>Trabalho selecionado para o Guia Acad\u00eamico para Agenda 2030<\/b><span style=\"font-weight: 400;\">. Institui\u00e7\u00f5es promotoras: UIA, IAB e ABEA.<\/span><\/p>\n<p style=\"text-align: justify;\"><span style=\"font-weight: 400;\">(2022) Projetos em rede: os desafios do ensino a partir de assentamentos prec\u00e1rios no estado de S\u00e3o Paulo. <\/span><b>Boas pr\u00e1ticas de ensino, extens\u00e3o e TFG<\/b><span style=\"font-weight: 400;\">. Institui\u00e7\u00e3o promotora: CAU\/SP.<\/span><\/p>\n<p style=\"text-align: justify;\"><span style=\"font-weight: 400;\">(2022) Vila-Pra\u00e7a: do Projeto de Extens\u00e3o \u00e0 Pol\u00edtica P\u00fablica. <\/span><b>1\u00b0 Lugar no Pr\u00eamio Extens\u00e3o ANPARQ 2022<\/b><span style=\"font-weight: 400;\">. Institui\u00e7\u00e3o promotora: ANPARQ.<\/span><\/p>\n<\/div>\n\t\t<\/div><div id=\"panel-1246-0-0-1\" class=\"so-panel widget widget_media_gallery panel-last-child\" data-index=\"1\" ><div id='gallery-1' class='gallery galleryid-1246 gallery-columns-3 gallery-size-medium'><figure class='gallery-item'>\n\t\t\t<div class='gallery-icon landscape'>\n\t\t\t\t<a href='https:\/\/sites.usp.br\/pexurb\/wp-content\/uploads\/sites\/716\/2024\/01\/ARAQU_FIGURA-02_Corte-Esquematico-Longitudinal-1.png'><img fetchpriority=\"high\" decoding=\"async\" width=\"300\" height=\"249\" src=\"https:\/\/sites.usp.br\/pexurb\/wp-content\/uploads\/sites\/716\/2024\/01\/ARAQU_FIGURA-02_Corte-Esquematico-Longitudinal-1-300x249.png\" class=\"attachment-medium size-medium\" alt=\"\" srcset=\"https:\/\/sites.usp.br\/pexurb\/wp-content\/uploads\/sites\/716\/2024\/01\/ARAQU_FIGURA-02_Corte-Esquematico-Longitudinal-1-300x249.png 300w, https:\/\/sites.usp.br\/pexurb\/wp-content\/uploads\/sites\/716\/2024\/01\/ARAQU_FIGURA-02_Corte-Esquematico-Longitudinal-1-1024x849.png 1024w, https:\/\/sites.usp.br\/pexurb\/wp-content\/uploads\/sites\/716\/2024\/01\/ARAQU_FIGURA-02_Corte-Esquematico-Longitudinal-1-768x636.png 768w, https:\/\/sites.usp.br\/pexurb\/wp-content\/uploads\/sites\/716\/2024\/01\/ARAQU_FIGURA-02_Corte-Esquematico-Longitudinal-1-1536x1273.png 1536w, https:\/\/sites.usp.br\/pexurb\/wp-content\/uploads\/sites\/716\/2024\/01\/ARAQU_FIGURA-02_Corte-Esquematico-Longitudinal-1-2048x1697.png 2048w, https:\/\/sites.usp.br\/pexurb\/wp-content\/uploads\/sites\/716\/2024\/01\/ARAQU_FIGURA-02_Corte-Esquematico-Longitudinal-1-400x331.png 400w\" sizes=\"100vw\" \/><\/a>\n\t\t\t<\/div><\/figure><figure class='gallery-item'>\n\t\t\t<div class='gallery-icon landscape'>\n\t\t\t\t<a href='https:\/\/sites.usp.br\/pexurb\/wp-content\/uploads\/sites\/716\/2024\/01\/ARAQU_FIGURA-03_-Aplicacao-dos-ODS-na-Vila-Praca.png'><img decoding=\"async\" width=\"300\" height=\"297\" src=\"https:\/\/sites.usp.br\/pexurb\/wp-content\/uploads\/sites\/716\/2024\/01\/ARAQU_FIGURA-03_-Aplicacao-dos-ODS-na-Vila-Praca-300x297.png\" class=\"attachment-medium size-medium\" alt=\"\" srcset=\"https:\/\/sites.usp.br\/pexurb\/wp-content\/uploads\/sites\/716\/2024\/01\/ARAQU_FIGURA-03_-Aplicacao-dos-ODS-na-Vila-Praca-300x297.png 300w, https:\/\/sites.usp.br\/pexurb\/wp-content\/uploads\/sites\/716\/2024\/01\/ARAQU_FIGURA-03_-Aplicacao-dos-ODS-na-Vila-Praca-1024x1015.png 1024w, https:\/\/sites.usp.br\/pexurb\/wp-content\/uploads\/sites\/716\/2024\/01\/ARAQU_FIGURA-03_-Aplicacao-dos-ODS-na-Vila-Praca-150x150.png 150w, https:\/\/sites.usp.br\/pexurb\/wp-content\/uploads\/sites\/716\/2024\/01\/ARAQU_FIGURA-03_-Aplicacao-dos-ODS-na-Vila-Praca-768x761.png 768w, https:\/\/sites.usp.br\/pexurb\/wp-content\/uploads\/sites\/716\/2024\/01\/ARAQU_FIGURA-03_-Aplicacao-dos-ODS-na-Vila-Praca-1536x1522.png 1536w, https:\/\/sites.usp.br\/pexurb\/wp-content\/uploads\/sites\/716\/2024\/01\/ARAQU_FIGURA-03_-Aplicacao-dos-ODS-na-Vila-Praca-2048x2029.png 2048w, https:\/\/sites.usp.br\/pexurb\/wp-content\/uploads\/sites\/716\/2024\/01\/ARAQU_FIGURA-03_-Aplicacao-dos-ODS-na-Vila-Praca-100x100.png 100w, https:\/\/sites.usp.br\/pexurb\/wp-content\/uploads\/sites\/716\/2024\/01\/ARAQU_FIGURA-03_-Aplicacao-dos-ODS-na-Vila-Praca-45x45.png 45w, https:\/\/sites.usp.br\/pexurb\/wp-content\/uploads\/sites\/716\/2024\/01\/ARAQU_FIGURA-03_-Aplicacao-dos-ODS-na-Vila-Praca-400x396.png 400w\" sizes=\"100vw\" \/><\/a>\n\t\t\t<\/div><\/figure><figure class='gallery-item'>\n\t\t\t<div class='gallery-icon portrait'>\n\t\t\t\t<a href='https:\/\/sites.usp.br\/pexurb\/wp-content\/uploads\/sites\/716\/2024\/01\/ARAQU_FIGURA-04_-Ilustracao-de-estrategias-ambientais-empregadas-scaled-1.jpg'><img decoding=\"async\" width=\"209\" height=\"300\" src=\"https:\/\/sites.usp.br\/pexurb\/wp-content\/uploads\/sites\/716\/2024\/01\/ARAQU_FIGURA-04_-Ilustracao-de-estrategias-ambientais-empregadas-scaled-1-209x300.jpg\" class=\"attachment-medium size-medium\" alt=\"\" srcset=\"https:\/\/sites.usp.br\/pexurb\/wp-content\/uploads\/sites\/716\/2024\/01\/ARAQU_FIGURA-04_-Ilustracao-de-estrategias-ambientais-empregadas-scaled-1-209x300.jpg 209w, https:\/\/sites.usp.br\/pexurb\/wp-content\/uploads\/sites\/716\/2024\/01\/ARAQU_FIGURA-04_-Ilustracao-de-estrategias-ambientais-empregadas-scaled-1-712x1024.jpg 712w, https:\/\/sites.usp.br\/pexurb\/wp-content\/uploads\/sites\/716\/2024\/01\/ARAQU_FIGURA-04_-Ilustracao-de-estrategias-ambientais-empregadas-scaled-1-768x1105.jpg 768w, https:\/\/sites.usp.br\/pexurb\/wp-content\/uploads\/sites\/716\/2024\/01\/ARAQU_FIGURA-04_-Ilustracao-de-estrategias-ambientais-empregadas-scaled-1-1068x1536.jpg 1068w, https:\/\/sites.usp.br\/pexurb\/wp-content\/uploads\/sites\/716\/2024\/01\/ARAQU_FIGURA-04_-Ilustracao-de-estrategias-ambientais-empregadas-scaled-1-1424x2048.jpg 1424w, https:\/\/sites.usp.br\/pexurb\/wp-content\/uploads\/sites\/716\/2024\/01\/ARAQU_FIGURA-04_-Ilustracao-de-estrategias-ambientais-empregadas-scaled-1-400x575.jpg 400w, https:\/\/sites.usp.br\/pexurb\/wp-content\/uploads\/sites\/716\/2024\/01\/ARAQU_FIGURA-04_-Ilustracao-de-estrategias-ambientais-empregadas-scaled-1.jpg 1780w\" sizes=\"100vw\" \/><\/a>\n\t\t\t<\/div><\/figure><figure class='gallery-item'>\n\t\t\t<div class='gallery-icon landscape'>\n\t\t\t\t<a href='https:\/\/sites.usp.br\/pexurb\/wp-content\/uploads\/sites\/716\/2024\/01\/VILA-PRACA-scaled.jpg'><img loading=\"lazy\" decoding=\"async\" width=\"300\" height=\"107\" src=\"https:\/\/sites.usp.br\/pexurb\/wp-content\/uploads\/sites\/716\/2024\/01\/VILA-PRACA-300x107.jpg\" class=\"attachment-medium size-medium\" alt=\"\" srcset=\"https:\/\/sites.usp.br\/pexurb\/wp-content\/uploads\/sites\/716\/2024\/01\/VILA-PRACA-300x107.jpg 300w, https:\/\/sites.usp.br\/pexurb\/wp-content\/uploads\/sites\/716\/2024\/01\/VILA-PRACA-1024x366.jpg 1024w, https:\/\/sites.usp.br\/pexurb\/wp-content\/uploads\/sites\/716\/2024\/01\/VILA-PRACA-768x274.jpg 768w, https:\/\/sites.usp.br\/pexurb\/wp-content\/uploads\/sites\/716\/2024\/01\/VILA-PRACA-1536x549.jpg 1536w, https:\/\/sites.usp.br\/pexurb\/wp-content\/uploads\/sites\/716\/2024\/01\/VILA-PRACA-2048x731.jpg 2048w, https:\/\/sites.usp.br\/pexurb\/wp-content\/uploads\/sites\/716\/2024\/01\/VILA-PRACA-400x143.jpg 400w\" sizes=\"100vw\" \/><\/a>\n\t\t\t<\/div><\/figure><figure class='gallery-item'>\n\t\t\t<div class='gallery-icon portrait'>\n\t\t\t\t<a href='https:\/\/sites.usp.br\/pexurb\/wp-content\/uploads\/sites\/716\/2024\/01\/ARAQU_FIGURA-01_-Perspectivas-das-propostas-e-solucoes-1.png'><img loading=\"lazy\" decoding=\"async\" width=\"198\" height=\"300\" src=\"https:\/\/sites.usp.br\/pexurb\/wp-content\/uploads\/sites\/716\/2024\/01\/ARAQU_FIGURA-01_-Perspectivas-das-propostas-e-solucoes-1-198x300.png\" class=\"attachment-medium size-medium\" alt=\"\" srcset=\"https:\/\/sites.usp.br\/pexurb\/wp-content\/uploads\/sites\/716\/2024\/01\/ARAQU_FIGURA-01_-Perspectivas-das-propostas-e-solucoes-1-198x300.png 198w, https:\/\/sites.usp.br\/pexurb\/wp-content\/uploads\/sites\/716\/2024\/01\/ARAQU_FIGURA-01_-Perspectivas-das-propostas-e-solucoes-1-675x1024.png 675w, https:\/\/sites.usp.br\/pexurb\/wp-content\/uploads\/sites\/716\/2024\/01\/ARAQU_FIGURA-01_-Perspectivas-das-propostas-e-solucoes-1-768x1166.png 768w, https:\/\/sites.usp.br\/pexurb\/wp-content\/uploads\/sites\/716\/2024\/01\/ARAQU_FIGURA-01_-Perspectivas-das-propostas-e-solucoes-1-1012x1536.png 1012w, https:\/\/sites.usp.br\/pexurb\/wp-content\/uploads\/sites\/716\/2024\/01\/ARAQU_FIGURA-01_-Perspectivas-das-propostas-e-solucoes-1-395x600.png 395w\" sizes=\"100vw\" \/><\/a>\n\t\t\t<\/div><\/figure>\n\t\t<\/div>\n<\/div><\/div><\/div><\/div>","protected":false},"excerpt":{"rendered":"<p>Per\u00edodo de elabora\u00e7\u00e3o: 2021-2022 Escopo: Proposta de uma nova tipologia de quadra para assentamentos prec\u00e1rios e reassentamentos de moradias em \u00e1reas de risco levando em considera\u00e7\u00e3o aspectos de cidades m\u00e9dias do interior paulista. Tornou-se pol\u00edtica p\u00fablica habitacional de Araraquara-SP, sendo adaptada para diferentes localidades do munic\u00edpio. Considerou aspectos de gera\u00e7\u00e3o de renda, seguran\u00e7a alimentar e &hellip; <\/p>\n<p class=\"link-more\"><a href=\"https:\/\/sites.usp.br\/pexurb\/araraquara\/\" class=\"more-link\">Continue lendo<span class=\"screen-reader-text\"> &#8220;VILA-PRA\u00c7A, ARARAQUARA-SP&#8221;<\/span><\/a><\/p>\n","protected":false},"author":21820,"featured_media":0,"parent":0,"menu_order":0,"comment_status":"closed","ping_status":"closed","template":"","meta":{"footnotes":"","_links_to":"","_links_to_target":""},"class_list":["post-1246","page","type-page","status-publish","hentry"],"_links":{"self":[{"href":"https:\/\/sites.usp.br\/pexurb\/wp-json\/wp\/v2\/pages\/1246","targetHints":{"allow":["GET"]}}],"collection":[{"href":"https:\/\/sites.usp.br\/pexurb\/wp-json\/wp\/v2\/pages"}],"about":[{"href":"https:\/\/sites.usp.br\/pexurb\/wp-json\/wp\/v2\/types\/page"}],"author":[{"embeddable":true,"href":"https:\/\/sites.usp.br\/pexurb\/wp-json\/wp\/v2\/users\/21820"}],"replies":[{"embeddable":true,"href":"https:\/\/sites.usp.br\/pexurb\/wp-json\/wp\/v2\/comments?post=1246"}],"version-history":[{"count":4,"href":"https:\/\/sites.usp.br\/pexurb\/wp-json\/wp\/v2\/pages\/1246\/revisions"}],"predecessor-version":[{"id":2384,"href":"https:\/\/sites.usp.br\/pexurb\/wp-json\/wp\/v2\/pages\/1246\/revisions\/2384"}],"wp:attachment":[{"href":"https:\/\/sites.usp.br\/pexurb\/wp-json\/wp\/v2\/media?parent=1246"}],"curies":[{"name":"wp","href":"https:\/\/api.w.org\/{rel}","templated":true}]}}