{"id":1674,"date":"2023-09-17T17:37:50","date_gmt":"2023-09-17T19:37:50","guid":{"rendered":"https:\/\/sites.usp.br\/pexurb\/?page_id=1674"},"modified":"2025-07-02T10:36:20","modified_gmt":"2025-07-02T13:36:20","slug":"salesopolis","status":"publish","type":"page","link":"https:\/\/sites.usp.br\/pexurb\/salesopolis\/","title":{"rendered":"DISTRITOS H\u00cdDRICOS PARA O RIO TIET\u00ca: ORDENAMENTO TERRITORIAL DE SALES\u00d3POLIS-SP: DESENVOLVIMENTO POLINUCLEAR"},"content":{"rendered":"<div id=\"pl-1674\"  class=\"panel-layout\" ><div id=\"pg-1674-0\"  class=\"panel-grid panel-no-style\" ><div id=\"pgc-1674-0-0\"  class=\"panel-grid-cell\" ><div id=\"panel-1674-0-0-0\" class=\"so-panel widget widget_media_video panel-first-child\" data-index=\"0\" ><div style=\"width:100%;\" class=\"wp-video\"><video class=\"wp-video-shortcode\" id=\"video-1674-1\" preload=\"metadata\" controls=\"controls\"><source type=\"video\/youtube\" src=\"https:\/\/youtu.be\/qmTUsM5MZ4c?_=1\" \/><a href=\"https:\/\/youtu.be\/qmTUsM5MZ4c\">https:\/\/youtu.be\/qmTUsM5MZ4c<\/a><\/video><\/div><\/div><div id=\"panel-1674-0-0-1\" class=\"so-panel widget widget_text\" data-index=\"1\" >\t\t\t<div class=\"textwidget\"><p><b>Elabora\u00e7\u00e3o: <\/b><span style=\"font-weight: 400;\">PExURB<br \/>\n<\/span><b>Per\u00edodo de elabora\u00e7\u00e3o: <\/b><span style=\"font-weight: 400;\">2022-2024<br \/>\n<strong>Escopo: <\/strong><\/span>Proposta de ordenamento territorial para o munic\u00edpio de Sales\u00f3polis-SP baseado no desenvolvimento polinuclear por distritos h\u00eddricos. A formula\u00e7\u00e3o da proposta foi motivada pela demanda de regulariza\u00e7\u00e3o de cerca de 38,87% dos moradores que apresentam incompatibilidades de ocupa\u00e7\u00e3o em rela\u00e7\u00e3o \u00e0s regula\u00e7\u00f5es estaduais e municipais. A irregularidade foi objeto de a\u00e7\u00f5es civis p\u00fablicas originadas no Minist\u00e9rio P\u00fablico do Estado de S\u00e3o Paulo. Diante do impasse e dos conflitos, foi organizada uma atua\u00e7\u00e3o conjunta entre a Defensoria do Estado de S\u00e3o Paulo, a Frente Parlamentar Ambientalista pela Defesa das \u00c1guas e do Saneamento, a Prefeitura Municipal de Sales\u00f3polis-SP e a comunidade local. Dialoga diretamente aos ODS 02 \u2013 Fome Zero; ODS 6 \u2013 \u00c1gua Limpa e Saneamento; ODS 11 \u2013 Cidades e Comunidades Sustent\u00e1veis; ODS 13 \u2013 Combate \u00e0s Altera\u00e7\u00f5es Clim\u00e1ticas.<\/p>\n<p><strong>Popula\u00e7\u00e3o atendida (aproximada):<\/strong> 233 pessoas (diretamente) e 5.910 (indiretamente)<\/p>\n<p><strong>\u00c1rea beneficiada (aproximada):<\/strong> 203.652,25 m\u00b2<\/p>\n<p><strong>Coordenador:<\/strong> Jeferson Tavares (coordenador e respons\u00e1vel)<\/p>\n<p><strong>Orienta\u00e7\u00f5es no IAU-USP:<\/strong> Ana Paula Cascaes Rodrigues, Beatriz Kopperschmidt de Oliveira, Bruno Sangali, Carlos Eduardo Katsumata de Alencar, Carolina Menezes Horiquini, Enrico Meneguelli, Gabriela Correia, Gabrielle Gomes Coelho, Giovanna de Vitro Chiachio, Isabela Telesi Pires, Janaina Matoso Santos, Li\u0301via Mizoguchi Tomasovic, Marjorie Melare\u0301, Naiara Nunes Ribeiro, Raissa da Silva Brito, Thaina\u0301 Santos de Souza, Vitor Rozante Porto<\/p>\n<p><strong>Trabalhos t\u00e9cnicos:<\/strong> Pesquisa de campo, invent\u00e1rio participativo, reuni\u00f5es com a comunidade para formula\u00e7\u00e3o do plano e do projeto (2), workshop (1), reuni\u00f5es com secretariado e assessores (7). Envolvimento de gestores p\u00fablicos, lideran\u00e7as comunit\u00e1rias, sociedade civil e t\u00e9cnicos<\/p>\n<p><strong>Recursos:<\/strong> Assembleia Legislativa do Estado de S\u00e3o Paulo (ALESP, por meio de emenda parlamentar)<\/p>\n<p>&nbsp;<\/p>\n<p><strong>PUBLICA\u00c7\u00d5ES RELACIONADAS:<\/strong><\/p>\n<p>TAVARES, Jeferson. <strong><a href=\"https:\/\/www.livrosabertos.abcd.usp.br\/portaldelivrosUSP\/catalog\/book\/1484\" target=\"_blank\" rel=\"noopener\">Distritos h\u00eddricos para o Rio Tiet\u00ea: Ordenamento territorial de Sales\u00f3polis-SP\/ Water districts for Tiet\u00ea river. Territorial Planning of Sales\u00f3polis-SP: Polynuclear Development<\/a> . <\/strong>S\u00e3o Carlos: IAU USP, 2024. Dispon\u00edvel em: <a href=\"https:\/\/www.livrosabertos.abcd.usp.br\/portaldelivrosUSP\/catalog\/book\/1484\" target=\"_blank\" rel=\"noopener\">https:\/\/www.livrosabertos.abcd.usp.br\/portaldelivrosUSP\/catalog\/book\/1484<\/a><\/p>\n<p>&nbsp;<\/p>\n<p><strong>PR\u00caMIOS RECEBIDOS:<\/strong><\/p>\n<p>(2025) 1\u00b0 Lugar no Pr\u00eamio USP de Impacto Social \u2013 Categoria \u00c1gua Pot\u00e1vel e Saneamento. T\u00edtulo do trabalho:\u00a0Redes urbanas: a\u00e7\u00f5es multin\u00edveis para o desenvolvimento sustent\u00e1vel do estado de S\u00e3o Paulo: rio Tiet\u00ea e seu sistema de cidades.<\/p>\n<p>&nbsp;<\/p>\n<\/div>\n\t\t<\/div><div id=\"panel-1674-0-0-2\" class=\"so-panel widget widget_media_gallery panel-last-child\" data-index=\"2\" ><div id='gallery-1' class='gallery galleryid-1674 gallery-columns-3 gallery-size-large'><figure class='gallery-item'>\n\t\t\t<div class='gallery-icon landscape'>\n\t\t\t\t<a href='https:\/\/sites.usp.br\/pexurb\/wp-content\/uploads\/sites\/716\/2025\/06\/1.png'><img fetchpriority=\"high\" decoding=\"async\" width=\"525\" height=\"183\" src=\"https:\/\/sites.usp.br\/pexurb\/wp-content\/uploads\/sites\/716\/2025\/06\/1-1024x357.png\" class=\"attachment-large size-large\" alt=\"\" aria-describedby=\"gallery-1-2402\" srcset=\"https:\/\/sites.usp.br\/pexurb\/wp-content\/uploads\/sites\/716\/2025\/06\/1-1024x357.png 1024w, https:\/\/sites.usp.br\/pexurb\/wp-content\/uploads\/sites\/716\/2025\/06\/1-300x105.png 300w, https:\/\/sites.usp.br\/pexurb\/wp-content\/uploads\/sites\/716\/2025\/06\/1-768x268.png 768w, https:\/\/sites.usp.br\/pexurb\/wp-content\/uploads\/sites\/716\/2025\/06\/1-400x139.png 400w, https:\/\/sites.usp.br\/pexurb\/wp-content\/uploads\/sites\/716\/2025\/06\/1.png 1452w\" sizes=\"100vw\" \/><\/a>\n\t\t\t<\/div>\n\t\t\t\t<figcaption class='wp-caption-text gallery-caption' id='gallery-1-2402'>\n\t\t\t\tO munic\u00edpio de Sales\u00f3polis \u00e9 &#8230;\n\t\t\t\t<\/figcaption><\/figure><figure class='gallery-item'>\n\t\t\t<div class='gallery-icon landscape'>\n\t\t\t\t<a href='https:\/\/sites.usp.br\/pexurb\/wp-content\/uploads\/sites\/716\/2023\/12\/Leituras-Transversais-e-Proposicao-regularizacao_14032023.jpg'><img decoding=\"async\" width=\"525\" height=\"295\" src=\"https:\/\/sites.usp.br\/pexurb\/wp-content\/uploads\/sites\/716\/2023\/12\/Leituras-Transversais-e-Proposicao-regularizacao_14032023.jpg\" class=\"attachment-large size-large\" alt=\"\" srcset=\"https:\/\/sites.usp.br\/pexurb\/wp-content\/uploads\/sites\/716\/2023\/12\/Leituras-Transversais-e-Proposicao-regularizacao_14032023.jpg 960w, https:\/\/sites.usp.br\/pexurb\/wp-content\/uploads\/sites\/716\/2023\/12\/Leituras-Transversais-e-Proposicao-regularizacao_14032023-300x169.jpg 300w, https:\/\/sites.usp.br\/pexurb\/wp-content\/uploads\/sites\/716\/2023\/12\/Leituras-Transversais-e-Proposicao-regularizacao_14032023-768x432.jpg 768w, https:\/\/sites.usp.br\/pexurb\/wp-content\/uploads\/sites\/716\/2023\/12\/Leituras-Transversais-e-Proposicao-regularizacao_14032023-310x174.jpg 310w, https:\/\/sites.usp.br\/pexurb\/wp-content\/uploads\/sites\/716\/2023\/12\/Leituras-Transversais-e-Proposicao-regularizacao_14032023-400x225.jpg 400w\" sizes=\"100vw\" \/><\/a>\n\t\t\t<\/div><\/figure><figure class='gallery-item'>\n\t\t\t<div class='gallery-icon landscape'>\n\t\t\t\t<a href='https:\/\/sites.usp.br\/pexurb\/wp-content\/uploads\/sites\/716\/2025\/06\/3.png'><img decoding=\"async\" width=\"525\" height=\"488\" src=\"https:\/\/sites.usp.br\/pexurb\/wp-content\/uploads\/sites\/716\/2025\/06\/3.png\" class=\"attachment-large size-large\" alt=\"\" aria-describedby=\"gallery-1-2400\" srcset=\"https:\/\/sites.usp.br\/pexurb\/wp-content\/uploads\/sites\/716\/2025\/06\/3.png 898w, https:\/\/sites.usp.br\/pexurb\/wp-content\/uploads\/sites\/716\/2025\/06\/3-300x279.png 300w, https:\/\/sites.usp.br\/pexurb\/wp-content\/uploads\/sites\/716\/2025\/06\/3-768x713.png 768w, https:\/\/sites.usp.br\/pexurb\/wp-content\/uploads\/sites\/716\/2025\/06\/3-400x371.png 400w\" sizes=\"100vw\" \/><\/a>\n\t\t\t<\/div>\n\t\t\t\t<figcaption class='wp-caption-text gallery-caption' id='gallery-1-2400'>\n\t\t\t\txxxxxxxxxx\n\t\t\t\t<\/figcaption><\/figure><figure class='gallery-item'>\n\t\t\t<div class='gallery-icon landscape'>\n\t\t\t\t<a href='https:\/\/sites.usp.br\/pexurb\/wp-content\/uploads\/sites\/716\/2025\/06\/2.png'><img loading=\"lazy\" decoding=\"async\" width=\"525\" height=\"323\" src=\"https:\/\/sites.usp.br\/pexurb\/wp-content\/uploads\/sites\/716\/2025\/06\/2.png\" class=\"attachment-large size-large\" alt=\"\" srcset=\"https:\/\/sites.usp.br\/pexurb\/wp-content\/uploads\/sites\/716\/2025\/06\/2.png 922w, https:\/\/sites.usp.br\/pexurb\/wp-content\/uploads\/sites\/716\/2025\/06\/2-300x185.png 300w, https:\/\/sites.usp.br\/pexurb\/wp-content\/uploads\/sites\/716\/2025\/06\/2-768x473.png 768w, https:\/\/sites.usp.br\/pexurb\/wp-content\/uploads\/sites\/716\/2025\/06\/2-400x246.png 400w\" sizes=\"100vw\" \/><\/a>\n\t\t\t<\/div><\/figure><figure class='gallery-item'>\n\t\t\t<div class='gallery-icon landscape'>\n\t\t\t\t<a href='https:\/\/sites.usp.br\/pexurb\/wp-content\/uploads\/sites\/716\/2025\/06\/4.png'><img loading=\"lazy\" decoding=\"async\" width=\"525\" height=\"401\" src=\"https:\/\/sites.usp.br\/pexurb\/wp-content\/uploads\/sites\/716\/2025\/06\/4-1024x782.png\" class=\"attachment-large size-large\" alt=\"\" aria-describedby=\"gallery-1-2399\" srcset=\"https:\/\/sites.usp.br\/pexurb\/wp-content\/uploads\/sites\/716\/2025\/06\/4-1024x782.png 1024w, https:\/\/sites.usp.br\/pexurb\/wp-content\/uploads\/sites\/716\/2025\/06\/4-300x229.png 300w, https:\/\/sites.usp.br\/pexurb\/wp-content\/uploads\/sites\/716\/2025\/06\/4-768x586.png 768w, https:\/\/sites.usp.br\/pexurb\/wp-content\/uploads\/sites\/716\/2025\/06\/4-80x60.png 80w, https:\/\/sites.usp.br\/pexurb\/wp-content\/uploads\/sites\/716\/2025\/06\/4-400x305.png 400w, https:\/\/sites.usp.br\/pexurb\/wp-content\/uploads\/sites\/716\/2025\/06\/4.png 1134w\" sizes=\"100vw\" \/><\/a>\n\t\t\t<\/div>\n\t\t\t\t<figcaption class='wp-caption-text gallery-caption' id='gallery-1-2399'>\n\t\t\t\txxxxxxxxxxxxxxx\n\t\t\t\t<\/figcaption><\/figure><figure class='gallery-item'>\n\t\t\t<div class='gallery-icon landscape'>\n\t\t\t\t<a href='https:\/\/sites.usp.br\/pexurb\/wp-content\/uploads\/sites\/716\/2025\/06\/8.png'><img loading=\"lazy\" decoding=\"async\" width=\"525\" height=\"333\" src=\"https:\/\/sites.usp.br\/pexurb\/wp-content\/uploads\/sites\/716\/2025\/06\/8.png\" class=\"attachment-large size-large\" alt=\"\" aria-describedby=\"gallery-1-2395\" srcset=\"https:\/\/sites.usp.br\/pexurb\/wp-content\/uploads\/sites\/716\/2025\/06\/8.png 942w, https:\/\/sites.usp.br\/pexurb\/wp-content\/uploads\/sites\/716\/2025\/06\/8-300x190.png 300w, https:\/\/sites.usp.br\/pexurb\/wp-content\/uploads\/sites\/716\/2025\/06\/8-768x488.png 768w, https:\/\/sites.usp.br\/pexurb\/wp-content\/uploads\/sites\/716\/2025\/06\/8-400x254.png 400w\" sizes=\"100vw\" \/><\/a>\n\t\t\t<\/div>\n\t\t\t\t<figcaption class='wp-caption-text gallery-caption' id='gallery-1-2395'>\n\t\t\t\txxxxxxxx\n\t\t\t\t<\/figcaption><\/figure><figure class='gallery-item'>\n\t\t\t<div class='gallery-icon landscape'>\n\t\t\t\t<a href='https:\/\/sites.usp.br\/pexurb\/wp-content\/uploads\/sites\/716\/2023\/12\/229255c7-b2a0-4ebd-9915-518022548fe3-1.png'><img loading=\"lazy\" decoding=\"async\" width=\"525\" height=\"315\" src=\"https:\/\/sites.usp.br\/pexurb\/wp-content\/uploads\/sites\/716\/2023\/12\/229255c7-b2a0-4ebd-9915-518022548fe3-1-1024x614.png\" class=\"attachment-large size-large\" alt=\"\" srcset=\"https:\/\/sites.usp.br\/pexurb\/wp-content\/uploads\/sites\/716\/2023\/12\/229255c7-b2a0-4ebd-9915-518022548fe3-1-1024x614.png 1024w, https:\/\/sites.usp.br\/pexurb\/wp-content\/uploads\/sites\/716\/2023\/12\/229255c7-b2a0-4ebd-9915-518022548fe3-1-300x180.png 300w, https:\/\/sites.usp.br\/pexurb\/wp-content\/uploads\/sites\/716\/2023\/12\/229255c7-b2a0-4ebd-9915-518022548fe3-1-768x461.png 768w, https:\/\/sites.usp.br\/pexurb\/wp-content\/uploads\/sites\/716\/2023\/12\/229255c7-b2a0-4ebd-9915-518022548fe3-1-1536x922.png 1536w, https:\/\/sites.usp.br\/pexurb\/wp-content\/uploads\/sites\/716\/2023\/12\/229255c7-b2a0-4ebd-9915-518022548fe3-1-400x240.png 400w, https:\/\/sites.usp.br\/pexurb\/wp-content\/uploads\/sites\/716\/2023\/12\/229255c7-b2a0-4ebd-9915-518022548fe3-1.png 2000w\" sizes=\"100vw\" \/><\/a>\n\t\t\t<\/div><\/figure><figure class='gallery-item'>\n\t\t\t<div class='gallery-icon landscape'>\n\t\t\t\t<a href='https:\/\/sites.usp.br\/pexurb\/wp-content\/uploads\/sites\/716\/2025\/06\/5.png'><img loading=\"lazy\" decoding=\"async\" width=\"525\" height=\"476\" src=\"https:\/\/sites.usp.br\/pexurb\/wp-content\/uploads\/sites\/716\/2025\/06\/5.png\" class=\"attachment-large size-large\" alt=\"\" aria-describedby=\"gallery-1-2398\" srcset=\"https:\/\/sites.usp.br\/pexurb\/wp-content\/uploads\/sites\/716\/2025\/06\/5.png 990w, https:\/\/sites.usp.br\/pexurb\/wp-content\/uploads\/sites\/716\/2025\/06\/5-300x272.png 300w, https:\/\/sites.usp.br\/pexurb\/wp-content\/uploads\/sites\/716\/2025\/06\/5-768x697.png 768w, https:\/\/sites.usp.br\/pexurb\/wp-content\/uploads\/sites\/716\/2025\/06\/5-400x363.png 400w\" sizes=\"100vw\" \/><\/a>\n\t\t\t<\/div>\n\t\t\t\t<figcaption class='wp-caption-text gallery-caption' id='gallery-1-2398'>\n\t\t\t\txxxxxxxxxxxx\n\t\t\t\t<\/figcaption><\/figure><figure class='gallery-item'>\n\t\t\t<div class='gallery-icon landscape'>\n\t\t\t\t<a href='https:\/\/sites.usp.br\/pexurb\/wp-content\/uploads\/sites\/716\/2025\/06\/6.png'><img loading=\"lazy\" decoding=\"async\" width=\"525\" height=\"417\" src=\"https:\/\/sites.usp.br\/pexurb\/wp-content\/uploads\/sites\/716\/2025\/06\/6.png\" class=\"attachment-large size-large\" alt=\"\" aria-describedby=\"gallery-1-2397\" srcset=\"https:\/\/sites.usp.br\/pexurb\/wp-content\/uploads\/sites\/716\/2025\/06\/6.png 988w, https:\/\/sites.usp.br\/pexurb\/wp-content\/uploads\/sites\/716\/2025\/06\/6-300x238.png 300w, https:\/\/sites.usp.br\/pexurb\/wp-content\/uploads\/sites\/716\/2025\/06\/6-768x609.png 768w, https:\/\/sites.usp.br\/pexurb\/wp-content\/uploads\/sites\/716\/2025\/06\/6-400x317.png 400w\" sizes=\"100vw\" \/><\/a>\n\t\t\t<\/div>\n\t\t\t\t<figcaption class='wp-caption-text gallery-caption' id='gallery-1-2397'>\n\t\t\t\txxxxxxxxxxxxxx\n\t\t\t\t<\/figcaption><\/figure><figure class='gallery-item'>\n\t\t\t<div class='gallery-icon landscape'>\n\t\t\t\t<a href='https:\/\/sites.usp.br\/pexurb\/wp-content\/uploads\/sites\/716\/2025\/06\/7.png'><img loading=\"lazy\" decoding=\"async\" width=\"525\" height=\"493\" src=\"https:\/\/sites.usp.br\/pexurb\/wp-content\/uploads\/sites\/716\/2025\/06\/7.png\" class=\"attachment-large size-large\" alt=\"\" aria-describedby=\"gallery-1-2396\" srcset=\"https:\/\/sites.usp.br\/pexurb\/wp-content\/uploads\/sites\/716\/2025\/06\/7.png 986w, https:\/\/sites.usp.br\/pexurb\/wp-content\/uploads\/sites\/716\/2025\/06\/7-300x282.png 300w, https:\/\/sites.usp.br\/pexurb\/wp-content\/uploads\/sites\/716\/2025\/06\/7-768x721.png 768w, https:\/\/sites.usp.br\/pexurb\/wp-content\/uploads\/sites\/716\/2025\/06\/7-400x376.png 400w\" sizes=\"100vw\" \/><\/a>\n\t\t\t<\/div>\n\t\t\t\t<figcaption class='wp-caption-text gallery-caption' id='gallery-1-2396'>\n\t\t\t\txxxxxxxxxxxxxx\n\t\t\t\t<\/figcaption><\/figure><figure class='gallery-item'>\n\t\t\t<div class='gallery-icon landscape'>\n\t\t\t\t<a href='https:\/\/sites.usp.br\/pexurb\/wp-content\/uploads\/sites\/716\/2025\/06\/9.png'><img loading=\"lazy\" decoding=\"async\" width=\"525\" height=\"342\" src=\"https:\/\/sites.usp.br\/pexurb\/wp-content\/uploads\/sites\/716\/2025\/06\/9-1024x667.png\" class=\"attachment-large size-large\" alt=\"\" srcset=\"https:\/\/sites.usp.br\/pexurb\/wp-content\/uploads\/sites\/716\/2025\/06\/9-1024x667.png 1024w, https:\/\/sites.usp.br\/pexurb\/wp-content\/uploads\/sites\/716\/2025\/06\/9-300x195.png 300w, https:\/\/sites.usp.br\/pexurb\/wp-content\/uploads\/sites\/716\/2025\/06\/9-768x500.png 768w, https:\/\/sites.usp.br\/pexurb\/wp-content\/uploads\/sites\/716\/2025\/06\/9-400x260.png 400w, https:\/\/sites.usp.br\/pexurb\/wp-content\/uploads\/sites\/716\/2025\/06\/9.png 1244w\" sizes=\"100vw\" \/><\/a>\n\t\t\t<\/div><\/figure><figure class='gallery-item'>\n\t\t\t<div class='gallery-icon landscape'>\n\t\t\t\t<a href='https:\/\/sites.usp.br\/pexurb\/wp-content\/uploads\/sites\/716\/2025\/06\/10.png'><img loading=\"lazy\" decoding=\"async\" width=\"525\" height=\"347\" src=\"https:\/\/sites.usp.br\/pexurb\/wp-content\/uploads\/sites\/716\/2025\/06\/10-1024x677.png\" class=\"attachment-large size-large\" alt=\"\" srcset=\"https:\/\/sites.usp.br\/pexurb\/wp-content\/uploads\/sites\/716\/2025\/06\/10-1024x677.png 1024w, https:\/\/sites.usp.br\/pexurb\/wp-content\/uploads\/sites\/716\/2025\/06\/10-300x198.png 300w, https:\/\/sites.usp.br\/pexurb\/wp-content\/uploads\/sites\/716\/2025\/06\/10-768x508.png 768w, https:\/\/sites.usp.br\/pexurb\/wp-content\/uploads\/sites\/716\/2025\/06\/10-400x265.png 400w, https:\/\/sites.usp.br\/pexurb\/wp-content\/uploads\/sites\/716\/2025\/06\/10.png 1252w\" sizes=\"100vw\" \/><\/a>\n\t\t\t<\/div><\/figure><figure class='gallery-item'>\n\t\t\t<div class='gallery-icon landscape'>\n\t\t\t\t<a href='https:\/\/sites.usp.br\/pexurb\/wp-content\/uploads\/sites\/716\/2025\/06\/11.png'><img loading=\"lazy\" decoding=\"async\" width=\"525\" height=\"342\" src=\"https:\/\/sites.usp.br\/pexurb\/wp-content\/uploads\/sites\/716\/2025\/06\/11-1024x667.png\" class=\"attachment-large size-large\" alt=\"\" srcset=\"https:\/\/sites.usp.br\/pexurb\/wp-content\/uploads\/sites\/716\/2025\/06\/11-1024x667.png 1024w, https:\/\/sites.usp.br\/pexurb\/wp-content\/uploads\/sites\/716\/2025\/06\/11-300x196.png 300w, https:\/\/sites.usp.br\/pexurb\/wp-content\/uploads\/sites\/716\/2025\/06\/11-768x501.png 768w, https:\/\/sites.usp.br\/pexurb\/wp-content\/uploads\/sites\/716\/2025\/06\/11-400x261.png 400w, https:\/\/sites.usp.br\/pexurb\/wp-content\/uploads\/sites\/716\/2025\/06\/11.png 1212w\" sizes=\"100vw\" \/><\/a>\n\t\t\t<\/div><\/figure>\n\t\t<\/div>\n<\/div><\/div><\/div><\/div>","protected":false},"excerpt":{"rendered":"<p>Elabora\u00e7\u00e3o: PExURB Per\u00edodo de elabora\u00e7\u00e3o: 2022-2024 Escopo: Proposta de ordenamento territorial para o munic\u00edpio de Sales\u00f3polis-SP baseado no desenvolvimento polinuclear por distritos h\u00eddricos. A formula\u00e7\u00e3o da proposta foi motivada pela demanda de regulariza\u00e7\u00e3o de cerca de 38,87% dos moradores que apresentam incompatibilidades de ocupa\u00e7\u00e3o em rela\u00e7\u00e3o \u00e0s regula\u00e7\u00f5es estaduais e municipais. A irregularidade foi objeto &hellip; <\/p>\n<p class=\"link-more\"><a href=\"https:\/\/sites.usp.br\/pexurb\/salesopolis\/\" class=\"more-link\">Continue lendo<span class=\"screen-reader-text\"> &#8220;DISTRITOS H\u00cdDRICOS PARA O RIO TIET\u00ca: ORDENAMENTO TERRITORIAL DE SALES\u00d3POLIS-SP: DESENVOLVIMENTO POLINUCLEAR&#8221;<\/span><\/a><\/p>\n","protected":false},"author":21820,"featured_media":0,"parent":0,"menu_order":0,"comment_status":"closed","ping_status":"closed","template":"","meta":{"footnotes":"","_links_to":"","_links_to_target":""},"class_list":["post-1674","page","type-page","status-publish","hentry"],"_links":{"self":[{"href":"https:\/\/sites.usp.br\/pexurb\/wp-json\/wp\/v2\/pages\/1674","targetHints":{"allow":["GET"]}}],"collection":[{"href":"https:\/\/sites.usp.br\/pexurb\/wp-json\/wp\/v2\/pages"}],"about":[{"href":"https:\/\/sites.usp.br\/pexurb\/wp-json\/wp\/v2\/types\/page"}],"author":[{"embeddable":true,"href":"https:\/\/sites.usp.br\/pexurb\/wp-json\/wp\/v2\/users\/21820"}],"replies":[{"embeddable":true,"href":"https:\/\/sites.usp.br\/pexurb\/wp-json\/wp\/v2\/comments?post=1674"}],"version-history":[{"count":4,"href":"https:\/\/sites.usp.br\/pexurb\/wp-json\/wp\/v2\/pages\/1674\/revisions"}],"predecessor-version":[{"id":2808,"href":"https:\/\/sites.usp.br\/pexurb\/wp-json\/wp\/v2\/pages\/1674\/revisions\/2808"}],"wp:attachment":[{"href":"https:\/\/sites.usp.br\/pexurb\/wp-json\/wp\/v2\/media?parent=1674"}],"curies":[{"name":"wp","href":"https:\/\/api.w.org\/{rel}","templated":true}]}}