{"id":1679,"date":"2023-09-17T18:08:56","date_gmt":"2023-09-17T20:08:56","guid":{"rendered":"https:\/\/sites.usp.br\/pexurb\/?page_id=1679"},"modified":"2025-07-03T07:46:22","modified_gmt":"2025-07-03T10:46:22","slug":"marica","status":"publish","type":"page","link":"https:\/\/sites.usp.br\/pexurb\/marica\/","title":{"rendered":"PLANO DE DESENVOLVIMENTO URBANO-AMBIENTAL PARA ITAIPUA\u00c7U, MARIC\u00c1-RJ"},"content":{"rendered":"<div id=\"pl-1679\"  class=\"panel-layout\" ><div id=\"pg-1679-0\"  class=\"panel-grid panel-no-style\" ><div id=\"pgc-1679-0-0\"  class=\"panel-grid-cell\" ><div id=\"panel-1679-0-0-0\" class=\"so-panel widget widget_text panel-first-child\" data-index=\"0\" >\t\t\t<div class=\"textwidget\"><p><b>Per\u00edodo de elabora\u00e7\u00e3o: <\/b><span style=\"font-weight: 400;\">2022-2023<\/span><\/p>\n<p style=\"text-align: justify;\"><strong>Escopo do projeto: <\/strong>Plano urbano e projeto urban\u00edstico para o bairro de Itaipua\u00e7u, em Maric\u00e1-RJ, que tamb\u00e9m envolveu diferentes n\u00edveis (comunit\u00e1rio do bairro, local do munic\u00edpio, metropolitano da Regi\u00e3o Metropolitana do Rio de Janeiro, regional da Regi\u00e3o dos Lagos, nacional e global da explora\u00e7\u00e3o pr\u00e9-sal). A partir da proposta de uma trama multifuncional proporcionou conectividade dos fragmentos ambientais, das pessoas e dos servi\u00e7os p\u00fablicos. Constitui instrumentos urban\u00edsticos para a forma\u00e7\u00e3o de um banco p\u00fablico de terras e fundamentou a proposta na resili\u00eancia a eventos extremos que t\u00eam proporcionado avan\u00e7o do n\u00edvel do mar e alagamentos no bairro; e adapta\u00e7\u00e3o do tecido urbano \u00e0s mudan\u00e7as clim\u00e1ticas. Envolveu a prefeitura municipal de Maric\u00e1-RJ, a Companhia de Desenvolvimento de Maric\u00e1-RJ (CODEMAR), a TCRE Engenharia Ltda. e a comunidade local por meio de consultas p\u00fablicas.<\/p>\n<p><strong>Popula\u00e7\u00e3o atendida (aproximada):<\/strong> 50.000 pessoas (atualmente) e 240.000 pessoas (previs\u00e3o)<\/p>\n<p><strong>\u00c1rea beneficiada (aproximada):<\/strong> 30.309.690 m\u00b2 (projeto) e 93.522.400 m\u00b2 (plano)<\/p>\n<p><strong>Coordenador e colaboradores:<\/strong> Jeferson Tavares (coordenador e respons\u00e1vel), Giovanna de Vitro Chiachio (l\u00edder de projeto)<\/p>\n<p><strong>Orienta\u00e7\u00f5es no IAU-USP:<\/strong> Ana Paula Cascaes Rodrigues, Beatriz Kopperschmidt de Oliveira, Carlos Eduardo Katsumata de Alencar, Carolina Menezes Horiquini, Daniel Nardini Marques, Edimilson Rodrigues dos Santos Junior, Gabrielle Gomes Coelho, Giovanna de Vitro Chiachio, Isabella Eloy Cavalcanti, Isabela Telesi Pires, Izabella de Camargo Aversa, Janaina Matoso Santos, Li\u0301via Mizoguchi Tomasovic, Lucas Cortez Marcolino, Maria Julia de Souza Alvarenga, Mariana Machado Campoy Ramos de Godoy, Marjorie Melare\u0301, Matheus Caruso Parizotto, Mauri\u0301cio Fernandes Perez, Naiara Nunes Ribeiro, Ryller Chrystian de Andrade Veri\u0301ssimo, Vitor Rozante Porto<\/p>\n<p><strong>Trabalhos t\u00e9cnicos:<\/strong> Pesquisa de campo, invent\u00e1rio participativo, reuni\u00f5es com a comunidade para formula\u00e7\u00e3o do plano e do projeto (2), reuni\u00f5es com consultorias t\u00e9cnicas (18). Envolvimento de gestores p\u00fablicos, lideran\u00e7as comunit\u00e1rias, sociedade civil e t\u00e9cnicos<\/p>\n<p>Recursos: CODEMAR\/TCRE Engenharia<\/p>\n<p>&nbsp;<\/p>\n<p><b>PUBLICA\u00c7\u00d5ES RELACIONADAS:<\/b><\/p>\n<p style=\"text-align: justify;\"><span style=\"font-weight: 400;\">TAVARES, Jeferson. <\/span><b>Plano de desenvolvimento urbano-ambiental para Itaipua\u00e7u, Maric\u00e1 &#8211; RJ<\/b><span style=\"font-weight: 400;\">. S\u00e3o Carlos: IAU USP, 2023. Dispon\u00edvel em: <\/span><a href=\"https:\/\/www.livrosabertos.sibi.usp.br\/portaldelivrosUSP\/catalog\/book\/1181\"><span style=\"font-weight: 400;\">https:\/\/www.livrosabertos.sibi.usp.br\/portaldelivrosUSP\/catalog\/book\/1181<\/span><\/a><\/p>\n<p><strong>PR\u00caMIOS RECEBIDOS:<\/strong><\/p>\n<p><b>(2024) <\/b>3\u00b0 Lugar no Pr\u00eamio ABAP Roberto Burle Marx \u2013 Categoria Pr\u00e1tica de Planejamento da Paisagem. Promovido pela Associa\u00e7\u00e3o Brasileira de Arquitetos Paisagistas (ABAP). <b>T\u00edtulo do trabalho:\u00a0<\/b>Conectividade da Paisagem: Planejando a Trama Multifuncional em Itaipua\u00e7u (Maric\u00e1-RJ).<\/p>\n<p>&nbsp;<\/p>\n<\/div>\n\t\t<\/div><div id=\"panel-1679-0-0-1\" class=\"so-panel widget widget_media_gallery panel-last-child\" data-index=\"1\" ><div id='gallery-1' class='gallery galleryid-1679 gallery-columns-4 gallery-size-medium'><figure class='gallery-item'>\n\t\t\t<div class='gallery-icon landscape'>\n\t\t\t\t<a href='https:\/\/sites.usp.br\/pexurb\/wp-content\/uploads\/sites\/716\/2023\/12\/12.png'><img fetchpriority=\"high\" decoding=\"async\" width=\"300\" height=\"169\" src=\"https:\/\/sites.usp.br\/pexurb\/wp-content\/uploads\/sites\/716\/2023\/12\/12-300x169.png\" class=\"attachment-medium size-medium\" alt=\"\" srcset=\"https:\/\/sites.usp.br\/pexurb\/wp-content\/uploads\/sites\/716\/2023\/12\/12-300x169.png 300w, https:\/\/sites.usp.br\/pexurb\/wp-content\/uploads\/sites\/716\/2023\/12\/12-1024x576.png 1024w, https:\/\/sites.usp.br\/pexurb\/wp-content\/uploads\/sites\/716\/2023\/12\/12-768x432.png 768w, https:\/\/sites.usp.br\/pexurb\/wp-content\/uploads\/sites\/716\/2023\/12\/12-1536x864.png 1536w, https:\/\/sites.usp.br\/pexurb\/wp-content\/uploads\/sites\/716\/2023\/12\/12-310x174.png 310w, https:\/\/sites.usp.br\/pexurb\/wp-content\/uploads\/sites\/716\/2023\/12\/12-400x225.png 400w, https:\/\/sites.usp.br\/pexurb\/wp-content\/uploads\/sites\/716\/2023\/12\/12.png 1920w\" sizes=\"100vw\" \/><\/a>\n\t\t\t<\/div><\/figure><figure class='gallery-item'>\n\t\t\t<div class='gallery-icon landscape'>\n\t\t\t\t<a href='https:\/\/sites.usp.br\/pexurb\/wp-content\/uploads\/sites\/716\/2023\/12\/10.png'><img decoding=\"async\" width=\"300\" height=\"169\" src=\"https:\/\/sites.usp.br\/pexurb\/wp-content\/uploads\/sites\/716\/2023\/12\/10-300x169.png\" class=\"attachment-medium size-medium\" alt=\"\" srcset=\"https:\/\/sites.usp.br\/pexurb\/wp-content\/uploads\/sites\/716\/2023\/12\/10-300x169.png 300w, https:\/\/sites.usp.br\/pexurb\/wp-content\/uploads\/sites\/716\/2023\/12\/10-1024x576.png 1024w, https:\/\/sites.usp.br\/pexurb\/wp-content\/uploads\/sites\/716\/2023\/12\/10-768x432.png 768w, https:\/\/sites.usp.br\/pexurb\/wp-content\/uploads\/sites\/716\/2023\/12\/10-1536x864.png 1536w, https:\/\/sites.usp.br\/pexurb\/wp-content\/uploads\/sites\/716\/2023\/12\/10-310x174.png 310w, https:\/\/sites.usp.br\/pexurb\/wp-content\/uploads\/sites\/716\/2023\/12\/10-400x225.png 400w, https:\/\/sites.usp.br\/pexurb\/wp-content\/uploads\/sites\/716\/2023\/12\/10.png 1920w\" sizes=\"100vw\" \/><\/a>\n\t\t\t<\/div><\/figure><figure class='gallery-item'>\n\t\t\t<div class='gallery-icon landscape'>\n\t\t\t\t<a href='https:\/\/sites.usp.br\/pexurb\/wp-content\/uploads\/sites\/716\/2023\/12\/13.jpg'><img decoding=\"async\" width=\"300\" height=\"142\" src=\"https:\/\/sites.usp.br\/pexurb\/wp-content\/uploads\/sites\/716\/2023\/12\/13-300x142.jpg\" class=\"attachment-medium size-medium\" alt=\"\" srcset=\"https:\/\/sites.usp.br\/pexurb\/wp-content\/uploads\/sites\/716\/2023\/12\/13-300x142.jpg 300w, https:\/\/sites.usp.br\/pexurb\/wp-content\/uploads\/sites\/716\/2023\/12\/13-1024x484.jpg 1024w, https:\/\/sites.usp.br\/pexurb\/wp-content\/uploads\/sites\/716\/2023\/12\/13-768x363.jpg 768w, https:\/\/sites.usp.br\/pexurb\/wp-content\/uploads\/sites\/716\/2023\/12\/13-400x189.jpg 400w, https:\/\/sites.usp.br\/pexurb\/wp-content\/uploads\/sites\/716\/2023\/12\/13.jpg 1200w\" sizes=\"100vw\" \/><\/a>\n\t\t\t<\/div><\/figure><figure class='gallery-item'>\n\t\t\t<div class='gallery-icon landscape'>\n\t\t\t\t<a href='https:\/\/sites.usp.br\/pexurb\/wp-content\/uploads\/sites\/716\/2023\/12\/9.png'><img loading=\"lazy\" decoding=\"async\" width=\"300\" height=\"169\" src=\"https:\/\/sites.usp.br\/pexurb\/wp-content\/uploads\/sites\/716\/2023\/12\/9-300x169.png\" class=\"attachment-medium size-medium\" alt=\"\" srcset=\"https:\/\/sites.usp.br\/pexurb\/wp-content\/uploads\/sites\/716\/2023\/12\/9-300x169.png 300w, https:\/\/sites.usp.br\/pexurb\/wp-content\/uploads\/sites\/716\/2023\/12\/9-1024x576.png 1024w, https:\/\/sites.usp.br\/pexurb\/wp-content\/uploads\/sites\/716\/2023\/12\/9-768x432.png 768w, https:\/\/sites.usp.br\/pexurb\/wp-content\/uploads\/sites\/716\/2023\/12\/9-1536x864.png 1536w, https:\/\/sites.usp.br\/pexurb\/wp-content\/uploads\/sites\/716\/2023\/12\/9-310x174.png 310w, https:\/\/sites.usp.br\/pexurb\/wp-content\/uploads\/sites\/716\/2023\/12\/9-400x225.png 400w, https:\/\/sites.usp.br\/pexurb\/wp-content\/uploads\/sites\/716\/2023\/12\/9.png 1920w\" sizes=\"100vw\" \/><\/a>\n\t\t\t<\/div><\/figure><figure class='gallery-item'>\n\t\t\t<div class='gallery-icon landscape'>\n\t\t\t\t<a href='https:\/\/sites.usp.br\/pexurb\/wp-content\/uploads\/sites\/716\/2023\/12\/7-scaled.jpg'><img loading=\"lazy\" decoding=\"async\" width=\"300\" height=\"212\" src=\"https:\/\/sites.usp.br\/pexurb\/wp-content\/uploads\/sites\/716\/2023\/12\/7-300x212.jpg\" class=\"attachment-medium size-medium\" alt=\"\" srcset=\"https:\/\/sites.usp.br\/pexurb\/wp-content\/uploads\/sites\/716\/2023\/12\/7-300x212.jpg 300w, https:\/\/sites.usp.br\/pexurb\/wp-content\/uploads\/sites\/716\/2023\/12\/7-1024x723.jpg 1024w, https:\/\/sites.usp.br\/pexurb\/wp-content\/uploads\/sites\/716\/2023\/12\/7-768x543.jpg 768w, https:\/\/sites.usp.br\/pexurb\/wp-content\/uploads\/sites\/716\/2023\/12\/7-1536x1085.jpg 1536w, https:\/\/sites.usp.br\/pexurb\/wp-content\/uploads\/sites\/716\/2023\/12\/7-2048x1447.jpg 2048w, https:\/\/sites.usp.br\/pexurb\/wp-content\/uploads\/sites\/716\/2023\/12\/7-400x283.jpg 400w\" sizes=\"100vw\" \/><\/a>\n\t\t\t<\/div><\/figure><figure class='gallery-item'>\n\t\t\t<div class='gallery-icon landscape'>\n\t\t\t\t<a href='https:\/\/sites.usp.br\/pexurb\/wp-content\/uploads\/sites\/716\/2023\/12\/8.png'><img loading=\"lazy\" decoding=\"async\" width=\"300\" height=\"169\" src=\"https:\/\/sites.usp.br\/pexurb\/wp-content\/uploads\/sites\/716\/2023\/12\/8-300x169.png\" class=\"attachment-medium size-medium\" alt=\"\" srcset=\"https:\/\/sites.usp.br\/pexurb\/wp-content\/uploads\/sites\/716\/2023\/12\/8-300x169.png 300w, https:\/\/sites.usp.br\/pexurb\/wp-content\/uploads\/sites\/716\/2023\/12\/8-1024x576.png 1024w, https:\/\/sites.usp.br\/pexurb\/wp-content\/uploads\/sites\/716\/2023\/12\/8-768x432.png 768w, https:\/\/sites.usp.br\/pexurb\/wp-content\/uploads\/sites\/716\/2023\/12\/8-1536x864.png 1536w, https:\/\/sites.usp.br\/pexurb\/wp-content\/uploads\/sites\/716\/2023\/12\/8-310x174.png 310w, https:\/\/sites.usp.br\/pexurb\/wp-content\/uploads\/sites\/716\/2023\/12\/8-400x225.png 400w, https:\/\/sites.usp.br\/pexurb\/wp-content\/uploads\/sites\/716\/2023\/12\/8.png 1920w\" sizes=\"100vw\" \/><\/a>\n\t\t\t<\/div><\/figure><figure class='gallery-item'>\n\t\t\t<div class='gallery-icon landscape'>\n\t\t\t\t<a href='https:\/\/sites.usp.br\/pexurb\/wp-content\/uploads\/sites\/716\/2023\/12\/6-scaled.jpg'><img loading=\"lazy\" decoding=\"async\" width=\"300\" height=\"212\" src=\"https:\/\/sites.usp.br\/pexurb\/wp-content\/uploads\/sites\/716\/2023\/12\/6-300x212.jpg\" class=\"attachment-medium size-medium\" alt=\"\" srcset=\"https:\/\/sites.usp.br\/pexurb\/wp-content\/uploads\/sites\/716\/2023\/12\/6-300x212.jpg 300w, https:\/\/sites.usp.br\/pexurb\/wp-content\/uploads\/sites\/716\/2023\/12\/6-1024x723.jpg 1024w, https:\/\/sites.usp.br\/pexurb\/wp-content\/uploads\/sites\/716\/2023\/12\/6-768x543.jpg 768w, https:\/\/sites.usp.br\/pexurb\/wp-content\/uploads\/sites\/716\/2023\/12\/6-1536x1085.jpg 1536w, https:\/\/sites.usp.br\/pexurb\/wp-content\/uploads\/sites\/716\/2023\/12\/6-2048x1447.jpg 2048w, https:\/\/sites.usp.br\/pexurb\/wp-content\/uploads\/sites\/716\/2023\/12\/6-400x283.jpg 400w\" sizes=\"100vw\" \/><\/a>\n\t\t\t<\/div><\/figure><figure class='gallery-item'>\n\t\t\t<div class='gallery-icon landscape'>\n\t\t\t\t<a href='https:\/\/sites.usp.br\/pexurb\/wp-content\/uploads\/sites\/716\/2023\/12\/5-scaled.jpg'><img loading=\"lazy\" decoding=\"async\" width=\"300\" height=\"212\" src=\"https:\/\/sites.usp.br\/pexurb\/wp-content\/uploads\/sites\/716\/2023\/12\/5-300x212.jpg\" class=\"attachment-medium size-medium\" alt=\"\" srcset=\"https:\/\/sites.usp.br\/pexurb\/wp-content\/uploads\/sites\/716\/2023\/12\/5-300x212.jpg 300w, https:\/\/sites.usp.br\/pexurb\/wp-content\/uploads\/sites\/716\/2023\/12\/5-1024x723.jpg 1024w, https:\/\/sites.usp.br\/pexurb\/wp-content\/uploads\/sites\/716\/2023\/12\/5-768x543.jpg 768w, https:\/\/sites.usp.br\/pexurb\/wp-content\/uploads\/sites\/716\/2023\/12\/5-1536x1085.jpg 1536w, https:\/\/sites.usp.br\/pexurb\/wp-content\/uploads\/sites\/716\/2023\/12\/5-2048x1447.jpg 2048w, https:\/\/sites.usp.br\/pexurb\/wp-content\/uploads\/sites\/716\/2023\/12\/5-400x283.jpg 400w\" sizes=\"100vw\" \/><\/a>\n\t\t\t<\/div><\/figure><figure class='gallery-item'>\n\t\t\t<div class='gallery-icon landscape'>\n\t\t\t\t<a href='https:\/\/sites.usp.br\/pexurb\/wp-content\/uploads\/sites\/716\/2023\/12\/4-scaled.jpg'><img loading=\"lazy\" decoding=\"async\" width=\"300\" height=\"212\" src=\"https:\/\/sites.usp.br\/pexurb\/wp-content\/uploads\/sites\/716\/2023\/12\/4-300x212.jpg\" class=\"attachment-medium size-medium\" alt=\"\" srcset=\"https:\/\/sites.usp.br\/pexurb\/wp-content\/uploads\/sites\/716\/2023\/12\/4-300x212.jpg 300w, https:\/\/sites.usp.br\/pexurb\/wp-content\/uploads\/sites\/716\/2023\/12\/4-1024x723.jpg 1024w, https:\/\/sites.usp.br\/pexurb\/wp-content\/uploads\/sites\/716\/2023\/12\/4-768x542.jpg 768w, https:\/\/sites.usp.br\/pexurb\/wp-content\/uploads\/sites\/716\/2023\/12\/4-1536x1085.jpg 1536w, https:\/\/sites.usp.br\/pexurb\/wp-content\/uploads\/sites\/716\/2023\/12\/4-2048x1446.jpg 2048w, https:\/\/sites.usp.br\/pexurb\/wp-content\/uploads\/sites\/716\/2023\/12\/4-400x283.jpg 400w\" sizes=\"100vw\" \/><\/a>\n\t\t\t<\/div><\/figure><figure class='gallery-item'>\n\t\t\t<div class='gallery-icon landscape'>\n\t\t\t\t<a href='https:\/\/sites.usp.br\/pexurb\/wp-content\/uploads\/sites\/716\/2023\/12\/2.jpg'><img loading=\"lazy\" decoding=\"async\" width=\"300\" height=\"212\" src=\"https:\/\/sites.usp.br\/pexurb\/wp-content\/uploads\/sites\/716\/2023\/12\/2.jpg\" class=\"attachment-medium size-medium\" alt=\"\" sizes=\"100vw\" \/><\/a>\n\t\t\t<\/div><\/figure><figure class='gallery-item'>\n\t\t\t<div class='gallery-icon landscape'>\n\t\t\t\t<a href='https:\/\/sites.usp.br\/pexurb\/wp-content\/uploads\/sites\/716\/2023\/12\/3-scaled.jpg'><img loading=\"lazy\" decoding=\"async\" width=\"300\" height=\"212\" src=\"https:\/\/sites.usp.br\/pexurb\/wp-content\/uploads\/sites\/716\/2023\/12\/3-300x212.jpg\" class=\"attachment-medium size-medium\" alt=\"\" srcset=\"https:\/\/sites.usp.br\/pexurb\/wp-content\/uploads\/sites\/716\/2023\/12\/3-300x212.jpg 300w, https:\/\/sites.usp.br\/pexurb\/wp-content\/uploads\/sites\/716\/2023\/12\/3-1024x723.jpg 1024w, https:\/\/sites.usp.br\/pexurb\/wp-content\/uploads\/sites\/716\/2023\/12\/3-768x543.jpg 768w, https:\/\/sites.usp.br\/pexurb\/wp-content\/uploads\/sites\/716\/2023\/12\/3-1536x1085.jpg 1536w, https:\/\/sites.usp.br\/pexurb\/wp-content\/uploads\/sites\/716\/2023\/12\/3-2048x1447.jpg 2048w, https:\/\/sites.usp.br\/pexurb\/wp-content\/uploads\/sites\/716\/2023\/12\/3-400x283.jpg 400w\" sizes=\"100vw\" \/><\/a>\n\t\t\t<\/div><\/figure><figure class='gallery-item'>\n\t\t\t<div class='gallery-icon landscape'>\n\t\t\t\t<a href='https:\/\/sites.usp.br\/pexurb\/wp-content\/uploads\/sites\/716\/2023\/12\/1.jpg'><img loading=\"lazy\" decoding=\"async\" width=\"300\" height=\"212\" src=\"https:\/\/sites.usp.br\/pexurb\/wp-content\/uploads\/sites\/716\/2023\/12\/1.jpg\" class=\"attachment-medium size-medium\" alt=\"\" sizes=\"100vw\" \/><\/a>\n\t\t\t<\/div><\/figure><figure class='gallery-item'>\n\t\t\t<div class='gallery-icon landscape'>\n\t\t\t\t<a href='https:\/\/sites.usp.br\/pexurb\/wp-content\/uploads\/sites\/716\/2023\/12\/11-1.png'><img loading=\"lazy\" decoding=\"async\" width=\"300\" height=\"169\" src=\"https:\/\/sites.usp.br\/pexurb\/wp-content\/uploads\/sites\/716\/2023\/12\/11-1-300x169.png\" class=\"attachment-medium size-medium\" alt=\"\" srcset=\"https:\/\/sites.usp.br\/pexurb\/wp-content\/uploads\/sites\/716\/2023\/12\/11-1-300x169.png 300w, https:\/\/sites.usp.br\/pexurb\/wp-content\/uploads\/sites\/716\/2023\/12\/11-1-1024x576.png 1024w, https:\/\/sites.usp.br\/pexurb\/wp-content\/uploads\/sites\/716\/2023\/12\/11-1-768x432.png 768w, https:\/\/sites.usp.br\/pexurb\/wp-content\/uploads\/sites\/716\/2023\/12\/11-1-1536x864.png 1536w, https:\/\/sites.usp.br\/pexurb\/wp-content\/uploads\/sites\/716\/2023\/12\/11-1-310x174.png 310w, https:\/\/sites.usp.br\/pexurb\/wp-content\/uploads\/sites\/716\/2023\/12\/11-1-400x225.png 400w, https:\/\/sites.usp.br\/pexurb\/wp-content\/uploads\/sites\/716\/2023\/12\/11-1.png 1920w\" sizes=\"100vw\" \/><\/a>\n\t\t\t<\/div><\/figure><figure class='gallery-item'>\n\t\t\t<div class='gallery-icon landscape'>\n\t\t\t\t<a href='https:\/\/sites.usp.br\/pexurb\/wp-content\/uploads\/sites\/716\/2023\/12\/14.jpg'><img loading=\"lazy\" decoding=\"async\" width=\"300\" height=\"212\" src=\"https:\/\/sites.usp.br\/pexurb\/wp-content\/uploads\/sites\/716\/2023\/12\/14-300x212.jpg\" class=\"attachment-medium size-medium\" alt=\"\" srcset=\"https:\/\/sites.usp.br\/pexurb\/wp-content\/uploads\/sites\/716\/2023\/12\/14-300x212.jpg 300w, https:\/\/sites.usp.br\/pexurb\/wp-content\/uploads\/sites\/716\/2023\/12\/14-1024x724.jpg 1024w, https:\/\/sites.usp.br\/pexurb\/wp-content\/uploads\/sites\/716\/2023\/12\/14-768x543.jpg 768w, https:\/\/sites.usp.br\/pexurb\/wp-content\/uploads\/sites\/716\/2023\/12\/14-1536x1087.jpg 1536w, https:\/\/sites.usp.br\/pexurb\/wp-content\/uploads\/sites\/716\/2023\/12\/14-2048x1449.jpg 2048w, https:\/\/sites.usp.br\/pexurb\/wp-content\/uploads\/sites\/716\/2023\/12\/14-400x283.jpg 400w\" sizes=\"100vw\" \/><\/a>\n\t\t\t<\/div><\/figure>\n\t\t<\/div>\n<\/div><\/div><\/div><\/div>","protected":false},"excerpt":{"rendered":"<p>Per\u00edodo de elabora\u00e7\u00e3o: 2022-2023 Escopo do projeto: Plano urbano e projeto urban\u00edstico para o bairro de Itaipua\u00e7u, em Maric\u00e1-RJ, que tamb\u00e9m envolveu diferentes n\u00edveis (comunit\u00e1rio do bairro, local do munic\u00edpio, metropolitano da Regi\u00e3o Metropolitana do Rio de Janeiro, regional da Regi\u00e3o dos Lagos, nacional e global da explora\u00e7\u00e3o pr\u00e9-sal). A partir da proposta de uma &hellip; <\/p>\n<p class=\"link-more\"><a href=\"https:\/\/sites.usp.br\/pexurb\/marica\/\" class=\"more-link\">Continue lendo<span class=\"screen-reader-text\"> &#8220;PLANO DE DESENVOLVIMENTO URBANO-AMBIENTAL PARA ITAIPUA\u00c7U, MARIC\u00c1-RJ&#8221;<\/span><\/a><\/p>\n","protected":false},"author":21820,"featured_media":0,"parent":0,"menu_order":0,"comment_status":"closed","ping_status":"closed","template":"","meta":{"footnotes":"","_links_to":"","_links_to_target":""},"class_list":["post-1679","page","type-page","status-publish","hentry"],"_links":{"self":[{"href":"https:\/\/sites.usp.br\/pexurb\/wp-json\/wp\/v2\/pages\/1679","targetHints":{"allow":["GET"]}}],"collection":[{"href":"https:\/\/sites.usp.br\/pexurb\/wp-json\/wp\/v2\/pages"}],"about":[{"href":"https:\/\/sites.usp.br\/pexurb\/wp-json\/wp\/v2\/types\/page"}],"author":[{"embeddable":true,"href":"https:\/\/sites.usp.br\/pexurb\/wp-json\/wp\/v2\/users\/21820"}],"replies":[{"embeddable":true,"href":"https:\/\/sites.usp.br\/pexurb\/wp-json\/wp\/v2\/comments?post=1679"}],"version-history":[{"count":4,"href":"https:\/\/sites.usp.br\/pexurb\/wp-json\/wp\/v2\/pages\/1679\/revisions"}],"predecessor-version":[{"id":2872,"href":"https:\/\/sites.usp.br\/pexurb\/wp-json\/wp\/v2\/pages\/1679\/revisions\/2872"}],"wp:attachment":[{"href":"https:\/\/sites.usp.br\/pexurb\/wp-json\/wp\/v2\/media?parent=1679"}],"curies":[{"name":"wp","href":"https:\/\/api.w.org\/{rel}","templated":true}]}}