{"id":178,"date":"2020-04-24T11:48:07","date_gmt":"2020-04-24T13:48:07","guid":{"rendered":"https:\/\/sites.usp.br\/pexurb\/?page_id=178"},"modified":"2025-06-27T19:46:11","modified_gmt":"2025-06-27T21:46:11","slug":"barretos","status":"publish","type":"page","link":"https:\/\/sites.usp.br\/pexurb\/barretos\/","title":{"rendered":"ADEQUA\u00c7\u00c3O URBAN\u00cdSTICA AO BAIRRO HOSPITALAR DE BARRETOS &#8211; HOSPITAL DE AMOR"},"content":{"rendered":"<div id=\"pl-178\"  class=\"panel-layout\" ><div id=\"pg-178-0\"  class=\"panel-grid panel-no-style\" ><div id=\"pgc-178-0-0\"  class=\"panel-grid-cell\" ><div id=\"panel-178-0-0-0\" class=\"so-panel widget widget_text panel-first-child\" data-index=\"0\" >\t\t\t<div class=\"textwidget\"><p>Planejamento urbano e projeto urban\u00edstico para o complexo hospitalar de Barretos-SP, o Hospital de Amor (conhecido como Hospital do C\u00e2ncer). Considerou a dimens\u00e3o nacional e regional do hospital, diretrizes de ordenamento e expans\u00e3o, al\u00e9m da regula\u00e7\u00e3o da din\u00e2mica imobili\u00e1ria do entorno levando-se em conta as condicionantes da bacia hidrogr\u00e1fica. Contou com a contribui\u00e7\u00e3o de psic\u00f3logos, assistentes sociais, m\u00e9dicos, enfermeiros, engenheiros, administradores de empresas e advogados no entendimento das principais quest\u00f5es, al\u00e9m dos secret\u00e1rios de planejamento e de obras do munic\u00edpio. Envolveu o SEBRAE e a prefeitura municipal de Barretos-SP.<\/p>\n<p><strong>Popula\u00e7\u00e3o atendida (aproximada):<\/strong> 172.000 pessoas (diretamente)<\/p>\n<p><strong>\u00c1rea beneficiada (aproximada):<\/strong> 639.409,50 m2 (diretamente) e 2.109.763,05 m2 (indiretamente)<\/p>\n<p><strong>Coordenador e colaboradores:<\/strong> Jeferson Tavares (coordenador e respons\u00e1vel t\u00e9cnico); Marcel Fantin (coordenador); Ana Victoria Silva Gon\u00e7alves (l\u00edder de projeto)<\/p>\n<p><strong>Orienta\u00e7\u00f5es no IAU-USP:<\/strong> Ana Victoria S. Gon\u00e7alves, Anna L. P. Rossi, B\u00e1rbara T. Postali, Breno Malheiros de Melo, Caroline B. Scapol, J\u00falia C. S. V. C. Rosas, Luiza P. B. C. L. Beltramini, Marcela Martins, Marcelo Fern\u00e1ndez B. dos Santos, Maria B. S. Custodio, Nat\u00e1lia Jacomino, Renan S. Gomez, Vin\u00edcius V. Granato<\/p>\n<p><strong>Trabalhos t\u00e9cnicos:<\/strong> Pesquisa de campo, invent\u00e1rio t\u00e9cnico, reuni\u00f5es com a equipe hospitalar interdisciplinar para formula\u00e7\u00e3o do plano (3). Envolvimento de gestores p\u00fablicos, sociedade civil e t\u00e9cnicos<\/p>\n<p><strong>Recursos:<\/strong> Funda\u00e7\u00e3o Pio XII<\/p>\n<p><span style=\"font-weight: 400;\">\u00a0<\/span><\/p>\n<\/div>\n\t\t<\/div><div id=\"panel-178-0-0-1\" class=\"so-panel widget widget_media_gallery panel-last-child\" data-index=\"1\" ><div id='gallery-1' class='gallery galleryid-178 gallery-columns-3 gallery-size-thumbnail'><figure class='gallery-item'>\n\t\t\t<div class='gallery-icon landscape'>\n\t\t\t\t<a href='https:\/\/sites.usp.br\/pexurb\/wp-content\/uploads\/sites\/716\/2021\/08\/Copia-de-barretos-lojinas-2-167.jpg'><img decoding=\"async\" width=\"150\" height=\"150\" src=\"https:\/\/sites.usp.br\/pexurb\/wp-content\/uploads\/sites\/716\/2021\/08\/Copia-de-barretos-lojinas-2-167-150x150.jpg\" class=\"attachment-thumbnail size-thumbnail\" alt=\"\" srcset=\"https:\/\/sites.usp.br\/pexurb\/wp-content\/uploads\/sites\/716\/2021\/08\/Copia-de-barretos-lojinas-2-167-150x150.jpg 150w, https:\/\/sites.usp.br\/pexurb\/wp-content\/uploads\/sites\/716\/2021\/08\/Copia-de-barretos-lojinas-2-167-300x300.jpg 300w, https:\/\/sites.usp.br\/pexurb\/wp-content\/uploads\/sites\/716\/2021\/08\/Copia-de-barretos-lojinas-2-167-1024x1024.jpg 1024w, https:\/\/sites.usp.br\/pexurb\/wp-content\/uploads\/sites\/716\/2021\/08\/Copia-de-barretos-lojinas-2-167-768x768.jpg 768w, https:\/\/sites.usp.br\/pexurb\/wp-content\/uploads\/sites\/716\/2021\/08\/Copia-de-barretos-lojinas-2-167-1536x1536.jpg 1536w, https:\/\/sites.usp.br\/pexurb\/wp-content\/uploads\/sites\/716\/2021\/08\/Copia-de-barretos-lojinas-2-167-45x45.jpg 45w, https:\/\/sites.usp.br\/pexurb\/wp-content\/uploads\/sites\/716\/2021\/08\/Copia-de-barretos-lojinas-2-167-200x200.jpg 200w, https:\/\/sites.usp.br\/pexurb\/wp-content\/uploads\/sites\/716\/2021\/08\/Copia-de-barretos-lojinas-2-167-400x400.jpg 400w, https:\/\/sites.usp.br\/pexurb\/wp-content\/uploads\/sites\/716\/2021\/08\/Copia-de-barretos-lojinas-2-167.jpg 1836w\" sizes=\"100vw\" \/><\/a>\n\t\t\t<\/div><\/figure><figure class='gallery-item'>\n\t\t\t<div class='gallery-icon landscape'>\n\t\t\t\t<a href='https:\/\/sites.usp.br\/pexurb\/wp-content\/uploads\/sites\/716\/2021\/08\/5.4-1.png'><img decoding=\"async\" width=\"150\" height=\"150\" src=\"https:\/\/sites.usp.br\/pexurb\/wp-content\/uploads\/sites\/716\/2021\/08\/5.4-1-150x150.png\" class=\"attachment-thumbnail size-thumbnail\" alt=\"\" srcset=\"https:\/\/sites.usp.br\/pexurb\/wp-content\/uploads\/sites\/716\/2021\/08\/5.4-1-150x150.png 150w, https:\/\/sites.usp.br\/pexurb\/wp-content\/uploads\/sites\/716\/2021\/08\/5.4-1-45x45.png 45w, https:\/\/sites.usp.br\/pexurb\/wp-content\/uploads\/sites\/716\/2021\/08\/5.4-1-200x200.png 200w\" sizes=\"100vw\" \/><\/a>\n\t\t\t<\/div><\/figure><figure class='gallery-item'>\n\t\t\t<div class='gallery-icon landscape'>\n\t\t\t\t<a href='https:\/\/sites.usp.br\/pexurb\/wp-content\/uploads\/sites\/716\/2021\/08\/Copia-de-lojinha-por-cima-1.png'><img decoding=\"async\" width=\"150\" height=\"150\" src=\"https:\/\/sites.usp.br\/pexurb\/wp-content\/uploads\/sites\/716\/2021\/08\/Copia-de-lojinha-por-cima-1-150x150.png\" class=\"attachment-thumbnail size-thumbnail\" alt=\"\" srcset=\"https:\/\/sites.usp.br\/pexurb\/wp-content\/uploads\/sites\/716\/2021\/08\/Copia-de-lojinha-por-cima-1-150x150.png 150w, https:\/\/sites.usp.br\/pexurb\/wp-content\/uploads\/sites\/716\/2021\/08\/Copia-de-lojinha-por-cima-1-45x45.png 45w, https:\/\/sites.usp.br\/pexurb\/wp-content\/uploads\/sites\/716\/2021\/08\/Copia-de-lojinha-por-cima-1-200x200.png 200w\" sizes=\"100vw\" \/><\/a>\n\t\t\t<\/div><\/figure><figure class='gallery-item'>\n\t\t\t<div class='gallery-icon landscape'>\n\t\t\t\t<a href='https:\/\/sites.usp.br\/pexurb\/wp-content\/uploads\/sites\/716\/2021\/08\/Copia-de-barretos-lojinas-2.png'><img loading=\"lazy\" decoding=\"async\" width=\"150\" height=\"150\" src=\"https:\/\/sites.usp.br\/pexurb\/wp-content\/uploads\/sites\/716\/2021\/08\/Copia-de-barretos-lojinas-2-150x150.png\" class=\"attachment-thumbnail size-thumbnail\" alt=\"\" srcset=\"https:\/\/sites.usp.br\/pexurb\/wp-content\/uploads\/sites\/716\/2021\/08\/Copia-de-barretos-lojinas-2-150x150.png 150w, https:\/\/sites.usp.br\/pexurb\/wp-content\/uploads\/sites\/716\/2021\/08\/Copia-de-barretos-lojinas-2-45x45.png 45w, https:\/\/sites.usp.br\/pexurb\/wp-content\/uploads\/sites\/716\/2021\/08\/Copia-de-barretos-lojinas-2-200x200.png 200w\" sizes=\"100vw\" \/><\/a>\n\t\t\t<\/div><\/figure><figure class='gallery-item'>\n\t\t\t<div class='gallery-icon landscape'>\n\t\t\t\t<a href='https:\/\/sites.usp.br\/pexurb\/wp-content\/uploads\/sites\/716\/2021\/08\/Copia-de-2019.11.01-Pontao-vista-pedestre-4.png'><img loading=\"lazy\" decoding=\"async\" width=\"150\" height=\"150\" src=\"https:\/\/sites.usp.br\/pexurb\/wp-content\/uploads\/sites\/716\/2021\/08\/Copia-de-2019.11.01-Pontao-vista-pedestre-4-150x150.png\" class=\"attachment-thumbnail size-thumbnail\" alt=\"\" srcset=\"https:\/\/sites.usp.br\/pexurb\/wp-content\/uploads\/sites\/716\/2021\/08\/Copia-de-2019.11.01-Pontao-vista-pedestre-4-150x150.png 150w, https:\/\/sites.usp.br\/pexurb\/wp-content\/uploads\/sites\/716\/2021\/08\/Copia-de-2019.11.01-Pontao-vista-pedestre-4-45x45.png 45w, https:\/\/sites.usp.br\/pexurb\/wp-content\/uploads\/sites\/716\/2021\/08\/Copia-de-2019.11.01-Pontao-vista-pedestre-4-200x200.png 200w\" sizes=\"100vw\" \/><\/a>\n\t\t\t<\/div><\/figure><figure class='gallery-item'>\n\t\t\t<div class='gallery-icon landscape'>\n\t\t\t\t<a href='https:\/\/sites.usp.br\/pexurb\/wp-content\/uploads\/sites\/716\/2021\/06\/Copia-de-barretos-lojinas-1.png'><img loading=\"lazy\" decoding=\"async\" width=\"150\" height=\"150\" src=\"https:\/\/sites.usp.br\/pexurb\/wp-content\/uploads\/sites\/716\/2021\/06\/Copia-de-barretos-lojinas-1-150x150.png\" class=\"attachment-thumbnail size-thumbnail\" alt=\"\" srcset=\"https:\/\/sites.usp.br\/pexurb\/wp-content\/uploads\/sites\/716\/2021\/06\/Copia-de-barretos-lojinas-1-150x150.png 150w, https:\/\/sites.usp.br\/pexurb\/wp-content\/uploads\/sites\/716\/2021\/06\/Copia-de-barretos-lojinas-1-45x45.png 45w, https:\/\/sites.usp.br\/pexurb\/wp-content\/uploads\/sites\/716\/2021\/06\/Copia-de-barretos-lojinas-1-200x200.png 200w\" sizes=\"100vw\" \/><\/a>\n\t\t\t<\/div><\/figure><figure class='gallery-item'>\n\t\t\t<div class='gallery-icon landscape'>\n\t\t\t\t<a href='https:\/\/sites.usp.br\/pexurb\/wp-content\/uploads\/sites\/716\/2021\/06\/Copia-de-2019.11.01-Pontao-vista-pedestre-4.png'><img loading=\"lazy\" decoding=\"async\" width=\"150\" height=\"150\" src=\"https:\/\/sites.usp.br\/pexurb\/wp-content\/uploads\/sites\/716\/2021\/06\/Copia-de-2019.11.01-Pontao-vista-pedestre-4-150x150.png\" class=\"attachment-thumbnail size-thumbnail\" alt=\"\" srcset=\"https:\/\/sites.usp.br\/pexurb\/wp-content\/uploads\/sites\/716\/2021\/06\/Copia-de-2019.11.01-Pontao-vista-pedestre-4-150x150.png 150w, https:\/\/sites.usp.br\/pexurb\/wp-content\/uploads\/sites\/716\/2021\/06\/Copia-de-2019.11.01-Pontao-vista-pedestre-4-45x45.png 45w, https:\/\/sites.usp.br\/pexurb\/wp-content\/uploads\/sites\/716\/2021\/06\/Copia-de-2019.11.01-Pontao-vista-pedestre-4-200x200.png 200w\" sizes=\"100vw\" \/><\/a>\n\t\t\t<\/div><\/figure>\n\t\t<\/div>\n<\/div><\/div><\/div><\/div>","protected":false},"excerpt":{"rendered":"<p>Planejamento urbano e projeto urban\u00edstico para o complexo hospitalar de Barretos-SP, o Hospital de Amor (conhecido como Hospital do C\u00e2ncer). Considerou a dimens\u00e3o nacional e regional do hospital, diretrizes de ordenamento e expans\u00e3o, al\u00e9m da regula\u00e7\u00e3o da din\u00e2mica imobili\u00e1ria do entorno levando-se em conta as condicionantes da bacia hidrogr\u00e1fica. Contou com a contribui\u00e7\u00e3o de psic\u00f3logos, &hellip; <\/p>\n<p class=\"link-more\"><a href=\"https:\/\/sites.usp.br\/pexurb\/barretos\/\" class=\"more-link\">Continue lendo<span class=\"screen-reader-text\"> &#8220;ADEQUA\u00c7\u00c3O URBAN\u00cdSTICA AO BAIRRO HOSPITALAR DE BARRETOS &#8211; HOSPITAL DE AMOR&#8221;<\/span><\/a><\/p>\n","protected":false},"author":21820,"featured_media":626,"parent":0,"menu_order":0,"comment_status":"closed","ping_status":"closed","template":"","meta":{"footnotes":"","_links_to":"","_links_to_target":""},"class_list":["post-178","page","type-page","status-publish","has-post-thumbnail","hentry"],"_links":{"self":[{"href":"https:\/\/sites.usp.br\/pexurb\/wp-json\/wp\/v2\/pages\/178","targetHints":{"allow":["GET"]}}],"collection":[{"href":"https:\/\/sites.usp.br\/pexurb\/wp-json\/wp\/v2\/pages"}],"about":[{"href":"https:\/\/sites.usp.br\/pexurb\/wp-json\/wp\/v2\/types\/page"}],"author":[{"embeddable":true,"href":"https:\/\/sites.usp.br\/pexurb\/wp-json\/wp\/v2\/users\/21820"}],"replies":[{"embeddable":true,"href":"https:\/\/sites.usp.br\/pexurb\/wp-json\/wp\/v2\/comments?post=178"}],"version-history":[{"count":4,"href":"https:\/\/sites.usp.br\/pexurb\/wp-json\/wp\/v2\/pages\/178\/revisions"}],"predecessor-version":[{"id":2381,"href":"https:\/\/sites.usp.br\/pexurb\/wp-json\/wp\/v2\/pages\/178\/revisions\/2381"}],"wp:featuredmedia":[{"embeddable":true,"href":"https:\/\/sites.usp.br\/pexurb\/wp-json\/wp\/v2\/media\/626"}],"wp:attachment":[{"href":"https:\/\/sites.usp.br\/pexurb\/wp-json\/wp\/v2\/media?parent=178"}],"curies":[{"name":"wp","href":"https:\/\/api.w.org\/{rel}","templated":true}]}}