{"id":181,"date":"2020-04-24T11:48:41","date_gmt":"2020-04-24T13:48:41","guid":{"rendered":"https:\/\/sites.usp.br\/pexurb\/?page_id=181"},"modified":"2023-08-26T14:28:24","modified_gmt":"2023-08-26T16:28:24","slug":"circuito-das-aguas","status":"publish","type":"page","link":"https:\/\/sites.usp.br\/pexurb\/circuito-das-aguas\/","title":{"rendered":"PLANEJAMENTO REGIONAL DO CIRCUITO DAS \u00c1GUAS PAULISTA"},"content":{"rendered":"<div id=\"pl-181\"  class=\"panel-layout\" ><div id=\"pg-181-0\"  class=\"panel-grid panel-no-style\" ><div id=\"pgc-181-0-0\"  class=\"panel-grid-cell\" ><div id=\"panel-181-0-0-0\" class=\"so-panel widget widget_text panel-first-child\" data-index=\"0\" >\t\t\t<div class=\"textwidget\"><p><span style=\"font-weight: 400;\"><\/p>\n<p style=\"text-align: justify\">O objetivo desse estudo foi problematizar o papel do planejamento regional de cidades de pequeno porte na perspectiva de atividades consorciadas como meio de otimizar recursos (materiais e imateriais) para o desenvolvimento. O objeto de estudo \u00e9 a experi\u00eancia acad\u00eamica sobre o Circuito das \u00c1guas paulista pela proposi\u00e7\u00e3o de um Plano Regional Tur\u00edstico e de um Plano de A\u00e7\u00f5es de Desenvolvimento Regional. O m\u00e9todo de an\u00e1lise est\u00e1 fundamentado na compreens\u00e3o do arcabou\u00e7o legal que possibilita o planejamento e a gest\u00e3o territorial por meio de aglomerados urbanos capazes de articula\u00e7\u00f5es que potencializem a capacidade municipal de a\u00e7\u00f5es conjuntas convergentes e n\u00e3o concorrentes. Compreende-se que a relev\u00e2ncia est\u00e1 no enfoque de cidades pequenas, objeto ainda incipiente nos estudos acad\u00eamicos de urbaniza\u00e7\u00e3o, com destaque para os aglomerados formados por consorciamento de servi\u00e7os intermunicipais.<\/span><\/p>\n<\/div>\n\t\t<\/div><div id=\"panel-181-0-0-1\" class=\"so-panel widget widget_media_gallery panel-last-child\" data-index=\"1\" ><div id='gallery-1' class='gallery galleryid-181 gallery-columns-3 gallery-size-thumbnail'><figure class='gallery-item'>\n\t\t\t<div class='gallery-icon landscape'>\n\t\t\t\t<a href='https:\/\/sites.usp.br\/pexurb\/wp-content\/uploads\/sites\/716\/2021\/10\/Agenda-de-turismo-Vfinal3.png'><img decoding=\"async\" width=\"150\" height=\"150\" src=\"https:\/\/sites.usp.br\/pexurb\/wp-content\/uploads\/sites\/716\/2021\/10\/Agenda-de-turismo-Vfinal3-150x150.png\" class=\"attachment-thumbnail size-thumbnail\" alt=\"\" srcset=\"https:\/\/sites.usp.br\/pexurb\/wp-content\/uploads\/sites\/716\/2021\/10\/Agenda-de-turismo-Vfinal3-150x150.png 150w, https:\/\/sites.usp.br\/pexurb\/wp-content\/uploads\/sites\/716\/2021\/10\/Agenda-de-turismo-Vfinal3-100x100.png 100w, https:\/\/sites.usp.br\/pexurb\/wp-content\/uploads\/sites\/716\/2021\/10\/Agenda-de-turismo-Vfinal3-45x45.png 45w, https:\/\/sites.usp.br\/pexurb\/wp-content\/uploads\/sites\/716\/2021\/10\/Agenda-de-turismo-Vfinal3-200x200.png 200w\" sizes=\"100vw\" \/><\/a>\n\t\t\t<\/div><\/figure>\n\t\t<\/div>\n<\/div><\/div><\/div><\/div>","protected":false},"excerpt":{"rendered":"<p>O objetivo desse estudo foi problematizar o papel do planejamento regional de cidades de pequeno porte na perspectiva de atividades consorciadas como meio de otimizar recursos (materiais e imateriais) para o desenvolvimento. O objeto de estudo \u00e9 a experi\u00eancia acad\u00eamica sobre o Circuito das \u00c1guas paulista pela proposi\u00e7\u00e3o de um Plano Regional Tur\u00edstico e de &hellip; <\/p>\n<p class=\"link-more\"><a href=\"https:\/\/sites.usp.br\/pexurb\/circuito-das-aguas\/\" class=\"more-link\">Continue lendo<span class=\"screen-reader-text\"> &#8220;PLANEJAMENTO REGIONAL DO CIRCUITO DAS \u00c1GUAS PAULISTA&#8221;<\/span><\/a><\/p>\n","protected":false},"author":21820,"featured_media":1099,"parent":0,"menu_order":0,"comment_status":"closed","ping_status":"closed","template":"","meta":{"footnotes":"","_links_to":"","_links_to_target":""},"class_list":["post-181","page","type-page","status-publish","has-post-thumbnail","hentry"],"_links":{"self":[{"href":"https:\/\/sites.usp.br\/pexurb\/wp-json\/wp\/v2\/pages\/181","targetHints":{"allow":["GET"]}}],"collection":[{"href":"https:\/\/sites.usp.br\/pexurb\/wp-json\/wp\/v2\/pages"}],"about":[{"href":"https:\/\/sites.usp.br\/pexurb\/wp-json\/wp\/v2\/types\/page"}],"author":[{"embeddable":true,"href":"https:\/\/sites.usp.br\/pexurb\/wp-json\/wp\/v2\/users\/21820"}],"replies":[{"embeddable":true,"href":"https:\/\/sites.usp.br\/pexurb\/wp-json\/wp\/v2\/comments?post=181"}],"version-history":[{"count":4,"href":"https:\/\/sites.usp.br\/pexurb\/wp-json\/wp\/v2\/pages\/181\/revisions"}],"predecessor-version":[{"id":1560,"href":"https:\/\/sites.usp.br\/pexurb\/wp-json\/wp\/v2\/pages\/181\/revisions\/1560"}],"wp:featuredmedia":[{"embeddable":true,"href":"https:\/\/sites.usp.br\/pexurb\/wp-json\/wp\/v2\/media\/1099"}],"wp:attachment":[{"href":"https:\/\/sites.usp.br\/pexurb\/wp-json\/wp\/v2\/media?parent=181"}],"curies":[{"name":"wp","href":"https:\/\/api.w.org\/{rel}","templated":true}]}}