{"id":423,"date":"2020-08-20T15:42:11","date_gmt":"2020-08-20T17:42:11","guid":{"rendered":"https:\/\/sites.usp.br\/pexurb\/?page_id=423"},"modified":"2025-06-27T19:51:34","modified_gmt":"2025-06-27T21:51:34","slug":"lagarto","status":"publish","type":"page","link":"https:\/\/sites.usp.br\/pexurb\/lagarto\/","title":{"rendered":"PROJETO URBAN\u00cdSTICO DE NOVA CENTRALIDADE EM LAGARTO-SE &#8211; HOSPITAL DE AMOR"},"content":{"rendered":"<div id=\"pl-423\"  class=\"panel-layout\" ><div id=\"pg-423-0\"  class=\"panel-grid panel-no-style\" ><div id=\"pgc-423-0-0\"  class=\"panel-grid-cell\" ><div id=\"panel-423-0-0-0\" class=\"so-panel widget widget_text panel-first-child\" data-index=\"0\" >\t\t\t<div class=\"textwidget\"><p>&nbsp;<\/p>\n<p style=\"text-align: justify;\">\n<p>Projeto urban\u00edstico para nova centralidade no munic\u00edpio de Lagarto-SE tendo em vista a implanta\u00e7\u00e3o do Hospital de Amor de Sergipe, destinado ao atendimento da regi\u00e3o Nordeste. Considerou aspectos culturais locais e regionais (como os povoados) e as condi\u00e7\u00f5es naturais do agreste. Buscou alternativas de crescimento urbano pelo combate aos modelos de dispers\u00e3o condominializados, segregados e distantes do centro da cidade. Prop\u00f4s solu\u00e7\u00f5es urban\u00edsticas, arquitet\u00f4nicas e de regula\u00e7\u00e3o do solo para o combate ao aquecimento da temperatura. E formulou propostas arquitet\u00f4nicas e urban\u00edsticas de privil\u00e9gio ao pedestre e de seguran\u00e7a de g\u00eanero. Envolveu a prefeitura municipal de Lagarto-SE, a Universidade Federal de Sergipe e o Instituto Federal de Sergipe.<\/p>\n<p><b>Per\u00edodo de elabora\u00e7\u00e3o: <\/b><span style=\"font-weight: 400;\">2020-2021<\/span><\/p>\n<p><b>Parcerias: <\/b><span style=\"font-weight: 400;\">Equipe de Funcion\u00e1rios do Hospital de Amor, Gestores P\u00fablicos da Prefeitura Municipal de Lagarto-SE<\/span><\/p>\n<p><strong>Coordenador e colaboradores:<\/strong> Jeferson Tavares (respons\u00e1vel); Ana Laura Pereira Rossi e Ana Victoria Silva Gon\u00e7alves (l\u00edder de projeto)<\/p>\n<p><strong>Orienta\u00e7\u00f5es no IAU-USP:<\/strong> Ana Elisa P.\u00a0 Chaves, Ana Victoria S.\u00a0 Gon\u00e7alves, Anna Laura\u00a0 P. Rossi, Beatrice V. Teixeira, Andrea Michelle\u00a0 C. Mejia, B\u00e1rbara V. M. de Andrade, Beatriz K. de Oliveira, Caroline B. Scapol, Cynthia Daiane Diniz, Gabrielle G. Coelho, Giovanna\u00a0 de\u00a0 V.\u00a0 Chiachio, Izabella C. F. de Salles, J\u00falia C. S. V. C. Rosas, Luiza P.\u00a0 B.\u00a0 C.\u00a0 L. Beltramini, Marcelo\u00a0 F.\u00a0 B.\u00a0 dos\u00a0 Santos, Maria B. S. Custodio, Maria Beatriz G. Menossi, Mariana B.\u00a0 Gonzalez, Mariana F. Minar\u00e9, Mar\u00edlia G.\u00a0 S.\u00a0 Lima, Marina B. Sabadini, Millena\u00a0 Cristny de Morais, Nat\u00e1lia M. B. Tamanaka, Renan\u00a0 S.\u00a0 Gomez, Thiago P. Scatena<\/p>\n<p><strong>Trabalhos t\u00e9cnicos:<\/strong> Pesquisa de campo, invent\u00e1rio t\u00e9cnico, reuni\u00f5es com a equipe hospitalar interdisciplinar e com prefeita municipal e secretariado para formula\u00e7\u00e3o do plano (2). Envolvimento de gestores p\u00fablicos, sociedade civil e t\u00e9cnicos<\/p>\n<p><strong>Recursos:<\/strong> Funda\u00e7\u00e3o Pio XII<\/p>\n<p>&nbsp;<\/p>\n<p style=\"text-align: justify;\">\n<p>&nbsp;<\/p>\n<p><b>PUBLICA\u00c7\u00d5ES RELACIONADAS:<\/b><\/p>\n<p style=\"text-align: justify;\"><span style=\"font-weight: 400;\">TAVARES, Jeferson. Projeto urban\u00edstico de Nova Centralidade. Vizinhan\u00e7a hospitalar em Lagarto-SE: complexo nordeste do Hospital de Amor. Universidade de S\u00e3o Paulo. Instituto de Arquitetura e Urbanismo de S\u00e3o Carlos, 2021. Dispon\u00edvel em: <\/span><a href=\"https:\/\/www.livrosabertos.sibi.usp.br\/portaldelivrosUSP\/catalog\/book\/607\"><span style=\"font-weight: 400;\">https:\/\/www.livrosabertos.sibi.usp.br\/portaldelivrosUSP\/catalog\/book\/607<\/span><\/a><span style=\"font-weight: 400;\">.\u00a0<\/span><\/p>\n<p>&nbsp;<\/p>\n<p><b>PR\u00caMIOS RECEBIDOS PELO PROJETO:<\/b><span style=\"font-weight: 400;\">\u00a0<\/span><\/p>\n<p style=\"text-align: justify;\"><span style=\"font-weight: 400;\">(2022) Projeto urban\u00edstico para Nova Centralidade de Lagarto-SE. <\/span><b>Projeto selecionado para <\/b><a href=\"https:\/\/sites.usp.br\/pexurb\/wp-content\/uploads\/sites\/716\/2023\/11\/3_GUIA_AGENDA_IAB_V4-compactado.pdf\"><b>o 3\u00ba Guia IAB para a Agenda 2030 (ODS 5)<\/b><\/a><span style=\"font-weight: 400;\">. Institui\u00e7\u00e3o promotora: IAB.<\/span><\/p>\n<p style=\"text-align: justify;\"><span style=\"font-weight: 400;\">(2021) Bairro Planejado para Lagarto-SE, cidade como infraestrutura de sa\u00fade. <\/span><b>Projeto premiado no Pr\u00eamio <\/b><a href=\"https:\/\/www.instagram.com\/iab.se\/\"><b>IAB-S<\/b><\/a><b>E 2021 Edi\u00e7\u00e3o Centen\u00e1rio \u2013 Categoria Urbanismo, Planejamento Cidades<\/b><span style=\"font-weight: 400;\">. Institui\u00e7\u00e3o Promotora: IAB-SE.<\/span><\/p>\n<\/div>\n\t\t<\/div><div id=\"panel-423-0-0-1\" class=\"so-panel widget widget_media_gallery panel-last-child\" data-index=\"1\" ><div id='gallery-1' class='gallery galleryid-423 gallery-columns-3 gallery-size-thumbnail'><figure class='gallery-item'>\n\t\t\t<div class='gallery-icon landscape'>\n\t\t\t\t<a href='https:\/\/sites.usp.br\/pexurb\/wp-content\/uploads\/sites\/716\/2021\/08\/CADERNO20-scaled.jpg'><img decoding=\"async\" width=\"150\" height=\"150\" src=\"https:\/\/sites.usp.br\/pexurb\/wp-content\/uploads\/sites\/716\/2021\/08\/CADERNO20-150x150.jpg\" class=\"attachment-thumbnail size-thumbnail\" alt=\"\" srcset=\"https:\/\/sites.usp.br\/pexurb\/wp-content\/uploads\/sites\/716\/2021\/08\/CADERNO20-150x150.jpg 150w, https:\/\/sites.usp.br\/pexurb\/wp-content\/uploads\/sites\/716\/2021\/08\/CADERNO20-45x45.jpg 45w, https:\/\/sites.usp.br\/pexurb\/wp-content\/uploads\/sites\/716\/2021\/08\/CADERNO20-200x200.jpg 200w\" sizes=\"100vw\" \/><\/a>\n\t\t\t<\/div><\/figure><figure class='gallery-item'>\n\t\t\t<div class='gallery-icon landscape'>\n\t\t\t\t<a href='https:\/\/sites.usp.br\/pexurb\/wp-content\/uploads\/sites\/716\/2021\/08\/CADERNO26_1.png'><img decoding=\"async\" width=\"150\" height=\"150\" src=\"https:\/\/sites.usp.br\/pexurb\/wp-content\/uploads\/sites\/716\/2021\/08\/CADERNO26_1-150x150.png\" class=\"attachment-thumbnail size-thumbnail\" alt=\"\" srcset=\"https:\/\/sites.usp.br\/pexurb\/wp-content\/uploads\/sites\/716\/2021\/08\/CADERNO26_1-150x150.png 150w, https:\/\/sites.usp.br\/pexurb\/wp-content\/uploads\/sites\/716\/2021\/08\/CADERNO26_1-45x45.png 45w, https:\/\/sites.usp.br\/pexurb\/wp-content\/uploads\/sites\/716\/2021\/08\/CADERNO26_1-200x200.png 200w\" sizes=\"100vw\" \/><\/a>\n\t\t\t<\/div><\/figure><figure class='gallery-item'>\n\t\t\t<div class='gallery-icon landscape'>\n\t\t\t\t<a href='https:\/\/sites.usp.br\/pexurb\/wp-content\/uploads\/sites\/716\/2021\/06\/CADERNO22-e1624909540370.png'><img decoding=\"async\" width=\"150\" height=\"150\" src=\"https:\/\/sites.usp.br\/pexurb\/wp-content\/uploads\/sites\/716\/2021\/06\/CADERNO22-e1624909540370-150x150.png\" class=\"attachment-thumbnail size-thumbnail\" alt=\"\" srcset=\"https:\/\/sites.usp.br\/pexurb\/wp-content\/uploads\/sites\/716\/2021\/06\/CADERNO22-e1624909540370-150x150.png 150w, https:\/\/sites.usp.br\/pexurb\/wp-content\/uploads\/sites\/716\/2021\/06\/CADERNO22-e1624909540370-300x300.png 300w, https:\/\/sites.usp.br\/pexurb\/wp-content\/uploads\/sites\/716\/2021\/06\/CADERNO22-e1624909540370-45x45.png 45w, https:\/\/sites.usp.br\/pexurb\/wp-content\/uploads\/sites\/716\/2021\/06\/CADERNO22-e1624909540370-200x200.png 200w, https:\/\/sites.usp.br\/pexurb\/wp-content\/uploads\/sites\/716\/2021\/06\/CADERNO22-e1624909540370.png 400w\" sizes=\"100vw\" \/><\/a>\n\t\t\t<\/div><\/figure><figure class='gallery-item'>\n\t\t\t<div class='gallery-icon landscape'>\n\t\t\t\t<a href='https:\/\/sites.usp.br\/pexurb\/wp-content\/uploads\/sites\/716\/2021\/06\/CADERNO21-scaled.jpg'><img loading=\"lazy\" decoding=\"async\" width=\"150\" height=\"150\" src=\"https:\/\/sites.usp.br\/pexurb\/wp-content\/uploads\/sites\/716\/2021\/06\/CADERNO21-150x150.jpg\" class=\"attachment-thumbnail size-thumbnail\" alt=\"\" srcset=\"https:\/\/sites.usp.br\/pexurb\/wp-content\/uploads\/sites\/716\/2021\/06\/CADERNO21-150x150.jpg 150w, https:\/\/sites.usp.br\/pexurb\/wp-content\/uploads\/sites\/716\/2021\/06\/CADERNO21-45x45.jpg 45w, https:\/\/sites.usp.br\/pexurb\/wp-content\/uploads\/sites\/716\/2021\/06\/CADERNO21-200x200.jpg 200w\" sizes=\"100vw\" \/><\/a>\n\t\t\t<\/div><\/figure><figure class='gallery-item'>\n\t\t\t<div class='gallery-icon landscape'>\n\t\t\t\t<a href='https:\/\/sites.usp.br\/pexurb\/wp-content\/uploads\/sites\/716\/2021\/06\/CADERNO16.png'><img loading=\"lazy\" decoding=\"async\" width=\"150\" height=\"150\" src=\"https:\/\/sites.usp.br\/pexurb\/wp-content\/uploads\/sites\/716\/2021\/06\/CADERNO16-150x150.png\" class=\"attachment-thumbnail size-thumbnail\" alt=\"\" srcset=\"https:\/\/sites.usp.br\/pexurb\/wp-content\/uploads\/sites\/716\/2021\/06\/CADERNO16-150x150.png 150w, https:\/\/sites.usp.br\/pexurb\/wp-content\/uploads\/sites\/716\/2021\/06\/CADERNO16-45x45.png 45w, https:\/\/sites.usp.br\/pexurb\/wp-content\/uploads\/sites\/716\/2021\/06\/CADERNO16-200x200.png 200w\" sizes=\"100vw\" \/><\/a>\n\t\t\t<\/div><\/figure><figure class='gallery-item'>\n\t\t\t<div class='gallery-icon landscape'>\n\t\t\t\t<a href='https:\/\/sites.usp.br\/pexurb\/wp-content\/uploads\/sites\/716\/2021\/06\/CADERNO9-scaled.jpg'><img loading=\"lazy\" decoding=\"async\" width=\"150\" height=\"150\" src=\"https:\/\/sites.usp.br\/pexurb\/wp-content\/uploads\/sites\/716\/2021\/06\/CADERNO9-150x150.jpg\" class=\"attachment-thumbnail size-thumbnail\" alt=\"\" srcset=\"https:\/\/sites.usp.br\/pexurb\/wp-content\/uploads\/sites\/716\/2021\/06\/CADERNO9-150x150.jpg 150w, https:\/\/sites.usp.br\/pexurb\/wp-content\/uploads\/sites\/716\/2021\/06\/CADERNO9-45x45.jpg 45w, https:\/\/sites.usp.br\/pexurb\/wp-content\/uploads\/sites\/716\/2021\/06\/CADERNO9-200x200.jpg 200w\" sizes=\"100vw\" \/><\/a>\n\t\t\t<\/div><\/figure><figure class='gallery-item'>\n\t\t\t<div class='gallery-icon landscape'>\n\t\t\t\t<a href='https:\/\/sites.usp.br\/pexurb\/wp-content\/uploads\/sites\/716\/2021\/06\/CADERNO6-scaled.jpg'><img loading=\"lazy\" decoding=\"async\" width=\"150\" height=\"150\" src=\"https:\/\/sites.usp.br\/pexurb\/wp-content\/uploads\/sites\/716\/2021\/06\/CADERNO6-150x150.jpg\" class=\"attachment-thumbnail size-thumbnail\" alt=\"\" srcset=\"https:\/\/sites.usp.br\/pexurb\/wp-content\/uploads\/sites\/716\/2021\/06\/CADERNO6-150x150.jpg 150w, https:\/\/sites.usp.br\/pexurb\/wp-content\/uploads\/sites\/716\/2021\/06\/CADERNO6-45x45.jpg 45w, https:\/\/sites.usp.br\/pexurb\/wp-content\/uploads\/sites\/716\/2021\/06\/CADERNO6-200x200.jpg 200w\" sizes=\"100vw\" \/><\/a>\n\t\t\t<\/div><\/figure>\n\t\t<\/div>\n<\/div><\/div><\/div><\/div>","protected":false},"excerpt":{"rendered":"<p>&nbsp; Projeto urban\u00edstico para nova centralidade no munic\u00edpio de Lagarto-SE tendo em vista a implanta\u00e7\u00e3o do Hospital de Amor de Sergipe, destinado ao atendimento da regi\u00e3o Nordeste. Considerou aspectos culturais locais e regionais (como os povoados) e as condi\u00e7\u00f5es naturais do agreste. Buscou alternativas de crescimento urbano pelo combate aos modelos de dispers\u00e3o condominializados, segregados &hellip; <\/p>\n<p class=\"link-more\"><a href=\"https:\/\/sites.usp.br\/pexurb\/lagarto\/\" class=\"more-link\">Continue lendo<span class=\"screen-reader-text\"> &#8220;PROJETO URBAN\u00cdSTICO DE NOVA CENTRALIDADE EM LAGARTO-SE &#8211; HOSPITAL DE AMOR&#8221;<\/span><\/a><\/p>\n","protected":false},"author":21825,"featured_media":689,"parent":0,"menu_order":0,"comment_status":"closed","ping_status":"closed","template":"","meta":{"footnotes":"","_links_to":"","_links_to_target":""},"class_list":["post-423","page","type-page","status-publish","has-post-thumbnail","hentry"],"_links":{"self":[{"href":"https:\/\/sites.usp.br\/pexurb\/wp-json\/wp\/v2\/pages\/423","targetHints":{"allow":["GET"]}}],"collection":[{"href":"https:\/\/sites.usp.br\/pexurb\/wp-json\/wp\/v2\/pages"}],"about":[{"href":"https:\/\/sites.usp.br\/pexurb\/wp-json\/wp\/v2\/types\/page"}],"author":[{"embeddable":true,"href":"https:\/\/sites.usp.br\/pexurb\/wp-json\/wp\/v2\/users\/21825"}],"replies":[{"embeddable":true,"href":"https:\/\/sites.usp.br\/pexurb\/wp-json\/wp\/v2\/comments?post=423"}],"version-history":[{"count":4,"href":"https:\/\/sites.usp.br\/pexurb\/wp-json\/wp\/v2\/pages\/423\/revisions"}],"predecessor-version":[{"id":2383,"href":"https:\/\/sites.usp.br\/pexurb\/wp-json\/wp\/v2\/pages\/423\/revisions\/2383"}],"wp:featuredmedia":[{"embeddable":true,"href":"https:\/\/sites.usp.br\/pexurb\/wp-json\/wp\/v2\/media\/689"}],"wp:attachment":[{"href":"https:\/\/sites.usp.br\/pexurb\/wp-json\/wp\/v2\/media?parent=423"}],"curies":[{"name":"wp","href":"https:\/\/api.w.org\/{rel}","templated":true}]}}