{"id":79,"date":"2014-02-24T16:51:20","date_gmt":"2014-02-24T18:51:20","guid":{"rendered":"http:\/\/sites.usp.br\/pexurb\/?page_id=79"},"modified":"2026-03-16T19:02:49","modified_gmt":"2026-03-16T22:02:49","slug":"pagina-inicial","status":"publish","type":"page","link":"https:\/\/sites.usp.br\/pexurb\/","title":{"rendered":""},"content":{"rendered":"<div id=\"pl-79\"  class=\"panel-layout\" ><div id=\"pg-79-0\"  class=\"panel-grid panel-has-style\" ><div class=\"siteorigin-panels-stretch panel-row-style panel-row-style-for-79-0\" data-stretch-type=\"full-width-stretch\" ><div id=\"pgc-79-0-0\"  class=\"panel-grid-cell\" ><div id=\"panel-79-0-0-0\" class=\"so-panel widget widget_sow-hero panel-first-child\" data-index=\"0\" ><div class=\"panel-widget-style panel-widget-style-for-79-0-0-0\" ><div\n\t\t\t\n\t\t\tclass=\"so-widget-sow-hero so-widget-sow-hero-default-335d28d7342b-79\"\n\t\t\t\n\t\t>\t\t\t\t<div class=\"sow-slider-base\" style=\"display: none\" tabindex=\"0\">\n\t\t\t\t\t<ul\n\t\t\t\t\tclass=\"sow-slider-images\"\n\t\t\t\t\tdata-settings=\"{&quot;pagination&quot;:true,&quot;speed&quot;:300,&quot;timeout&quot;:4000,&quot;paused&quot;:false,&quot;pause_on_hover&quot;:false,&quot;swipe&quot;:true,&quot;nav_always_show_desktop&quot;:&quot;&quot;,&quot;nav_always_show_mobile&quot;:&quot;&quot;,&quot;breakpoint&quot;:&quot;780px&quot;,&quot;unmute&quot;:false,&quot;anchor&quot;:null}\"\n\t\t\t\t\tstyle=\"min-height: 400px\"\t\t\t\t\tdata-anchor-id=\"\"\n\t\t\t\t>\t\t<li class=\"sow-slider-image  sow-slider-image-cover\" style=\"visibility: visible;;background-color: #333333;background-image: url(https:\/\/sites.usp.br\/pexurb\/wp-content\/uploads\/sites\/716\/2025\/12\/Banners-Pagina-Inicial-7.png)\" >\n\t\t\t\t\t<div class=\"sow-slider-image-container\">\n\t\t\t<div class=\"sow-slider-image-wrapper\">\n\t\t\t\t\t\t\t<\/div>\n\t\t<\/div>\n\t\t\t\t<\/li>\n\t\t\t\t<li class=\"sow-slider-image  sow-slider-image-cover\" style=\"visibility: hidden;;background-color: #333333;cursor: pointer;\" data-background=\"url(https:\/\/sites.usp.br\/pexurb\/wp-content\/uploads\/sites\/716\/2025\/12\/Banners-Pagina-Inicial-5.png)\" data-url=\"{&quot;url&quot;:&quot;https:\\\/\\\/sites.usp.br\\\/pexurb\\\/projeto-de-extensao-do-pexurb-foi-reconhecido-pelo-premio-usp-de-impacto-social-2025\\\/&quot;,&quot;new_window&quot;:true}\" >\n\t\t\t\t\t<div class=\"sow-slider-image-container\">\n\t\t\t<div class=\"sow-slider-image-wrapper\">\n\t\t\t\t\t\t\t<\/div>\n\t\t<\/div>\n\t\t\t\t<\/li>\n\t\t\t\t<li class=\"sow-slider-image  sow-slider-image-cover\" style=\"visibility: hidden;;background-color: #333333;cursor: pointer;\" data-background=\"url(https:\/\/sites.usp.br\/pexurb\/wp-content\/uploads\/sites\/716\/2025\/11\/Banners-Pagina-Inicial-4.png)\" data-url=\"{&quot;url&quot;:&quot;https:\\\/\\\/sites.usp.br\\\/pexurb\\\/cop30-confira-a-participacao-do-coordenador-do-pexurb-na-conferencia\\\/&quot;,&quot;new_window&quot;:true}\" >\n\t\t\t\t\t<div class=\"sow-slider-image-container\">\n\t\t\t<div class=\"sow-slider-image-wrapper\">\n\t\t\t\t\t\t\t<\/div>\n\t\t<\/div>\n\t\t\t\t<\/li>\n\t\t\t\t<li class=\"sow-slider-image  sow-slider-image-cover\" style=\"visibility: hidden;;background-color: #333333;cursor: pointer;\" data-background=\"url(https:\/\/sites.usp.br\/pexurb\/wp-content\/uploads\/sites\/716\/2025\/10\/Banners-Pagina-Inicial-1.png)\" data-url=\"{&quot;url&quot;:&quot;https:\\\/\\\/sites.usp.br\\\/pexurb\\\/projetofapesp20232027\\\/&quot;,&quot;new_window&quot;:true}\" >\n\t\t\t\t\t<div class=\"sow-slider-image-container\">\n\t\t\t<div class=\"sow-slider-image-wrapper\">\n\t\t\t\t\t\t\t<\/div>\n\t\t<\/div>\n\t\t\t\t<\/li>\n\t\t\t\t<li class=\"sow-slider-image  sow-slider-image-cover\" style=\"visibility: hidden;;background-color: #333333;cursor: pointer;\" data-background=\"url(https:\/\/sites.usp.br\/pexurb\/wp-content\/uploads\/sites\/716\/2025\/10\/pArts-1.png)\" data-url=\"{&quot;url&quot;:&quot;https:\\\/\\\/sites.usp.br\\\/pexurb\\\/defesamestradoanacascaes\\\/&quot;,&quot;new_window&quot;:true}\" >\n\t\t\t\t\t<div class=\"sow-slider-image-container\">\n\t\t\t<div class=\"sow-slider-image-wrapper\">\n\t\t\t\t\t\t\t<\/div>\n\t\t<\/div>\n\t\t\t\t<\/li>\n\t\t\t\t<li class=\"sow-slider-image  sow-slider-image-cover\" style=\"visibility: hidden;;background-color: #333333;cursor: pointer;\" data-background=\"url(https:\/\/sites.usp.br\/pexurb\/wp-content\/uploads\/sites\/716\/2025\/07\/2.png)\" data-url=\"{&quot;url&quot;:&quot;https:\\\/\\\/sites.usp.br\\\/pexurb\\\/cordeiropolis\\\/&quot;,&quot;new_window&quot;:true}\" >\n\t\t\t\t\t<div class=\"sow-slider-image-container\">\n\t\t\t<div class=\"sow-slider-image-wrapper\">\n\t\t\t\t\t\t\t<\/div>\n\t\t<\/div>\n\t\t\t\t<\/li>\n\t\t\t\t<li class=\"sow-slider-image  sow-slider-image-cover\" style=\"visibility: hidden;;background-color: #333333;cursor: pointer;\" data-background=\"url(https:\/\/sites.usp.br\/pexurb\/wp-content\/uploads\/sites\/716\/2025\/07\/4.png)\" data-url=\"{&quot;url&quot;:&quot;https:\\\/\\\/sites.usp.br\\\/pexurb\\\/salesopolis\\\/&quot;,&quot;new_window&quot;:true}\" >\n\t\t\t\t\t<div class=\"sow-slider-image-container\">\n\t\t\t<div class=\"sow-slider-image-wrapper\">\n\t\t\t\t\t\t\t<\/div>\n\t\t<\/div>\n\t\t\t\t<\/li>\n\t\t\t\t<li class=\"sow-slider-image  sow-slider-image-cover\" style=\"visibility: hidden;;background-color: #333333;cursor: pointer;\" data-background=\"url(https:\/\/sites.usp.br\/pexurb\/wp-content\/uploads\/sites\/716\/2026\/03\/Banners-Pagina-Inicial-8.png)\" data-url=\"{&quot;url&quot;:&quot;https:\\\/\\\/sites.usp.br\\\/pexurb\\\/equipe\\\/&quot;,&quot;new_window&quot;:true}\" >\n\t\t\t\t\t<div class=\"sow-slider-image-container\">\n\t\t\t<div class=\"sow-slider-image-wrapper\">\n\t\t\t\t<p>Equipe PExURB<\/p>\n\t\t\t<\/div>\n\t\t<\/div>\n\t\t\t\t<\/li>\n\t\t<\/ul>\t\t\t\t<ol class=\"sow-slider-pagination\">\n\t\t\t\t\t\t\t\t\t\t\t<li><a href=\"#\" data-goto=\"0\" aria-label=\"Display slide 1\"><\/a><\/li>\n\t\t\t\t\t\t\t\t\t\t\t<li><a href=\"#\" data-goto=\"1\" aria-label=\"Display slide 2\"><\/a><\/li>\n\t\t\t\t\t\t\t\t\t\t\t<li><a href=\"#\" data-goto=\"2\" aria-label=\"Display slide 3\"><\/a><\/li>\n\t\t\t\t\t\t\t\t\t\t\t<li><a href=\"#\" data-goto=\"3\" aria-label=\"Display slide 4\"><\/a><\/li>\n\t\t\t\t\t\t\t\t\t\t\t<li><a href=\"#\" data-goto=\"4\" aria-label=\"Display slide 5\"><\/a><\/li>\n\t\t\t\t\t\t\t\t\t\t\t<li><a href=\"#\" data-goto=\"5\" aria-label=\"Display slide 6\"><\/a><\/li>\n\t\t\t\t\t\t\t\t\t\t\t<li><a href=\"#\" data-goto=\"6\" aria-label=\"Display slide 7\"><\/a><\/li>\n\t\t\t\t\t\t\t\t\t\t\t<li><a href=\"#\" data-goto=\"7\" aria-label=\"Display slide 8\"><\/a><\/li>\n\t\t\t\t\t\t\t\t\t<\/ol>\n\n\t\t\t\t<div class=\"sow-slide-nav sow-slide-nav-next\">\n\t\t\t\t\t<a href=\"#\" data-goto=\"next\" aria-label=\"Next slide\" data-action=\"next\">\n\t\t\t\t\t\t<em class=\"sow-sld-icon-thin-right\"><\/em>\n\t\t\t\t\t<\/a>\n\t\t\t\t<\/div>\n\n\t\t\t\t<div class=\"sow-slide-nav sow-slide-nav-prev\">\n\t\t\t\t\t<a href=\"#\" data-goto=\"previous\" aria-label=\"Previous slide\" data-action=\"prev\">\n\t\t\t\t\t\t<em class=\"sow-sld-icon-thin-left\"><\/em>\n\t\t\t\t\t<\/a>\n\t\t\t\t<\/div>\n\t\t\t\t<\/div><\/div><\/div><\/div><div id=\"panel-79-0-0-1\" class=\"so-panel widget widget_sow-post-carousel\" data-index=\"1\" ><div\n\t\t\t\n\t\t\tclass=\"so-widget-sow-post-carousel so-widget-sow-post-carousel-base-91ea7c9600d0-79\"\n\t\t\t\n\t\t>\t<div\n\t\tclass=\"sow-post-carousel-wrapper sow-post-carousel-theme-base\"\n\t\tstyle=\"overflow: hidden; max-width: 100%; min-height: 150px\"\n\t>\n\t\t<div class=\"sow-carousel-title has-title\">\n\t<h3 class=\"widget-title\">\u00daLTIMAS NOT\u00cdCIAS<\/h3>\t\t<div class=\"sow-carousel-navigation \">\n\t\t\t\t\t\t<a href=\"#\" class=\"sow-carousel-next\" title=\"Pr\u00f3ximo\" aria-label=\"Next Posts\" role=\"button\"><\/a>\n\t\t\t\t\t\t<a href=\"#\" class=\"sow-carousel-previous\" title=\"Anterior\" aria-label=\"Previous Posts\" role=\"button\"><\/a>\n\t\t\t\t\t<\/div>\n\t<\/div>\n\n<div class=\"sow-carousel-container \">\n\t\t<div class=\"sow-carousel-wrapper\"\n\t\tdata-dir=\"ltr\"\n\t\tstyle=\"opacity: 0;\"\n\t\tdata-widget=\"post\" data-fetching=\"false\" data-page=\"1\" data-ajax-url=\"https:\/\/sites.usp.br\/pexurb\/wp-admin\/admin-ajax.php?_widgets_nonce=d28b7ae51e\" data-item_count=\"10\" data-carousel_settings=\"{&quot;loop&quot;:true,&quot;animation&quot;:&quot;ease&quot;,&quot;animation_speed&quot;:400,&quot;autoplay&quot;:&quot;off&quot;,&quot;pauseOnHover&quot;:&quot;&quot;,&quot;autoplaySpeed&quot;:8000,&quot;item_overflow&quot;:true,&quot;autoplay_continuous_scroll&quot;:false}\" data-responsive=\"{&quot;desktop_slides_to_scroll&quot;:1,&quot;tablet_landscape_breakpoint&quot;:1366,&quot;tablet_landscape_slides_to_scroll&quot;:2,&quot;tablet_portrait_breakpoint&quot;:1025,&quot;tablet_portrait_slides_to_scroll&quot;:2,&quot;mobile_breakpoint&quot;:480,&quot;mobile_slides_to_scroll&quot;:1}\" data-variable_width=\"true\" \t>\n\t\t<div\n\t\t\tclass=\"sow-carousel-items\"\n\t\t\t\t\t>\n\t\t\t\t<div class=\"sow-carousel-item\" tabindex=\"-1\" style=\"float: left;\">\n\t\t<div class=\"sow-carousel-thumbnail\">\n\t\t\t\t\t\t\t<a\n\t\t\t\t\thref=\"https:\/\/sites.usp.br\/pexurb\/projeto-de-extensao-do-pexurb-foi-reconhecido-pelo-premio-usp-de-impacto-social-2025\/\"\n\t\t\t\t\ttarget=\"_blank\" rel=\"noopener noreferrer\"\t\t\t\t\tstyle=\"background-image: url( https:\/\/sites.usp.br\/pexurb\/wp-content\/uploads\/sites\/716\/2025\/12\/CAPAS-NOTICIAS-10-400x150.png )\"\n\t\t\t\t\taria-labelledby=\"sow-carousel-id-3634\"\n\t\t\t\t\ttabindex=\"-1\"\n\t\t\t\t>\n\t\t\t\t\t<span class=\"overlay\"><\/span>\n\t\t\t\t<\/a>\n\t\t\t\t\t<\/div>\n\t\t<h2 class=\"sow-carousel-item-title\">\n\t\t\t<a\n\t\t\t\thref=\"https:\/\/sites.usp.br\/pexurb\/projeto-de-extensao-do-pexurb-foi-reconhecido-pelo-premio-usp-de-impacto-social-2025\/\"\n\t\t\t\tid=\"sow-carousel-id-3634\"\n\t\t\t\ttarget=\"_blank\" rel=\"noopener noreferrer\"\t\t\t\ttabindex=\"-1\"\n\t\t\t>\n\n\t\t\t\tProjeto de extens\u00e3o do PExURB foi reconhecido pelo Pr\u00eamio USP de Impacto Social 2025\t\t\t<\/a>\n\t\t<\/h2>\n\t<\/div>\n\t\t<div class=\"sow-carousel-item\" tabindex=\"-1\" style=\"float: left;\">\n\t\t<div class=\"sow-carousel-thumbnail\">\n\t\t\t\t\t\t\t<a\n\t\t\t\t\thref=\"https:\/\/sites.usp.br\/pexurb\/cop30-confira-a-participacao-do-coordenador-do-pexurb-na-conferencia\/\"\n\t\t\t\t\ttarget=\"_blank\" rel=\"noopener noreferrer\"\t\t\t\t\tstyle=\"background-image: url( https:\/\/sites.usp.br\/pexurb\/wp-content\/uploads\/sites\/716\/2025\/11\/CAPAS-NOTICIAS-6-400x150.png )\"\n\t\t\t\t\taria-labelledby=\"sow-carousel-id-3504\"\n\t\t\t\t\ttabindex=\"-1\"\n\t\t\t\t>\n\t\t\t\t\t<span class=\"overlay\"><\/span>\n\t\t\t\t<\/a>\n\t\t\t\t\t<\/div>\n\t\t<h2 class=\"sow-carousel-item-title\">\n\t\t\t<a\n\t\t\t\thref=\"https:\/\/sites.usp.br\/pexurb\/cop30-confira-a-participacao-do-coordenador-do-pexurb-na-conferencia\/\"\n\t\t\t\tid=\"sow-carousel-id-3504\"\n\t\t\t\ttarget=\"_blank\" rel=\"noopener noreferrer\"\t\t\t\ttabindex=\"-1\"\n\t\t\t>\n\n\t\t\t\tCOP30: CONFIRA A PARTICIPA\u00c7\u00c3O DO COORDENADOR DO PExURB NA CONFER\u00caNCIA\t\t\t<\/a>\n\t\t<\/h2>\n\t<\/div>\n\t\t<div class=\"sow-carousel-item\" tabindex=\"-1\" style=\"float: left;\">\n\t\t<div class=\"sow-carousel-thumbnail\">\n\t\t\t\t\t\t\t<a\n\t\t\t\t\thref=\"https:\/\/sites.usp.br\/pexurb\/evento-pexurb-de-portas-abertas\/\"\n\t\t\t\t\ttarget=\"_blank\" rel=\"noopener noreferrer\"\t\t\t\t\tstyle=\"background-image: url( https:\/\/sites.usp.br\/pexurb\/wp-content\/uploads\/sites\/716\/2025\/11\/CAPAS-NOTICIAS-4-400x150.png )\"\n\t\t\t\t\taria-labelledby=\"sow-carousel-id-3490\"\n\t\t\t\t\ttabindex=\"-1\"\n\t\t\t\t>\n\t\t\t\t\t<span class=\"overlay\"><\/span>\n\t\t\t\t<\/a>\n\t\t\t\t\t<\/div>\n\t\t<h2 class=\"sow-carousel-item-title\">\n\t\t\t<a\n\t\t\t\thref=\"https:\/\/sites.usp.br\/pexurb\/evento-pexurb-de-portas-abertas\/\"\n\t\t\t\tid=\"sow-carousel-id-3490\"\n\t\t\t\ttarget=\"_blank\" rel=\"noopener noreferrer\"\t\t\t\ttabindex=\"-1\"\n\t\t\t>\n\n\t\t\t\tEVENTO: PExURB DE PORTAS ABERTAS\t\t\t<\/a>\n\t\t<\/h2>\n\t<\/div>\n\t\t<div class=\"sow-carousel-item\" tabindex=\"-1\" style=\"float: left;\">\n\t\t<div class=\"sow-carousel-thumbnail\">\n\t\t\t\t\t\t\t<a\n\t\t\t\t\thref=\"https:\/\/sites.usp.br\/pexurb\/defesamestradoanacascaes\/\"\n\t\t\t\t\ttarget=\"_blank\" rel=\"noopener noreferrer\"\t\t\t\t\tstyle=\"background-image: url( https:\/\/sites.usp.br\/pexurb\/wp-content\/uploads\/sites\/716\/2025\/10\/CAPAS-NOTICIAS-400x150.png )\"\n\t\t\t\t\taria-labelledby=\"sow-carousel-id-3356\"\n\t\t\t\t\ttabindex=\"-1\"\n\t\t\t\t>\n\t\t\t\t\t<span class=\"overlay\"><\/span>\n\t\t\t\t<\/a>\n\t\t\t\t\t<\/div>\n\t\t<h2 class=\"sow-carousel-item-title\">\n\t\t\t<a\n\t\t\t\thref=\"https:\/\/sites.usp.br\/pexurb\/defesamestradoanacascaes\/\"\n\t\t\t\tid=\"sow-carousel-id-3356\"\n\t\t\t\ttarget=\"_blank\" rel=\"noopener noreferrer\"\t\t\t\ttabindex=\"-1\"\n\t\t\t>\n\n\t\t\t\tDEFESA DE MESTRADO: Ana Paula Cascaes defende disserta\u00e7\u00e3o sobre a ocupa\u00e7\u00e3o de \u00e1reas \u00famidas em Macap\u00e1-AP\t\t\t<\/a>\n\t\t<\/h2>\n\t<\/div>\n\t\t<div class=\"sow-carousel-item\" tabindex=\"-1\" style=\"float: left;\">\n\t\t<div class=\"sow-carousel-thumbnail\">\n\t\t\t\t\t\t\t<a\n\t\t\t\t\thref=\"https:\/\/sites.usp.br\/pexurb\/coloquio-planejamento-no-brasil-e-america-latina-pexurb-articula-dialogo-entre-grupos-de-pesquisa-da-usp\/\"\n\t\t\t\t\ttarget=\"_blank\" rel=\"noopener noreferrer\"\t\t\t\t\tstyle=\"background-image: url( https:\/\/sites.usp.br\/pexurb\/wp-content\/uploads\/sites\/716\/2025\/10\/CAPAS-NOTICIAS-3-400x150.png )\"\n\t\t\t\t\taria-labelledby=\"sow-carousel-id-3138\"\n\t\t\t\t\ttabindex=\"-1\"\n\t\t\t\t>\n\t\t\t\t\t<span class=\"overlay\"><\/span>\n\t\t\t\t<\/a>\n\t\t\t\t\t<\/div>\n\t\t<h2 class=\"sow-carousel-item-title\">\n\t\t\t<a\n\t\t\t\thref=\"https:\/\/sites.usp.br\/pexurb\/coloquio-planejamento-no-brasil-e-america-latina-pexurb-articula-dialogo-entre-grupos-de-pesquisa-da-usp\/\"\n\t\t\t\tid=\"sow-carousel-id-3138\"\n\t\t\t\ttarget=\"_blank\" rel=\"noopener noreferrer\"\t\t\t\ttabindex=\"-1\"\n\t\t\t>\n\n\t\t\t\tCol\u00f3quio \u201cPlanejamento no Brasil e Am\u00e9rica Latina\u201d: PExURB articula di\u00e1logo entre grupos de pesquisa da USP\t\t\t<\/a>\n\t\t<\/h2>\n\t<\/div>\n\t\t<div class=\"sow-carousel-item\" tabindex=\"-1\" style=\"float: left;\">\n\t\t<div class=\"sow-carousel-thumbnail\">\n\t\t\t\t\t\t\t<a\n\t\t\t\t\thref=\"https:\/\/sites.usp.br\/pexurb\/aconteceudisciplinacidadesextremas\/\"\n\t\t\t\t\ttarget=\"_blank\" rel=\"noopener noreferrer\"\t\t\t\t\tstyle=\"background-image: url( https:\/\/sites.usp.br\/pexurb\/wp-content\/uploads\/sites\/716\/2025\/08\/CAPAS-NOTICIAS-8-400x150.png )\"\n\t\t\t\t\taria-labelledby=\"sow-carousel-id-3512\"\n\t\t\t\t\ttabindex=\"-1\"\n\t\t\t\t>\n\t\t\t\t\t<span class=\"overlay\"><\/span>\n\t\t\t\t<\/a>\n\t\t\t\t\t<\/div>\n\t\t<h2 class=\"sow-carousel-item-title\">\n\t\t\t<a\n\t\t\t\thref=\"https:\/\/sites.usp.br\/pexurb\/aconteceudisciplinacidadesextremas\/\"\n\t\t\t\tid=\"sow-carousel-id-3512\"\n\t\t\t\ttarget=\"_blank\" rel=\"noopener noreferrer\"\t\t\t\ttabindex=\"-1\"\n\t\t\t>\n\n\t\t\t\tDisciplina em formato de Workshop Internacional \u201cCidades Extremas, Cidade Cr\u00edtica\u201d promoveu proposi\u00e7\u00f5es para enfrentar mudan\u00e7as clim\u00e1ticas no territ\u00f3rio\t\t\t<\/a>\n\t\t<\/h2>\n\t<\/div>\n\t\t<div class=\"sow-carousel-item\" tabindex=\"-1\" style=\"float: left;\">\n\t\t<div class=\"sow-carousel-thumbnail\">\n\t\t\t\t\t\t\t<a\n\t\t\t\t\thref=\"https:\/\/sites.usp.br\/pexurb\/aconteceuseminariomudancasclimaticasecidades\/\"\n\t\t\t\t\ttarget=\"_blank\" rel=\"noopener noreferrer\"\t\t\t\t\tstyle=\"background-image: url( https:\/\/sites.usp.br\/pexurb\/wp-content\/uploads\/sites\/716\/2025\/08\/CAPAS-NOTICIAS-7-400x150.png )\"\n\t\t\t\t\taria-labelledby=\"sow-carousel-id-3507\"\n\t\t\t\t\ttabindex=\"-1\"\n\t\t\t\t>\n\t\t\t\t\t<span class=\"overlay\"><\/span>\n\t\t\t\t<\/a>\n\t\t\t\t\t<\/div>\n\t\t<h2 class=\"sow-carousel-item-title\">\n\t\t\t<a\n\t\t\t\thref=\"https:\/\/sites.usp.br\/pexurb\/aconteceuseminariomudancasclimaticasecidades\/\"\n\t\t\t\tid=\"sow-carousel-id-3507\"\n\t\t\t\ttarget=\"_blank\" rel=\"noopener noreferrer\"\t\t\t\ttabindex=\"-1\"\n\t\t\t>\n\n\t\t\t\tSemin\u00e1rio \u201cMudan\u00e7as Clim\u00e1ticas e Cidades\u201d reuniu pesquisadores para discutir os impactos das mudan\u00e7as clim\u00e1ticas nas cidades brasileiras\t\t\t<\/a>\n\t\t<\/h2>\n\t<\/div>\n\t\t<div class=\"sow-carousel-item\" tabindex=\"-1\" style=\"float: left;\">\n\t\t<div class=\"sow-carousel-thumbnail\">\n\t\t\t\t\t\t\t<a\n\t\t\t\t\thref=\"https:\/\/sites.usp.br\/pexurb\/evento-mudancas-climaticas-e-cidades-2\/\"\n\t\t\t\t\ttarget=\"_blank\" rel=\"noopener noreferrer\"\t\t\t\t\tstyle=\"background-image: url( https:\/\/sites.usp.br\/pexurb\/wp-content\/uploads\/sites\/716\/2025\/07\/V-CIDADE-E-AMBIENTE-CAPA-FACEBOOK-3-400x150.png )\"\n\t\t\t\t\taria-labelledby=\"sow-carousel-id-2634\"\n\t\t\t\t\ttabindex=\"-1\"\n\t\t\t\t>\n\t\t\t\t\t<span class=\"overlay\"><\/span>\n\t\t\t\t<\/a>\n\t\t\t\t\t<\/div>\n\t\t<h2 class=\"sow-carousel-item-title\">\n\t\t\t<a\n\t\t\t\thref=\"https:\/\/sites.usp.br\/pexurb\/evento-mudancas-climaticas-e-cidades-2\/\"\n\t\t\t\tid=\"sow-carousel-id-2634\"\n\t\t\t\ttarget=\"_blank\" rel=\"noopener noreferrer\"\t\t\t\ttabindex=\"-1\"\n\t\t\t>\n\n\t\t\t\tINSCRI\u00c7\u00d5ES ABERTAS PARA O EVENTO &#8220;MUDAN\u00c7AS CLIM\u00c1TICAS E CIDADES&#8221;\t\t\t<\/a>\n\t\t<\/h2>\n\t<\/div>\n\t\t<div class=\"sow-carousel-item\" tabindex=\"-1\" style=\"float: left;\">\n\t\t<div class=\"sow-carousel-thumbnail\">\n\t\t\t\t\t\t\t<a\n\t\t\t\t\thref=\"https:\/\/sites.usp.br\/pexurb\/abertas-ate-cidades-extremas-cidade-critica\/\"\n\t\t\t\t\ttarget=\"_blank\" rel=\"noopener noreferrer\"\t\t\t\t\tstyle=\"background-image: url( https:\/\/sites.usp.br\/pexurb\/wp-content\/uploads\/sites\/716\/2025\/07\/1100x440-pos-400x150.png )\"\n\t\t\t\t\taria-labelledby=\"sow-carousel-id-2714\"\n\t\t\t\t\ttabindex=\"-1\"\n\t\t\t\t>\n\t\t\t\t\t<span class=\"overlay\"><\/span>\n\t\t\t\t<\/a>\n\t\t\t\t\t<\/div>\n\t\t<h2 class=\"sow-carousel-item-title\">\n\t\t\t<a\n\t\t\t\thref=\"https:\/\/sites.usp.br\/pexurb\/abertas-ate-cidades-extremas-cidade-critica\/\"\n\t\t\t\tid=\"sow-carousel-id-2714\"\n\t\t\t\ttarget=\"_blank\" rel=\"noopener noreferrer\"\t\t\t\ttabindex=\"-1\"\n\t\t\t>\n\n\t\t\t\tABERTAS AS MATR\u00cdCULAS DA DISCIPLINA CONCENTRADA DO PPGAU IAU USP \u201cCIDADES EXTREMAS, CIDADE CR\u00cdTICA\u201d\t\t\t<\/a>\n\t\t<\/h2>\n\t<\/div>\n\t\t<div class=\"sow-carousel-item\" tabindex=\"-1\" style=\"float: left;\">\n\t\t<div class=\"sow-carousel-thumbnail\">\n\t\t\t\t\t\t\t<a\n\t\t\t\t\thref=\"https:\/\/sites.usp.br\/pexurb\/matriculas-abertas-para-disciplina-concentrada-da-graduacao\/\"\n\t\t\t\t\ttarget=\"_blank\" rel=\"noopener noreferrer\"\t\t\t\t\tstyle=\"background-image: url( https:\/\/sites.usp.br\/pexurb\/wp-content\/uploads\/sites\/716\/2025\/06\/1100x440-graduacao-400x150.png )\"\n\t\t\t\t\taria-labelledby=\"sow-carousel-id-2659\"\n\t\t\t\t\ttabindex=\"-1\"\n\t\t\t\t>\n\t\t\t\t\t<span class=\"overlay\"><\/span>\n\t\t\t\t<\/a>\n\t\t\t\t\t<\/div>\n\t\t<h2 class=\"sow-carousel-item-title\">\n\t\t\t<a\n\t\t\t\thref=\"https:\/\/sites.usp.br\/pexurb\/matriculas-abertas-para-disciplina-concentrada-da-graduacao\/\"\n\t\t\t\tid=\"sow-carousel-id-2659\"\n\t\t\t\ttarget=\"_blank\" rel=\"noopener noreferrer\"\t\t\t\ttabindex=\"-1\"\n\t\t\t>\n\n\t\t\t\tABERTAS AS MATR\u00cdCULAS PARA A DISCIPLINA CONCENTRADA DE GRADUA\u00c7\u00c3O DO IAU USP &#8220;CIDADES EXTREMAS, CIDADE CR\u00cdTICA&#8221;\t\t\t<\/a>\n\t\t<\/h2>\n\t<\/div>\n\t\t\t<\/div>\n\t\t\t<\/div>\n\n\t<\/div>\n\t\t<input type=\"hidden\" name=\"instance_hash\" value=\"6a7de7a0\"\/>\n\t<\/div>\n<\/div><\/div><div id=\"panel-79-0-0-2\" class=\"so-panel widget widget_text panel-last-child\" data-index=\"2\" ><h3 class=\"widget-title\">SOBRE<\/h3>\t\t\t<div class=\"textwidget\"><p style=\"text-align: justify;\">O INFRA (Investiga\u00e7\u00f5es em Infraestrutura: natureza, formas, redes e ambiente urbano) est\u00e1 sediado no Instituto de Arquitetura e Urbanismo da USP (IAU\/USP) e \u00e9 integrado por docentes e discentes de gradua\u00e7\u00e3o e p\u00f3s-gradua\u00e7\u00e3o. Entre 2017 e 2025 atuou de forma pioneira como PExURB. Diante dos novos desafios, direcionou seu enfoque para as diferentes escalas do planejamento, das pol\u00edticas p\u00fablicas e da governan\u00e7a. As a\u00e7\u00f5es est\u00e3o relacionadas a mudan\u00e7as clim\u00e1ticas, eventos extremos, mitiga\u00e7\u00e3o, resili\u00eancia e adaptabilidade nas cidades brasileiras. Os trabalhos ocorrem por meio de assessorias, conv\u00eanios, parcerias em pesquisa, ensino e extens\u00e3o para o combate \u00e0 segrega\u00e7\u00e3o e \u00e0s desigualdades.<\/p>\n<\/div>\n\t\t<\/div><\/div><\/div><\/div><\/div>","protected":false},"excerpt":{"rendered":"<p>O INFRA (Investiga\u00e7\u00f5es em Infraestrutura: natureza, formas, redes e ambiente urbano) est\u00e1 sediado no Instituto de Arquitetura e Urbanismo da USP (IAU\/USP) e \u00e9 integrado por docentes e discentes de gradua\u00e7\u00e3o e p\u00f3s-gradua\u00e7\u00e3o. Entre 2017 e 2025 atuou de forma pioneira como PExURB. Diante dos novos desafios, direcionou seu enfoque para as diferentes escalas do &hellip; <\/p>\n<p class=\"link-more\"><a href=\"https:\/\/sites.usp.br\/pexurb\/\" class=\"more-link\">Continue lendo<span class=\"screen-reader-text\"> &#8220;&#8221;<\/span><\/a><\/p>\n","protected":false},"author":1,"featured_media":0,"parent":0,"menu_order":0,"comment_status":"closed","ping_status":"closed","template":"","meta":{"footnotes":"","_links_to":"","_links_to_target":""},"class_list":["post-79","page","type-page","status-publish","hentry"],"_links":{"self":[{"href":"https:\/\/sites.usp.br\/pexurb\/wp-json\/wp\/v2\/pages\/79","targetHints":{"allow":["GET"]}}],"collection":[{"href":"https:\/\/sites.usp.br\/pexurb\/wp-json\/wp\/v2\/pages"}],"about":[{"href":"https:\/\/sites.usp.br\/pexurb\/wp-json\/wp\/v2\/types\/page"}],"author":[{"embeddable":true,"href":"https:\/\/sites.usp.br\/pexurb\/wp-json\/wp\/v2\/users\/1"}],"replies":[{"embeddable":true,"href":"https:\/\/sites.usp.br\/pexurb\/wp-json\/wp\/v2\/comments?post=79"}],"version-history":[{"count":4,"href":"https:\/\/sites.usp.br\/pexurb\/wp-json\/wp\/v2\/pages\/79\/revisions"}],"predecessor-version":[{"id":3841,"href":"https:\/\/sites.usp.br\/pexurb\/wp-json\/wp\/v2\/pages\/79\/revisions\/3841"}],"wp:attachment":[{"href":"https:\/\/sites.usp.br\/pexurb\/wp-json\/wp\/v2\/media?parent=79"}],"curies":[{"name":"wp","href":"https:\/\/api.w.org\/{rel}","templated":true}]}}