{"id":962,"date":"2021-07-24T19:18:32","date_gmt":"2021-07-24T21:18:32","guid":{"rendered":"https:\/\/sites.usp.br\/pexurb\/?page_id=962"},"modified":"2025-06-27T19:44:13","modified_gmt":"2025-06-27T21:44:13","slug":"banhado","status":"publish","type":"page","link":"https:\/\/sites.usp.br\/pexurb\/banhado\/","title":{"rendered":"PLANO POPULAR DE URBANIZA\u00c7\u00c3O E REGULARIZA\u00c7\u00c3O FUNDI\u00c1RIA DO BANHADO"},"content":{"rendered":"<div id=\"pl-962\"  class=\"panel-layout\" ><div id=\"pg-962-0\"  class=\"panel-grid panel-no-style\" ><div id=\"pgc-962-0-0\"  class=\"panel-grid-cell\" ><div id=\"panel-962-0-0-0\" class=\"so-panel widget widget_text panel-first-child\" data-index=\"0\" >\t\t\t<div class=\"textwidget\"><p>&nbsp;<\/p>\n<p style=\"text-align: justify;\">\n<p>Plano e projeto urban\u00edstico formulados como alternativa \u00e0 pol\u00edtica p\u00fablica municipal de remo\u00e7\u00e3o dos moradores da Vila Nova Esperan\u00e7a (S\u00e3o Jos\u00e9 dos Campos-SP) para constru\u00e7\u00e3o de dispositivos vi\u00e1rios no Banhado. Enfrentou o dilema da urbaniza\u00e7\u00e3o brasileira propondo um desenvolvimento urbano articulado ao desenvolvimento ambiental. Formulado integralmente com a comunidade e agentes sociais. Envolveu o IAU-USP, a Engenharia Ambiental e a Engenharia Civil da EESC-USP, e a Faculdade de Direito de Ribeir\u00e3o Preto (FDRP-USP). Contou com a parceria da Defensoria P\u00fablica do Estado de S\u00e3o Paulo, da Universidade Federal da Bahia (UFBA), Universidade do Vale do Para\u00edba (UNIVAP), Veracidade, Mait\u00e1, Associa\u00e7\u00e3o Comunit\u00e1ria do Banhado, Jardim Nova Esperan\u00e7a.<\/p>\n<p><b>Per\u00edodo de elabora\u00e7\u00e3o:<\/b><span style=\"font-weight: 400;\"> 2018-2019<\/span><\/p>\n<p><strong>Coordenadores e colaboradores:<\/strong> Jeferson Tavares (coordenador e respons\u00e1vel t\u00e9cnico); Marcel Fantin (coordenador); Marcelo Monta\u00f1o; Fabiana Cristina Severi; Paulo Romano Reschilian; Fabiana Felix do Amaral e Silva; Lidiane Maria Maciel; Douglas Almeida; J\u00falio Cesar Pedrassoli; Jairo Salvador de Souza<\/p>\n<p><strong>Equipe estudantes IAU-USP:<\/strong> Ana Lu\u00edsa Figueiredo, Ana Vict\u00f3ria Silva Gon\u00e7alves, Augusto Cesar Oyama, Breno Malheiros de Melo, Camila Mariana G. V. da Rocha, Desir\u00e9e Figueiredo Carneiro, Edimilson Rodrigues dos Santos Junior, Erick Rodrigues de Souza, Guilherme Nelli Zaratine, Isadora Santilli Neves, Ivan Langone Francioni Coelho, J\u00falia Catalbiano S. Vianna Carvalho Rosas, Marcela Cordeiro Carneiro, Marcelo Fernandez Baca dos Santos, Mariana Balieiro Rodrigues, Natalia Mayumi Bernardino Tamanaka, Renan Santos Gomez<\/p>\n<p><strong>Trabalhos t\u00e9cnicos:<\/strong> Oficinas de Estudo, Forma\u00e7\u00e3o e Pr\u00e1tica Profissional em ATHIS (3), pesquisa de campo, invent\u00e1rio participativo, reuni\u00f5es com a comunidade para formula\u00e7\u00e3o do plano (6), capacita\u00e7\u00e3o de moradores (2). Envolvimento de lideran\u00e7as comunit\u00e1rias, sociedade civil e t\u00e9cnicos<\/p>\n<p><strong>Recursos:<\/strong> CAU\/SP, USP: Pr\u00f3-Reitoria de Gradua\u00e7\u00e3o<\/p>\n<p><strong>Parcerias:<\/strong> Formulado integralmente com a comunidade e agentes sociais. Envolveu o IAU-USP, a Engenharia Ambiental e a Engenharia Civil da EESC-USP, e a Faculdade de Direito de Ribeir\u00e3o Preto (FDRP-USP). Contou com a parceria da Defensoria P\u00fablica do Estado de S\u00e3o Paulo, da Universidade Federal da Bahia (UFBA), Universidade do Vale do Para\u00edba (UNIVAP), Veracidade, Mait\u00e1, Associa\u00e7\u00e3o Comunit\u00e1ria do Banhado, Jardim Nova Esperan\u00e7a.<\/p>\n<p><strong>Popula\u00e7\u00e3o atendida (aproximada):<\/strong> 2.000 pessoas (diretamente)<\/p>\n<p><strong>\u00c1rea Beneficiada (aproximada):<\/strong> 420.000m\u00b2 (diretamente) e 5.717.998,48 m\u00b2 (indiretamente)<\/p>\n<p style=\"text-align: justify;\">Frente \u00e0 iniciativa de remo\u00e7\u00e3o de 460 fam\u00edlias assentadas na comunidade do Banhado (Jardim Nova Esperan\u00e7a, S\u00e3o Jos\u00e9 dos Campos-SP), o PExURB coordenou a elabora\u00e7\u00e3o de um plano de urbaniza\u00e7\u00e3o e regulariza\u00e7\u00e3o fundi\u00e1ria como estudo sobre a viabilidade de perman\u00eancia segura da comunidade. As solu\u00e7\u00f5es utilizadas buscaram garantir uma infraestrutura ramificada orientada pelo zoneamento ambiental e pelos instrumentos legais de regulariza\u00e7\u00e3o fundi\u00e1ria que ordenam uma rede de servi\u00e7os e atividades produtivas buscando atender \u00e0 perman\u00eancia dos moradores no Banhado a fim de serem reconhecidos como parte leg\u00edtima da cidade. Nesse plano, os elementos centrais foram a valoriza\u00e7\u00e3o da \u00e1gua, o uso intensivo de infraestruturas e as diferentes escalas da inser\u00e7\u00e3o do trabalho na sociedade, articulando os interesses sociais aos ambientais.<\/p>\n<p>&nbsp;<\/p>\n<\/div>\n\t\t<\/div><div id=\"panel-962-0-0-1\" class=\"so-panel widget widget_media_gallery panel-last-child\" data-index=\"1\" ><div id='gallery-1' class='gallery galleryid-962 gallery-columns-3 gallery-size-thumbnail'><figure class='gallery-item'>\n\t\t\t<div class='gallery-icon landscape'>\n\t\t\t\t<a href='https:\/\/sites.usp.br\/pexurb\/wp-content\/uploads\/sites\/716\/2021\/08\/Praca-da-feira-voo-de-passaro-3.2.png'><img decoding=\"async\" width=\"150\" height=\"150\" src=\"https:\/\/sites.usp.br\/pexurb\/wp-content\/uploads\/sites\/716\/2021\/08\/Praca-da-feira-voo-de-passaro-3.2-150x150.png\" class=\"attachment-thumbnail size-thumbnail\" alt=\"\" srcset=\"https:\/\/sites.usp.br\/pexurb\/wp-content\/uploads\/sites\/716\/2021\/08\/Praca-da-feira-voo-de-passaro-3.2-150x150.png 150w, https:\/\/sites.usp.br\/pexurb\/wp-content\/uploads\/sites\/716\/2021\/08\/Praca-da-feira-voo-de-passaro-3.2-300x300.png 300w, https:\/\/sites.usp.br\/pexurb\/wp-content\/uploads\/sites\/716\/2021\/08\/Praca-da-feira-voo-de-passaro-3.2-45x45.png 45w, https:\/\/sites.usp.br\/pexurb\/wp-content\/uploads\/sites\/716\/2021\/08\/Praca-da-feira-voo-de-passaro-3.2-200x200.png 200w, https:\/\/sites.usp.br\/pexurb\/wp-content\/uploads\/sites\/716\/2021\/08\/Praca-da-feira-voo-de-passaro-3.2-400x399.png 400w, https:\/\/sites.usp.br\/pexurb\/wp-content\/uploads\/sites\/716\/2021\/08\/Praca-da-feira-voo-de-passaro-3.2.png 607w\" sizes=\"100vw\" \/><\/a>\n\t\t\t<\/div><\/figure><figure class='gallery-item'>\n\t\t\t<div class='gallery-icon landscape'>\n\t\t\t\t<a href='https:\/\/sites.usp.br\/pexurb\/wp-content\/uploads\/sites\/716\/2021\/07\/19.1_galpao.png'><img decoding=\"async\" width=\"150\" height=\"150\" src=\"https:\/\/sites.usp.br\/pexurb\/wp-content\/uploads\/sites\/716\/2021\/07\/19.1_galpao-150x150.png\" class=\"attachment-thumbnail size-thumbnail\" alt=\"\" srcset=\"https:\/\/sites.usp.br\/pexurb\/wp-content\/uploads\/sites\/716\/2021\/07\/19.1_galpao-150x150.png 150w, https:\/\/sites.usp.br\/pexurb\/wp-content\/uploads\/sites\/716\/2021\/07\/19.1_galpao-45x45.png 45w, https:\/\/sites.usp.br\/pexurb\/wp-content\/uploads\/sites\/716\/2021\/07\/19.1_galpao-200x200.png 200w\" sizes=\"100vw\" \/><\/a>\n\t\t\t<\/div><\/figure><figure class='gallery-item'>\n\t\t\t<div class='gallery-icon landscape'>\n\t\t\t\t<a href='https:\/\/sites.usp.br\/pexurb\/wp-content\/uploads\/sites\/716\/2021\/07\/22.5_campo-de-futebol.png'><img decoding=\"async\" width=\"150\" height=\"150\" src=\"https:\/\/sites.usp.br\/pexurb\/wp-content\/uploads\/sites\/716\/2021\/07\/22.5_campo-de-futebol-150x150.png\" class=\"attachment-thumbnail size-thumbnail\" alt=\"\" srcset=\"https:\/\/sites.usp.br\/pexurb\/wp-content\/uploads\/sites\/716\/2021\/07\/22.5_campo-de-futebol-150x150.png 150w, https:\/\/sites.usp.br\/pexurb\/wp-content\/uploads\/sites\/716\/2021\/07\/22.5_campo-de-futebol-45x45.png 45w, https:\/\/sites.usp.br\/pexurb\/wp-content\/uploads\/sites\/716\/2021\/07\/22.5_campo-de-futebol-200x200.png 200w\" sizes=\"100vw\" \/><\/a>\n\t\t\t<\/div><\/figure><figure class='gallery-item'>\n\t\t\t<div class='gallery-icon landscape'>\n\t\t\t\t<a href='https:\/\/sites.usp.br\/pexurb\/wp-content\/uploads\/sites\/716\/2021\/07\/9-Esquema.png'><img loading=\"lazy\" decoding=\"async\" width=\"150\" height=\"150\" src=\"https:\/\/sites.usp.br\/pexurb\/wp-content\/uploads\/sites\/716\/2021\/07\/9-Esquema-150x150.png\" class=\"attachment-thumbnail size-thumbnail\" alt=\"\" srcset=\"https:\/\/sites.usp.br\/pexurb\/wp-content\/uploads\/sites\/716\/2021\/07\/9-Esquema-150x150.png 150w, https:\/\/sites.usp.br\/pexurb\/wp-content\/uploads\/sites\/716\/2021\/07\/9-Esquema-45x45.png 45w, https:\/\/sites.usp.br\/pexurb\/wp-content\/uploads\/sites\/716\/2021\/07\/9-Esquema-200x200.png 200w\" sizes=\"100vw\" \/><\/a>\n\t\t\t<\/div><\/figure><figure class='gallery-item'>\n\t\t\t<div class='gallery-icon portrait'>\n\t\t\t\t<a href='https:\/\/sites.usp.br\/pexurb\/wp-content\/uploads\/sites\/716\/2021\/07\/explosao-V2-final-jpeg-scaled.jpg'><img loading=\"lazy\" decoding=\"async\" width=\"150\" height=\"150\" src=\"https:\/\/sites.usp.br\/pexurb\/wp-content\/uploads\/sites\/716\/2021\/07\/explosao-V2-final-jpeg-150x150.jpg\" class=\"attachment-thumbnail size-thumbnail\" alt=\"\" srcset=\"https:\/\/sites.usp.br\/pexurb\/wp-content\/uploads\/sites\/716\/2021\/07\/explosao-V2-final-jpeg-150x150.jpg 150w, https:\/\/sites.usp.br\/pexurb\/wp-content\/uploads\/sites\/716\/2021\/07\/explosao-V2-final-jpeg-45x45.jpg 45w, https:\/\/sites.usp.br\/pexurb\/wp-content\/uploads\/sites\/716\/2021\/07\/explosao-V2-final-jpeg-200x200.jpg 200w\" sizes=\"100vw\" \/><\/a>\n\t\t\t<\/div><\/figure><figure class='gallery-item'>\n\t\t\t<div class='gallery-icon landscape'>\n\t\t\t\t<a href='https:\/\/sites.usp.br\/pexurb\/wp-content\/uploads\/sites\/716\/2021\/07\/imagem1banhado-1.png'><img loading=\"lazy\" decoding=\"async\" width=\"150\" height=\"150\" src=\"https:\/\/sites.usp.br\/pexurb\/wp-content\/uploads\/sites\/716\/2021\/07\/imagem1banhado-1-150x150.png\" class=\"attachment-thumbnail size-thumbnail\" alt=\"\" srcset=\"https:\/\/sites.usp.br\/pexurb\/wp-content\/uploads\/sites\/716\/2021\/07\/imagem1banhado-1-150x150.png 150w, https:\/\/sites.usp.br\/pexurb\/wp-content\/uploads\/sites\/716\/2021\/07\/imagem1banhado-1-45x45.png 45w, https:\/\/sites.usp.br\/pexurb\/wp-content\/uploads\/sites\/716\/2021\/07\/imagem1banhado-1-200x200.png 200w\" sizes=\"100vw\" \/><\/a>\n\t\t\t<\/div><\/figure><figure class='gallery-item'>\n\t\t\t<div class='gallery-icon landscape'>\n\t\t\t\t<a href='https:\/\/sites.usp.br\/pexurb\/wp-content\/uploads\/sites\/716\/2021\/06\/19.2_vila-ferroviaria.png'><img loading=\"lazy\" decoding=\"async\" width=\"150\" height=\"150\" src=\"https:\/\/sites.usp.br\/pexurb\/wp-content\/uploads\/sites\/716\/2021\/06\/19.2_vila-ferroviaria-150x150.png\" class=\"attachment-thumbnail size-thumbnail\" alt=\"\" srcset=\"https:\/\/sites.usp.br\/pexurb\/wp-content\/uploads\/sites\/716\/2021\/06\/19.2_vila-ferroviaria-150x150.png 150w, https:\/\/sites.usp.br\/pexurb\/wp-content\/uploads\/sites\/716\/2021\/06\/19.2_vila-ferroviaria-45x45.png 45w, https:\/\/sites.usp.br\/pexurb\/wp-content\/uploads\/sites\/716\/2021\/06\/19.2_vila-ferroviaria-200x200.png 200w\" sizes=\"100vw\" \/><\/a>\n\t\t\t<\/div><\/figure><figure class='gallery-item'>\n\t\t\t<div class='gallery-icon landscape'>\n\t\t\t\t<a href='https:\/\/sites.usp.br\/pexurb\/wp-content\/uploads\/sites\/716\/2021\/06\/12.3_viacompartilhada-com-vala.png'><img loading=\"lazy\" decoding=\"async\" width=\"150\" height=\"150\" src=\"https:\/\/sites.usp.br\/pexurb\/wp-content\/uploads\/sites\/716\/2021\/06\/12.3_viacompartilhada-com-vala-150x150.png\" class=\"attachment-thumbnail size-thumbnail\" alt=\"\" srcset=\"https:\/\/sites.usp.br\/pexurb\/wp-content\/uploads\/sites\/716\/2021\/06\/12.3_viacompartilhada-com-vala-150x150.png 150w, https:\/\/sites.usp.br\/pexurb\/wp-content\/uploads\/sites\/716\/2021\/06\/12.3_viacompartilhada-com-vala-45x45.png 45w, https:\/\/sites.usp.br\/pexurb\/wp-content\/uploads\/sites\/716\/2021\/06\/12.3_viacompartilhada-com-vala-200x200.png 200w\" sizes=\"100vw\" \/><\/a>\n\t\t\t<\/div><\/figure><figure class='gallery-item'>\n\t\t\t<div class='gallery-icon landscape'>\n\t\t\t\t<a href='https:\/\/sites.usp.br\/pexurb\/wp-content\/uploads\/sites\/716\/2021\/06\/chacaras-perspectiva.png'><img loading=\"lazy\" decoding=\"async\" width=\"150\" height=\"150\" src=\"https:\/\/sites.usp.br\/pexurb\/wp-content\/uploads\/sites\/716\/2021\/06\/chacaras-perspectiva-150x150.png\" class=\"attachment-thumbnail size-thumbnail\" alt=\"\" srcset=\"https:\/\/sites.usp.br\/pexurb\/wp-content\/uploads\/sites\/716\/2021\/06\/chacaras-perspectiva-150x150.png 150w, https:\/\/sites.usp.br\/pexurb\/wp-content\/uploads\/sites\/716\/2021\/06\/chacaras-perspectiva-45x45.png 45w, https:\/\/sites.usp.br\/pexurb\/wp-content\/uploads\/sites\/716\/2021\/06\/chacaras-perspectiva-200x200.png 200w\" sizes=\"100vw\" \/><\/a>\n\t\t\t<\/div><\/figure>\n\t\t<\/div>\n<\/div><\/div><\/div><\/div>","protected":false},"excerpt":{"rendered":"<p>&nbsp; Plano e projeto urban\u00edstico formulados como alternativa \u00e0 pol\u00edtica p\u00fablica municipal de remo\u00e7\u00e3o dos moradores da Vila Nova Esperan\u00e7a (S\u00e3o Jos\u00e9 dos Campos-SP) para constru\u00e7\u00e3o de dispositivos vi\u00e1rios no Banhado. Enfrentou o dilema da urbaniza\u00e7\u00e3o brasileira propondo um desenvolvimento urbano articulado ao desenvolvimento ambiental. Formulado integralmente com a comunidade e agentes sociais. Envolveu o &hellip; <\/p>\n<p class=\"link-more\"><a href=\"https:\/\/sites.usp.br\/pexurb\/banhado\/\" class=\"more-link\">Continue lendo<span class=\"screen-reader-text\"> &#8220;PLANO POPULAR DE URBANIZA\u00c7\u00c3O E REGULARIZA\u00c7\u00c3O FUNDI\u00c1RIA DO BANHADO&#8221;<\/span><\/a><\/p>\n","protected":false},"author":21820,"featured_media":934,"parent":0,"menu_order":0,"comment_status":"closed","ping_status":"closed","template":"","meta":{"footnotes":"","_links_to":"","_links_to_target":""},"class_list":["post-962","page","type-page","status-publish","has-post-thumbnail","hentry"],"_links":{"self":[{"href":"https:\/\/sites.usp.br\/pexurb\/wp-json\/wp\/v2\/pages\/962","targetHints":{"allow":["GET"]}}],"collection":[{"href":"https:\/\/sites.usp.br\/pexurb\/wp-json\/wp\/v2\/pages"}],"about":[{"href":"https:\/\/sites.usp.br\/pexurb\/wp-json\/wp\/v2\/types\/page"}],"author":[{"embeddable":true,"href":"https:\/\/sites.usp.br\/pexurb\/wp-json\/wp\/v2\/users\/21820"}],"replies":[{"embeddable":true,"href":"https:\/\/sites.usp.br\/pexurb\/wp-json\/wp\/v2\/comments?post=962"}],"version-history":[{"count":4,"href":"https:\/\/sites.usp.br\/pexurb\/wp-json\/wp\/v2\/pages\/962\/revisions"}],"predecessor-version":[{"id":2380,"href":"https:\/\/sites.usp.br\/pexurb\/wp-json\/wp\/v2\/pages\/962\/revisions\/2380"}],"wp:featuredmedia":[{"embeddable":true,"href":"https:\/\/sites.usp.br\/pexurb\/wp-json\/wp\/v2\/media\/934"}],"wp:attachment":[{"href":"https:\/\/sites.usp.br\/pexurb\/wp-json\/wp\/v2\/media?parent=962"}],"curies":[{"name":"wp","href":"https:\/\/api.w.org\/{rel}","templated":true}]}}