{"id":181,"date":"2026-01-28T15:44:48","date_gmt":"2026-01-28T17:44:48","guid":{"rendered":"https:\/\/sites.usp.br\/pgeha\/?page_id=181"},"modified":"2026-03-05T16:51:35","modified_gmt":"2026-03-05T18:51:35","slug":"cpg","status":"publish","type":"page","link":"https:\/\/sites.usp.br\/pgeha\/cpg\/","title":{"rendered":"CPG"},"content":{"rendered":"<p><span style=\"font-family: arial, helvetica, sans-serif;\"><\/span><\/p>\r\n<p><span style=\"font-family: arial, helvetica, sans-serif; font-size: 14pt;\">A gest\u00e3o dos Programas de P\u00f3s-Gradua\u00e7\u00e3o \u00e9 de compet\u00eancia da Comiss\u00e3o de P\u00f3s-Gradua\u00e7\u00e3o (CPG).<\/span><\/p>\r\n<p><span style=\"font-family: arial, helvetica, sans-serif; font-size: 14pt;\">\r\n\r\n<\/span><\/p>\r\n<p><span style=\"font-family: arial, helvetica, sans-serif; font-size: 14pt;\">A Comiss\u00e3o de P\u00f3s-Gradua\u00e7\u00e3o do PGEHA foi criada em 14 de julho de 2000 com o objetivo de definir as normas de interesses do Programa que complementem ou especifiquem as determina\u00e7\u00f5es do Conselho de P\u00f3s-Gradua\u00e7\u00e3o.<\/span><\/p>\r\n<p><span style=\"font-family: arial, helvetica, sans-serif; font-size: 14pt;\">\r\n\r\n<\/span><\/p>\r\n<p><span style=\"font-family: arial, helvetica, sans-serif; font-size: 14pt;\">Desde a sua cria\u00e7\u00e3o, a constitui\u00e7\u00e3o da CPG foi alterada algumas vezes.<\/span><\/p>\r\n<p><span style=\"font-family: arial, helvetica, sans-serif; font-size: 14pt;\">\r\n\r\n<\/span><\/p>\r\n<div class=\"elementor-element elementor-element-2d52451 elementor-widget elementor-widget-heading\" data-id=\"2d52451\" data-element_type=\"widget\" data-widget_type=\"heading.default\">\r\n<div class=\"elementor-widget-container\">\r\n<h3 class=\"elementor-heading-title elementor-size-default\"><span style=\"font-family: arial, helvetica, sans-serif; font-size: 14pt;\"><strong>Comiss\u00f5es administrativas do PGEHA<\/strong><\/span><\/h3>\r\n<\/div>\r\n<\/div>\r\n<p><span style=\"font-family: arial, helvetica, sans-serif; font-size: 14pt;\">\r\n\r\n<\/span><\/p>\r\n<p><span style=\"font-family: arial, helvetica, sans-serif; font-size: 14pt;\"><strong>CPG<\/strong><\/span><\/p>\r\n<p><span style=\"font-family: arial, helvetica, sans-serif; font-size: 14pt;\">\r\n\r\n<\/span><\/p>\r\n<p><span style=\"font-family: arial, helvetica, sans-serif; font-size: 14pt;\">A gest\u00e3o dos Programas de P\u00f3s-Gradua\u00e7\u00e3o \u00e9 de compet\u00eancia da Comiss\u00e3o de P\u00f3s-Gradua\u00e7\u00e3o (CPG).<\/span><\/p>\r\n<p><span style=\"font-family: arial, helvetica, sans-serif; font-size: 14pt;\">\r\n\r\n<\/span><\/p>\r\n<p><span style=\"font-family: arial, helvetica, sans-serif; font-size: 14pt;\">A Comiss\u00e3o de P\u00f3s-Gradua\u00e7\u00e3o do PGEHA foi criada em 14 de julho de 2000 com o objetivo de definir as normas de interesses do Programa que complementem ou especifiquem as determina\u00e7\u00f5es do Conselho de P\u00f3s-Gradua\u00e7\u00e3o.<\/span><\/p>\r\n<p><span style=\"font-family: arial, helvetica, sans-serif; font-size: 14pt;\">\r\n\r\n<\/span><\/p>\r\n<p><span style=\"font-family: arial, helvetica, sans-serif; font-size: 14pt;\">Desde a sua cria\u00e7\u00e3o, a constitui\u00e7\u00e3o da CPG foi alterada algumas vezes.<\/span><\/p>\r\n<p><span style=\"font-family: arial, helvetica, sans-serif; font-size: 14pt;\">\r\n\r\n<\/span><\/p>\r\n<p><span style=\"font-family: arial, helvetica, sans-serif; font-size: 14pt;\">No in\u00edcio, eram tr\u00eas os representantes docentes, com o Presidente e o Vice eleitos entre eles, pelos membros da CPG. A representa\u00e7\u00e3o discente s\u00f3 passou a existir a partir de 2003, com o ingresso da primeira turma de alunos do PGEHA.<\/span><\/p>\r\n<p><span style=\"font-family: arial, helvetica, sans-serif; font-size: 14pt;\">\r\n\r\n<\/span><\/p>\r\n<p><span style=\"font-family: arial, helvetica, sans-serif; font-size: 14pt;\">Em 2008, aumentou-se para cinco os representantes docentes, com o Presidente e o Vice eleitos entre eles, pelos membros da CPG.<\/span><\/p>\r\n<p><span style=\"font-family: arial, helvetica, sans-serif; font-size: 14pt;\">\r\n\r\n<\/span><\/p>\r\n<p><span style=\"font-family: arial, helvetica, sans-serif; font-size: 14pt;\">Em 2018, o Presidente e o Vice passaram a ser eleitos pelos orientadores credenciados vinculados \u00e0s Unidades integrantes do Interunidades (ECA, FAU, FFLCH, MAC e EACH), com homologa\u00e7\u00e3o pela maioria destas Unidades.<\/span><\/p>\r\n<p><span style=\"font-family: arial, helvetica, sans-serif; font-size: 14pt;\">\r\n\r\n<\/span><\/p>\r\n<p><span style=\"font-family: arial, helvetica, sans-serif; font-size: 14pt;\">Atualmente, a constitui\u00e7\u00e3o regulamentar da CPG (composta segundo as normas de 2018) \u00e9:<\/span><\/p>\r\n<p><span style=\"font-family: arial, helvetica, sans-serif; font-size: 14pt;\">\r\n\r\n<\/span><\/p>\r\n<p><span style=\"font-family: arial, helvetica, sans-serif; font-size: 14pt;\">\u2013 o Presidente,<\/span><br \/><span style=\"font-family: arial, helvetica, sans-serif; font-size: 14pt;\">\u2013 o Vice-Presidente,<\/span><br \/><span style=\"font-family: arial, helvetica, sans-serif; font-size: 14pt;\">\u2013 outros tr\u00eas docentes (e seus suplentes) e<\/span><br \/><span style=\"font-family: arial, helvetica, sans-serif; font-size: 14pt;\">\u2013 um representante discente (e seu suplente).<\/span><\/p>\r\n<p><span style=\"font-family: arial, helvetica, sans-serif; font-size: 14pt;\">\r\n\r\n<\/span><\/p>\r\n<details class=\"wp-block-details is-layout-flow wp-block-details-is-layout-flow\">\r\n<summary><span style=\"font-family: arial, helvetica, sans-serif; font-size: 14pt;\">COMISS\u00c3O DE SELE\u00c7\u00c3O DE BOLSAS<\/span><\/summary>\r\n<span style=\"font-family: arial, helvetica, sans-serif; font-size: 14pt;\"><\/span>\r\n<p><span style=\"font-family: arial, helvetica, sans-serif; font-size: 14pt;\">Conte\u00fado da altern\u00e2ncia<\/span><\/p>\r\n<span style=\"font-family: arial, helvetica, sans-serif; font-size: 14pt;\"><\/span><\/details>\r\n<p><span style=\"font-family: arial, helvetica, sans-serif; font-size: 14pt;\">\r\n\r\n<\/span><\/p>\r\n<p>&nbsp;<\/p>\r\n<p><span style=\"font-family: arial, helvetica, sans-serif; font-size: 14pt;\">\r\n\r\n<\/span><\/p>\r\n<details class=\"wp-block-details is-layout-flow wp-block-details-is-layout-flow\">\r\n<summary><span style=\"font-family: arial, helvetica, sans-serif; font-size: 14pt;\">COMISS\u00c3O DE ACOMPANHAMENTO DO PROCESSO SELETIVO<\/span><\/summary>\r\n<span style=\"font-family: arial, helvetica, sans-serif; font-size: 14pt;\"><\/span>\r\n<p><span style=\"font-family: arial, helvetica, sans-serif; font-size: 14pt;\">Conte\u00fado da altern\u00e2ncia<\/span><\/p>\r\n<span style=\"font-family: arial, helvetica, sans-serif; font-size: 14pt;\"><\/span><\/details>\r\n<p><span style=\"font-family: arial, helvetica, sans-serif; font-size: 14pt;\">\r\n\r\n<\/span><\/p>\r\n<p>&nbsp;<\/p>\r\n<p><span style=\"font-family: arial, helvetica, sans-serif; font-size: 14pt;\">\r\n\r\n<\/span><\/p>\r\n<details class=\"wp-block-details is-layout-flow wp-block-details-is-layout-flow\">\r\n<summary><span style=\"font-family: arial, helvetica, sans-serif; font-size: 14pt;\">COMISS\u00c3O DE SELE\u00c7\u00c3O DE TESES<\/span><\/summary>\r\n<span style=\"font-family: arial, helvetica, sans-serif; font-size: 14pt;\"><\/span>\r\n<p><span style=\"font-family: arial, helvetica, sans-serif; font-size: 14pt;\">Conte\u00fado da altern\u00e2ncia<\/span><\/p>\r\n<span style=\"font-family: arial, helvetica, sans-serif; font-size: 14pt;\"><\/span><\/details>\r\n<p><span style=\"font-family: arial, helvetica, sans-serif; font-size: 14pt;\">\r\n\r\n<\/span><\/p>\r\n<p>&nbsp;<\/p>\r\n<p><span style=\"font-family: arial, helvetica, sans-serif; font-size: 14pt;\">\r\n\r\n<\/span><\/p>\r\n<details class=\"wp-block-details is-layout-flow wp-block-details-is-layout-flow\">\r\n<summary><span style=\"font-family: arial, helvetica, sans-serif; font-size: 14pt;\">COMISS\u00c3O DE ACOMPANHAMENTO DISCENTES E EGRESSOS<\/span><\/summary>\r\n<span style=\"font-family: arial, helvetica, sans-serif; font-size: 14pt;\"><\/span>\r\n<p><span style=\"font-family: arial, helvetica, sans-serif; font-size: 14pt;\">Conte\u00fado da altern\u00e2ncia<\/span><\/p>\r\n<span style=\"font-family: arial, helvetica, sans-serif; font-size: 14pt;\"><\/span><\/details>\r\n<p><span style=\"font-family: arial, helvetica, sans-serif; font-size: 14pt;\">\r\n\r\n<\/span><\/p>\r\n<p>&nbsp;<\/p>\r\n<p><span style=\"font-family: arial, helvetica, sans-serif; font-size: 14pt;\">\r\n\r\n<\/span><\/p>\r\n<details class=\"wp-block-details is-layout-flow wp-block-details-is-layout-flow\">\r\n<summary><span style=\"font-family: arial, helvetica, sans-serif; font-size: 14pt;\">COMISS\u00c3O DE INTERNACIONALIZA\u00c7\u00c3O<\/span><\/summary>\r\n<span style=\"font-family: arial, helvetica, sans-serif; font-size: 14pt;\"><\/span>\r\n<p><span style=\"font-family: arial, helvetica, sans-serif; font-size: 14pt;\">Conte\u00fado da altern\u00e2ncia<\/span><\/p>\r\n<span style=\"font-family: arial, helvetica, sans-serif; font-size: 14pt;\"><\/span><\/details>\r\n<p><span style=\"font-family: arial, helvetica, sans-serif; font-size: 14pt;\">\r\n\r\n<\/span><\/p>\r\n<p>&nbsp;<\/p>\r\n<p><span style=\"font-family: arial, helvetica, sans-serif; font-size: 14pt;\">\r\n\r\n<\/span><\/p>\r\n<details class=\"wp-block-details is-layout-flow wp-block-details-is-layout-flow\">\r\n<summary><span style=\"font-family: arial, helvetica, sans-serif; font-size: 14pt;\">COMISS\u00c3O ORGANIZA\u00c7\u00c3O DE EVENTOS<\/span><\/summary>\r\n<span style=\"font-family: arial, helvetica, sans-serif; font-size: 14pt;\"><\/span>\r\n<p><span style=\"font-family: arial, helvetica, sans-serif; font-size: 14pt;\">Conte\u00fado da altern\u00e2ncia<\/span><\/p>\r\n<span style=\"font-family: arial, helvetica, sans-serif; font-size: 14pt;\"><\/span><\/details>\r\n<p><span style=\"font-family: arial, helvetica, sans-serif; font-size: 14pt;\">\r\n\r\n<\/span><\/p>\r\n<p>&nbsp;<\/p>\r\n<p><span style=\"font-family: arial, helvetica, sans-serif; font-size: 14pt;\">\r\n\r\n<\/span><\/p>\r\n<details class=\"wp-block-details is-layout-flow wp-block-details-is-layout-flow\">\r\n<summary><span style=\"font-family: arial, helvetica, sans-serif; font-size: 14pt;\">COMISS\u00c3O DE AUTOAVALIA\u00c7\u00c3O DO PROGRAMA<\/span><\/summary>\r\n<span style=\"font-family: arial, helvetica, sans-serif; font-size: 14pt;\"><\/span>\r\n<p><span style=\"font-family: arial, helvetica, sans-serif; font-size: 14pt;\">Conte\u00fado da altern\u00e2ncia<\/span><\/p>\r\n<span style=\"font-family: arial, helvetica, sans-serif; font-size: 14pt;\"><\/span><\/details>\r\n<p><span style=\"font-family: arial, helvetica, sans-serif; font-size: 14pt;\">\r\n\r\n<\/span><\/p>\r\n<p>&nbsp;<\/p>\r\n<p><span style=\"font-family: arial, helvetica, sans-serif; font-size: 14pt;\">\r\n\r\n<\/span><\/p>\r\n<details class=\"wp-block-details is-layout-flow wp-block-details-is-layout-flow\">\r\n<summary><span style=\"font-family: arial, helvetica, sans-serif; font-size: 14pt;\">COMISS\u00c3O DE A\u00c7\u00d5ES AFIRMATIVAS<\/span><\/summary>\r\n<span style=\"font-family: arial, helvetica, sans-serif; font-size: 14pt;\"><\/span>\r\n<p><span style=\"font-family: arial, helvetica, sans-serif; font-size: 14pt;\">Conte\u00fado da altern\u00e2ncia<\/span><\/p>\r\n<span style=\"font-family: arial, helvetica, sans-serif; font-size: 14pt;\"><\/span><\/details>\r\n<p><span style=\"font-family: arial, helvetica, sans-serif; font-size: 14pt;\">\r\n\r\n<\/span><\/p>\r\n<hr class=\"wp-block-separator has-alpha-channel-opacity\" \/>\r\n<p><span style=\"font-family: arial, helvetica, sans-serif; font-size: 14pt;\">\r\n\r\n<\/span><\/p>\r\n<details class=\"wp-block-details has-black-color has-text-color has-link-color wp-elements-adeb9fce75517781b20c0ab83b5d48f6 is-layout-flow wp-block-details-is-layout-flow\">\r\n<summary><span style=\"font-family: arial, helvetica, sans-serif; font-size: 14pt;\"><strong>CONSTITUI\u00c7AO ATUAL DA CPG DO PGEHA<\/strong><\/span><\/summary>\r\n<span style=\"font-family: arial, helvetica, sans-serif; font-size: 14pt;\"> <\/span><iframe loading=\"lazy\" src=\"https:\/\/docs.google.com\/document\/d\/e\/2PACX-1vRWoyPaqW0ubVNN9F3fFxGTsPj6zt5i0QtPN0lomsd0-LJm7Vt6HqLWNw7rcd_yM1geSqoSWm8DlhMY\/pub?embedded=true\" width=\"720p\" height=\"1100p\"><\/iframe><span style=\"font-family: arial, helvetica, sans-serif; font-size: 14pt;\"> <\/span><\/details>\r\n<p><span style=\"font-family: arial, helvetica, sans-serif; font-size: 14pt;\">\r\n\r\n<\/span><\/p>\r\n<p>&nbsp;<\/p>\r\n<p><span style=\"font-family: arial, helvetica, sans-serif; font-size: 14pt;\">\r\n\r\n<\/span><\/p>\r\n<div class=\"wp-block-group\"><div class=\"wp-block-group__inner-container is-layout-constrained wp-block-group-is-layout-constrained\"><span style=\"font-family: arial, helvetica, sans-serif; font-size: 14pt;\"><\/span><details class=\"wp-block-details has-black-color has-text-color has-link-color wp-elements-324783be650608ec7512b5fcdcc43917 is-layout-flow wp-block-details-is-layout-flow\">\r\n<summary><span style=\"font-family: arial, helvetica, sans-serif; font-size: 14pt;\"><strong>HIST\u00d3RICO DE CONSTITUI\u00c7\u00c3O DA CPG DO PGEHA<\/strong><\/span><\/summary>\r\n<span style=\"font-family: arial, helvetica, sans-serif; font-size: 14pt;\"> <\/span><iframe loading=\"lazy\" src=\"https:\/\/docs.google.com\/document\/d\/e\/2PACX-1vQXGPMr0XjOKXREgdG7IiZN2WcrJCqe8Su1yLM1sFNkz4jS7hW3eoBXBNXV6IQL5q3gQh_oRD6CVFK5\/pub?embedded=true\" width=\"100%\" height=\"600\"><\/iframe><span style=\"font-family: arial, helvetica, sans-serif;\"> <\/span><\/details><span style=\"font-family: arial, helvetica, sans-serif;\"><\/span><\/div><\/div>\r\n<p><span style=\"font-family: arial, helvetica, sans-serif;\"><\/span><\/p>","protected":false},"excerpt":{"rendered":"<p>A gest\u00e3o dos Programas de P\u00f3s-Gradua\u00e7\u00e3o \u00e9 de compet\u00eancia da Comiss\u00e3o de P\u00f3s-Gradua\u00e7\u00e3o (CPG). A Comiss\u00e3o de P\u00f3s-Gradua\u00e7\u00e3o do PGEHA foi criada em 14 de julho de 2000 com o objetivo de definir as normas de interesses do Programa que complementem ou especifiquem as determina\u00e7\u00f5es do Conselho de P\u00f3s-Gradua\u00e7\u00e3o. Desde a sua cria\u00e7\u00e3o, a constitui\u00e7\u00e3o da CPG foi alterada algumas vezes. Comiss\u00f5es administrativas do PGEHA CPG A gest\u00e3o dos Programas de P\u00f3s-Gradua\u00e7\u00e3o \u00e9 de compet\u00eancia da Comiss\u00e3o de P\u00f3s-Gradua\u00e7\u00e3o (CPG). A Comiss\u00e3o de P\u00f3s-Gradua\u00e7\u00e3o do PGEHA foi criada em 14 de julho de 2000 com o objetivo de definir as normas de interesses do Programa que complementem ou especifiquem as determina\u00e7\u00f5es do Conselho de P\u00f3s-Gradua\u00e7\u00e3o. Desde a sua cria\u00e7\u00e3o, a constitui\u00e7\u00e3o da CPG foi alterada algumas vezes. No in\u00edcio, eram tr\u00eas os representantes docentes, com o Presidente e o Vice eleitos entre eles, pelos membros da CPG. A representa\u00e7\u00e3o discente s\u00f3 passou a existir a partir de 2003, com o ingresso da primeira turma de alunos do PGEHA. Em 2008, aumentou-se para cinco os representantes docentes, com o Presidente e o Vice eleitos entre eles, pelos membros da CPG. Em 2018, o Presidente e o Vice passaram a ser eleitos [&#8230;]<\/p>\n","protected":false},"author":1214,"featured_media":0,"parent":0,"menu_order":0,"comment_status":"closed","ping_status":"closed","template":"","meta":{"footnotes":"","_links_to":"","_links_to_target":""},"class_list":["post-181","page","type-page","status-publish","hentry"],"_links":{"self":[{"href":"https:\/\/sites.usp.br\/pgeha\/wp-json\/wp\/v2\/pages\/181","targetHints":{"allow":["GET"]}}],"collection":[{"href":"https:\/\/sites.usp.br\/pgeha\/wp-json\/wp\/v2\/pages"}],"about":[{"href":"https:\/\/sites.usp.br\/pgeha\/wp-json\/wp\/v2\/types\/page"}],"author":[{"embeddable":true,"href":"https:\/\/sites.usp.br\/pgeha\/wp-json\/wp\/v2\/users\/1214"}],"replies":[{"embeddable":true,"href":"https:\/\/sites.usp.br\/pgeha\/wp-json\/wp\/v2\/comments?post=181"}],"version-history":[{"count":4,"href":"https:\/\/sites.usp.br\/pgeha\/wp-json\/wp\/v2\/pages\/181\/revisions"}],"predecessor-version":[{"id":1205,"href":"https:\/\/sites.usp.br\/pgeha\/wp-json\/wp\/v2\/pages\/181\/revisions\/1205"}],"wp:attachment":[{"href":"https:\/\/sites.usp.br\/pgeha\/wp-json\/wp\/v2\/media?parent=181"}],"curies":[{"name":"wp","href":"https:\/\/api.w.org\/{rel}","templated":true}]}}