{"id":185,"date":"2026-01-28T15:56:28","date_gmt":"2026-01-28T17:56:28","guid":{"rendered":"https:\/\/sites.usp.br\/pgeha\/?page_id=185"},"modified":"2026-02-06T14:44:12","modified_gmt":"2026-02-06T16:44:12","slug":"legislacao","status":"publish","type":"page","link":"https:\/\/sites.usp.br\/pgeha\/legislacao\/","title":{"rendered":"LEGISLA\u00c7\u00c3O"},"content":{"rendered":"\n<p><span style=\"font-family: arial, helvetica, sans-serif;\">O Programa de P\u00f3s-Gradua\u00e7\u00e3o Interunidades em Est\u00e9tica e Hist\u00f3ria da Arte da Universidade de S\u00e3o Paulo foi aprovado em julho de 2000, para os cursos de mestrado e doutorado. Na ocasi\u00e3o, j\u00e1 estava em vigor o atual Regimento Geral da Universidade, baixado pela Resolu\u00e7\u00e3o No. 3745, de 19 de outubro de 1990.<\/span><\/p>\n\n\n\n<p><span style=\"font-family: arial, helvetica, sans-serif;\">As demais normas e regulamentos que regram as a\u00e7\u00f5es adotadas em qualquer atividade na USP devem obedecer ao que est\u00e1 estipulado nesse regimento. No caso da P\u00f3s-Gradua\u00e7\u00e3o \u2013 e especificamente do PGEHA \u2013, a hierarquia de leis \u00e9: Regimento de P\u00f3s-Gradua\u00e7\u00e3o da USP, Regulamento do PGEHA e Regimento da CPG do PGEHA.<\/span><\/p>\n\n\n\n<p><span style=\"font-family: arial, helvetica, sans-serif;\">\u00c9 importante verificar a vig\u00eancia de cada uma dessas normas e regulamentos.<\/span><\/p>\n\n\n\n<p>&nbsp;<\/p>\n\n\n\n<p><span style=\"font-family: arial, helvetica, sans-serif;\">PGEHA &#8211; <a href=\"https:\/\/leginf.usp.br\/?resolucao=resolucao-copgr-no-8511-de-02-de-outubro-de-2023\">Regulamento novo<\/a><\/span><\/p>\n\n\n\n<p><span style=\"font-family: arial, helvetica, sans-serif;\">PGEHA &#8211; <a href=\"https:\/\/leginf.usp.br\/?resolucao=resolucao-copgr-no-7942-de-18-de-marco-de-2020\">Regulamento antigo<\/a><\/span><\/p>\n\n\n\n<p><span style=\"font-family: arial, helvetica, sans-serif;\">PGEHA &#8211; <a href=\"https:\/\/leginf.usp.br\/?resolucao=resolucao-copgr-6943-de-06-de-outubro-de-2014\">Regulamento antigo<\/a><\/span><\/p>\n\n\n\n<p><span style=\"font-family: arial, helvetica, sans-serif;\">PGEHA &#8211; <a href=\"https:\/\/leginf.usp.br\/?resolucao=resolucao-copgr-no-7889-de-25-de-novembro-de-2019\">Regimento CPG novo<\/a><\/span><\/p>\n\n\n\n<p><span style=\"font-family: arial, helvetica, sans-serif;\">PGEHA &#8211; <a href=\"https:\/\/leginf.usp.br\/?resolucao=resolucao-copgr-6731-de-05-de-fevereiro-de-2014\">Regimento CPG antigo<\/a><\/span><\/p>\n\n\n\n<p><span style=\"font-family: arial, helvetica, sans-serif;\">USP &#8211; <a href=\"https:\/\/leginf.usp.br\/?resolucao=resolucao-no-7493-de-27-de-marco-de-2018-copy\">Regimento da P\u00f3s-Gradua\u00e7\u00e3o<\/a><\/span><\/p>\n\n\n\n<p><span style=\"font-family: arial, helvetica, sans-serif;\">USP &#8211;<a href=\"https:\/\/leginf.usp.br\/category\/regimento-geral-da-usp\/\"> Regimento geral da USP<\/a><\/span><\/p>\n","protected":false},"excerpt":{"rendered":"<p>O Programa de P\u00f3s-Gradua\u00e7\u00e3o Interunidades em Est\u00e9tica e Hist\u00f3ria da Arte da Universidade de S\u00e3o Paulo foi aprovado em julho de 2000, para os cursos de mestrado e doutorado. Na ocasi\u00e3o, j\u00e1 estava em vigor o atual Regimento Geral da Universidade, baixado pela Resolu\u00e7\u00e3o No. 3745, de 19 de outubro de 1990. As demais normas e regulamentos que regram as a\u00e7\u00f5es adotadas em qualquer atividade na USP devem obedecer ao que est\u00e1 estipulado nesse regimento. No caso da P\u00f3s-Gradua\u00e7\u00e3o \u2013 e especificamente do PGEHA \u2013, a hierarquia de leis \u00e9: Regimento de P\u00f3s-Gradua\u00e7\u00e3o da USP, Regulamento do PGEHA e Regimento da CPG do PGEHA. \u00c9 importante verificar a vig\u00eancia de cada uma dessas normas e regulamentos. &nbsp; PGEHA &#8211; Regulamento novo PGEHA &#8211; Regulamento antigo PGEHA &#8211; Regulamento antigo PGEHA &#8211; Regimento CPG novo PGEHA &#8211; Regimento CPG antigo USP &#8211; Regimento da P\u00f3s-Gradua\u00e7\u00e3o USP &#8211; Regimento geral da USP<\/p>\n","protected":false},"author":1214,"featured_media":0,"parent":0,"menu_order":0,"comment_status":"closed","ping_status":"closed","template":"","meta":{"footnotes":"","_links_to":"","_links_to_target":""},"class_list":["post-185","page","type-page","status-publish","hentry"],"_links":{"self":[{"href":"https:\/\/sites.usp.br\/pgeha\/wp-json\/wp\/v2\/pages\/185","targetHints":{"allow":["GET"]}}],"collection":[{"href":"https:\/\/sites.usp.br\/pgeha\/wp-json\/wp\/v2\/pages"}],"about":[{"href":"https:\/\/sites.usp.br\/pgeha\/wp-json\/wp\/v2\/types\/page"}],"author":[{"embeddable":true,"href":"https:\/\/sites.usp.br\/pgeha\/wp-json\/wp\/v2\/users\/1214"}],"replies":[{"embeddable":true,"href":"https:\/\/sites.usp.br\/pgeha\/wp-json\/wp\/v2\/comments?post=185"}],"version-history":[{"count":4,"href":"https:\/\/sites.usp.br\/pgeha\/wp-json\/wp\/v2\/pages\/185\/revisions"}],"predecessor-version":[{"id":549,"href":"https:\/\/sites.usp.br\/pgeha\/wp-json\/wp\/v2\/pages\/185\/revisions\/549"}],"wp:attachment":[{"href":"https:\/\/sites.usp.br\/pgeha\/wp-json\/wp\/v2\/media?parent=185"}],"curies":[{"name":"wp","href":"https:\/\/api.w.org\/{rel}","templated":true}]}}