{"id":205,"date":"2026-01-28T16:06:05","date_gmt":"2026-01-28T18:06:05","guid":{"rendered":"https:\/\/sites.usp.br\/pgeha\/?page_id=205"},"modified":"2026-03-04T16:44:04","modified_gmt":"2026-03-04T18:44:04","slug":"internacionalizacao","status":"publish","type":"page","link":"https:\/\/sites.usp.br\/pgeha\/internacionalizacao\/","title":{"rendered":"INTERNACIONALIZA\u00c7\u00c3O"},"content":{"rendered":"<div class=\"elementor-element elementor-element-98fa911 elementor-widget elementor-widget-heading\" data-id=\"98fa911\" data-element_type=\"widget\" data-widget_type=\"heading.default\">\n<div class=\"elementor-widget-container\">\n<p class=\"elementor-heading-title elementor-size-default\"><span style=\"font-size: 14pt;\"><strong><span style=\"font-family: arial, helvetica, sans-serif;\">Interc\u00e2mbio e visitas internacionais<\/span><\/strong><\/span><\/p>\n<\/div>\n<\/div>\n<div class=\"elementor-widget-container\">\n<p><span style=\"font-family: arial, helvetica, sans-serif; font-size: 14pt;\">O PGEHA incentiva interc\u00e2mbios e visitas internacionais (Visitante Pesquisador).<\/span><\/p>\n<p><span style=\"font-family: arial, helvetica, sans-serif; font-size: 14pt;\">Para verificar processos seletivos, esteja atento ao seu e-mail, pois periodicamente h\u00e1 editais para Programas \u2018sandu\u00edche\u2019.<\/span><\/p>\n<p><span style=\"font-family: arial, helvetica, sans-serif; font-size: 14pt;\">Links \u00fateis para editais e ag\u00eancia de fomento da USP:<\/span><\/p>\n<ul>\n<li><span style=\"font-family: arial, helvetica, sans-serif; font-size: 14pt;\"><a href=\"http:\/\/www.usp.br\/internationaloffice\/\" target=\"_blank\" rel=\"noopener\">AUCANI<\/a>\u00a0\u2013 Ag\u00eancia USP de Coopera\u00e7\u00e3o Acad\u00eamica Nacional e Internacional.<\/span><\/li>\n<li><span style=\"font-family: arial, helvetica, sans-serif; font-size: 14pt;\"><a href=\"https:\/\/www.prpg.usp.br\/pt-br\/internacionalizacao\/internacionalizacao\" target=\"_blank\" rel=\"noopener\">Pr\u00f3-Reitoria da P\u00f3s-Gradua\u00e7\u00e3o<\/a>\u00a0\u2013 P\u00e1gina dedicada a a\u00e7\u00f5es e fomentos internacionais da USP.<\/span><\/li>\n<\/ul>\n<\/div>\n<div class=\"elementor-widget-container\">\n<h3 class=\"elementor-heading-title elementor-size-default\"><span style=\"font-family: arial, helvetica, sans-serif; font-size: 14pt;\">Visitantes Internacionais (Visiting Researchers)<\/span><\/h3>\n<\/div>\n<div class=\"elementor-element elementor-element-92b3522 elementor-widget elementor-widget-text-editor\" data-id=\"92b3522\" data-element_type=\"widget\" data-widget_type=\"text-editor.default\">\n<div class=\"elementor-widget-container\">\n<p><span style=\"font-family: arial, helvetica, sans-serif; font-size: 14pt;\">Visitantes de p\u00f3s-gradua\u00e7\u00e3o internacionais, com matr\u00edcula regular em sua unidade de origem, s\u00e3o bem-vindos ao PGEHA para realizar pesquisas de curto prazo (de 3 meses a um ano).<\/span><\/p>\n<p><span style=\"font-family: arial, helvetica, sans-serif; font-size: 14pt;\">As pesquisas podem ser realizadas com a participa\u00e7\u00e3o em disciplinas e\/ou dentro de grupos de estudo conduzidos por professores do PGEHA; ou podem ser realizadas de forma independente, em conson\u00e2ncia com o(a) professor(a) orientador(a) (\u2018sponsor\u2019) do PGEHA.<\/span><\/p>\n<p><span style=\"font-family: arial, helvetica, sans-serif; font-size: 14pt;\">Para aplicar nesta categoria, o(a) interessado(a) deve entrar em contato com um de nossos professores que poder\u00e1 auxili\u00e1-lo(a) a conduzir sua pesquisa. Para ambas as modalidades (pesquisador independente ou pesquisador em colabora\u00e7\u00e3o com grupo de pesquisa do PGEHA) \u00e9 necess\u00e1rio que um docente do PGEHA aceite orient\u00e1-lo(a).<\/span><\/p>\n<p><span style=\"font-family: arial, helvetica, sans-serif; font-size: 14pt;\">Para aplicar como Pesquisador Visitante \u00e9 preciso apresentar:<\/span><\/p>\n<ul>\n<li><span style=\"font-family: arial, helvetica, sans-serif; font-size: 14pt;\">Projeto de pesquisa e cronograma com as datas de perman\u00eancia da visita;<\/span><\/li>\n<li><span style=\"font-family: arial, helvetica, sans-serif; font-size: 14pt;\">Aval do orientador(a) da institui\u00e7\u00e3o de origem em papel timbrado e assinado, concordando com o per\u00edodo e cronograma apresentado;<\/span><\/li>\n<li><span style=\"font-family: arial, helvetica, sans-serif; font-size: 14pt;\">Carta de inten\u00e7\u00e3o;<\/span><\/li>\n<li><span style=\"font-family: arial, helvetica, sans-serif; font-size: 14pt;\">Visto de estudante;<\/span><\/li>\n<li><span style=\"font-family: arial, helvetica, sans-serif; font-size: 14pt;\">Custear a estada e perman\u00eancia no PGEHA, com renda particular ou bolsa de estudos da institui\u00e7\u00e3o de origem.<\/span><\/li>\n<\/ul>\n<\/div>\n<\/div>\n","protected":false},"excerpt":{"rendered":"<p>Interc\u00e2mbio e visitas internacionais O PGEHA incentiva interc\u00e2mbios e visitas internacionais (Visitante Pesquisador). Para verificar processos seletivos, esteja atento ao seu e-mail, pois periodicamente h\u00e1 editais para Programas \u2018sandu\u00edche\u2019. Links \u00fateis para editais e ag\u00eancia de fomento da USP: AUCANI\u00a0\u2013 Ag\u00eancia USP de Coopera\u00e7\u00e3o Acad\u00eamica Nacional e Internacional. Pr\u00f3-Reitoria da P\u00f3s-Gradua\u00e7\u00e3o\u00a0\u2013 P\u00e1gina dedicada a a\u00e7\u00f5es e fomentos internacionais da USP. Visitantes Internacionais (Visiting Researchers) Visitantes de p\u00f3s-gradua\u00e7\u00e3o internacionais, com matr\u00edcula regular em sua unidade de origem, s\u00e3o bem-vindos ao PGEHA para realizar pesquisas de curto prazo (de 3 meses a um ano). As pesquisas podem ser realizadas com a participa\u00e7\u00e3o em disciplinas e\/ou dentro de grupos de estudo conduzidos por professores do PGEHA; ou podem ser realizadas de forma independente, em conson\u00e2ncia com o(a) professor(a) orientador(a) (\u2018sponsor\u2019) do PGEHA. Para aplicar nesta categoria, o(a) interessado(a) deve entrar em contato com um de nossos professores que poder\u00e1 auxili\u00e1-lo(a) a conduzir sua pesquisa. Para ambas as modalidades (pesquisador independente ou pesquisador em colabora\u00e7\u00e3o com grupo de pesquisa do PGEHA) \u00e9 necess\u00e1rio que um docente do PGEHA aceite orient\u00e1-lo(a). Para aplicar como Pesquisador Visitante \u00e9 preciso apresentar: Projeto de pesquisa e cronograma com as datas de perman\u00eancia da visita; Aval do orientador(a) da [&#8230;]<\/p>\n","protected":false},"author":1214,"featured_media":0,"parent":0,"menu_order":0,"comment_status":"closed","ping_status":"closed","template":"","meta":{"footnotes":"","_links_to":"","_links_to_target":""},"class_list":["post-205","page","type-page","status-publish","hentry"],"_links":{"self":[{"href":"https:\/\/sites.usp.br\/pgeha\/wp-json\/wp\/v2\/pages\/205","targetHints":{"allow":["GET"]}}],"collection":[{"href":"https:\/\/sites.usp.br\/pgeha\/wp-json\/wp\/v2\/pages"}],"about":[{"href":"https:\/\/sites.usp.br\/pgeha\/wp-json\/wp\/v2\/types\/page"}],"author":[{"embeddable":true,"href":"https:\/\/sites.usp.br\/pgeha\/wp-json\/wp\/v2\/users\/1214"}],"replies":[{"embeddable":true,"href":"https:\/\/sites.usp.br\/pgeha\/wp-json\/wp\/v2\/comments?post=205"}],"version-history":[{"count":4,"href":"https:\/\/sites.usp.br\/pgeha\/wp-json\/wp\/v2\/pages\/205\/revisions"}],"predecessor-version":[{"id":1186,"href":"https:\/\/sites.usp.br\/pgeha\/wp-json\/wp\/v2\/pages\/205\/revisions\/1186"}],"wp:attachment":[{"href":"https:\/\/sites.usp.br\/pgeha\/wp-json\/wp\/v2\/media?parent=205"}],"curies":[{"name":"wp","href":"https:\/\/api.w.org\/{rel}","templated":true}]}}