{"id":211,"date":"2026-01-28T16:08:16","date_gmt":"2026-01-28T18:08:16","guid":{"rendered":"https:\/\/sites.usp.br\/pgeha\/?page_id=211"},"modified":"2026-03-04T18:57:09","modified_gmt":"2026-03-04T20:57:09","slug":"aluno-especial","status":"publish","type":"page","link":"https:\/\/sites.usp.br\/pgeha\/aluno-especial\/","title":{"rendered":"ALUNO ESPECIAL"},"content":{"rendered":"<p><span style=\"font-family: arial, helvetica, sans-serif;\"><\/span><\/p>\r\n<h3 class=\"wp-block-heading\"><span style=\"color: #000000; font-family: arial, helvetica, sans-serif; font-size: 14pt;\"><strong>Processo seletivo <\/strong><\/span><\/h3>\r\n<p><span style=\"font-family: arial, helvetica, sans-serif; font-size: 14pt;\">\r\n\r\n<\/span><\/p>\r\n<p><span style=\"font-family: arial, helvetica, sans-serif; font-size: 14pt;\">O ingresso como Aluno Especial acontece a cada semestre, com inscri\u00e7\u00f5es algumas semanas antes do in\u00edcio das aulas.\u00a0<strong>Fique atento ao Edital<\/strong>; as indica\u00e7\u00f5es abaixo s\u00e3o baseadas em edi\u00e7\u00f5es anteriores.<\/span><\/p>\r\n<p><span style=\"font-family: arial, helvetica, sans-serif; font-size: 14pt;\">\r\n\r\n<\/span><\/p>\r\n<p><span style=\"font-family: arial, helvetica, sans-serif; font-size: 14pt;\">No primeiro semestre, a semana de inscri\u00e7\u00f5es acontece, normalmente, em fevereiro, evitando-se a semana do Carnaval;<\/span><\/p>\r\n<p><span style=\"font-family: arial, helvetica, sans-serif; font-size: 14pt;\">\r\n\r\n<\/span><\/p>\r\n<p><span style=\"font-family: arial, helvetica, sans-serif; font-size: 14pt;\">No segundo semestre, a semana de inscri\u00e7\u00f5es acontece, normalmente, entre o final de junho e o in\u00edcio de julho.<\/span><\/p>\r\n<p><span style=\"font-family: arial, helvetica, sans-serif; font-size: 14pt;\">\r\n\r\n<\/span><\/p>\r\n<p><span style=\"font-family: arial, helvetica, sans-serif; font-size: 14pt;\">A cada semestre, ser\u00e3o oferecidas algumas das disciplinas ativas do PGEHA. Veja na aba DISCIPLINAS o cat\u00e1logo de disciplinas do Programa.<\/span><\/p>\r\n<p><span style=\"font-family: arial, helvetica, sans-serif; font-size: 14pt;\">\r\n\r\n<\/span><\/p>\r\n<p><span style=\"font-family: arial, helvetica, sans-serif; font-size: 14pt;\">A informa\u00e7\u00e3o sobre quais disciplinas ser\u00e3o oferecidas no pr\u00f3ximo semestre estar\u00e3o dispon\u00edveis apenas no Edital, quando este for publicado.<\/span><\/p>\r\n<p><span style=\"font-family: arial, helvetica, sans-serif; font-size: 14pt;\">\r\n\r\n<\/span><\/p>\r\n<p><span style=\"font-family: arial, helvetica, sans-serif; font-size: 14pt;\"><a href=\"https:\/\/drive.google.com\/file\/d\/1UEqIZx3T-YX6NM6DhJDf9kLCoOwkrU2H\/view?usp=sharing\">Edital de sele\u00e7\u00e3o para Aluno Especial<\/a><\/span><\/p>\r\n<p><span style=\"font-family: arial, helvetica, sans-serif; font-size: 14pt;\">\r\n\r\n<\/span><\/p>\r\n<p>&nbsp;<\/p>\r\n<p><span style=\"font-family: arial, helvetica, sans-serif; font-size: 14pt;\">\r\n\r\n<\/span><\/p>\r\n<hr class=\"wp-block-separator has-alpha-channel-opacity\" \/>\r\n<p><span style=\"font-family: arial, helvetica, sans-serif; font-size: 14pt;\">\r\n\r\n<\/span><\/p>\r\n<p><span style=\"font-family: arial, helvetica, sans-serif; font-size: 14pt;\">\u00a0<span style=\"color: #000000;\"><strong>Informa\u00e7\u00f5es sobre a sele\u00e7\u00e3o de aluno especial<\/strong><\/span><\/span><\/p>\r\n<p><span style=\"font-family: arial, helvetica, sans-serif; font-size: 14pt;\">\r\n\r\n<\/span><\/p>\r\n<p><span style=\"font-family: arial, helvetica, sans-serif; font-size: 14pt;\">A sele\u00e7\u00e3o dos inscritos \u00e9 feita pelo(s) docente(s) respons\u00e1vel(eis) pelas disciplinas oferecidas, com base no material enviado pelo interessado no momento da inscri\u00e7\u00e3o. Organize sua documenta\u00e7\u00e3o como indicado no Edital para facilitar a an\u00e1lise do docente.<\/span><\/p>\r\n<p><span style=\"font-family: arial, helvetica, sans-serif; font-size: 14pt;\">\r\n\r\n<\/span><\/p>\r\n<p><span style=\"font-family: arial, helvetica, sans-serif; font-size: 14pt;\"><a href=\"https:\/\/docs.google.com\/document\/d\/e\/2PACX-1vSSrbI9PyaZUN3Iruuc1t8CWq5ndqtgG-x5vvSTCIBQc4KzWJYgz2aiynsk2wVGZftp2dHqCY12TWFQ\/pub?embedded=true\">Selecionados<br \/><\/a><\/span><\/p>\r\n<p><span style=\"font-family: arial, helvetica, sans-serif; font-size: 14pt;\">\r\n\r\n<\/span><\/p>\r\n<h3 class=\"wp-block-heading\"><span style=\"font-family: arial, helvetica, sans-serif; font-size: 14pt;\"><strong>Matr\u00edcula dos Selecionados:<\/strong><\/span><\/h3>\r\n<p><span style=\"font-family: arial, helvetica, sans-serif; font-size: 14pt;\">\r\n\r\n<\/span><\/p>\r\n<p><span style=\"font-family: arial, helvetica, sans-serif; font-size: 14pt;\">A Matr\u00edcula dos candidatos selecionados ser\u00e1 realizada pela Secretaria Acad\u00eamica do PGEHA com a documenta\u00e7\u00e3o entregue no ato da inscri\u00e7\u00e3o para o processo seletivo.<\/span><\/p>\r\n<p><span style=\"font-family: arial, helvetica, sans-serif; font-size: 14pt;\">\r\n\r\n<\/span><\/p>\r\n<p><span style=\"font-family: arial, helvetica, sans-serif; font-size: 14pt;\">Ao selecionado, basta comparecer no in\u00edcio das aulas. O local em que cada aula acontece est\u00e1 informado tanto na aba\u00a0<a href=\"https:\/\/sites.usp.br\/pgeha\/disciplinas-2\/\" target=\"_blank\" rel=\"noopener\">Disciplinas<\/a>\u00a0desse site como no\u00a0<a href=\"https:\/\/uspdigital.usp.br\/janus\/componente\/disciplinasOferecidasInicial.jsf?action=2&amp;codcpg=93&amp;codare=93131\" target=\"_blank\" rel=\"noopener\">Janus<\/a>. Em turmas com oferecimento online, o link para acompanhar as aulas remotamente ser\u00e1 enviado pelo professor, por e-mail, no dia da primeira aula.<\/span><\/p>\r\n<p><span style=\"font-family: arial, helvetica, sans-serif; font-size: 14pt;\">\r\n\r\n<\/span><\/p>\r\n<p><span style=\"font-family: arial, helvetica, sans-serif; font-size: 14pt;\">Em caso de desist\u00eancia, solicitamos que nos comuniquem por e-mail:\u00a0<a href=\"mailto:pgeha@usp.br\">pgeha@usp.br<\/a>.<\/span><\/p>\r\n<p><span style=\"font-family: arial, helvetica, sans-serif; font-size: 14pt;\">\r\n\r\n<\/span><\/p>\r\n<p>&nbsp;<\/p>\r\n<p><span style=\"font-family: arial, helvetica, sans-serif; font-size: 14pt;\">\r\n\r\n<\/span><\/p>\r\n<hr class=\"wp-block-separator has-alpha-channel-opacity\" \/>\r\n<p><span style=\"font-family: arial, helvetica, sans-serif; font-size: 14pt;\">\r\n\r\n<\/span><\/p>\r\n<h3 class=\"wp-block-heading\"><span style=\"font-family: arial, helvetica, sans-serif; font-size: 14pt;\">\u00a0<span style=\"color: #333300;\"><strong>Inscri\u00e7\u00e3o para Aluno Especial<\/strong><\/span><\/span><\/h3>\r\n<p><span style=\"font-family: arial, helvetica, sans-serif; font-size: 14pt;\">\r\n\r\n<\/span><\/p>\r\n<p><span style=\"font-family: arial, helvetica, sans-serif; font-size: 14pt;\">Requerimento para inscri\u00e7\u00e3o no processo seletivo para aluno especial:<\/span><br \/><span style=\"font-family: arial, helvetica, sans-serif; font-size: 14pt;\"><a href=\"https:\/\/docs.google.com\/forms\/d\/e\/1FAIpQLSerJM3RjNCeHuaiX0CoqnIbnb5WDWAxCjaYtCoj54YipwP7Ww\/viewform\" target=\"_blank\" rel=\"nofollow noopener\"><br \/>Formul\u00e1rio de Inscri\u00e7\u00e3o<\/a><\/span><\/p>\r\n<p><span style=\"font-family: arial, helvetica, sans-serif; font-size: 14pt;\">\r\n\r\n<\/span><\/p>\r\n<p>&nbsp;<\/p>\r\n<p><span style=\"font-family: arial, helvetica, sans-serif;\"><\/span><\/p>","protected":false},"excerpt":{"rendered":"<p>Processo seletivo O ingresso como Aluno Especial acontece a cada semestre, com inscri\u00e7\u00f5es algumas semanas antes do in\u00edcio das aulas.\u00a0Fique atento ao Edital; as indica\u00e7\u00f5es abaixo s\u00e3o baseadas em edi\u00e7\u00f5es anteriores. No primeiro semestre, a semana de inscri\u00e7\u00f5es acontece, normalmente, em fevereiro, evitando-se a semana do Carnaval; No segundo semestre, a semana de inscri\u00e7\u00f5es acontece, normalmente, entre o final de junho e o in\u00edcio de julho. A cada semestre, ser\u00e3o oferecidas algumas das disciplinas ativas do PGEHA. Veja na aba DISCIPLINAS o cat\u00e1logo de disciplinas do Programa. A informa\u00e7\u00e3o sobre quais disciplinas ser\u00e3o oferecidas no pr\u00f3ximo semestre estar\u00e3o dispon\u00edveis apenas no Edital, quando este for publicado. Edital de sele\u00e7\u00e3o para Aluno Especial &nbsp; \u00a0Informa\u00e7\u00f5es sobre a sele\u00e7\u00e3o de aluno especial A sele\u00e7\u00e3o dos inscritos \u00e9 feita pelo(s) docente(s) respons\u00e1vel(eis) pelas disciplinas oferecidas, com base no material enviado pelo interessado no momento da inscri\u00e7\u00e3o. Organize sua documenta\u00e7\u00e3o como indicado no Edital para facilitar a an\u00e1lise do docente. Selecionados Matr\u00edcula dos Selecionados: A Matr\u00edcula dos candidatos selecionados ser\u00e1 realizada pela Secretaria Acad\u00eamica do PGEHA com a documenta\u00e7\u00e3o entregue no ato da inscri\u00e7\u00e3o para o processo seletivo. Ao selecionado, basta comparecer no in\u00edcio das aulas. O local em que cada aula acontece est\u00e1 [&#8230;]<\/p>\n","protected":false},"author":1214,"featured_media":0,"parent":0,"menu_order":0,"comment_status":"closed","ping_status":"closed","template":"","meta":{"footnotes":"","_links_to":"","_links_to_target":""},"class_list":["post-211","page","type-page","status-publish","hentry"],"_links":{"self":[{"href":"https:\/\/sites.usp.br\/pgeha\/wp-json\/wp\/v2\/pages\/211","targetHints":{"allow":["GET"]}}],"collection":[{"href":"https:\/\/sites.usp.br\/pgeha\/wp-json\/wp\/v2\/pages"}],"about":[{"href":"https:\/\/sites.usp.br\/pgeha\/wp-json\/wp\/v2\/types\/page"}],"author":[{"embeddable":true,"href":"https:\/\/sites.usp.br\/pgeha\/wp-json\/wp\/v2\/users\/1214"}],"replies":[{"embeddable":true,"href":"https:\/\/sites.usp.br\/pgeha\/wp-json\/wp\/v2\/comments?post=211"}],"version-history":[{"count":4,"href":"https:\/\/sites.usp.br\/pgeha\/wp-json\/wp\/v2\/pages\/211\/revisions"}],"predecessor-version":[{"id":1188,"href":"https:\/\/sites.usp.br\/pgeha\/wp-json\/wp\/v2\/pages\/211\/revisions\/1188"}],"wp:attachment":[{"href":"https:\/\/sites.usp.br\/pgeha\/wp-json\/wp\/v2\/media?parent=211"}],"curies":[{"name":"wp","href":"https:\/\/api.w.org\/{rel}","templated":true}]}}