{"id":224,"date":"2026-01-28T16:14:42","date_gmt":"2026-01-28T18:14:42","guid":{"rendered":"https:\/\/sites.usp.br\/pgeha\/?page_id=224"},"modified":"2026-03-04T16:17:02","modified_gmt":"2026-03-04T18:17:02","slug":"representantes","status":"publish","type":"page","link":"https:\/\/sites.usp.br\/pgeha\/representantes\/","title":{"rendered":"REPRESENTANTES"},"content":{"rendered":"\n<p><span style=\"font-family: arial, helvetica, sans-serif; font-size: 14pt;\">O&nbsp;<strong>Aluno Regular do PGEHA<\/strong>&nbsp;pode participar, como representante discente, de diversos colegiados que comp\u00f5em a viv\u00eancia acad\u00eamica e administrativa da&nbsp;<strong>Universidade de S\u00e3o Paulo<\/strong>.<\/span><\/p>\n\n\n\n<p><span style=\"font-family: arial, helvetica, sans-serif; font-size: 14pt;\">No \u00e2mbito do pr\u00f3prio programa, a&nbsp;<strong>Comiss\u00e3o de P\u00f3s-Gradua\u00e7\u00e3o<\/strong>&nbsp;(CPG) tem, em sua composi\u00e7\u00e3o, uma cadeira para o representante discente.<\/span><\/p>\n\n\n\n<p><span style=\"font-family: arial, helvetica, sans-serif; font-size: 14pt;\">No \u00e2mbito do&nbsp;<strong>Museu de Arte Contempor\u00e2nea<\/strong>&nbsp;\u2013 que, entre as Unidades que comp\u00f5em este programa Interunidades, \u00e9 a que oferece suporte administrativo ao PGEHA -, h\u00e1 uma cadeira para representa\u00e7\u00e3o discente em cada um dos colegiados do Museu: Conselho Deliberativo (CD), Comiss\u00e3o de Pesquisa (CPq), Comiss\u00e3o de Cultura e Extens\u00e3o (CCEx) e Comiss\u00e3o T\u00e9cnico-Administrativa (CTA).<\/span><\/p>\n\n\n\n<p><span style=\"font-family: arial, helvetica, sans-serif; font-size: 14pt;\">Os mandatos discentes para estes colegiados (CPG, CD, CPq, CCEx e CTA) t\u00eam a dura\u00e7\u00e3o de um ano, iniciando normalmente no final de um ano e indo at\u00e9 o final do ano seguinte.<\/span><\/p>\n\n\n\n<p><span style=\"font-family: arial, helvetica, sans-serif; font-size: 14pt;\">Os representantes discentes s\u00e3o escolhidos por elei\u00e7\u00e3o realizada entre seus pares. Essa elei\u00e7\u00e3o \u00e9 regulamentada por Portaria baixada pelo diretor da&nbsp;<strong>Museu de Arte Contempor\u00e2nea<\/strong>.<\/span><\/p>\n\n\n\n<p><span style=\"font-family: arial, helvetica, sans-serif; font-size: 14pt;\">(veja a&nbsp;<strong><a href=\"https:\/\/drive.google.com\/file\/d\/1LpQWHjb0UoZZ9TtZv-rXMQoU7RKWUet9\/view?usp=sharing\" target=\"_blank\" rel=\"noopener noreferrer\">Portaria<\/a><\/strong>&nbsp;que regulamentou a \u00faltima elei\u00e7\u00e3o de Representa\u00e7\u00e3o Discente)<\/span><\/p>\n\n\n\n<p><span style=\"font-family: arial, helvetica, sans-serif; font-size: 14pt;\">(veja&nbsp;<a href=\"https:\/\/docs.google.com\/document\/d\/13WRm2VaOXfmLBo3eVnLBTAcgDXJYt6PeAH9ZnOJUNZU\/edit?usp=sharing\" target=\"_blank\" rel=\"noopener noreferrer\"><strong>quem se candidatou<\/strong><\/a>&nbsp;para a Representa\u00e7\u00e3o Discente)<\/span><\/p>\n\n\n\n<p><span style=\"font-family: arial, helvetica, sans-serif; font-size: 14pt;\">(veja os&nbsp;<strong><a href=\"https:\/\/docs.google.com\/document\/d\/1IYYUokc2uz1NkhRZvhx2yGUh7bdeLDFYuJ66FO6_ywQ\/edit?usp=sharing\" target=\"_blank\" rel=\"noopener noreferrer\">Representantes Eleitos<\/a><\/strong>&nbsp;na \u00faltima elei\u00e7\u00e3o de Representa\u00e7\u00e3o Discente)<\/span><\/p>\n\n\n\n<p><span style=\"font-family: arial, helvetica, sans-serif; font-size: 14pt;\">No \u00e2mbito da Universidade, existem alguns outros colegiados em que o aluno do PGEHA pode ocupar cadeiras, disputando o pleito com alunos de outros programas de P\u00f3s-Gradua\u00e7\u00e3o. Estes pleitos s\u00e3o organizados pelas Pr\u00f3-Reitorias e pela Reitoria da Universidade.<\/span><\/p>\n\n\n\n<p>\u00a0<span style=\"font-size: 14pt;\"><strong><span style=\"font-family: arial, helvetica, sans-serif;\">REPRESENTANTES DISCENTES EM COLEGIADOS<\/span><\/strong><\/span><\/p>\n\n\n\n<p><span style=\"font-family: arial, helvetica, sans-serif; font-size: 14pt;\">Do&nbsp;<strong>MAC USP<\/strong>: Conselho Deliberativo, Comiss\u00e3o T\u00e9cnico-Administrativa, Comiss\u00e3o de Pesquisa, Comiss\u00e3o de Cultura e Extens\u00e3o.<\/span><\/p>\n\n\n\n<p><span style=\"font-family: arial, helvetica, sans-serif; font-size: 14pt;\">Do&nbsp;<strong>PGEHA USP<\/strong>: Comiss\u00e3o de P\u00f3s-Gradua\u00e7\u00e3o.<\/span><\/p>\n\n\n\n<p><span style=\"font-family: arial, helvetica, sans-serif; font-size: 14pt;\">LEIA A&nbsp;<a href=\"https:\/\/drive.google.com\/file\/d\/1FdFC2aSm_Xg2zZgrY59KySdOq4kD86yk\/view?usp=sharing\" target=\"_blank\" rel=\"noopener\"><strong>PORTARIA DE CONVOCA\u00c7\u00c3O<\/strong><\/a><\/span><\/p>\n\n\n\n<p><span style=\"font-family: arial, helvetica, sans-serif; font-size: 14pt;\">INSCREVA-SE &#8211; (candidatura <a href=\"https:\/\/drive.google.com\/file\/d\/1xRvE2IOjy1ask9TFfhST5641Swd0thnp\/view?usp=sharing\" target=\"_blank\" rel=\"noopener\"><strong>individual<\/strong><\/a>&nbsp;\/&nbsp;<a href=\"https:\/\/drive.google.com\/file\/d\/1e1aE0I2JJOsOeQQ7hPrN02GKMomHoAH7\/view?usp=sharing\" target=\"_blank\" rel=\"noopener\"><strong>de chapa<\/strong><\/a>)<\/span><\/p>\n","protected":false},"excerpt":{"rendered":"<p>O&nbsp;Aluno Regular do PGEHA&nbsp;pode participar, como representante discente, de diversos colegiados que comp\u00f5em a viv\u00eancia acad\u00eamica e administrativa da&nbsp;Universidade de S\u00e3o Paulo. No \u00e2mbito do pr\u00f3prio programa, a&nbsp;Comiss\u00e3o de P\u00f3s-Gradua\u00e7\u00e3o&nbsp;(CPG) tem, em sua composi\u00e7\u00e3o, uma cadeira para o representante discente. No \u00e2mbito do&nbsp;Museu de Arte Contempor\u00e2nea&nbsp;\u2013 que, entre as Unidades que comp\u00f5em este programa Interunidades, \u00e9 a que oferece suporte administrativo ao PGEHA -, h\u00e1 uma cadeira para representa\u00e7\u00e3o discente em cada um dos colegiados do Museu: Conselho Deliberativo (CD), Comiss\u00e3o de Pesquisa (CPq), Comiss\u00e3o de Cultura e Extens\u00e3o (CCEx) e Comiss\u00e3o T\u00e9cnico-Administrativa (CTA). Os mandatos discentes para estes colegiados (CPG, CD, CPq, CCEx e CTA) t\u00eam a dura\u00e7\u00e3o de um ano, iniciando normalmente no final de um ano e indo at\u00e9 o final do ano seguinte. Os representantes discentes s\u00e3o escolhidos por elei\u00e7\u00e3o realizada entre seus pares. Essa elei\u00e7\u00e3o \u00e9 regulamentada por Portaria baixada pelo diretor da&nbsp;Museu de Arte Contempor\u00e2nea. (veja a&nbsp;Portaria&nbsp;que regulamentou a \u00faltima elei\u00e7\u00e3o de Representa\u00e7\u00e3o Discente) (veja&nbsp;quem se candidatou&nbsp;para a Representa\u00e7\u00e3o Discente) (veja os&nbsp;Representantes Eleitos&nbsp;na \u00faltima elei\u00e7\u00e3o de Representa\u00e7\u00e3o Discente) No \u00e2mbito da Universidade, existem alguns outros colegiados em que o aluno do PGEHA pode ocupar cadeiras, disputando o pleito com alunos de outros programas de [&#8230;]<\/p>\n","protected":false},"author":1214,"featured_media":0,"parent":0,"menu_order":0,"comment_status":"closed","ping_status":"closed","template":"","meta":{"footnotes":"","_links_to":"","_links_to_target":""},"class_list":["post-224","page","type-page","status-publish","hentry"],"_links":{"self":[{"href":"https:\/\/sites.usp.br\/pgeha\/wp-json\/wp\/v2\/pages\/224","targetHints":{"allow":["GET"]}}],"collection":[{"href":"https:\/\/sites.usp.br\/pgeha\/wp-json\/wp\/v2\/pages"}],"about":[{"href":"https:\/\/sites.usp.br\/pgeha\/wp-json\/wp\/v2\/types\/page"}],"author":[{"embeddable":true,"href":"https:\/\/sites.usp.br\/pgeha\/wp-json\/wp\/v2\/users\/1214"}],"replies":[{"embeddable":true,"href":"https:\/\/sites.usp.br\/pgeha\/wp-json\/wp\/v2\/comments?post=224"}],"version-history":[{"count":4,"href":"https:\/\/sites.usp.br\/pgeha\/wp-json\/wp\/v2\/pages\/224\/revisions"}],"predecessor-version":[{"id":1183,"href":"https:\/\/sites.usp.br\/pgeha\/wp-json\/wp\/v2\/pages\/224\/revisions\/1183"}],"wp:attachment":[{"href":"https:\/\/sites.usp.br\/pgeha\/wp-json\/wp\/v2\/media?parent=224"}],"curies":[{"name":"wp","href":"https:\/\/api.w.org\/{rel}","templated":true}]}}