{"id":226,"date":"2026-01-28T16:14:56","date_gmt":"2026-01-28T18:14:56","guid":{"rendered":"https:\/\/sites.usp.br\/pgeha\/?page_id=226"},"modified":"2026-03-04T15:08:34","modified_gmt":"2026-03-04T17:08:34","slug":"aluno-especial-2","status":"publish","type":"page","link":"https:\/\/sites.usp.br\/pgeha\/aluno-especial-2\/","title":{"rendered":"ALUNO ESPECIAL"},"content":{"rendered":"<p><span style=\"font-family: arial, helvetica, sans-serif;\"><\/span><\/p>\r\n<p><span style=\"font-family: arial, helvetica, sans-serif; font-size: 14pt;\">O\u00a0<strong>Aluno Especial<\/strong>\u00a0\u00e9 um aluno de disciplina \u2013 diferente do Aluno Regular, que \u00e9 um aluno do Curso de P\u00f3s-Gradua\u00e7\u00e3o oferecido pelo PGEHA \u2013, portanto, o \u00fanico v\u00ednculo desse Aluno Especial com o Programa \u00e9 com a disciplina em que estiver matriculado.<\/span><\/p>\r\n<p><span style=\"font-family: arial, helvetica, sans-serif; font-size: 14pt;\">\r\n\r\n<\/span><\/p>\r\n<p><span style=\"font-family: arial, helvetica, sans-serif; font-size: 14pt;\">A participa\u00e7\u00e3o como\u00a0<strong>Aluno Especial<\/strong>\u00a0em uma disciplina do Programa, al\u00e9m de proporcionar o conhecimento transmitido pelos ministrantes das disciplinas, serve como um primeiro contato das pessoas interessadas no PGEHA, que ter\u00e3o assim a oportunidade de conhecer o funcionamento e, eventualmente, conhecer os professores do Programa.<\/span><\/p>\r\n<p><span style=\"font-family: arial, helvetica, sans-serif; font-size: 14pt;\">\r\n\r\n<\/span><\/p>\r\n<p><span style=\"font-family: arial, helvetica, sans-serif; font-size: 14pt;\">Outro importante atrativo da participa\u00e7\u00e3o como Aluno Especial no Programa \u00e9 que o aluno poder\u00e1 aproveitar os cr\u00e9ditos referentes \u00e0 disciplina que tenha cursado como Aluno Especial em uma eventual matr\u00edcula como Aluno Regular do Programa.<\/span><\/p>\r\n<p><span style=\"font-family: arial, helvetica, sans-serif; font-size: 14pt;\">\r\n\r\n<\/span><\/p>\r\n<p><span style=\"font-family: arial, helvetica, sans-serif; font-size: 14pt;\">O ingresso como Aluno Especial acontece a cada semestre, com inscri\u00e7\u00f5es algumas semanas antes do in\u00edcio das aulas. O Edital \u00e9 publicado logo depois de termos definidas as disciplinas que ser\u00e3o oferecidas:\u00a0<strong>aproximadamente<\/strong>\u00a0na 2\u00aa\u00a0quinzena de janeiro (para as disciplinas do 1\u00ba\u00a0semestre) e\u00a0<strong>aproximadamente<\/strong>\u00a0na 2\u00aa\u00a0quinzena de junho (para as disciplinas do 2\u00ba\u00a0semestre). At\u00e9 a semana em que o edital \u00e9 efetivamente publicado, n\u00e3o temos previs\u00e3o de quando isso ocorrer\u00e1 \u2013 Aguarde!<\/span><\/p>\r\n<p><span style=\"font-family: arial, helvetica, sans-serif; font-size: 14pt;\">\r\n\r\n<\/span><\/p>\r\n<p><span style=\"font-family: arial, helvetica, sans-serif; font-size: 14pt;\">O edital para a pr\u00f3xima sele\u00e7\u00e3o ser\u00e1 publicado na aba \u201c<a href=\"https:\/\/sites.usp.br\/pgeha\/aluno-especial\/\"><strong>Processo Seletivo<\/strong><\/a>\u201d desse site, onde ser\u00e1 publicada tamb\u00e9m a rela\u00e7\u00e3o de selecionados, ao final do processo.<\/span><\/p>\r\n<p><span style=\"font-family: arial, helvetica, sans-serif; font-size: 14pt;\">\r\n\r\n<\/span><\/p>\r\n<p><span style=\"font-family: arial, helvetica, sans-serif; font-size: 14pt;\">Para ter uma ideia de como \u00e9 o Processo Seletivo e quais documentos s\u00e3o solicitados para a inscri\u00e7\u00e3o, consulte aqui o\u00a0<a href=\"https:\/\/docs.google.com\/document\/d\/e\/2PACX-1vQviiIzLJ1aK9Hh1DdoHrKtWmO9W5ulthrsni3Bs7HhDQeDx5g1gLM2welFUYZptDPhs7d8pz7C3yFI\/pub?embedded=true%22%20width=%22720p\" target=\"_blank\" rel=\"noreferrer noopener\"><strong>edital mais recente<\/strong><\/a>.<\/span><\/p>\r\n<p><span style=\"font-family: arial, helvetica, sans-serif; font-size: 14pt;\">\r\n\r\n<\/span><\/p>\r\n<h3 class=\"wp-block-heading\"><span style=\"font-family: arial, helvetica, sans-serif; font-size: 14pt;\">MANUAL DO ALUNO ESPECIAL<\/span><\/h3>\r\n<p><span style=\"font-family: arial, helvetica, sans-serif; font-size: 14pt;\">Clique no item de seu interesse, abaixo, para acessar as informa\u00e7\u00f5es.<\/span><\/p>\r\n<p><span style=\"font-family: arial, helvetica, sans-serif; font-size: 14pt;\">\r\n\r\n<\/span><\/p>\r\n<details class=\"wp-block-details is-layout-flow wp-block-details-is-layout-flow\">\r\n<summary><span style=\"font-family: arial, helvetica, sans-serif; font-size: 14pt;\">MATR\u00cdCULA<\/span><\/summary>\r\n<span style=\"font-family: arial, helvetica, sans-serif; font-size: 14pt;\"><\/span>\r\n<p><span style=\"font-family: arial, helvetica, sans-serif; font-size: 14pt;\">As matr\u00edculas de alunos especiais s\u00e3o feitas pela Secretaria do Programa, com os documentos que o selecionado enviou quando se inscreveu. N\u00e3o \u00e9 necess\u00e1rio enviar novos documentos.<\/span><\/p>\r\n<span style=\"font-family: arial, helvetica, sans-serif; font-size: 14pt;\"><\/span><\/details>\r\n<p><span style=\"font-family: arial, helvetica, sans-serif; font-size: 14pt;\">\r\n\r\n<\/span><\/p>\r\n<p>&nbsp;<\/p>\r\n<p><span style=\"font-family: arial, helvetica, sans-serif; font-size: 14pt;\">\r\n\r\n<\/span><\/p>\r\n<details class=\"wp-block-details is-layout-flow wp-block-details-is-layout-flow\">\r\n<summary><span style=\"font-family: arial, helvetica, sans-serif; font-size: 14pt;\">ATESTADOS DE CONCLUS\u00c3O<\/span><\/summary>\r\n<span style=\"font-family: arial, helvetica, sans-serif; font-size: 14pt;\"><\/span>\r\n<p><span style=\"font-family: arial, helvetica, sans-serif; font-size: 14pt;\">O Aluno Especial poder\u00e1 obter Atestado por ter participado em disciplinas do PGEHA. Para tanto, dever\u00e1 enviar solicita\u00e7\u00e3o por e-mail para pgeha@usp.br informando nome completo ou No USP e a disciplina que cursou.<\/span><\/p>\r\n<span style=\"font-family: arial, helvetica, sans-serif; font-size: 14pt;\">\r\n\r\n<\/span>\r\n<p><span style=\"font-family: arial, helvetica, sans-serif; font-size: 14pt;\">Observa-se que s\u00f3 \u00e9 poss\u00edvel emitir o Atestado de Conclus\u00e3o ap\u00f3s o Professor da disciplina ter lan\u00e7ado os conceitos e frequ\u00eancias dos alunos da turma, sendo que o Professor tem at\u00e9 60 dias para lan\u00e7ar essas informa\u00e7\u00f5es.<\/span><\/p>\r\n<span style=\"font-family: arial, helvetica, sans-serif; font-size: 14pt;\"><\/span><\/details>\r\n<p><span style=\"font-family: arial, helvetica, sans-serif; font-size: 14pt;\">\r\n\r\n<\/span><\/p>\r\n<p>&nbsp;<\/p>\r\n<p><span style=\"font-family: arial, helvetica, sans-serif; font-size: 14pt;\">\r\n\r\n<\/span><\/p>\r\n<details class=\"wp-block-details is-layout-flow wp-block-details-is-layout-flow\">\r\n<summary><span style=\"font-family: arial, helvetica, sans-serif; font-size: 14pt;\">SISTEMA JANUS<\/span><\/summary>\r\n<span style=\"font-family: arial, helvetica, sans-serif; font-size: 14pt;\"><\/span>\r\n<p><span style=\"font-family: arial, helvetica, sans-serif; font-size: 14pt;\">O Aluno Especial n\u00e3o tem acesso ao\u00a0<strong>Sistema Janus<\/strong>.<\/span><\/p>\r\n<span style=\"font-family: arial, helvetica, sans-serif; font-size: 14pt;\"><\/span><\/details>\r\n<p><span style=\"font-family: arial, helvetica, sans-serif; font-size: 14pt;\">\r\n\r\n<\/span><\/p>\r\n<p>&nbsp;<\/p>\r\n<p><span style=\"font-family: arial, helvetica, sans-serif; font-size: 14pt;\">\r\n\r\n<\/span><\/p>\r\n<details class=\"wp-block-details is-layout-flow wp-block-details-is-layout-flow\">\r\n<summary><span style=\"font-family: arial, helvetica, sans-serif; font-size: 14pt;\">N\u00daMERO USP<\/span><\/summary>\r\n<span style=\"font-family: arial, helvetica, sans-serif; font-size: 14pt;\"><\/span>\r\n<p><span style=\"font-family: arial, helvetica, sans-serif; font-size: 14pt;\">O N\u00famero USP \u00e9 o n\u00famero de identifica\u00e7\u00e3o de uma pessoa nos Sistemas de Informa\u00e7\u00e3o da USP. Este n\u00famero n\u00e3o muda, portanto se a pessoa j\u00e1 teve algum v\u00ednculo qualquer com a USP (tais como aluno de Gradua\u00e7\u00e3o, de Cursos de Extens\u00e3o, fornecedor de servi\u00e7os ou qualquer outro v\u00ednculo), o N\u00famero USP ser\u00e1 o mesmo.<\/span><\/p>\r\n<span style=\"font-family: arial, helvetica, sans-serif; font-size: 14pt;\">\r\n\r\n<\/span>\r\n<p><span style=\"font-family: arial, helvetica, sans-serif; font-size: 14pt;\">Caso seja o primeiro v\u00ednculo da pessoa com a USP, o N\u00famero USP ser\u00e1 criado assim que a Secretaria fizer a matr\u00edcula na disciplina.<\/span><\/p>\r\n<span style=\"font-family: arial, helvetica, sans-serif; font-size: 14pt;\">\r\n\r\n<\/span>\r\n<p><span style=\"font-family: arial, helvetica, sans-serif; font-size: 14pt;\"><strong>E como saber qual \u00e9 o seu N\u00famero USP?<\/strong>\u00a0A maneira mais f\u00e1cil \u00e9 verificar, a partir da primeira aula, na lista de presen\u00e7a da turma. O N\u00famero USP \u00e9 o n\u00famero \u00e0 esquerda do nome de cada aluno. Ou solicitando para a Secretaria do Programa.<\/span><\/p>\r\n<span style=\"font-family: arial, helvetica, sans-serif; font-size: 14pt;\">\r\n\r\n<\/span>\r\n<p><span style=\"font-family: arial, helvetica, sans-serif; font-size: 14pt;\">Com este n\u00famero de identifica\u00e7\u00e3o, o Aluno Especial ter\u00e1 acesso aos sistemas de consulta integrada (<strong><a href=\"http:\/\/www.sibi.usp.br\/\" target=\"_blank\" rel=\"noreferrer noopener\">SIBi<\/a><\/strong>) e empr\u00e9stimos (<a href=\"http:\/\/dedalus.usp.br\/\" target=\"_blank\" rel=\"noreferrer noopener\"><strong>D\u00e9dalus<\/strong><\/a>) das bibliotecas USP, a rede wifi da Universidade e outros servi\u00e7os.<\/span><\/p>\r\n<span style=\"font-family: arial, helvetica, sans-serif; font-size: 14pt;\">\r\n\r\n<\/span>\r\n<p><span style=\"font-family: arial, helvetica, sans-serif; font-size: 14pt;\">Ter este n\u00famero decorado facilita a identifica\u00e7\u00e3o do aluno pessoalmente.<\/span><\/p>\r\n<span style=\"font-family: arial, helvetica, sans-serif; font-size: 14pt;\"><\/span><\/details>\r\n<p><span style=\"font-family: arial, helvetica, sans-serif; font-size: 14pt;\">\r\n\r\n<\/span><\/p>\r\n<p>&nbsp;<\/p>\r\n<p><span style=\"font-family: arial, helvetica, sans-serif; font-size: 14pt;\">\r\n\r\n<\/span><\/p>\r\n<details class=\"wp-block-details is-layout-flow wp-block-details-is-layout-flow\">\r\n<summary><span style=\"font-family: arial, helvetica, sans-serif; font-size: 14pt;\">E-MAIL USP<\/span><\/summary>\r\n<span style=\"font-family: arial, helvetica, sans-serif; font-size: 14pt;\"><\/span>\r\n<p><span style=\"font-family: arial, helvetica, sans-serif; font-size: 14pt;\">O Aluno Especial n\u00e3o pode criar E-mail USP. A comunica\u00e7\u00e3o entre a Secretaria ou o professor da turma e o aluno especial ser\u00e1 feita pelo e-mail informado no ato da inscri\u00e7\u00e3o<\/span><\/p>\r\n<span style=\"font-family: arial, helvetica, sans-serif; font-size: 14pt;\"><\/span><\/details>\r\n<p><span style=\"font-family: arial, helvetica, sans-serif; font-size: 14pt;\">\r\n\r\n<\/span><\/p>\r\n<p>&nbsp;<\/p>\r\n<p><span style=\"font-family: arial, helvetica, sans-serif; font-size: 14pt;\">\r\n\r\n<\/span><\/p>\r\n<details class=\"wp-block-details is-layout-flow wp-block-details-is-layout-flow\">\r\n<summary><span style=\"font-family: arial, helvetica, sans-serif; font-size: 14pt;\">REDE DE WI-FI<\/span><\/summary>\r\n<span style=\"font-family: arial, helvetica, sans-serif; font-size: 14pt;\"><\/span>\r\n<p><span style=\"font-family: arial, helvetica, sans-serif; font-size: 14pt;\">O Aluno Especial pode acessar a Internet pela rede de Wi-Fi da USP.<\/span><\/p>\r\n<span style=\"font-family: arial, helvetica, sans-serif; font-size: 14pt;\">\r\n\r\n<\/span>\r\n<p><span style=\"font-family: arial, helvetica, sans-serif; font-size: 14pt;\">Para tanto, a pessoa j\u00e1 deve ter um N\u00famero USP e dever\u00e1 identificar-se nos Sistemas de Informa\u00e7\u00e3o da USP da seguinte maneira:<\/span><\/p>\r\n<span style=\"font-family: arial, helvetica, sans-serif; font-size: 14pt;\">\r\n\r\n<\/span>\r\n<ul class=\"wp-block-list\">\r\n<li><span style=\"font-family: arial, helvetica, sans-serif; font-size: 14pt;\">Acesse o site\u00a0<a href=\"https:\/\/id.usp.br\/\" target=\"_blank\" rel=\"noreferrer noopener\"><strong>https:\/\/id.usp.br<\/strong><\/a>\u00a0e clique em \u201c<strong>Primeiro acesso<\/strong>\u201d. Preencha as informa\u00e7\u00f5es solicitadas (No USP e o e-mail informado na Inscri\u00e7\u00e3o).<\/span><\/li>\r\n\r\n\r\n\r\n<li><span style=\"font-family: arial, helvetica, sans-serif; font-size: 14pt;\">Siga as instru\u00e7\u00f5es recebidas em seu e-mail e crie a sua\u00a0<strong>Senha \u00danica<\/strong>.<\/span><\/li>\r\n<\/ul>\r\n<span style=\"font-family: arial, helvetica, sans-serif; font-size: 14pt;\">\r\n\r\n<\/span>\r\n<p><span style=\"font-family: arial, helvetica, sans-serif; font-size: 14pt;\">A partir daqui, h\u00e1 duas maneiras de prosseguir.<\/span><\/p>\r\n<span style=\"font-family: arial, helvetica, sans-serif; font-size: 14pt;\">\r\n\r\n<\/span>\r\n<p><span style=\"font-family: arial, helvetica, sans-serif; font-size: 14pt;\">Uma:<\/span><\/p>\r\n<span style=\"font-family: arial, helvetica, sans-serif; font-size: 14pt;\">\r\n\r\n<\/span>\r\n<ul class=\"wp-block-list\">\r\n<li><span style=\"font-family: arial, helvetica, sans-serif; font-size: 14pt;\">Baixe, do site da\u00a0<a href=\"https:\/\/cat.eduroam.org\/\" target=\"_blank\" rel=\"noreferrer noopener\">eduroam<\/a>\u00a0(servi\u00e7o gratuito de conectividade com a Internet \u2013 tanto na USP como em outras institui\u00e7\u00f5es participantes, nacional ou internacional) o aplicativo cat.eduroam;<\/span><\/li>\r\n\r\n\r\n\r\n<li><span style=\"font-family: arial, helvetica, sans-serif; font-size: 14pt;\">Quando estiver nas depend\u00eancias da USP, abra o aplicativo e siga as instru\u00e7\u00f5es para conectar-se (voc\u00ea precisar\u00e1 de seu No USP e a Senha \u00danica).<\/span><\/li>\r\n<\/ul>\r\n<span style=\"font-family: arial, helvetica, sans-serif; font-size: 14pt;\">\r\n\r\n<\/span>\r\n<p><span style=\"font-family: arial, helvetica, sans-serif; font-size: 14pt;\">Duas:<\/span><\/p>\r\n<span style=\"font-family: arial, helvetica, sans-serif; font-size: 14pt;\">\r\n\r\n<\/span>\r\n<ul class=\"wp-block-list\">\r\n<li><span style=\"font-family: arial, helvetica, sans-serif; font-size: 14pt;\">Quando estiver nas depend\u00eancias da USP, procure em seu equipamento (telefone celular, notebook e semelhantes) a rede de wi-fi EDUROAM e inicie o procedimento para se logar a ela.<\/span><\/li>\r\n\r\n\r\n\r\n<li><span style=\"font-family: arial, helvetica, sans-serif; font-size: 14pt;\">Na p\u00e1gina que abrir em seu equipamento, informe o usu\u00e1rio [seu No USP]@usp.br (por exemplo: 1111111@usp.br) e a Senha \u00danica.<\/span><\/li>\r\n<\/ul>\r\n<span style=\"font-family: arial, helvetica, sans-serif; font-size: 14pt;\">\r\n\r\n<\/span>\r\n<p><span style=\"font-family: arial, helvetica, sans-serif; font-size: 14pt;\">Com isso, voc\u00ea ter\u00e1 acesso \u00e0 rede de wi-fi em qualquer lugar da Universidade que tenha uma antena com sinal potente o suficiente.<\/span><\/p>\r\n<span style=\"font-family: arial, helvetica, sans-serif;\"><\/span><\/details>\r\n<p><span style=\"font-family: arial, helvetica, sans-serif;\"><\/span><\/p>","protected":false},"excerpt":{"rendered":"<p>O\u00a0Aluno Especial\u00a0\u00e9 um aluno de disciplina \u2013 diferente do Aluno Regular, que \u00e9 um aluno do Curso de P\u00f3s-Gradua\u00e7\u00e3o oferecido pelo PGEHA \u2013, portanto, o \u00fanico v\u00ednculo desse Aluno Especial com o Programa \u00e9 com a disciplina em que estiver matriculado. A participa\u00e7\u00e3o como\u00a0Aluno Especial\u00a0em uma disciplina do Programa, al\u00e9m de proporcionar o conhecimento transmitido pelos ministrantes das disciplinas, serve como um primeiro contato das pessoas interessadas no PGEHA, que ter\u00e3o assim a oportunidade de conhecer o funcionamento e, eventualmente, conhecer os professores do Programa. Outro importante atrativo da participa\u00e7\u00e3o como Aluno Especial no Programa \u00e9 que o aluno poder\u00e1 aproveitar os cr\u00e9ditos referentes \u00e0 disciplina que tenha cursado como Aluno Especial em uma eventual matr\u00edcula como Aluno Regular do Programa. O ingresso como Aluno Especial acontece a cada semestre, com inscri\u00e7\u00f5es algumas semanas antes do in\u00edcio das aulas. O Edital \u00e9 publicado logo depois de termos definidas as disciplinas que ser\u00e3o oferecidas:\u00a0aproximadamente\u00a0na 2\u00aa\u00a0quinzena de janeiro (para as disciplinas do 1\u00ba\u00a0semestre) e\u00a0aproximadamente\u00a0na 2\u00aa\u00a0quinzena de junho (para as disciplinas do 2\u00ba\u00a0semestre). At\u00e9 a semana em que o edital \u00e9 efetivamente publicado, n\u00e3o temos previs\u00e3o de quando isso ocorrer\u00e1 \u2013 Aguarde! O edital para a pr\u00f3xima sele\u00e7\u00e3o ser\u00e1 publicado na aba \u201cProcesso [&#8230;]<\/p>\n","protected":false},"author":1214,"featured_media":0,"parent":0,"menu_order":0,"comment_status":"closed","ping_status":"closed","template":"","meta":{"footnotes":"","_links_to":"","_links_to_target":""},"class_list":["post-226","page","type-page","status-publish","hentry"],"_links":{"self":[{"href":"https:\/\/sites.usp.br\/pgeha\/wp-json\/wp\/v2\/pages\/226","targetHints":{"allow":["GET"]}}],"collection":[{"href":"https:\/\/sites.usp.br\/pgeha\/wp-json\/wp\/v2\/pages"}],"about":[{"href":"https:\/\/sites.usp.br\/pgeha\/wp-json\/wp\/v2\/types\/page"}],"author":[{"embeddable":true,"href":"https:\/\/sites.usp.br\/pgeha\/wp-json\/wp\/v2\/users\/1214"}],"replies":[{"embeddable":true,"href":"https:\/\/sites.usp.br\/pgeha\/wp-json\/wp\/v2\/comments?post=226"}],"version-history":[{"count":3,"href":"https:\/\/sites.usp.br\/pgeha\/wp-json\/wp\/v2\/pages\/226\/revisions"}],"predecessor-version":[{"id":1173,"href":"https:\/\/sites.usp.br\/pgeha\/wp-json\/wp\/v2\/pages\/226\/revisions\/1173"}],"wp:attachment":[{"href":"https:\/\/sites.usp.br\/pgeha\/wp-json\/wp\/v2\/media?parent=226"}],"curies":[{"name":"wp","href":"https:\/\/api.w.org\/{rel}","templated":true}]}}