{"id":62,"date":"2014-02-12T11:28:30","date_gmt":"2014-02-12T13:28:30","guid":{"rendered":"http:\/\/sites.usp.br\/pgeha\/?page_id=62"},"modified":"2026-02-23T15:11:50","modified_gmt":"2026-02-23T17:11:50","slug":"programa-historico","status":"publish","type":"page","link":"https:\/\/sites.usp.br\/pgeha\/programa-historico\/","title":{"rendered":"HIST\u00d3RICO"},"content":{"rendered":"<h3><span style=\"font-size: 14pt; color: #000000; font-family: arial, helvetica, sans-serif;\">HIST\u00d3RICO E CONTEXTUALIZA\u00c7\u00c3O DO PROGRAMA<\/span><\/h3>\n<p><span style=\"font-family: arial, helvetica, sans-serif; font-size: 14pt;\">O Programa de P\u00f3s-Gradua\u00e7\u00e3o Interunidades em Est\u00e9tica e Hist\u00f3ria da Arte da Universidade de S\u00e3o Paulo foi aprovado em julho de 2000, para os cursos de mestrado e doutorado. O mestrado foi recomendado pela CAPES (Coordena\u00e7\u00e3o de Aperfei\u00e7oamento de Pessoal de N\u00edvel Superior) em julho de 2002 e implantado no primeiro semestre de 2003. O doutorado foi recomendado em agosto de 2013 e implantado no segundo semestre de 2014.<\/span><\/p>\n<p><span style=\"font-family: arial, helvetica, sans-serif; font-size: 14pt;\">O Programa \u00e9 uma atividade conjunta da Escola de Comunica\u00e7\u00f5es e Artes (ECA\/USP), Escola de Artes, Ci\u00eancias e Humanidades (EACH\/USP), Faculdade de Arquitetura e Urbanismo (FAU\/USP), Faculdade de Filosofia, Letras e Ci\u00eancias Humanas (FFLCH\/USP) e Museu de Arte Contempor\u00e2nea (MAC\/USP) e responde \u00e0s necessidades emergentes de v\u00e1rios setores culturais. \u00c9 crescente a demanda por profissionais habilitados na \u00e1rea de artes para trabalhos em centros culturais, escolas, museus e institui\u00e7\u00f5es art\u00edsticas. Assim, ao longo dessa d\u00e9cada de funcionamento, o Programa tem se mostrado necess\u00e1rio e pertinente, vindo a preencher uma lacuna na forma\u00e7\u00e3o de pesquisadores na \u00e1rea de Est\u00e9tica, Hist\u00f3ria da Arte e suas interfaces.<\/span><\/p>\n<p><span style=\"font-family: arial, helvetica, sans-serif; font-size: 14pt;\">Acompanhando a din\u00e2mica da Universidade de S\u00e3o Paulo, professores e pesquisadores envolvidos com a pesquisa e a produ\u00e7\u00e3o de estudos interdisciplinares relacionados \u00e0 arte propuseram o Programa, valendo-se da longa experi\u00eancia hist\u00f3rica na \u00e1rea, nesta Universidade. Nesse ponto, \u00e9 importante lembrar docentes pioneiros, como Roger Bastide, L\u00e9vi-Strauss, Jean Maugu\u00e9, Ungaretti, Ruy Galv\u00e3o de Andrada Coelho, Lourival Gomes Machado, Gilda de Mello e Souza, Ant\u00f4nio C\u00e2ndido, entre outros, que atuaram, significativamente, nas primeiras d\u00e9cadas de implanta\u00e7\u00e3o da Universidade, provocando at\u00e9 hoje desdobramentos em sua reflex\u00e3o cultural e art\u00edstica. Tais contribui\u00e7\u00f5es e suas influ\u00eancias diretas ou indiretas formaram gera\u00e7\u00f5es de intelectuais nessa Universidade e ainda s\u00e3o relevantes em v\u00e1rias unidades, institutos, museus, centros e associa\u00e7\u00f5es de pesquisa. S\u00e3o reflexos dessas influ\u00eancias v\u00e1rios trabalhos de grande import\u00e2ncia para a atualidade desenvolvidos pelas equipes de docentes e pesquisadores das unidades que comp\u00f5em o Programa.<\/span><\/p>\n<p><span style=\"font-family: arial, helvetica, sans-serif; font-size: 14pt;\">O Programa de P\u00f3s-Gradua\u00e7\u00e3o Interunidades em Est\u00e9tica e Hist\u00f3ria da Arte caracteriza-se por estabelecer e atualizar conceitos est\u00e9ticos, com base em refer\u00eancias hist\u00f3ricas nacionais e internacionais, capazes de situar e aprofundar o alcance do objeto art\u00edstico e sua inser\u00e7\u00e3o numa rede de valores e de representa\u00e7\u00f5es sociais, culturais e econ\u00f4micas. Para atingir sua finalidade, prop\u00f5e-se v\u00e1rias abordagens na investiga\u00e7\u00e3o do processo art\u00edstico. Sempre presentes nas discuss\u00f5es est\u00e3o a complexidade, os v\u00e1rios n\u00edveis e as condi\u00e7\u00f5es que envolvem o artista, a obra, a circula\u00e7\u00e3o e o entendimento da obra de arte, assim como o desvendar das condi\u00e7\u00f5es do discurso historiogr\u00e1fico e cr\u00edtico, repensando, reavaliando e redefinindo conceitos que norteiam as respostas contempor\u00e2neas \u00e0s quest\u00f5es:<\/span><\/p>\n<h4><span style=\"font-family: arial, helvetica, sans-serif; font-size: 14pt;\"><strong>O que \u00e9 a arte em cada contexto social e cultural?<\/strong><\/span><\/h4>\n<h4><span style=\"font-family: arial, helvetica, sans-serif; font-size: 14pt;\"><strong>Qual \u00e9 o papel do artista?<\/strong><\/span><\/h4>\n<h4><span style=\"font-family: arial, helvetica, sans-serif; font-size: 14pt;\"><strong>O que faz com que, num determinado momento e contexto, um objeto seja considerado \u201cobra de arte\u201d?<\/strong><\/span><\/h4>\n<h4><span style=\"font-family: arial, helvetica, sans-serif; font-size: 14pt;\"><strong>Qual o papel do pesquisador?<\/strong><\/span><\/h4>\n<h4><span style=\"font-family: arial, helvetica, sans-serif; font-size: 14pt;\"><strong>Qual o papel do Museu e das Institui\u00e7\u00f5es art\u00edsticas?<\/strong><\/span><\/h4>\n<h4><span style=\"font-family: arial, helvetica, sans-serif; font-size: 14pt;\"><strong>Qual a vis\u00e3o cr\u00edtica da Universidade a respeito destas quest\u00f5es?<\/strong><\/span><\/h4>\n<h4><span style=\"font-family: arial, helvetica, sans-serif; font-size: 14pt;\"><strong>E, principalmente, quais os poss\u00edveis campos interdisciplinares correlacionados \u00e0 \u00e1rea em quest\u00e3o?<\/strong><\/span><\/h4>\n<p><span style=\"font-family: arial, helvetica, sans-serif; font-size: 14pt;\">Em sua origem e forma\u00e7\u00e3o, o Programa abarcou quest\u00f5es interdisciplinares que o levaram \u00e0 sua configura\u00e7\u00e3o atual, oferecendo assim a oportunidade para que pesquisadores das mais diversas Unidades da USP: Escola de Comunica\u00e7\u00f5es e Artes (ECA\/USP), Escola de Artes, Ci\u00eancias e Humanidades (EACH\/USP), Faculdade de Filosofia, Letras e Ci\u00eancias Humanas (FFLCH\/USP), Faculdade de Arquitetura e Urbanismo (FAU\/USP), Museu de Arte Contempor\u00e2nea (MAC\/USP) e Faculdade de Medicina \u2013 Departamento de Terapia Ocupacional (TO-FM\/USP) possam sistematizar e organizar suas pesquisas e estudos conjuntamente. Desse modo, o presente Programa apresenta um perfil que motiva o crescimento e conjuga\u00e7\u00f5es na elabora\u00e7\u00e3o de futuros projetos interunidades e mesmo interinstitucionais.<\/span><\/p>\n<p><span style=\"font-family: arial, helvetica, sans-serif; font-size: 14pt;\">Atrav\u00e9s de seus docentes, discentes e pesquisadores, procura-se estabelecer novos par\u00e2metros para a pesquisa em Est\u00e9tica e Hist\u00f3ria da Arte, focando, de modo especial, a perspectiva interdisciplinar. Esses esfor\u00e7os surgem nos conte\u00fados program\u00e1ticos das disciplinas oferecidas, projetos de pesquisa organizados por docentes e discentes e, particularmente, nas atividades de extens\u00e3o e divulga\u00e7\u00e3o da pesquisa em arte. Os interc\u00e2mbios institucionais nacionais e internacionais tamb\u00e9m s\u00e3o priorizados.<\/span><\/p>\n<p><span style=\"font-family: arial, helvetica, sans-serif; font-size: 14pt;\">Vale notar que os Conv\u00eanios Acad\u00eamicos Internacionais para interc\u00e2mbio de alunos e docentes e a realiza\u00e7\u00e3o de atividades conjuntas, coordenados por docentes do Programa t\u00eam ampliado sua internacionaliza\u00e7\u00e3o. S\u00e3o eles: Universit\u00e0 degli Studi di Milano, It\u00e1lia; Universidad Alberto Hurtado, Chile; Fundaci\u00f3n Museo Reina Sof\u00eda, Espanha; Universit\u00e4t Bremen, Alemanha, al\u00e9m do Conv\u00eanio de Dupla Titula\u00e7\u00e3o, recentemente assinado com a Universit\u00e9 Paris I \u2013 Panth\u00e9on Sorbonne, Fran\u00e7a.<\/span><\/p>\n<p><span style=\"font-family: arial, helvetica, sans-serif; font-size: 14pt;\">A partir do conjunto dessas a\u00e7\u00f5es, docentes e discentes do Programa elaboram procedimentos te\u00f3ricos, metodol\u00f3gicos e epistemol\u00f3gicos dirigidos ao campo da interdisciplinaridade art\u00edstica contempor\u00e2nea.<\/span><\/p>\n<p><span style=\"font-family: arial, helvetica, sans-serif; font-size: 14pt;\">As atividades interdisciplinares e a boa recep\u00e7\u00e3o dos mestres em Est\u00e9tica e Hist\u00f3ria da Arte frente ao mercado de trabalho motivam a continuidade desses estudos no n\u00edvel do doutorado \u2013 reconhecido como porta de entrada da estrutura acad\u00eamica e fator indicativo de aperfei\u00e7oamento profissional. O doutorado foi aprovado no segundo semestre de 2013 e sua primeira turma iniciou-se no segundo semestre de 2014.<\/span><\/p>\n<p><span style=\"font-family: arial, helvetica, sans-serif; font-size: 14pt;\">O Programa tem avan\u00e7ado, a cada ano, em sua proposta interdisciplinar, por\u00e9m, \u00e9 consenso entre seus membros que h\u00e1 muito trabalho pela frente para que a interdisciplinaridade seja consolidada, inclusive como compreens\u00e3o dessa nova \u00e1rea do saber.<\/span><\/p>\n","protected":false},"excerpt":{"rendered":"<p>HIST\u00d3RICO E CONTEXTUALIZA\u00c7\u00c3O DO PROGRAMA O Programa de P\u00f3s-Gradua\u00e7\u00e3o Interunidades em Est\u00e9tica e Hist\u00f3ria da Arte da Universidade de S\u00e3o Paulo foi aprovado em julho de 2000, para os cursos de mestrado e doutorado. O mestrado foi recomendado pela CAPES (Coordena\u00e7\u00e3o de Aperfei\u00e7oamento de Pessoal de N\u00edvel Superior) em julho de 2002 e implantado no primeiro semestre de 2003. O doutorado foi recomendado em agosto de 2013 e implantado no segundo semestre de 2014. O Programa \u00e9 uma atividade conjunta da Escola de Comunica\u00e7\u00f5es e Artes (ECA\/USP), Escola de Artes, Ci\u00eancias e Humanidades (EACH\/USP), Faculdade de Arquitetura e Urbanismo (FAU\/USP), Faculdade de Filosofia, Letras e Ci\u00eancias Humanas (FFLCH\/USP) e Museu de Arte Contempor\u00e2nea (MAC\/USP) e responde \u00e0s necessidades emergentes de v\u00e1rios setores culturais. \u00c9 crescente a demanda por profissionais habilitados na \u00e1rea de artes para trabalhos em centros culturais, escolas, museus e institui\u00e7\u00f5es art\u00edsticas. Assim, ao longo dessa d\u00e9cada de funcionamento, o Programa tem se mostrado necess\u00e1rio e pertinente, vindo a preencher uma lacuna na forma\u00e7\u00e3o de pesquisadores na \u00e1rea de Est\u00e9tica, Hist\u00f3ria da Arte e suas interfaces. Acompanhando a din\u00e2mica da Universidade de S\u00e3o Paulo, professores e pesquisadores envolvidos com a pesquisa e a produ\u00e7\u00e3o de estudos interdisciplinares relacionados [&#8230;]<\/p>\n","protected":false},"author":1,"featured_media":0,"parent":0,"menu_order":0,"comment_status":"closed","ping_status":"closed","template":"","meta":{"footnotes":"","_links_to":"","_links_to_target":""},"class_list":["post-62","page","type-page","status-publish","hentry"],"_links":{"self":[{"href":"https:\/\/sites.usp.br\/pgeha\/wp-json\/wp\/v2\/pages\/62","targetHints":{"allow":["GET"]}}],"collection":[{"href":"https:\/\/sites.usp.br\/pgeha\/wp-json\/wp\/v2\/pages"}],"about":[{"href":"https:\/\/sites.usp.br\/pgeha\/wp-json\/wp\/v2\/types\/page"}],"author":[{"embeddable":true,"href":"https:\/\/sites.usp.br\/pgeha\/wp-json\/wp\/v2\/users\/1"}],"replies":[{"embeddable":true,"href":"https:\/\/sites.usp.br\/pgeha\/wp-json\/wp\/v2\/comments?post=62"}],"version-history":[{"count":4,"href":"https:\/\/sites.usp.br\/pgeha\/wp-json\/wp\/v2\/pages\/62\/revisions"}],"predecessor-version":[{"id":1013,"href":"https:\/\/sites.usp.br\/pgeha\/wp-json\/wp\/v2\/pages\/62\/revisions\/1013"}],"wp:attachment":[{"href":"https:\/\/sites.usp.br\/pgeha\/wp-json\/wp\/v2\/media?parent=62"}],"curies":[{"name":"wp","href":"https:\/\/api.w.org\/{rel}","templated":true}]}}