{"id":68,"date":"2014-02-12T11:30:24","date_gmt":"2014-02-12T13:30:24","guid":{"rendered":"http:\/\/sites.usp.br\/pgeha\/?page_id=68"},"modified":"2026-03-06T12:56:31","modified_gmt":"2026-03-06T14:56:31","slug":"pagina-1-1","status":"publish","type":"page","link":"https:\/\/sites.usp.br\/pgeha\/programa-historico\/pagina-1-1\/","title":{"rendered":"PROGRAMA"},"content":{"rendered":"<p><span style=\"font-family: arial, helvetica, sans-serif;\"><\/span><\/p>\r\n<p><span style=\"font-family: arial, helvetica, sans-serif; font-size: 14pt;\">O Programa de P\u00f3s-Gradua\u00e7\u00e3o Interunidades em Est\u00e9tica e Hist\u00f3ria da Arte caracteriza-se por situar uma reflex\u00e3o transdisciplinar, com abordagens hist\u00f3rica, sociol\u00f3gica e antropol\u00f3gica, dentre outras, capaz de aprofundar a compreens\u00e3o dos processos art\u00edsticos atuais.<\/span><\/p>\r\n<p><span style=\"font-family: arial, helvetica, sans-serif;\">\r\n\r\n<\/span><\/p>\r\n<p><span style=\"font-family: arial, helvetica, sans-serif; font-size: 14pt;\">Para atingir sua finalidade, as quatro linhas de pesquisas do Programa debru\u00e7am-se sobre o conhecimento da arte, focalizando sua pesquisa sobre linguagem art\u00edstica, a obra de arte e sua circula\u00e7\u00e3o na sociedade. Busca-se, com as propostas do Programa, responder \u00e0s quest\u00f5es atuais presentes nos horizontes do conhecimento da arte contempor\u00e2nea:<\/span><\/p>\r\n<p><span style=\"font-family: arial, helvetica, sans-serif;\">\r\n\r\n<\/span><\/p>\r\n<ul class=\"wp-block-list\">\r\n<li class=\"has-medium-font-size\"><span style=\"font-family: arial, helvetica, sans-serif;\"><strong>O que \u00e9 a arte?<\/strong><\/span><\/li>\r\n\r\n\r\n\r\n<li class=\"has-medium-font-size\"><span style=\"font-family: arial, helvetica, sans-serif;\"><strong>Qual \u00e9 o papel do artista na cultura de hoje?<\/strong><\/span><\/li>\r\n\r\n\r\n\r\n<li class=\"has-medium-font-size\"><span style=\"font-family: arial, helvetica, sans-serif;\"><strong> O que faz com que, em um determinado contexto, um objeto seja considerado &#8220;obra de arte&#8221;?<\/strong><\/span><\/li>\r\n\r\n\r\n\r\n<li class=\"has-medium-font-size\"><span style=\"font-family: arial, helvetica, sans-serif;\"><strong>Qual o papel do pesquisador na \u00e1rea dentro da universidade?<\/strong><\/span><\/li>\r\n<\/ul>\r\n<p><span style=\"font-family: arial, helvetica, sans-serif;\">\r\n\r\n<\/span><\/p>\r\n<p>&nbsp;<\/p>\r\n<p><span style=\"font-family: arial, helvetica, sans-serif;\">\r\n\r\n<\/span><\/p>\r\n<h3 class=\"wp-block-heading\"><span style=\"font-family: arial, helvetica, sans-serif; font-size: 14pt;\">OBJETIVOS DO PROGRAMA<\/span><\/h3>\r\n<p><span style=\"font-family: arial, helvetica, sans-serif;\">\r\n\r\n<\/span><\/p>\r\n<p><span style=\"font-family: arial, helvetica, sans-serif; font-size: 14pt;\">O programa tem por objetivo oferecer uma reflex\u00e3o aprofundada a respeito da arte, sob o ponto de vista te\u00f3rico, abrangendo aspectos est\u00e9ticos, hist\u00f3ricos, pol\u00edtico-econ\u00f4micos e cr\u00edticos; fomentar as rela\u00e7\u00f5es da pesquisa e da produ\u00e7\u00e3o art\u00edstica com a sociedade; e estabelecer intera\u00e7\u00f5es com outras \u00e1reas do conhecimento. De modo espec\u00edfico, prop\u00f5e:<\/span><\/p>\r\n<p><span style=\"font-family: arial, helvetica, sans-serif;\">\r\n\r\n<\/span><\/p>\r\n<ul class=\"wp-block-list\">\r\n<li><span style=\"font-family: arial, helvetica, sans-serif; font-size: 14pt;\">Promover a forma\u00e7\u00e3o e o aperfei\u00e7oamento de pesquisadores e profissionais voltados \u00e0 \u00e1rea de Est\u00e9tica e Hist\u00f3ria da Arte, em n\u00edvel de mestrado e doutorado;<\/span><\/li>\r\n\r\n\r\n\r\n<li><span style=\"font-family: arial, helvetica, sans-serif; font-size: 14pt;\">Qualificar profissionais que desenvolvam projetos e pesquisas em institui\u00e7\u00f5es art\u00edsticas e culturais;<\/span><\/li>\r\n\r\n\r\n\r\n<li><span style=\"font-family: arial, helvetica, sans-serif; font-size: 14pt;\">Estimular a pesquisa, a organiza\u00e7\u00e3o e a execu\u00e7\u00e3o de projetos art\u00edsticos voltados \u00e0 orienta\u00e7\u00e3o de recursos did\u00e1tico-pedag\u00f3gicos, tais como publica\u00e7\u00f5es, document\u00e1rios, v\u00eddeos, entre outros;<\/span><\/li>\r\n\r\n\r\n\r\n<li><span style=\"font-family: arial, helvetica, sans-serif; font-size: 14pt;\">Desenvolver projetos, pesquisas, eventos, documenta\u00e7\u00e3o e reflex\u00e3o te\u00f3rica na \u00e1rea de multim\u00eddia e hipertexto, enfatizando a utiliza\u00e7\u00e3o de linguagem digital e eletr\u00f4nica.<\/span><\/li>\r\n<\/ul>\r\n<p><span style=\"font-family: arial, helvetica, sans-serif;\">\r\n\r\n<\/span><\/p>\r\n<h4 class=\"wp-block-heading\">\u00a0<\/h4>\r\n<p><span style=\"font-family: arial, helvetica, sans-serif;\">\r\n\r\n<\/span><\/p>\r\n<h3 class=\"wp-block-heading\"><span style=\"font-family: arial, helvetica, sans-serif; font-size: 14pt;\">OBJETIVO GERAL<\/span><\/h3>\r\n<p><span style=\"font-family: arial, helvetica, sans-serif;\">\r\n\r\n<\/span><\/p>\r\n<p><span style=\"font-family: arial, helvetica, sans-serif; font-size: 14pt;\">O Programa tem por objetivo oferecer reflex\u00e3o abrangente e aprofundada a respeito da arte, abarcando aspectos est\u00e9ticos, institucionais, hist\u00f3ricos, sociopol\u00edticos e cr\u00edticos, fomentando as rela\u00e7\u00f5es da pesquisa e da produ\u00e7\u00e3o art\u00edstica com a sociedade e propondo estabelecer intera\u00e7\u00f5es com outras \u00e1reas do conhecimento.<\/span><\/p>\r\n<p><span style=\"font-family: arial, helvetica, sans-serif;\">\r\n\r\n<\/span><\/p>\r\n<p>&nbsp;<\/p>\r\n<p><span style=\"font-family: arial, helvetica, sans-serif;\">\r\n\r\n<\/span><\/p>\r\n<h3 class=\"wp-block-heading\"><span style=\"font-family: arial, helvetica, sans-serif; font-size: 14pt;\">OBJETIVOS ESPEC\u00cdFICOS<\/span><\/h3>\r\n<p><span style=\"font-family: arial, helvetica, sans-serif;\">\r\n\r\n<\/span><\/p>\r\n<ul class=\"wp-block-list\">\r\n<li><span style=\"font-family: arial, helvetica, sans-serif; font-size: 14pt;\">Promover a forma\u00e7\u00e3o e o aperfei\u00e7oamento de pesquisadores e profissionais voltados ao estudo de conceitos hist\u00f3ricos e filos\u00f3ficos necess\u00e1rios \u00e0 Est\u00e9tica e Hist\u00f3ria da Arte;<\/span><\/li>\r\n\r\n\r\n\r\n<li><span style=\"font-family: arial, helvetica, sans-serif; font-size: 14pt;\">Abordar metodologias capazes de demonstrar o alcance dessa investiga\u00e7\u00e3o;<\/span><\/li>\r\n\r\n\r\n\r\n<li><span style=\"font-family: arial, helvetica, sans-serif; font-size: 14pt;\">Qualificar profissionais no desenvolvimento de pesquisas e projetos que fundamentam o conhecimento hist\u00f3rico e est\u00e9tico voltados \u00e0s institui\u00e7\u00f5es art\u00edsticas, educacionais e culturais atuais;<\/span><\/li>\r\n\r\n\r\n\r\n<li><span style=\"font-family: arial, helvetica, sans-serif; font-size: 14pt;\">Estimular a pesquisa, sua aplica\u00e7\u00e3o e execu\u00e7\u00e3o em projetos direcionados \u00e0 produ\u00e7\u00e3o e circula\u00e7\u00e3o da arte na sociedade, incluindo os meios de comunica\u00e7\u00e3o e seus horizontes culturais, econ\u00f4micos, sociais e pol\u00edticos<\/span><\/li>\r\n<\/ul>\r\n<p><span style=\"font-family: arial, helvetica, sans-serif;\">\r\n\r\n<\/span><\/p>\r\n<p>&nbsp;<\/p>\r\n<p><span style=\"font-family: arial, helvetica, sans-serif;\"><\/span><\/p>","protected":false},"excerpt":{"rendered":"<p>O Programa de P\u00f3s-Gradua\u00e7\u00e3o Interunidades em Est\u00e9tica e Hist\u00f3ria da Arte caracteriza-se por situar uma reflex\u00e3o transdisciplinar, com abordagens hist\u00f3rica, sociol\u00f3gica e antropol\u00f3gica, dentre outras, capaz de aprofundar a compreens\u00e3o dos processos art\u00edsticos atuais. Para atingir sua finalidade, as quatro linhas de pesquisas do Programa debru\u00e7am-se sobre o conhecimento da arte, focalizando sua pesquisa sobre linguagem art\u00edstica, a obra de arte e sua circula\u00e7\u00e3o na sociedade. Busca-se, com as propostas do Programa, responder \u00e0s quest\u00f5es atuais presentes nos horizontes do conhecimento da arte contempor\u00e2nea: O que \u00e9 a arte? Qual \u00e9 o papel do artista na cultura de hoje? O que faz com que, em um determinado contexto, um objeto seja considerado &#8220;obra de arte&#8221;? Qual o papel do pesquisador na \u00e1rea dentro da universidade? &nbsp; OBJETIVOS DO PROGRAMA O programa tem por objetivo oferecer uma reflex\u00e3o aprofundada a respeito da arte, sob o ponto de vista te\u00f3rico, abrangendo aspectos est\u00e9ticos, hist\u00f3ricos, pol\u00edtico-econ\u00f4micos e cr\u00edticos; fomentar as rela\u00e7\u00f5es da pesquisa e da produ\u00e7\u00e3o art\u00edstica com a sociedade; e estabelecer intera\u00e7\u00f5es com outras \u00e1reas do conhecimento. De modo espec\u00edfico, prop\u00f5e: Promover a forma\u00e7\u00e3o e o aperfei\u00e7oamento de pesquisadores e profissionais voltados \u00e0 \u00e1rea de Est\u00e9tica e Hist\u00f3ria da Arte, em n\u00edvel [&#8230;]<\/p>\n","protected":false},"author":1,"featured_media":0,"parent":62,"menu_order":0,"comment_status":"closed","ping_status":"closed","template":"","meta":{"footnotes":"","_links_to":"","_links_to_target":""},"class_list":["post-68","page","type-page","status-publish","hentry"],"_links":{"self":[{"href":"https:\/\/sites.usp.br\/pgeha\/wp-json\/wp\/v2\/pages\/68","targetHints":{"allow":["GET"]}}],"collection":[{"href":"https:\/\/sites.usp.br\/pgeha\/wp-json\/wp\/v2\/pages"}],"about":[{"href":"https:\/\/sites.usp.br\/pgeha\/wp-json\/wp\/v2\/types\/page"}],"author":[{"embeddable":true,"href":"https:\/\/sites.usp.br\/pgeha\/wp-json\/wp\/v2\/users\/1"}],"replies":[{"embeddable":true,"href":"https:\/\/sites.usp.br\/pgeha\/wp-json\/wp\/v2\/comments?post=68"}],"version-history":[{"count":4,"href":"https:\/\/sites.usp.br\/pgeha\/wp-json\/wp\/v2\/pages\/68\/revisions"}],"predecessor-version":[{"id":1208,"href":"https:\/\/sites.usp.br\/pgeha\/wp-json\/wp\/v2\/pages\/68\/revisions\/1208"}],"up":[{"embeddable":true,"href":"https:\/\/sites.usp.br\/pgeha\/wp-json\/wp\/v2\/pages\/62"}],"wp:attachment":[{"href":"https:\/\/sites.usp.br\/pgeha\/wp-json\/wp\/v2\/media?parent=68"}],"curies":[{"name":"wp","href":"https:\/\/api.w.org\/{rel}","templated":true}]}}