{"id":945,"date":"2026-02-20T15:46:11","date_gmt":"2026-02-20T17:46:11","guid":{"rendered":"https:\/\/sites.usp.br\/pgeha\/?page_id=945"},"modified":"2026-02-23T18:24:19","modified_gmt":"2026-02-23T20:24:19","slug":"producao","status":"publish","type":"page","link":"https:\/\/sites.usp.br\/pgeha\/producao\/","title":{"rendered":"PRODU\u00c7\u00c3O"},"content":{"rendered":"<p><span style=\"font-family: arial, helvetica, sans-serif;\"><\/span><\/p>\r\n<p><span style=\"font-family: arial, helvetica, sans-serif; font-size: 14pt;\">A se\u00e7\u00e3o Produ\u00e7\u00e3o re\u00fane as principais atividades acad\u00eamicas e intelectuais desenvolvidas no \u00e2mbito do Programa, contemplando publica\u00e7\u00f5es, eventos, premia\u00e7\u00f5es e produ\u00e7\u00f5es audiovisuais.<\/span><\/p>\r\n<p><span style=\"font-family: arial, helvetica, sans-serif; font-size: 14pt;\">\r\n\r\n<\/span><\/p>\r\n<p>&nbsp;<\/p>\r\n<p><span style=\"font-family: arial, helvetica, sans-serif; font-size: 14pt;\">\r\n\r\n<\/span><\/p>\r\n<h3 class=\"wp-block-heading\"><span style=\"font-family: arial, helvetica, sans-serif; font-size: 14pt; color: #000000;\">BIBLIOTECA VIRTUAL<\/span><\/h3>\r\n<p><span style=\"font-family: arial, helvetica, sans-serif; font-size: 14pt;\">\r\n\r\n<\/span><\/p>\r\n<p class=\"is-layout-flow wp-block-quote-is-layout-flow\"><span style=\"font-family: arial, helvetica, sans-serif; font-size: 14pt;\">Acervo de livros, eBooks e produ\u00e7\u00f5es editoriais vinculadas ao Programa.<\/span><\/p>\r\n<p><span style=\"font-family: arial, helvetica, sans-serif; font-size: 14pt;\">\r\n\r\n<\/span><\/p>\r\n<p><a class=\"wp-block-button__link wp-element-button\" style=\"font-family: arial, helvetica, sans-serif; font-size: 12pt;\" href=\"https:\/\/sites.usp.br\/pgeha\/biblioteca-virtual\/\">Acessar biblioteca<\/a><\/p>\r\n<div class=\"wp-block-buttons has-custom-font-size has-small-font-size\"><span style=\"font-family: arial, helvetica, sans-serif; font-size: 14pt;\"><\/span><\/div>\r\n<p><span style=\"font-family: arial, helvetica, sans-serif; font-size: 14pt;\"><!-- \/wp:post-content -->\r\n\r\n<!-- wp:paragraph --><\/span><\/p>\r\n<p>&nbsp;<\/p>\r\n<p><span style=\"font-family: arial, helvetica, sans-serif; font-size: 14pt;\"><!-- \/wp:paragraph -->\r\n\r\n<!-- wp:heading {\"level\":3} --><\/span><\/p>\r\n<h3 class=\"wp-block-heading\"><span style=\"font-family: arial, helvetica, sans-serif; font-size: 14pt;\">V\u00cdDEOS<\/span><\/h3>\r\n<p><span style=\"font-family: arial, helvetica, sans-serif; font-size: 14pt;\"><!-- \/wp:heading -->\r\n\r\n<!-- wp:paragraph --><\/span><\/p>\r\n<p><span style=\"font-family: arial, helvetica, sans-serif; font-size: 14pt;\">Registros institucionais, palestras e conte\u00fados relacionados \u00e0s atividades acad\u00eamicas.<\/span><\/p>\r\n<p><span style=\"font-family: arial, helvetica, sans-serif; font-size: 14pt;\"><!-- \/wp:paragraph -->\r\n\r\n<!-- wp:paragraph --><\/span><\/p>\r\n<p><a class=\"wp-block-button__link wp-element-button\" style=\"font-family: arial, helvetica, sans-serif; font-size: 12pt;\" href=\"https:\/\/sites.usp.br\/pgeha\/videos\/\">Acessar v\u00eddeos<\/a><\/p>\r\n<div class=\"wp-block-buttons has-custom-font-size has-small-font-size\"><span style=\"font-family: arial, helvetica, sans-serif; font-size: 14pt;\"><!-- \/wp:paragraph --><\/span><\/div>\r\n<p><span style=\"font-family: arial, helvetica, sans-serif; font-size: 14pt;\"><!-- \/wp:buttons -->\r\n\r\n<!-- wp:paragraph --><\/span><\/p>\r\n<p>&nbsp;<\/p>\r\n<p><span style=\"font-family: arial, helvetica, sans-serif; font-size: 14pt;\"><!-- \/wp:paragraph -->\r\n\r\n<!-- wp:heading {\"level\":3} --><\/span><\/p>\r\n<h3 class=\"wp-block-heading\"><span style=\"font-family: arial, helvetica, sans-serif; font-size: 14pt;\">PREMIA\u00c7\u00d5ES<\/span><\/h3>\r\n<p><span style=\"font-family: arial, helvetica, sans-serif; font-size: 14pt;\"><!-- \/wp:heading -->\r\n\r\n<!-- wp:quote --><\/span><\/p>\r\n<p><span style=\"font-family: arial, helvetica, sans-serif; font-size: 14pt;\">Reconhecimentos concedidos a docentes, discentes e projetos.<\/span><\/p>\r\n<p><span style=\"font-family: arial, helvetica, sans-serif; font-size: 14pt;\"><!-- \/wp:quote -->\r\n\r\n<!-- wp:paragraph --><\/span><\/p>\r\n<p><a class=\"wp-block-button__link wp-element-button\" style=\"font-family: arial, helvetica, sans-serif; font-size: 12pt;\" href=\"https:\/\/sites.usp.br\/pgeha\/premiacoes\/\">Acessar premia\u00e7\u00f5es<\/a><\/p>\r\n<div class=\"wp-block-buttons has-custom-font-size has-small-font-size\"><span style=\"font-family: arial, helvetica, sans-serif; font-size: 14pt;\"><!-- \/wp:button --><\/span><\/div>\r\n<p><span style=\"font-family: arial, helvetica, sans-serif; font-size: 14pt;\"><!-- \/wp:buttons -->\r\n\r\n<!-- wp:paragraph --><\/span><\/p>\r\n<p>&nbsp;<\/p>\r\n<p><span style=\"font-family: arial, helvetica, sans-serif; font-size: 14pt;\"><!-- \/wp:paragraph -->\r\n\r\n<!-- wp:heading {\"level\":3} --><\/span><\/p>\r\n<h3 class=\"wp-block-heading\"><span style=\"font-family: arial, helvetica, sans-serif; font-size: 14pt;\">EVENTOS<\/span><\/h3>\r\n<p><span style=\"font-family: arial, helvetica, sans-serif; font-size: 14pt;\"><!-- \/wp:heading -->\r\n\r\n<!-- wp:quote --><\/span><\/p>\r\n<p><span style=\"font-family: arial, helvetica, sans-serif; font-size: 14pt;\">Semin\u00e1rios, encontros e atividades acad\u00eamicas promovidas pelo Programa.<\/span><\/p>\r\n<p><span style=\"font-family: arial, helvetica, sans-serif; font-size: 14pt;\"><!-- \/wp:quote -->\r\n\r\n<!-- wp:paragraph --><\/span><\/p>\r\n<p><a class=\"wp-block-button__link wp-element-button\" style=\"font-family: arial, helvetica, sans-serif; font-size: 12pt;\" href=\"https:\/\/sites.usp.br\/pgeha\/eventos\/\">Acessar eventos<\/a><\/p>\r\n<div class=\"wp-block-buttons has-custom-font-size has-small-font-size\"><span style=\"font-family: arial, helvetica, sans-serif; font-size: 14pt;\"><!-- \/wp:button --><\/span><\/div>\r\n<p><span style=\"font-family: arial, helvetica, sans-serif; font-size: 14pt;\"><!-- \/wp:buttons -->\r\n\r\n<!-- wp:paragraph --><\/span><\/p>\r\n<p>&nbsp;<\/p>\r\n<p><span style=\"font-family: arial, helvetica, sans-serif;\"><!-- \/wp:paragraph --><\/span><\/p>","protected":false},"excerpt":{"rendered":"<p>A se\u00e7\u00e3o Produ\u00e7\u00e3o re\u00fane as principais atividades acad\u00eamicas e intelectuais desenvolvidas no \u00e2mbito do Programa, contemplando publica\u00e7\u00f5es, eventos, premia\u00e7\u00f5es e produ\u00e7\u00f5es audiovisuais. &nbsp; BIBLIOTECA VIRTUAL Acervo de livros, eBooks e produ\u00e7\u00f5es editoriais vinculadas ao Programa. Acessar biblioteca &nbsp; V\u00cdDEOS Registros institucionais, palestras e conte\u00fados relacionados \u00e0s atividades acad\u00eamicas. Acessar v\u00eddeos &nbsp; PREMIA\u00c7\u00d5ES Reconhecimentos concedidos a docentes, discentes e projetos. Acessar premia\u00e7\u00f5es &nbsp; EVENTOS Semin\u00e1rios, encontros e atividades acad\u00eamicas promovidas pelo Programa. Acessar eventos &nbsp;<\/p>\n","protected":false},"author":1214,"featured_media":0,"parent":0,"menu_order":0,"comment_status":"closed","ping_status":"closed","template":"","meta":{"footnotes":"","_links_to":"","_links_to_target":""},"class_list":["post-945","page","type-page","status-publish","hentry"],"_links":{"self":[{"href":"https:\/\/sites.usp.br\/pgeha\/wp-json\/wp\/v2\/pages\/945","targetHints":{"allow":["GET"]}}],"collection":[{"href":"https:\/\/sites.usp.br\/pgeha\/wp-json\/wp\/v2\/pages"}],"about":[{"href":"https:\/\/sites.usp.br\/pgeha\/wp-json\/wp\/v2\/types\/page"}],"author":[{"embeddable":true,"href":"https:\/\/sites.usp.br\/pgeha\/wp-json\/wp\/v2\/users\/1214"}],"replies":[{"embeddable":true,"href":"https:\/\/sites.usp.br\/pgeha\/wp-json\/wp\/v2\/comments?post=945"}],"version-history":[{"count":4,"href":"https:\/\/sites.usp.br\/pgeha\/wp-json\/wp\/v2\/pages\/945\/revisions"}],"predecessor-version":[{"id":1071,"href":"https:\/\/sites.usp.br\/pgeha\/wp-json\/wp\/v2\/pages\/945\/revisions\/1071"}],"wp:attachment":[{"href":"https:\/\/sites.usp.br\/pgeha\/wp-json\/wp\/v2\/media?parent=945"}],"curies":[{"name":"wp","href":"https:\/\/api.w.org\/{rel}","templated":true}]}}