{"id":417,"date":"2018-04-16T22:13:02","date_gmt":"2018-04-17T01:13:02","guid":{"rendered":"http:\/\/sites.usp.br\/pgembl\/?page_id=417"},"modified":"2019-06-14T23:00:43","modified_gmt":"2019-06-15T02:00:43","slug":"equipamentos","status":"publish","type":"page","link":"https:\/\/sites.usp.br\/pgembl\/en\/equipamentos\/","title":{"rendered":"Our labs infrastructure"},"content":{"rendered":"<p><div id='gallery-2' class='gallery galleryid-417 gallery-columns-5 gallery-size-thumbnail'><figure class='gallery-item'>\n\t\t\t<div class='gallery-icon landscape'>\n\t\t\t\t<a href='https:\/\/sites.usp.br\/pgembl\/en\/ex-alunos\/estufa-agricola\/'><img loading=\"lazy\" decoding=\"async\" width=\"150\" height=\"150\" src=\"https:\/\/sites.usp.br\/pgembl\/wp-content\/uploads\/sites\/374\/2018\/04\/Estufa-Agr\u00edcola-150x150.jpg\" class=\"attachment-thumbnail size-thumbnail\" alt=\"\" srcset=\"https:\/\/sites.usp.br\/pgembl\/wp-content\/uploads\/sites\/374\/2018\/04\/Estufa-Agr\u00edcola-150x150.jpg 150w, https:\/\/sites.usp.br\/pgembl\/wp-content\/uploads\/sites\/374\/2018\/04\/Estufa-Agr\u00edcola-45x45.jpg 45w, https:\/\/sites.usp.br\/pgembl\/wp-content\/uploads\/sites\/374\/2018\/04\/Estufa-Agr\u00edcola-200x200.jpg 200w\" sizes=\"auto, (max-width: 34.9rem) calc(100vw - 2rem), (max-width: 53rem) calc(8 * (100vw \/ 12)), (min-width: 53rem) calc(6 * (100vw \/ 12)), 100vw\" \/><\/a>\n\t\t\t<\/div><\/figure><figure class='gallery-item'>\n\t\t\t<div class='gallery-icon landscape'>\n\t\t\t\t<a href='https:\/\/sites.usp.br\/pgembl\/en\/equipamentos\/7500-fast-rt-pcr\/'><img loading=\"lazy\" decoding=\"async\" width=\"150\" height=\"150\" src=\"https:\/\/sites.usp.br\/pgembl\/wp-content\/uploads\/sites\/374\/2018\/04\/7500-fast-RT-PCR-150x150.jpg\" class=\"attachment-thumbnail size-thumbnail\" alt=\"\" srcset=\"https:\/\/sites.usp.br\/pgembl\/wp-content\/uploads\/sites\/374\/2018\/04\/7500-fast-RT-PCR-150x150.jpg 150w, https:\/\/sites.usp.br\/pgembl\/wp-content\/uploads\/sites\/374\/2018\/04\/7500-fast-RT-PCR-45x45.jpg 45w, https:\/\/sites.usp.br\/pgembl\/wp-content\/uploads\/sites\/374\/2018\/04\/7500-fast-RT-PCR-200x200.jpg 200w\" sizes=\"auto, (max-width: 34.9rem) calc(100vw - 2rem), (max-width: 53rem) calc(8 * (100vw \/ 12)), (min-width: 53rem) calc(6 * (100vw \/ 12)), 100vw\" \/><\/a>\n\t\t\t<\/div><\/figure><figure class='gallery-item'>\n\t\t\t<div class='gallery-icon landscape'>\n\t\t\t\t<a href='https:\/\/sites.usp.br\/pgembl\/en\/equipamentos\/proflex-3x32-well-pcr-system-jpg-650\/'><img loading=\"lazy\" decoding=\"async\" width=\"150\" height=\"150\" src=\"https:\/\/sites.usp.br\/pgembl\/wp-content\/uploads\/sites\/374\/2018\/04\/ProFlex-3x32-Well-PCR-System.jpg-650-150x150.jpg\" class=\"attachment-thumbnail size-thumbnail\" alt=\"\" srcset=\"https:\/\/sites.usp.br\/pgembl\/wp-content\/uploads\/sites\/374\/2018\/04\/ProFlex-3x32-Well-PCR-System.jpg-650-150x150.jpg 150w, https:\/\/sites.usp.br\/pgembl\/wp-content\/uploads\/sites\/374\/2018\/04\/ProFlex-3x32-Well-PCR-System.jpg-650-45x45.jpg 45w, https:\/\/sites.usp.br\/pgembl\/wp-content\/uploads\/sites\/374\/2018\/04\/ProFlex-3x32-Well-PCR-System.jpg-650-200x200.jpg 200w\" sizes=\"auto, (max-width: 34.9rem) calc(100vw - 2rem), (max-width: 53rem) calc(8 * (100vw \/ 12)), (min-width: 53rem) calc(6 * (100vw \/ 12)), 100vw\" \/><\/a>\n\t\t\t<\/div><\/figure><figure class='gallery-item'>\n\t\t\t<div class='gallery-icon landscape'>\n\t\t\t\t<a href='https:\/\/sites.usp.br\/pgembl\/en\/equipamentos\/viaflo-assist\/'><img loading=\"lazy\" decoding=\"async\" width=\"150\" height=\"150\" src=\"https:\/\/sites.usp.br\/pgembl\/wp-content\/uploads\/sites\/374\/2018\/04\/VIAFLO-ASSIST-150x150.jpg\" class=\"attachment-thumbnail size-thumbnail\" alt=\"\" srcset=\"https:\/\/sites.usp.br\/pgembl\/wp-content\/uploads\/sites\/374\/2018\/04\/VIAFLO-ASSIST-150x150.jpg 150w, https:\/\/sites.usp.br\/pgembl\/wp-content\/uploads\/sites\/374\/2018\/04\/VIAFLO-ASSIST-300x300.jpg 300w, https:\/\/sites.usp.br\/pgembl\/wp-content\/uploads\/sites\/374\/2018\/04\/VIAFLO-ASSIST-768x768.jpg 768w, https:\/\/sites.usp.br\/pgembl\/wp-content\/uploads\/sites\/374\/2018\/04\/VIAFLO-ASSIST-1024x1024.jpg 1024w, https:\/\/sites.usp.br\/pgembl\/wp-content\/uploads\/sites\/374\/2018\/04\/VIAFLO-ASSIST-45x45.jpg 45w, https:\/\/sites.usp.br\/pgembl\/wp-content\/uploads\/sites\/374\/2018\/04\/VIAFLO-ASSIST-200x200.jpg 200w, https:\/\/sites.usp.br\/pgembl\/wp-content\/uploads\/sites\/374\/2018\/04\/VIAFLO-ASSIST-400x400.jpg 400w, https:\/\/sites.usp.br\/pgembl\/wp-content\/uploads\/sites\/374\/2018\/04\/VIAFLO-ASSIST.jpg 1080w\" sizes=\"auto, (max-width: 34.9rem) calc(100vw - 2rem), (max-width: 53rem) calc(8 * (100vw \/ 12)), (min-width: 53rem) calc(6 * (100vw \/ 12)), 100vw\" \/><\/a>\n\t\t\t<\/div><\/figure><figure class='gallery-item'>\n\t\t\t<div class='gallery-icon portrait'>\n\t\t\t\t<a href='https:\/\/sites.usp.br\/pgembl\/en\/equipamentos\/genogrinder2010\/'><img loading=\"lazy\" decoding=\"async\" width=\"150\" height=\"150\" src=\"https:\/\/sites.usp.br\/pgembl\/wp-content\/uploads\/sites\/374\/2018\/04\/GenoGrinder2010-150x150.jpg\" class=\"attachment-thumbnail size-thumbnail\" alt=\"\" srcset=\"https:\/\/sites.usp.br\/pgembl\/wp-content\/uploads\/sites\/374\/2018\/04\/GenoGrinder2010-150x150.jpg 150w, https:\/\/sites.usp.br\/pgembl\/wp-content\/uploads\/sites\/374\/2018\/04\/GenoGrinder2010-45x45.jpg 45w, https:\/\/sites.usp.br\/pgembl\/wp-content\/uploads\/sites\/374\/2018\/04\/GenoGrinder2010-200x200.jpg 200w\" sizes=\"auto, (max-width: 34.9rem) calc(100vw - 2rem), (max-width: 53rem) calc(8 * (100vw \/ 12)), (min-width: 53rem) calc(6 * (100vw \/ 12)), 100vw\" \/><\/a>\n\t\t\t<\/div><\/figure><figure class='gallery-item'>\n\t\t\t<div class='gallery-icon landscape'>\n\t\t\t\t<a href='https:\/\/sites.usp.br\/pgembl\/en\/equipamentos\/hitachi-ct15re\/'><img loading=\"lazy\" decoding=\"async\" width=\"150\" height=\"150\" src=\"https:\/\/sites.usp.br\/pgembl\/wp-content\/uploads\/sites\/374\/2018\/04\/Hitachi-CT15RE-150x150.jpg\" class=\"attachment-thumbnail size-thumbnail\" alt=\"\" srcset=\"https:\/\/sites.usp.br\/pgembl\/wp-content\/uploads\/sites\/374\/2018\/04\/Hitachi-CT15RE-150x150.jpg 150w, https:\/\/sites.usp.br\/pgembl\/wp-content\/uploads\/sites\/374\/2018\/04\/Hitachi-CT15RE-300x300.jpg 300w, https:\/\/sites.usp.br\/pgembl\/wp-content\/uploads\/sites\/374\/2018\/04\/Hitachi-CT15RE-768x768.jpg 768w, https:\/\/sites.usp.br\/pgembl\/wp-content\/uploads\/sites\/374\/2018\/04\/Hitachi-CT15RE-1024x1024.jpg 1024w, https:\/\/sites.usp.br\/pgembl\/wp-content\/uploads\/sites\/374\/2018\/04\/Hitachi-CT15RE-45x45.jpg 45w, https:\/\/sites.usp.br\/pgembl\/wp-content\/uploads\/sites\/374\/2018\/04\/Hitachi-CT15RE-200x200.jpg 200w, https:\/\/sites.usp.br\/pgembl\/wp-content\/uploads\/sites\/374\/2018\/04\/Hitachi-CT15RE-400x400.jpg 400w, https:\/\/sites.usp.br\/pgembl\/wp-content\/uploads\/sites\/374\/2018\/04\/Hitachi-CT15RE.jpg 1080w\" sizes=\"auto, (max-width: 34.9rem) calc(100vw - 2rem), (max-width: 53rem) calc(8 * (100vw \/ 12)), (min-width: 53rem) calc(6 * (100vw \/ 12)), 100vw\" \/><\/a>\n\t\t\t<\/div><\/figure><figure class='gallery-item'>\n\t\t\t<div class='gallery-icon landscape'>\n\t\t\t\t<a href='https:\/\/sites.usp.br\/pgembl\/en\/equipamentos\/hitachi-ct6e\/'><img loading=\"lazy\" decoding=\"async\" width=\"150\" height=\"150\" src=\"https:\/\/sites.usp.br\/pgembl\/wp-content\/uploads\/sites\/374\/2018\/04\/Hitachi-CT6E-150x150.jpg\" class=\"attachment-thumbnail size-thumbnail\" alt=\"\" srcset=\"https:\/\/sites.usp.br\/pgembl\/wp-content\/uploads\/sites\/374\/2018\/04\/Hitachi-CT6E-150x150.jpg 150w, https:\/\/sites.usp.br\/pgembl\/wp-content\/uploads\/sites\/374\/2018\/04\/Hitachi-CT6E-300x300.jpg 300w, https:\/\/sites.usp.br\/pgembl\/wp-content\/uploads\/sites\/374\/2018\/04\/Hitachi-CT6E-768x768.jpg 768w, https:\/\/sites.usp.br\/pgembl\/wp-content\/uploads\/sites\/374\/2018\/04\/Hitachi-CT6E-1024x1024.jpg 1024w, https:\/\/sites.usp.br\/pgembl\/wp-content\/uploads\/sites\/374\/2018\/04\/Hitachi-CT6E-45x45.jpg 45w, https:\/\/sites.usp.br\/pgembl\/wp-content\/uploads\/sites\/374\/2018\/04\/Hitachi-CT6E-200x200.jpg 200w, https:\/\/sites.usp.br\/pgembl\/wp-content\/uploads\/sites\/374\/2018\/04\/Hitachi-CT6E-400x400.jpg 400w, https:\/\/sites.usp.br\/pgembl\/wp-content\/uploads\/sites\/374\/2018\/04\/Hitachi-CT6E.jpg 1080w\" sizes=\"auto, (max-width: 34.9rem) calc(100vw - 2rem), (max-width: 53rem) calc(8 * (100vw \/ 12)), (min-width: 53rem) calc(6 * (100vw \/ 12)), 100vw\" \/><\/a>\n\t\t\t<\/div><\/figure><figure class='gallery-item'>\n\t\t\t<div class='gallery-icon portrait'>\n\t\t\t\t<a href='https:\/\/sites.usp.br\/pgembl\/en\/equipamentos\/biodrop-duo-2\/'><img loading=\"lazy\" decoding=\"async\" width=\"150\" height=\"150\" src=\"https:\/\/sites.usp.br\/pgembl\/wp-content\/uploads\/sites\/374\/2018\/04\/Biodrop-Duo-2-150x150.jpg\" class=\"attachment-thumbnail size-thumbnail\" alt=\"\" srcset=\"https:\/\/sites.usp.br\/pgembl\/wp-content\/uploads\/sites\/374\/2018\/04\/Biodrop-Duo-2-150x150.jpg 150w, https:\/\/sites.usp.br\/pgembl\/wp-content\/uploads\/sites\/374\/2018\/04\/Biodrop-Duo-2-45x45.jpg 45w, https:\/\/sites.usp.br\/pgembl\/wp-content\/uploads\/sites\/374\/2018\/04\/Biodrop-Duo-2-200x200.jpg 200w\" sizes=\"auto, (max-width: 34.9rem) calc(100vw - 2rem), (max-width: 53rem) calc(8 * (100vw \/ 12)), (min-width: 53rem) calc(6 * (100vw \/ 12)), 100vw\" \/><\/a>\n\t\t\t<\/div><\/figure><figure class='gallery-item'>\n\t\t\t<div class='gallery-icon landscape'>\n\t\t\t\t<a href='https:\/\/sites.usp.br\/pgembl\/en\/equipamentos\/4-1-1\/'><img loading=\"lazy\" decoding=\"async\" width=\"150\" height=\"150\" src=\"https:\/\/sites.usp.br\/pgembl\/wp-content\/uploads\/sites\/374\/2018\/04\/GenePulserXCell-150x150.jpg\" class=\"attachment-thumbnail size-thumbnail\" alt=\"\" srcset=\"https:\/\/sites.usp.br\/pgembl\/wp-content\/uploads\/sites\/374\/2018\/04\/GenePulserXCell-150x150.jpg 150w, https:\/\/sites.usp.br\/pgembl\/wp-content\/uploads\/sites\/374\/2018\/04\/GenePulserXCell-300x300.jpg 300w, https:\/\/sites.usp.br\/pgembl\/wp-content\/uploads\/sites\/374\/2018\/04\/GenePulserXCell-768x768.jpg 768w, https:\/\/sites.usp.br\/pgembl\/wp-content\/uploads\/sites\/374\/2018\/04\/GenePulserXCell-1024x1024.jpg 1024w, https:\/\/sites.usp.br\/pgembl\/wp-content\/uploads\/sites\/374\/2018\/04\/GenePulserXCell-45x45.jpg 45w, https:\/\/sites.usp.br\/pgembl\/wp-content\/uploads\/sites\/374\/2018\/04\/GenePulserXCell-200x200.jpg 200w, https:\/\/sites.usp.br\/pgembl\/wp-content\/uploads\/sites\/374\/2018\/04\/GenePulserXCell-400x400.jpg 400w, https:\/\/sites.usp.br\/pgembl\/wp-content\/uploads\/sites\/374\/2018\/04\/GenePulserXCell.jpg 1080w\" sizes=\"auto, (max-width: 34.9rem) calc(100vw - 2rem), (max-width: 53rem) calc(8 * (100vw \/ 12)), (min-width: 53rem) calc(6 * (100vw \/ 12)), 100vw\" \/><\/a>\n\t\t\t<\/div><\/figure><figure class='gallery-item'>\n\t\t\t<div class='gallery-icon landscape'>\n\t\t\t\t<a href='https:\/\/sites.usp.br\/pgembl\/en\/equipamentos\/maxq4000\/'><img loading=\"lazy\" decoding=\"async\" width=\"150\" height=\"150\" src=\"https:\/\/sites.usp.br\/pgembl\/wp-content\/uploads\/sites\/374\/2018\/04\/MaxQ4000-150x150.jpg\" class=\"attachment-thumbnail size-thumbnail\" alt=\"\" srcset=\"https:\/\/sites.usp.br\/pgembl\/wp-content\/uploads\/sites\/374\/2018\/04\/MaxQ4000-150x150.jpg 150w, https:\/\/sites.usp.br\/pgembl\/wp-content\/uploads\/sites\/374\/2018\/04\/MaxQ4000-45x45.jpg 45w, https:\/\/sites.usp.br\/pgembl\/wp-content\/uploads\/sites\/374\/2018\/04\/MaxQ4000-200x200.jpg 200w\" sizes=\"auto, (max-width: 34.9rem) calc(100vw - 2rem), (max-width: 53rem) calc(8 * (100vw \/ 12)), (min-width: 53rem) calc(6 * (100vw \/ 12)), 100vw\" \/><\/a>\n\t\t\t<\/div><\/figure><figure class='gallery-item'>\n\t\t\t<div class='gallery-icon portrait'>\n\t\t\t\t<a href='https:\/\/sites.usp.br\/pgembl\/en\/equipamentos\/cabine-biologica\/'><img loading=\"lazy\" decoding=\"async\" width=\"150\" height=\"150\" src=\"https:\/\/sites.usp.br\/pgembl\/wp-content\/uploads\/sites\/374\/2018\/04\/Cabine-Biol\u00f3gica-150x150.jpg\" class=\"attachment-thumbnail size-thumbnail\" alt=\"\" srcset=\"https:\/\/sites.usp.br\/pgembl\/wp-content\/uploads\/sites\/374\/2018\/04\/Cabine-Biol\u00f3gica-150x150.jpg 150w, https:\/\/sites.usp.br\/pgembl\/wp-content\/uploads\/sites\/374\/2018\/04\/Cabine-Biol\u00f3gica-45x45.jpg 45w, https:\/\/sites.usp.br\/pgembl\/wp-content\/uploads\/sites\/374\/2018\/04\/Cabine-Biol\u00f3gica-200x200.jpg 200w\" sizes=\"auto, (max-width: 34.9rem) calc(100vw - 2rem), (max-width: 53rem) calc(8 * (100vw \/ 12)), (min-width: 53rem) calc(6 * (100vw \/ 12)), 100vw\" \/><\/a>\n\t\t\t<\/div><\/figure><figure class='gallery-item'>\n\t\t\t<div class='gallery-icon landscape'>\n\t\t\t\t<a href='https:\/\/sites.usp.br\/pgembl\/en\/equipamentos\/ultrafreezer\/'><img loading=\"lazy\" decoding=\"async\" width=\"150\" height=\"150\" src=\"https:\/\/sites.usp.br\/pgembl\/wp-content\/uploads\/sites\/374\/2018\/04\/Ultrafreezer-150x150.jpg\" class=\"attachment-thumbnail size-thumbnail\" alt=\"\" srcset=\"https:\/\/sites.usp.br\/pgembl\/wp-content\/uploads\/sites\/374\/2018\/04\/Ultrafreezer-150x150.jpg 150w, https:\/\/sites.usp.br\/pgembl\/wp-content\/uploads\/sites\/374\/2018\/04\/Ultrafreezer-45x45.jpg 45w, https:\/\/sites.usp.br\/pgembl\/wp-content\/uploads\/sites\/374\/2018\/04\/Ultrafreezer-200x200.jpg 200w\" sizes=\"auto, (max-width: 34.9rem) calc(100vw - 2rem), (max-width: 53rem) calc(8 * (100vw \/ 12)), (min-width: 53rem) calc(6 * (100vw \/ 12)), 100vw\" \/><\/a>\n\t\t\t<\/div><\/figure><figure class='gallery-item'>\n\t\t\t<div class='gallery-icon portrait'>\n\t\t\t\t<a href='https:\/\/sites.usp.br\/pgembl\/en\/equipamentos\/z326k\/'><img loading=\"lazy\" decoding=\"async\" width=\"150\" height=\"150\" src=\"https:\/\/sites.usp.br\/pgembl\/wp-content\/uploads\/sites\/374\/2019\/04\/z326k-150x150.jpg\" class=\"attachment-thumbnail size-thumbnail\" alt=\"\" srcset=\"https:\/\/sites.usp.br\/pgembl\/wp-content\/uploads\/sites\/374\/2019\/04\/z326k-150x150.jpg 150w, https:\/\/sites.usp.br\/pgembl\/wp-content\/uploads\/sites\/374\/2019\/04\/z326k-45x45.jpg 45w, https:\/\/sites.usp.br\/pgembl\/wp-content\/uploads\/sites\/374\/2019\/04\/z326k-200x200.jpg 200w\" sizes=\"auto, (max-width: 34.9rem) calc(100vw - 2rem), (max-width: 53rem) calc(8 * (100vw \/ 12)), (min-width: 53rem) calc(6 * (100vw \/ 12)), 100vw\" \/><\/a>\n\t\t\t<\/div><\/figure>\n\t\t<\/div>\n<\/p>\n<p>List of equipment from Plant Genomics and Bioenergy Laboratory (<em>PGEMBL<\/em>) acquired from 2014, through the Projects Regular Research Support (2014\/17486-6; 2016\/25785-9; 2016\/24391-7), Thematic Projects (2014\/06923-6), and Universal-CNPq (444912\/2014-2).<\/p>\n<ul>\n<li><strong>2015<\/strong><\/li>\n<\/ul>\n<p><strong>Acquired by the Thematic Projects (2014\/06923-6)<\/strong><\/p>\n<p>&#8211; Termociclador em tempo real <em>7500 Fast Real-Time PCR System\u00a0<\/em>(<em>Life Technologies<sup>TM<\/sup><\/em>)<\/p>\n<p>&#8211; Fotodocumentador <em>L-Pix Touch\u00a0<\/em>(Loccus Biotecnologia)<\/p>\n<p>&#8211; Eletroporador <em>Gene Pulser XCell Total System\u00a0<\/em>(Biorad)<\/p>\n<p>&#8211; MaxQ\u2122 4000 Benchtop Orbital Shakers (<em>Thermo Scientific<sup>TM<\/sup><\/em>)<\/p>\n<p>&#8211; Cabine de Seguran\u00e7a Biol\u00f3gica PA 420 Eco Classe II Tipo A1 (Pachane<em><sup>\u00ae<\/sup><\/em>)<\/p>\n<p>&#8211; <em>Ultra Freezer\u00a0<\/em>modelo U410 (<em>New Brunswick<\/em>\/<em>Eppendorf<\/em>)<\/p>\n<p>&#8211; Luximetro LI-250A (LI-COR<em><sup>\u00ae<\/sup><\/em>)<\/p>\n<p>&#8211; Minicentr\u00edfuga <em>nanospin 8\u00a0<\/em>(Loccus Biotecnologia)<\/p>\n<p><strong>Acquired by Regular Projects\u00a0(2014\/17486-6)<\/strong><\/p>\n<p>&#8211; Termociclador <em>ProFlex dual 3&#215;32 well\u00a0<\/em>(<em>Life Technologies<sup>TM<\/sup><\/em>)<\/p>\n<p>&#8211; Espectofot\u00f4metro <em>BioDrop Duo\u00a0<\/em>(<em>Biochrom<\/em>)<\/p>\n<p>&#8211; Macerador criog\u00eanico modelo <em>2010 Geno<\/em>\/<em>Grinder<sup>\u00ae\u00a0<\/sup><\/em>(<em>Spex SamplePrep<sup>\u00ae<\/sup><\/em>)<\/p>\n<p>&#8211; Centr\u00edfuga refrigerada de microtubos modelo CT15RE e rotor T15A62 (<em>Hitachi<\/em>)<\/p>\n<p>&#8211; Centr\u00edfuga de placas modelo CT6E e rotor T5SS3 (<em>Hitachi<\/em>)<\/p>\n<p>&#8211; Centr\u00edfuga para spin de microtubos NANOSPIN 8 (Loccus Biotecnologia)<\/p>\n<p>&#8211; Refrigerador BT47FF 405 L (Panasonic)<\/p>\n<p>&#8211; Fonte de eletroforese LPS-300V (Loccus Biotecnologia)<\/p>\n<p>&#8211; Cuba de eletroforese DGH14, 900 mL (Digel)<\/p>\n<p><strong>Acquired by Universal CNPq (444912\/2014-2)<\/strong><\/p>\n<p>&#8211; M\u00e1quina de gelo em escama EGE-300M e EDG-180 (<em>Everest<\/em>)<\/p>\n<p>&#8211; Freezer 203 L (Eletrolux)<\/p>\n<p>&#8211; Forno de microondas 31 L (Eletrolux)<\/p>\n<ul>\n<li><strong>2017<\/strong><\/li>\n<\/ul>\n<p><strong>Acquired by Regular Projects (2016\/25785-9)<\/strong><\/p>\n<p>&#8211; Pipetador autom\u00e1tico Viaflo Assist (Integra)<\/p>\n<p>&#8211; Cuba de eletroforese vertical para mini-gel VERT-i10 (Loccus Biotecnologia)<\/p>\n<p>&#8211; Banho seco de 0 \u00e0 100\u00baC (Uniscience)<\/p>\n<p>&#8211; \u00a0Agitador Basic 3D, 20 rpm, 220v (Kasvi)<\/p>\n<p><strong>Acquired by Regular Projects (2016\/24391-7)<\/strong><\/p>\n<p>&#8211; Estufa agr\u00edcola, com \u00e1rea climatizada 108 m2 e antec\u00e2mara frontal de 14,80 m2 (Van der Hoeven Estufas Agr\u00edcolas LTDA)<\/p>\n<p>&#8211; Cuba de eletroforese horizontal 10 x 10 cm, 300 mL (Kasvi)<\/p>\n<p>&#8211; Centr\u00edfuga refrigerada\u00a0modelo Z326K e rotor angular 6 x 50 mL (Hermle)<\/p>","protected":false},"excerpt":{"rendered":"<p>List of equipment from Plant Genomics and Bioenergy Laboratory (PGEMBL) acquired from 2014, through the Projects Regular Research Support (2014\/17486-6; 2016\/25785-9; 2016\/24391-7), Thematic Projects (2014\/06923-6), and Universal-CNPq (444912\/2014-2). 2015 Acquired by the Thematic Projects (2014\/06923-6) &#8211; Termociclador em tempo real 7500 Fast Real-Time PCR System\u00a0(Life TechnologiesTM) &#8211; Fotodocumentador L-Pix Touch\u00a0(Loccus Biotecnologia) &#8211; Eletroporador Gene Pulser &hellip; <\/p>\n<p class=\"link-more\"><a href=\"https:\/\/sites.usp.br\/pgembl\/en\/equipamentos\/\" class=\"more-link\">Continue reading<span class=\"screen-reader-text\"> &#8220;Our labs infrastructure&#8221;<\/span><\/a><\/p>\n","protected":false},"author":666,"featured_media":0,"parent":0,"menu_order":0,"comment_status":"closed","ping_status":"closed","template":"","meta":{"footnotes":"","_links_to":"","_links_to_target":""},"class_list":["post-417","page","type-page","status-publish","hentry","entry"],"_links":{"self":[{"href":"https:\/\/sites.usp.br\/pgembl\/en\/wp-json\/wp\/v2\/pages\/417","targetHints":{"allow":["GET"]}}],"collection":[{"href":"https:\/\/sites.usp.br\/pgembl\/en\/wp-json\/wp\/v2\/pages"}],"about":[{"href":"https:\/\/sites.usp.br\/pgembl\/en\/wp-json\/wp\/v2\/types\/page"}],"author":[{"embeddable":true,"href":"https:\/\/sites.usp.br\/pgembl\/en\/wp-json\/wp\/v2\/users\/666"}],"replies":[{"embeddable":true,"href":"https:\/\/sites.usp.br\/pgembl\/en\/wp-json\/wp\/v2\/comments?post=417"}],"version-history":[{"count":5,"href":"https:\/\/sites.usp.br\/pgembl\/en\/wp-json\/wp\/v2\/pages\/417\/revisions"}],"predecessor-version":[{"id":793,"href":"https:\/\/sites.usp.br\/pgembl\/en\/wp-json\/wp\/v2\/pages\/417\/revisions\/793"}],"wp:attachment":[{"href":"https:\/\/sites.usp.br\/pgembl\/en\/wp-json\/wp\/v2\/media?parent=417"}],"curies":[{"name":"wp","href":"https:\/\/api.w.org\/{rel}","templated":true}]}}