{"id":149,"date":"2014-05-13T12:32:15","date_gmt":"2014-05-13T15:32:15","guid":{"rendered":"http:\/\/sites.usp.brpadrao2\/?page_id=149"},"modified":"2019-06-14T23:02:44","modified_gmt":"2019-06-15T02:02:44","slug":"quem-somos","status":"publish","type":"page","link":"https:\/\/sites.usp.br\/pgembl\/","title":{"rendered":"Quem somos"},"content":{"rendered":"<p>O Laborat\u00f3rio de Gen\u00f4mica de Plantas e Bioenergia (<em>Plant Genomics and Bioenergy Laboratory<\/em>&#8211;<em>PGEMBL<\/em>) foi fundado em 2016 pelos professores Dr. Elisson Romanel e Dra. Tatiane da Franca Silva com a objetivo de prospectar genes do metabolismo lignocelul\u00f3sico e do controle da biomassa vegetal considerando as necessidades\u00a0do setor\u00a0em\u00a0biorefinaria e biotecnologia industrial. Durante o per\u00edodo de 2014 \u00e0 2016, o laborat\u00f3rio sofreu\u00a0as\u00a0 reformas estruturais e a implementa\u00e7\u00e3o de equipamentos e reagentes da \u00e1rea de Gen\u00e9tica Molecular de Plantas atrav\u00e9s do financiamento\u00a0das\u00a0ag\u00eancias de fomento FAPESP e CNPq. Em 2017,\u00a0o\u00a0<em>PGEMBL<\/em>\u00a0recebeu o Certificado de Qualidade em Biosseguran\u00e7a (CQB) aprovado pela Comiss\u00e3o T\u00e9cnica Nacional de Biosseguran\u00e7a (CTNBio) permitindo executar pesquisas em classe de risco I.\u00a0Em 2018, agregou-se uma estufa agr\u00edcola com irriga\u00e7\u00e3o autom\u00e1tica, tamb\u00e9m certificada pelo CTNBio, apropriada para o estudo de gram\u00edneas de grande porte, tais como, cana-de-a\u00e7\u00facar, sorgo e milho.<\/p>\n<p>O <em>PGEMBL<\/em> contempla uma \u00e1rea de 58 m<sup>2<\/sup> para execu\u00e7\u00e3o experimental em Gen\u00e9tica Molecular, uma \u00e1rea de 8,4 m<sup>2<\/sup> para o crescimento de plantas em dias longos, uma \u00e1rea de 7,2 m<sup>2<\/sup> para o crescimento de plantas em dias curtos e uma \u00e1rea de 8,1 m<sup>2\u00a0<\/sup>para manipula\u00e7\u00e3o de cultura de tecidos vegetal e microorganismos modificados.\u00a0Na atualidade, nesta \u00e1rea interna cultivamos\u00a0<i>Arabidopsis thaliana<\/i>,<i>\u00a0Brachypodium distachyon<\/i>\u00a0e<i>\u00a0Setaria viridis<\/i>.\u00a0As linhas de pesquisa do <em>PGEMBL<\/em> permitem aos alunos conhecerem e atuarem nas \u00e1reas de\u00a0bioinform\u00e1tica, evolu\u00e7\u00e3o, filogenia, clonagem, express\u00e3o g\u00eanica, transforma\u00e7\u00e3o de plantas, desenvolvimento e fisiologia vegetal.<\/p>\n<p><strong>Contato\/Localiza\u00e7\u00e3o f\u00edsica:<\/strong><br \/>\nEscola de Engenharia de Lorena (EEL)\/Universidade de S\u00e3o Paulo (USP)<br \/>\nDepartamento de Biotecnologia<br \/>\nLaborat\u00f3rio de Gen\u00f4mica de Plantas e Bioenergia<br \/>\nEstrada Municipal do Campinho, s\/n<br \/>\nBairro: Ponte Nova<br \/>\nCEP: 12602-810<br \/>\nLorena-SP<br \/>\nBrasil<br \/>\nTelefone: (12) 3159-5025<\/p>\n<p><a href=\"https:\/\/sites.usp.br\/pgembl\/wp-content\/uploads\/sites\/374\/2019\/06\/MAPA.jpg\"><img loading=\"lazy\" decoding=\"async\" class=\"alignnone wp-image-771\" src=\"https:\/\/sites.usp.br\/pgembl\/wp-content\/uploads\/sites\/374\/2019\/06\/MAPA-300x190.jpg\" alt=\"\" width=\"677\" height=\"429\" srcset=\"https:\/\/sites.usp.br\/pgembl\/wp-content\/uploads\/sites\/374\/2019\/06\/MAPA-300x190.jpg 300w, https:\/\/sites.usp.br\/pgembl\/wp-content\/uploads\/sites\/374\/2019\/06\/MAPA-768x487.jpg 768w, https:\/\/sites.usp.br\/pgembl\/wp-content\/uploads\/sites\/374\/2019\/06\/MAPA-1024x650.jpg 1024w, https:\/\/sites.usp.br\/pgembl\/wp-content\/uploads\/sites\/374\/2019\/06\/MAPA-1568x995.jpg 1568w, https:\/\/sites.usp.br\/pgembl\/wp-content\/uploads\/sites\/374\/2019\/06\/MAPA-400x254.jpg 400w\" sizes=\"auto, (max-width: 677px) 100vw, 677px\" \/><\/a><\/p>","protected":false},"excerpt":{"rendered":"<p>O Laborat\u00f3rio de Gen\u00f4mica de Plantas e Bioenergia (Plant Genomics and Bioenergy Laboratory&#8211;PGEMBL) foi fundado em 2016 pelos professores Dr. Elisson Romanel e Dra. Tatiane da Franca Silva com a objetivo de prospectar genes do metabolismo lignocelul\u00f3sico e do controle da biomassa vegetal considerando as necessidades\u00a0do setor\u00a0em\u00a0biorefinaria e biotecnologia industrial. Durante o per\u00edodo de 2014 &hellip; <\/p>\n<p class=\"link-more\"><a href=\"https:\/\/sites.usp.br\/pgembl\/\" class=\"more-link\">Continue lendo<span class=\"screen-reader-text\"> &#8220;Quem somos&#8221;<\/span><\/a><\/p>\n","protected":false},"author":1,"featured_media":0,"parent":0,"menu_order":0,"comment_status":"closed","ping_status":"closed","template":"","meta":{"footnotes":"","_links_to":"","_links_to_target":""},"class_list":["post-149","page","type-page","status-publish","hentry","entry"],"_links":{"self":[{"href":"https:\/\/sites.usp.br\/pgembl\/wp-json\/wp\/v2\/pages\/149","targetHints":{"allow":["GET"]}}],"collection":[{"href":"https:\/\/sites.usp.br\/pgembl\/wp-json\/wp\/v2\/pages"}],"about":[{"href":"https:\/\/sites.usp.br\/pgembl\/wp-json\/wp\/v2\/types\/page"}],"author":[{"embeddable":true,"href":"https:\/\/sites.usp.br\/pgembl\/wp-json\/wp\/v2\/users\/1"}],"replies":[{"embeddable":true,"href":"https:\/\/sites.usp.br\/pgembl\/wp-json\/wp\/v2\/comments?post=149"}],"version-history":[{"count":5,"href":"https:\/\/sites.usp.br\/pgembl\/wp-json\/wp\/v2\/pages\/149\/revisions"}],"predecessor-version":[{"id":795,"href":"https:\/\/sites.usp.br\/pgembl\/wp-json\/wp\/v2\/pages\/149\/revisions\/795"}],"wp:attachment":[{"href":"https:\/\/sites.usp.br\/pgembl\/wp-json\/wp\/v2\/media?parent=149"}],"curies":[{"name":"wp","href":"https:\/\/api.w.org\/{rel}","templated":true}]}}