{"id":332,"date":"2018-04-16T14:51:42","date_gmt":"2018-04-16T17:51:42","guid":{"rendered":"http:\/\/sites.usp.br\/pgembl\/?page_id=332"},"modified":"2019-06-14T22:32:11","modified_gmt":"2019-06-15T01:32:11","slug":"projetos-de-pesquisa","status":"publish","type":"page","link":"https:\/\/sites.usp.br\/pgembl\/projetos-de-pesquisa\/","title":{"rendered":"Projetos de Pesquisa"},"content":{"rendered":"<p><strong>Aux\u00edlios aprovados como pesquisador principal<\/strong>:<br \/>\n2017-2019 \u2013 An\u00e1lise evolutiva e gen\u00f4mica funcional de genes da cana-de-a\u00e7\u00facar envolvidos na recalcitr\u00e2ncia da parede celular<br \/>\nEdital Aux\u00edlio a Pesquisa-Regular \u2013 Fluxo Cont\u00ednuo<br \/>\nFAPESP: 2016\/24391-7<br \/>\nDe 07\/2017 at\u00e9 06\/2019<br \/>\nTotal R$121.047,00<\/p>\n<p>2017-2019 \u2013 Prospec\u00e7\u00e3o e avalia\u00e7\u00e3o do uso biotecnol\u00f3gico de genes envolvidos na modifica\u00e7\u00e3o estrutural da celulose cristalina em cana-de-a\u00e7\u00facar<br \/>\nEdital Aux\u00edlio a Pesquisa-Regular \u2013 Fluxo Cont\u00ednuo<br \/>\nFAPESP: 2016\/25785-9<br \/>\nDe 06\/2017 at\u00e9 05\/2019<br \/>\nTotal R$129.409,20<\/p>\n<p>2016-2017 \u2013 Reduzindo a recalcitr\u00e2ncia da parede celular de milho atrav\u00e9s dos genes de cana-de-a\u00e7\u00facar envolvidos na bioss\u00edntese do \u00e1cido hidroxicin\u00e2mico.<br \/>\nEdital Chamada 527\/2016 \u2013 Novos Docentes, Novas Parcerias Internacionais.<br \/>\nFinanciamento parceria Santander\/USP<br \/>\nDe 02\/2017 at\u00e9 02\/2017<br \/>\nTotal R$9.640,50<\/p>\n<p>2015-2017 \u2013 Gen\u00f4mica da bioss\u00edntese de hemicelulose em cana-de-a\u00e7\u00facar: visando compreender a rela\u00e7\u00e3o dos genes com a recalcitr\u00e2ncia da parede celular<br \/>\nEdital Aux\u00edlio a Pesquisa-Regular \u2013 Fluxo Cont\u00ednuo<br \/>\nFAPESP: 2014\/17486-6<br \/>\nDe 03\/2015 at\u00e9 02\/2017<br \/>\nTotal R$52.929,62 + US$59.234,20<\/p>\n<p>2014-2017 &#8211; Em busca dos genes da via de bioss\u00edntese de hemicelulose em cana-de-a\u00e7\u00facar (<em>Saccharum<\/em> spp.) visando sua aplica\u00e7\u00e3o na redu\u00e7\u00e3o da recalcitr\u00e2ncia da parede celular<br \/>\nEdital\/Chamada \u2013 MCTI\/CNPq\/Universal 14\/2014 \u2013 Faixa A \u2013 At\u00e9 R$30.000,00<br \/>\nCNPq: 444912\/2014-2<br \/>\nDe 03\/2015 at\u00e9 02\/2017<br \/>\nR$29.704,00<\/p>\n<p>2014-2017 &#8211;\u00a0Caracteriza\u00e7\u00e3o da fam\u00edlia g\u00eanica Expansina, envolvida na modifica\u00e7\u00e3o estrutural da celulose cristalina em cana-de-a\u00e7\u00facar, e avalia\u00e7\u00e3o do seu uso como aditivo na sacarifica\u00e7\u00e3o da biomassa.<br \/>\nEdital\/Chamada \u2013 MCTI\/CNPq\/Universal 14\/2014 \u2013 Faixa A \u2013 At\u00e9 R$30.000,00<br \/>\nCNPq: 4570295864364951<br \/>\nDe 03\/2015 at\u00e9 02\/2017<br \/>\nR$29.918,95<\/p>\n<p>&nbsp;<\/p>\n<p><strong>Aux\u00edlios aprovados como pesquisador associado<\/strong>:<br \/>\n2015-2019 \u2013 Gen\u00f4mica funcional e estrutural de esp\u00e9cies forrageiras tropicais: Identifica\u00e7\u00e3o de genes associados \u00e0 produ\u00e7\u00e3o de lignina em <em>Pennisetum purpureum<\/em> e <em>Brachiaria humidicola<\/em><br \/>\nEdital Chamada 01\/2014 \u2013 Propostas e Cartas Consulta para arranjos aprovados fase 5.<br \/>\nFinanciamento da EMBRAPA<br \/>\nDe 09\/2015 at\u00e9 08\/2019<br \/>\nTotal R$1.091.566,50<\/p>\n<p>2015-2019 &#8211; Recalcitr\u00e2ncia da biomassa de cana-de-a\u00e7\u00facar: Fundamentos relacionados \u00e0 forma\u00e7\u00e3o da parede celular, ao pr\u00e9-tratamento e \u00e0 digest\u00e3o enzim\u00e1tica, aplicados no desenvolvimento de novos modelos de biorrefinarias<br \/>\nEdital Aux\u00edlio a Pesquisa-Tem\u00e1tico \u2013 Fluxo Cont\u00ednuo<br \/>\nFAPESP: 2014\/06923-6<br \/>\nDe 04\/2015 at\u00e9 03\/2019<br \/>\nTotal R$584.768,03 + US$390.874,99<\/p>\n<p>2016-2018 &#8211; An\u00e1lise do perfil de transcri\u00e7\u00e3o durante o processo de indu\u00e7\u00e3o fotoperi\u00f3dica em cana-de-a\u00e7\u00facar via RNA-seq<br \/>\nEdital Aux\u00edlio a Pesquisa-Regular \u2013 Fluxo Cont\u00ednuo<br \/>\nFAPESP: 2016\/02679-9<br \/>\nDe 09\/2016 at\u00e9 08\/2018<\/p>\n<p>&nbsp;<\/p>","protected":false},"excerpt":{"rendered":"<p>Aux\u00edlios aprovados como pesquisador principal: 2017-2019 \u2013 An\u00e1lise evolutiva e gen\u00f4mica funcional de genes da cana-de-a\u00e7\u00facar envolvidos na recalcitr\u00e2ncia da parede celular Edital Aux\u00edlio a Pesquisa-Regular \u2013 Fluxo Cont\u00ednuo FAPESP: 2016\/24391-7 De 07\/2017 at\u00e9 06\/2019 Total R$121.047,00 2017-2019 \u2013 Prospec\u00e7\u00e3o e avalia\u00e7\u00e3o do uso biotecnol\u00f3gico de genes envolvidos na modifica\u00e7\u00e3o estrutural da celulose cristalina em &hellip; <\/p>\n<p class=\"link-more\"><a href=\"https:\/\/sites.usp.br\/pgembl\/projetos-de-pesquisa\/\" class=\"more-link\">Continue lendo<span class=\"screen-reader-text\"> &#8220;Projetos de Pesquisa&#8221;<\/span><\/a><\/p>\n","protected":false},"author":666,"featured_media":0,"parent":0,"menu_order":0,"comment_status":"closed","ping_status":"closed","template":"","meta":{"footnotes":"","_links_to":"","_links_to_target":""},"class_list":["post-332","page","type-page","status-publish","hentry","entry"],"_links":{"self":[{"href":"https:\/\/sites.usp.br\/pgembl\/wp-json\/wp\/v2\/pages\/332","targetHints":{"allow":["GET"]}}],"collection":[{"href":"https:\/\/sites.usp.br\/pgembl\/wp-json\/wp\/v2\/pages"}],"about":[{"href":"https:\/\/sites.usp.br\/pgembl\/wp-json\/wp\/v2\/types\/page"}],"author":[{"embeddable":true,"href":"https:\/\/sites.usp.br\/pgembl\/wp-json\/wp\/v2\/users\/666"}],"replies":[{"embeddable":true,"href":"https:\/\/sites.usp.br\/pgembl\/wp-json\/wp\/v2\/comments?post=332"}],"version-history":[{"count":5,"href":"https:\/\/sites.usp.br\/pgembl\/wp-json\/wp\/v2\/pages\/332\/revisions"}],"predecessor-version":[{"id":786,"href":"https:\/\/sites.usp.br\/pgembl\/wp-json\/wp\/v2\/pages\/332\/revisions\/786"}],"wp:attachment":[{"href":"https:\/\/sites.usp.br\/pgembl\/wp-json\/wp\/v2\/media?parent=332"}],"curies":[{"name":"wp","href":"https:\/\/api.w.org\/{rel}","templated":true}]}}