{"id":347,"date":"2018-04-16T15:06:42","date_gmt":"2018-04-16T18:06:42","guid":{"rendered":"http:\/\/sites.usp.br\/pgembl\/?page_id=347"},"modified":"2019-06-14T23:09:25","modified_gmt":"2019-06-15T02:09:25","slug":"alunos","status":"publish","type":"page","link":"https:\/\/sites.usp.br\/pgembl\/alunos\/","title":{"rendered":"Alunos"},"content":{"rendered":"<p><a href=\"http:\/\/sites.usp.br\/pgembl\/alunos-de-pos-graduacao\/\">Alunos de P\u00f3s-Gradua\u00e7\u00e3o<\/a><\/p>\n<p><a href=\"http:\/\/sites.usp.br\/pgembl\/alunos-da-graduacao\/\">Alunos de Gradua\u00e7\u00e3o<\/a><\/p>\n<p><a href=\"http:\/\/sites.usp.br\/pgembl\/ex-alunos\/\">Ex-alunos<\/a><\/p>","protected":false},"excerpt":{"rendered":"<p>Alunos de P\u00f3s-Gradua\u00e7\u00e3o Alunos de Gradua\u00e7\u00e3o Ex-alunos<\/p>\n","protected":false},"author":666,"featured_media":0,"parent":0,"menu_order":0,"comment_status":"closed","ping_status":"closed","template":"","meta":{"footnotes":"","_links_to":"","_links_to_target":""},"class_list":["post-347","page","type-page","status-publish","hentry","entry"],"_links":{"self":[{"href":"https:\/\/sites.usp.br\/pgembl\/wp-json\/wp\/v2\/pages\/347","targetHints":{"allow":["GET"]}}],"collection":[{"href":"https:\/\/sites.usp.br\/pgembl\/wp-json\/wp\/v2\/pages"}],"about":[{"href":"https:\/\/sites.usp.br\/pgembl\/wp-json\/wp\/v2\/types\/page"}],"author":[{"embeddable":true,"href":"https:\/\/sites.usp.br\/pgembl\/wp-json\/wp\/v2\/users\/666"}],"replies":[{"embeddable":true,"href":"https:\/\/sites.usp.br\/pgembl\/wp-json\/wp\/v2\/comments?post=347"}],"version-history":[{"count":5,"href":"https:\/\/sites.usp.br\/pgembl\/wp-json\/wp\/v2\/pages\/347\/revisions"}],"predecessor-version":[{"id":779,"href":"https:\/\/sites.usp.br\/pgembl\/wp-json\/wp\/v2\/pages\/347\/revisions\/779"}],"wp:attachment":[{"href":"https:\/\/sites.usp.br\/pgembl\/wp-json\/wp\/v2\/media?parent=347"}],"curies":[{"name":"wp","href":"https:\/\/api.w.org\/{rel}","templated":true}]}}