{"id":441,"date":"2018-04-17T12:07:53","date_gmt":"2018-04-17T15:07:53","guid":{"rendered":"http:\/\/sites.usp.br\/pgembl\/?page_id=441"},"modified":"2019-06-14T22:05:54","modified_gmt":"2019-06-15T01:05:54","slug":"disciplinas","status":"publish","type":"page","link":"https:\/\/sites.usp.br\/pgembl\/disciplinas\/","title":{"rendered":"Disciplinas"},"content":{"rendered":"<p><strong>Disciplinas\u00a0ministradas:<\/strong><\/p>\n<p><strong>Gradua\u00e7\u00e3o em Engenharia Bioqu\u00edmica<\/strong><\/p>\n<p>Engenharia Gen\u00e9tica <a href=\"https:\/\/uspdigital.usp.br\/jupiterweb\/obterDisciplina?sgldis=LOT2040&amp;nomdis=\" target=\"_blank\" rel=\"noopener noreferrer\">(LOT2040)<\/a><br \/>\nGen\u00e9tica e Biotecnologia Vegetal <a href=\"https:\/\/uspdigital.usp.br\/jupiterweb\/obterDisciplina?sgldis=LOT2049&amp;nomdis=\" target=\"_blank\" rel=\"noopener noreferrer\">(LOT2049)<\/a><br \/>\nMicrobiologia Experimental <a href=\"https:\/\/uspdigital.usp.br\/jupiterweb\/obterDisciplina?sgldis=LOT2050&amp;verdis=2\" target=\"_blank\" rel=\"noopener noreferrer\">(LOT2050)<\/a><br \/>\nEngenharia de Seguran\u00e7a do Trabalho e Biosseguran\u00e7a <a href=\"https:\/\/uspdigital.usp.br\/jupiterweb\/obterDisciplina?sgldis=LOT2054&amp;verdis=3\" target=\"_blank\" rel=\"noopener noreferrer\">(LOT2054)<\/a><br \/>\nTrabalho de Conclus\u00e3o de Curso <a href=\"https:\/\/uspdigital.usp.br\/jupiterweb\/obterDisciplina?sgldis=LOT2048&amp;verdis=1\" target=\"_blank\" rel=\"noopener noreferrer\">(LOT2048)<\/a><\/p>\n<p><strong>Gradua\u00e7\u00e3o em Engenharia Qu\u00edmica<\/strong><\/p>\n<p>Bioqu\u00edmica <a href=\"https:\/\/uspdigital.usp.br\/jupiterweb\/obterDisciplina?sgldis=LOT2004&amp;nomdis=\" target=\"_blank\" rel=\"noopener noreferrer\">(LOT2004)<\/a><\/p>\n<p><strong>Gradua\u00e7\u00e3o em Engenharia Ambiental<\/strong><\/p>\n<p>Biologia <a href=\"https:\/\/uspdigital.usp.br\/jupiterweb\/obterDisciplina?sgldis=LOT2045&amp;verdis=2\" target=\"_blank\" rel=\"noopener noreferrer\">(LOT2045)<\/a><\/p>\n<p><strong>P\u00f3s-Gradua\u00e7\u00e3o em Biotecnologia Industrial<\/strong><\/p>\n<p>Fundamentos de Biologia Molecular e Bioinform\u00e1tica <a href=\"https:\/\/uspdigital.usp.br\/janus\/componente\/catalogoDisciplinasInicial.jsf?action=3&amp;sgldis=PBI5222\" target=\"_blank\" rel=\"noopener noreferrer\">(PBI5222)<\/a><br \/>\nGen\u00f4mica Funcional e Biotecnologia Vegetal <a href=\"https:\/\/uspdigital.usp.br\/janus\/componente\/catalogoDisciplinasInicial.jsf?action=3&amp;sgldis=PBI5223\" target=\"_blank\" rel=\"noopener noreferrer\">(PBI5223)<\/a><\/p>","protected":false},"excerpt":{"rendered":"<p>Disciplinas\u00a0ministradas: Gradua\u00e7\u00e3o em Engenharia Bioqu\u00edmica Engenharia Gen\u00e9tica (LOT2040) Gen\u00e9tica e Biotecnologia Vegetal (LOT2049) Microbiologia Experimental (LOT2050) Engenharia de Seguran\u00e7a do Trabalho e Biosseguran\u00e7a (LOT2054) Trabalho de Conclus\u00e3o de Curso (LOT2048) Gradua\u00e7\u00e3o em Engenharia Qu\u00edmica Bioqu\u00edmica (LOT2004) Gradua\u00e7\u00e3o em Engenharia Ambiental Biologia (LOT2045) P\u00f3s-Gradua\u00e7\u00e3o em Biotecnologia Industrial Fundamentos de Biologia Molecular e Bioinform\u00e1tica (PBI5222) Gen\u00f4mica Funcional &hellip; <\/p>\n<p class=\"link-more\"><a href=\"https:\/\/sites.usp.br\/pgembl\/disciplinas\/\" class=\"more-link\">Continue lendo<span class=\"screen-reader-text\"> &#8220;Disciplinas&#8221;<\/span><\/a><\/p>\n","protected":false},"author":666,"featured_media":0,"parent":0,"menu_order":0,"comment_status":"closed","ping_status":"closed","template":"","meta":{"footnotes":"","_links_to":"","_links_to_target":""},"class_list":["post-441","page","type-page","status-publish","hentry","entry"],"_links":{"self":[{"href":"https:\/\/sites.usp.br\/pgembl\/wp-json\/wp\/v2\/pages\/441","targetHints":{"allow":["GET"]}}],"collection":[{"href":"https:\/\/sites.usp.br\/pgembl\/wp-json\/wp\/v2\/pages"}],"about":[{"href":"https:\/\/sites.usp.br\/pgembl\/wp-json\/wp\/v2\/types\/page"}],"author":[{"embeddable":true,"href":"https:\/\/sites.usp.br\/pgembl\/wp-json\/wp\/v2\/users\/666"}],"replies":[{"embeddable":true,"href":"https:\/\/sites.usp.br\/pgembl\/wp-json\/wp\/v2\/comments?post=441"}],"version-history":[{"count":5,"href":"https:\/\/sites.usp.br\/pgembl\/wp-json\/wp\/v2\/pages\/441\/revisions"}],"predecessor-version":[{"id":782,"href":"https:\/\/sites.usp.br\/pgembl\/wp-json\/wp\/v2\/pages\/441\/revisions\/782"}],"wp:attachment":[{"href":"https:\/\/sites.usp.br\/pgembl\/wp-json\/wp\/v2\/media?parent=441"}],"curies":[{"name":"wp","href":"https:\/\/api.w.org\/{rel}","templated":true}]}}