{"id":686,"date":"2018-08-26T16:11:50","date_gmt":"2018-08-26T19:11:50","guid":{"rendered":"http:\/\/sites.usp.br\/pgembl\/?page_id=686"},"modified":"2019-06-14T13:51:47","modified_gmt":"2019-06-14T16:51:47","slug":"testando-serie","status":"publish","type":"page","link":"https:\/\/sites.usp.br\/pgembl\/testando-serie\/","title":{"rendered":"S\u00e9rie &#8220;Inova\u00e7\u00f5es Biotecnol\u00f3gicas na Agricultura&#8221;"},"content":{"rendered":"<ul>\n<li>Combate por drones de pragas agr\u00edcolas<\/li>\n<\/ul>\n<figure id=\"attachment_637\" aria-describedby=\"caption-attachment-637\" style=\"width: 300px\" class=\"wp-caption alignnone\"><a href=\"http:\/\/sites.usp.br\/pgembl\/wp-content\/uploads\/sites\/374\/2018\/06\/Captura-de-Tela-2018-06-10-\u00e0s-10.02.40.png\"><img loading=\"lazy\" decoding=\"async\" class=\"wp-image-637 size-medium\" src=\"http:\/\/sites.usp.br\/pgembl\/wp-content\/uploads\/sites\/374\/2018\/06\/Captura-de-Tela-2018-06-10-\u00e0s-10.02.40-300x175.png\" alt=\"\" width=\"300\" height=\"175\" srcset=\"https:\/\/sites.usp.br\/pgembl\/wp-content\/uploads\/sites\/374\/2018\/06\/Captura-de-Tela-2018-06-10-\u00e0s-10.02.40-300x175.png 300w, https:\/\/sites.usp.br\/pgembl\/wp-content\/uploads\/sites\/374\/2018\/06\/Captura-de-Tela-2018-06-10-\u00e0s-10.02.40-768x448.png 768w, https:\/\/sites.usp.br\/pgembl\/wp-content\/uploads\/sites\/374\/2018\/06\/Captura-de-Tela-2018-06-10-\u00e0s-10.02.40-1024x597.png 1024w, https:\/\/sites.usp.br\/pgembl\/wp-content\/uploads\/sites\/374\/2018\/06\/Captura-de-Tela-2018-06-10-\u00e0s-10.02.40-500x292.png 500w, https:\/\/sites.usp.br\/pgembl\/wp-content\/uploads\/sites\/374\/2018\/06\/Captura-de-Tela-2018-06-10-\u00e0s-10.02.40-400x233.png 400w, https:\/\/sites.usp.br\/pgembl\/wp-content\/uploads\/sites\/374\/2018\/06\/Captura-de-Tela-2018-06-10-\u00e0s-10.02.40.png 1154w\" sizes=\"auto, (max-width: 300px) 100vw, 300px\" \/><\/a><figcaption id=\"caption-attachment-637\" class=\"wp-caption-text\">Libera\u00e7\u00e3o de c\u00e1psulas por drones<\/figcaption><\/figure>\n<p>A s\u00e9rie &#8220;Inova\u00e7\u00f5es biotecnol\u00f3gicas na agricultura&#8221; divulga o uso de tecnologia (drone) no controle biol\u00f3gico de pragas agr\u00edcolas. Trata-se de uma inova\u00e7\u00e3o desenvolvida (c\u00e1psulas biodegrad\u00e1veis contendo vespas) pela Agribela (empresa voltada ao agroneg\u00f3cio-Londrina-PR) em parceria com institui\u00e7\u00f5es Ra\u00edzen e Embrapa (Solos) no controle biol\u00f3gico de pragas, neste caso, as brocas. Este trabalho resulta em benef\u00edcio do ambiente na redu\u00e7\u00e3o do uso de agrot\u00f3xicos e aumento da produtividade das culturas de cana-de-a\u00e7\u00facar, soja, milho e tomate. <a href=\"http:\/\/g1.globo.com\/como-sera\/noticia\/2018\/06\/ods-fome-o-que-voce-pode-fazer-hoje-pelo-amanha.html\" target=\"_blank\" rel=\"noopener noreferrer\">Link<\/a><\/p>\n<ul>\n<li>Modelo Sustent\u00e1vel Agricultor-Consumidor<\/li>\n<\/ul>\n<figure id=\"attachment_687\" aria-describedby=\"caption-attachment-687\" style=\"width: 300px\" class=\"wp-caption alignnone\"><a href=\"http:\/\/sites.usp.br\/pgembl\/wp-content\/uploads\/sites\/374\/2018\/08\/Captura-de-Tela-2018-08-26-\u00e0s-15.56.17.png\"><img loading=\"lazy\" decoding=\"async\" class=\"wp-image-687 size-medium\" src=\"http:\/\/sites.usp.br\/pgembl\/wp-content\/uploads\/sites\/374\/2018\/08\/Captura-de-Tela-2018-08-26-\u00e0s-15.56.17-300x188.png\" alt=\"\" width=\"300\" height=\"188\" srcset=\"https:\/\/sites.usp.br\/pgembl\/wp-content\/uploads\/sites\/374\/2018\/08\/Captura-de-Tela-2018-08-26-\u00e0s-15.56.17-300x188.png 300w, https:\/\/sites.usp.br\/pgembl\/wp-content\/uploads\/sites\/374\/2018\/08\/Captura-de-Tela-2018-08-26-\u00e0s-15.56.17-478x300.png 478w, https:\/\/sites.usp.br\/pgembl\/wp-content\/uploads\/sites\/374\/2018\/08\/Captura-de-Tela-2018-08-26-\u00e0s-15.56.17-400x251.png 400w, https:\/\/sites.usp.br\/pgembl\/wp-content\/uploads\/sites\/374\/2018\/08\/Captura-de-Tela-2018-08-26-\u00e0s-15.56.17.png 617w\" sizes=\"auto, (max-width: 300px) 100vw, 300px\" \/><\/a><figcaption id=\"caption-attachment-687\" class=\"wp-caption-text\">Modelo Sustent\u00e1vel Agricultor-Consumidor<\/figcaption><\/figure>\n<p>A s\u00e9rie &#8220;Inova\u00e7\u00f5es biotecnol\u00f3gicas na agricultura&#8221; divulga modelo sustent\u00e1vel de produ\u00e7\u00e3o agr\u00edcola em parceria com os consumidores (co-agricultor) j\u00e1 implementado nas regi\u00f5es de Botucatu-SP, Planaltina-DF, entre outros, dando origem \u00e0s CSAs (comunidades que sustentam a agricultura). As CSAs s\u00e3o uma iniciativa dos consumidores e\/ou agricultores, origin\u00e1ria do Jap\u00e3o na d\u00e9cada de 1970, como explica a CSA-Brasil (http:\/\/www.csabrasil.org\/csa\/), uma ONG que estimula esta iniciativa.\u00a0<a href=\"https:\/\/globoplay.globo.com\/v\/6889469\/programa\/\" target=\"_blank\" rel=\"noopener noreferrer\">Link<\/a><\/p>\n<ul>\n<li>Uso de linhagens transg\u00eanicas contra herbicida e pesticida em milho<\/li>\n<\/ul>\n<figure id=\"attachment_693\" aria-describedby=\"caption-attachment-693\" style=\"width: 300px\" class=\"wp-caption alignnone\"><a href=\"http:\/\/sites.usp.br\/pgembl\/wp-content\/uploads\/sites\/374\/2018\/08\/Captura-de-Tela-2018-08-26-\u00e0s-16.28.06.png\"><img loading=\"lazy\" decoding=\"async\" class=\"size-medium wp-image-693\" src=\"http:\/\/sites.usp.br\/pgembl\/wp-content\/uploads\/sites\/374\/2018\/08\/Captura-de-Tela-2018-08-26-\u00e0s-16.28.06-300x197.png\" alt=\"\" width=\"300\" height=\"197\" srcset=\"https:\/\/sites.usp.br\/pgembl\/wp-content\/uploads\/sites\/374\/2018\/08\/Captura-de-Tela-2018-08-26-\u00e0s-16.28.06-300x197.png 300w, https:\/\/sites.usp.br\/pgembl\/wp-content\/uploads\/sites\/374\/2018\/08\/Captura-de-Tela-2018-08-26-\u00e0s-16.28.06-456x300.png 456w, https:\/\/sites.usp.br\/pgembl\/wp-content\/uploads\/sites\/374\/2018\/08\/Captura-de-Tela-2018-08-26-\u00e0s-16.28.06-400x263.png 400w, https:\/\/sites.usp.br\/pgembl\/wp-content\/uploads\/sites\/374\/2018\/08\/Captura-de-Tela-2018-08-26-\u00e0s-16.28.06.png 596w\" sizes=\"auto, (max-width: 300px) 100vw, 300px\" \/><\/a><figcaption id=\"caption-attachment-693\" class=\"wp-caption-text\">Cultivo de milhos transg\u00eanicos<\/figcaption><\/figure>\n<p>A s\u00e9rie &#8220;Inova\u00e7\u00f5es biotecnol\u00f3gicas na agricultura&#8221; divulga o uso de linhagens distintas de milho transg\u00eanicos tolerantes a herbicidas e pragas na regi\u00e3o de Goi\u00e1s-GO, Brasil (Cooperativa COMIGO; Milho Verde e CIA). <a href=\"https:\/\/globoplay.globo.com\/v\/6889435\/programa\/\" target=\"_blank\" rel=\"noopener noreferrer\">Link<\/a><\/p>\n<p>&nbsp;<\/p>\n<p>&nbsp;<\/p>\n<p>&nbsp;<\/p>\n","protected":false},"excerpt":{"rendered":"<p>Combate por drones de pragas agr\u00edcolas A s\u00e9rie &#8220;Inova\u00e7\u00f5es biotecnol\u00f3gicas na agricultura&#8221; divulga o uso de tecnologia (drone) no controle biol\u00f3gico de pragas agr\u00edcolas. Trata-se de uma inova\u00e7\u00e3o desenvolvida (c\u00e1psulas biodegrad\u00e1veis contendo vespas) pela Agribela (empresa voltada ao agroneg\u00f3cio-Londrina-PR) em parceria com institui\u00e7\u00f5es Ra\u00edzen e Embrapa (Solos) no controle biol\u00f3gico de pragas, neste caso, as &hellip; <\/p>\n<p class=\"link-more\"><a href=\"https:\/\/sites.usp.br\/pgembl\/testando-serie\/\" class=\"more-link\">Continue lendo<span class=\"screen-reader-text\"> &#8220;S\u00e9rie &#8220;Inova\u00e7\u00f5es Biotecnol\u00f3gicas na Agricultura&#8221;&#8221;<\/span><\/a><\/p>\n","protected":false},"author":666,"featured_media":687,"parent":0,"menu_order":0,"comment_status":"closed","ping_status":"closed","template":"sidebar-page.php","meta":{"footnotes":"","_links_to":"","_links_to_target":""},"class_list":["post-686","page","type-page","status-publish","has-post-thumbnail","hentry","entry"],"_links":{"self":[{"href":"https:\/\/sites.usp.br\/pgembl\/wp-json\/wp\/v2\/pages\/686","targetHints":{"allow":["GET"]}}],"collection":[{"href":"https:\/\/sites.usp.br\/pgembl\/wp-json\/wp\/v2\/pages"}],"about":[{"href":"https:\/\/sites.usp.br\/pgembl\/wp-json\/wp\/v2\/types\/page"}],"author":[{"embeddable":true,"href":"https:\/\/sites.usp.br\/pgembl\/wp-json\/wp\/v2\/users\/666"}],"replies":[{"embeddable":true,"href":"https:\/\/sites.usp.br\/pgembl\/wp-json\/wp\/v2\/comments?post=686"}],"version-history":[{"count":5,"href":"https:\/\/sites.usp.br\/pgembl\/wp-json\/wp\/v2\/pages\/686\/revisions"}],"predecessor-version":[{"id":749,"href":"https:\/\/sites.usp.br\/pgembl\/wp-json\/wp\/v2\/pages\/686\/revisions\/749"}],"wp:featuredmedia":[{"embeddable":true,"href":"https:\/\/sites.usp.br\/pgembl\/wp-json\/wp\/v2\/media\/687"}],"wp:attachment":[{"href":"https:\/\/sites.usp.br\/pgembl\/wp-json\/wp\/v2\/media?parent=686"}],"curies":[{"name":"wp","href":"https:\/\/api.w.org\/{rel}","templated":true}]}}