{"id":231,"date":"2021-05-19T13:29:55","date_gmt":"2021-05-19T15:29:55","guid":{"rendered":"https:\/\/sites.usp.br\/pggen\/?page_id=231"},"modified":"2021-05-19T22:08:00","modified_gmt":"2021-05-20T00:08:00","slug":"objetivo","status":"publish","type":"page","link":"https:\/\/sites.usp.br\/pggen\/objetivo\/","title":{"rendered":"Objetivo"},"content":{"rendered":"\t\t<div data-elementor-type=\"wp-page\" data-elementor-id=\"231\" class=\"elementor elementor-231\" data-elementor-post-type=\"page\">\n\t\t\t\t\t\t<section class=\"elementor-section elementor-top-section elementor-element elementor-element-83ed3ce elementor-section-boxed elementor-section-height-default elementor-section-height-default\" data-id=\"83ed3ce\" data-element_type=\"section\">\n\t\t\t\t\t\t<div class=\"elementor-container elementor-column-gap-default\">\n\t\t\t\t\t<div class=\"elementor-column elementor-col-100 elementor-top-column elementor-element elementor-element-a57b290\" data-id=\"a57b290\" data-element_type=\"column\">\n\t\t\t<div class=\"elementor-widget-wrap elementor-element-populated\">\n\t\t\t\t\t\t<div class=\"elementor-element elementor-element-936a978 elementor-widget elementor-widget-heading\" data-id=\"936a978\" data-element_type=\"widget\" data-widget_type=\"heading.default\">\n\t\t\t\t<div class=\"elementor-widget-container\">\n\t\t\t<h2 class=\"elementor-heading-title elementor-size-xl\">Objetivos<\/h2>\t\t<\/div>\n\t\t\t\t<\/div>\n\t\t\t\t<div class=\"elementor-element elementor-element-f41307a elementor-widget elementor-widget-text-editor\" data-id=\"f41307a\" data-element_type=\"widget\" data-widget_type=\"text-editor.default\">\n\t\t\t\t<div class=\"elementor-widget-container\">\n\t\t\t\t\t\t\t<div id=\"cke_pastebin\">A \u00e1rea de Gen\u00e9tica por sua natureza \u00e9 ampla, estendendo-se desde a Gen\u00e9tica de Microrganismos at\u00e9 a Gen\u00e9tica Vegetal, Animal e Humana. As abordagens nas investiga\u00e7\u00f5es utilizam desde os m\u00e9todos da gen\u00e9tica cl\u00e1ssica, at\u00e9 os m\u00e9todos mais modernos da biologia molecular.<\/div><div id=\"cke_pastebin\">\u00a0<\/div><div id=\"cke_pastebin\">O programa de p\u00f3s-gradua\u00e7\u00e3o tem como objetivos aprimorar a forma\u00e7\u00e3o de docentes do ensino superior, formar pesquisadores e preparar profissionais especializados em algumas sub-\u00e1reas da Gen\u00e9tica, configuradas pelas linhas de pesquisa dos docentes permanentes do curso.<\/div><div id=\"cke_pastebin\">\u00a0<\/div><div id=\"cke_pastebin\">Os laborat\u00f3rios onde os alunos desenvolvem suas pesquisas s\u00e3o bem montados, recebendo sistematicamente alunos e\/ou docentes de outros cursos de p\u00f3s-gradua\u00e7\u00e3o que desejam implantar, em suas universidades, as t\u00e9cnicas praticadas na Gen\u00e9tica da FMRP. Do aluno candidato ao t\u00edtulo de Mestre, a \u00c1rea espera basicamente uma boa forma\u00e7\u00e3o em n\u00edvel de profissional do ensino; para tanto, exige-se do aluno a integraliza\u00e7\u00e3o dos cr\u00e9ditos em disciplinas de car\u00e1ter mais abrangente; o candidato ao t\u00edtulo de Doutor \u00e9 orientado para cumprir disciplinas mais especializadas, tanto dentro da \u00e1rea de concentra\u00e7\u00e3o como em outras \u00e1reas relacionadas com seu projeto individual de pesquisa.<\/div><div id=\"cke_pastebin\">\u00a0<\/div><div id=\"cke_pastebin\">O curso aceita alunos com forma\u00e7\u00e3o na \u00e1rea biol\u00f3gica (bi\u00f3logos, agr\u00f4nomos, m\u00e9dicos, veterin\u00e1rios, zootecnistas, farmac\u00eauticos, bioqu\u00edmicos, etc.) e exige forma\u00e7\u00e3o em Medicina para aqueles que pretendem fazer Gen\u00e9tica Cl\u00ednica. A forma\u00e7\u00e3o em outras \u00e1reas n\u00e3o impede o ingresso ao curso.<\/div>\t\t\t\t\t\t<\/div>\n\t\t\t\t<\/div>\n\t\t\t\t\t<\/div>\n\t\t<\/div>\n\t\t\t\t\t<\/div>\n\t\t<\/section>\n\t\t\t\t<\/div>\n\t\t","protected":false},"excerpt":{"rendered":"<p>Objetivos A \u00e1rea de Gen\u00e9tica por sua natureza \u00e9 ampla, estendendo-se desde a Gen\u00e9tica de Microrganismos at\u00e9 a Gen\u00e9tica Vegetal, Animal e Humana. As abordagens nas investiga\u00e7\u00f5es utilizam desde os m\u00e9todos da gen\u00e9tica cl\u00e1ssica, at\u00e9 os m\u00e9todos mais modernos da biologia molecular.\u00a0O programa de p\u00f3s-gradua\u00e7\u00e3o tem como objetivos aprimorar a forma\u00e7\u00e3o de docentes do ensino [&hellip;]<\/p>\n","protected":false},"author":22211,"featured_media":0,"parent":0,"menu_order":0,"comment_status":"closed","ping_status":"closed","template":"","meta":{"footnotes":"","_links_to":"","_links_to_target":""},"class_list":["post-231","page","type-page","status-publish","hentry","entry"],"_links":{"self":[{"href":"https:\/\/sites.usp.br\/pggen\/wp-json\/wp\/v2\/pages\/231","targetHints":{"allow":["GET"]}}],"collection":[{"href":"https:\/\/sites.usp.br\/pggen\/wp-json\/wp\/v2\/pages"}],"about":[{"href":"https:\/\/sites.usp.br\/pggen\/wp-json\/wp\/v2\/types\/page"}],"author":[{"embeddable":true,"href":"https:\/\/sites.usp.br\/pggen\/wp-json\/wp\/v2\/users\/22211"}],"replies":[{"embeddable":true,"href":"https:\/\/sites.usp.br\/pggen\/wp-json\/wp\/v2\/comments?post=231"}],"version-history":[{"count":2,"href":"https:\/\/sites.usp.br\/pggen\/wp-json\/wp\/v2\/pages\/231\/revisions"}],"predecessor-version":[{"id":271,"href":"https:\/\/sites.usp.br\/pggen\/wp-json\/wp\/v2\/pages\/231\/revisions\/271"}],"wp:attachment":[{"href":"https:\/\/sites.usp.br\/pggen\/wp-json\/wp\/v2\/media?parent=231"}],"curies":[{"name":"wp","href":"https:\/\/api.w.org\/{rel}","templated":true}]}}