{"id":232,"date":"2021-05-19T13:29:55","date_gmt":"2021-05-19T15:29:55","guid":{"rendered":"https:\/\/sites.usp.br\/pggen\/?page_id=232"},"modified":"2021-05-19T22:14:48","modified_gmt":"2021-05-20T00:14:48","slug":"secretaria","status":"publish","type":"page","link":"https:\/\/sites.usp.br\/pggen\/secretaria\/","title":{"rendered":"Secretaria"},"content":{"rendered":"\t\t<div data-elementor-type=\"wp-page\" data-elementor-id=\"232\" class=\"elementor elementor-232\" data-elementor-post-type=\"page\">\n\t\t\t\t\t\t<section class=\"elementor-section elementor-top-section elementor-element elementor-element-0bf1b80 elementor-section-boxed elementor-section-height-default elementor-section-height-default\" data-id=\"0bf1b80\" data-element_type=\"section\">\n\t\t\t\t\t\t<div class=\"elementor-container elementor-column-gap-default\">\n\t\t\t\t\t<div class=\"elementor-column elementor-col-100 elementor-top-column elementor-element elementor-element-2090133\" data-id=\"2090133\" data-element_type=\"column\">\n\t\t\t<div class=\"elementor-widget-wrap elementor-element-populated\">\n\t\t\t\t\t\t<div class=\"elementor-element elementor-element-c4c22dd elementor-widget elementor-widget-heading\" data-id=\"c4c22dd\" data-element_type=\"widget\" data-widget_type=\"heading.default\">\n\t\t\t\t<div class=\"elementor-widget-container\">\n\t\t\t<h2 class=\"elementor-heading-title elementor-size-xxl\">Secretaria<\/h2>\t\t<\/div>\n\t\t\t\t<\/div>\n\t\t\t\t<div class=\"elementor-element elementor-element-8d7534d elementor-widget elementor-widget-text-editor\" data-id=\"8d7534d\" data-element_type=\"widget\" data-widget_type=\"text-editor.default\">\n\t\t\t\t<div class=\"elementor-widget-container\">\n\t\t\t\t\t\t\t<div id=\"cke_pastebin\"><strong>Coordenador:<\/strong><\/div><div>\u00a0<\/div><div id=\"cke_pastebin\">Prof. Dr. Klaus Hartmann Hartfelder &#8211; klaus@fmrp.usp.br<\/div><div id=\"cke_pastebin\">\u00a0<\/div><div id=\"cke_pastebin\"><strong>Vice-Coordenadora:<\/strong><\/div><div>\u00a0<\/div><div id=\"cke_pastebin\">Prof\u00aa Dr\u00aa Ester Silveira Ramos &#8211;\u00a0esramos@usp.br<\/div><div id=\"cke_pastebin\">\u00a0<\/div><div id=\"cke_pastebin\"><strong>Secret\u00e1ria da P\u00f3s-Gradua\u00e7\u00e3o<\/strong><\/div><div>\u00a0<\/div><div id=\"cke_pastebin\">Susie Adriana Penha Nalon &#8211; pggen@fmrp.usp.br<\/div><div id=\"cke_pastebin\">Tel.: (16) 3315-9098<\/div><div id=\"cke_pastebin\">\u00a0<\/div><div id=\"cke_pastebin\"><strong>T\u00e9cnico em Inform\u00e1tica (Respons\u00e1vel pela Plataforma Sucupira e pela Produ\u00e7\u00e3o Cient\u00edfica e\/ou Intelectual do Departamento)<\/strong><\/div><div>\u00a0<\/div><div id=\"cke_pastebin\">Gustavo Medeiros &#8211; gmedeiro@fmrp.usp.br<\/div><div id=\"cke_pastebin\">Tel.: (16) 3315-9097<\/div><div id=\"cke_pastebin\">\u00a0<\/div><div id=\"cke_pastebin\"><strong>Secretaria da P\u00f3s-Gradua\u00e7\u00e3o<\/strong><\/div><div>\u00a0<\/div><div id=\"cke_pastebin\">Departamento de Gen\u00e9tica &#8211; Bloco H<\/div><div id=\"cke_pastebin\">Faculdade de Medicina de Ribeir\u00e3o Preto &#8211; USP\u00a0<\/div><div id=\"cke_pastebin\">Av. Bandeirantes, 3900 &#8211; Monte Alegre<\/div><div id=\"cke_pastebin\">CEP: 14049-900 &#8211; Ribeir\u00e3o Preto &#8211; SP<\/div>\t\t\t\t\t\t<\/div>\n\t\t\t\t<\/div>\n\t\t\t\t\t<\/div>\n\t\t<\/div>\n\t\t\t\t\t<\/div>\n\t\t<\/section>\n\t\t\t\t<\/div>\n\t\t","protected":false},"excerpt":{"rendered":"<p>Secretaria Coordenador:\u00a0Prof. Dr. Klaus Hartmann Hartfelder &#8211; klaus@fmrp.usp.br\u00a0Vice-Coordenadora:\u00a0Prof\u00aa Dr\u00aa Ester Silveira Ramos &#8211;\u00a0esramos@usp.br\u00a0Secret\u00e1ria da P\u00f3s-Gradua\u00e7\u00e3o\u00a0Susie Adriana Penha Nalon &#8211; pggen@fmrp.usp.brTel.: (16) 3315-9098\u00a0T\u00e9cnico em Inform\u00e1tica (Respons\u00e1vel pela Plataforma Sucupira e pela Produ\u00e7\u00e3o Cient\u00edfica e\/ou Intelectual do Departamento)\u00a0Gustavo Medeiros &#8211; gmedeiro@fmrp.usp.brTel.: (16) 3315-9097\u00a0Secretaria da P\u00f3s-Gradua\u00e7\u00e3o\u00a0Departamento de Gen\u00e9tica &#8211; Bloco HFaculdade de Medicina de Ribeir\u00e3o Preto &#8211; USP\u00a0Av. [&hellip;]<\/p>\n","protected":false},"author":22211,"featured_media":0,"parent":0,"menu_order":0,"comment_status":"closed","ping_status":"closed","template":"","meta":{"footnotes":"","_links_to":"","_links_to_target":""},"class_list":["post-232","page","type-page","status-publish","hentry","entry"],"_links":{"self":[{"href":"https:\/\/sites.usp.br\/pggen\/wp-json\/wp\/v2\/pages\/232","targetHints":{"allow":["GET"]}}],"collection":[{"href":"https:\/\/sites.usp.br\/pggen\/wp-json\/wp\/v2\/pages"}],"about":[{"href":"https:\/\/sites.usp.br\/pggen\/wp-json\/wp\/v2\/types\/page"}],"author":[{"embeddable":true,"href":"https:\/\/sites.usp.br\/pggen\/wp-json\/wp\/v2\/users\/22211"}],"replies":[{"embeddable":true,"href":"https:\/\/sites.usp.br\/pggen\/wp-json\/wp\/v2\/comments?post=232"}],"version-history":[{"count":2,"href":"https:\/\/sites.usp.br\/pggen\/wp-json\/wp\/v2\/pages\/232\/revisions"}],"predecessor-version":[{"id":273,"href":"https:\/\/sites.usp.br\/pggen\/wp-json\/wp\/v2\/pages\/232\/revisions\/273"}],"wp:attachment":[{"href":"https:\/\/sites.usp.br\/pggen\/wp-json\/wp\/v2\/media?parent=232"}],"curies":[{"name":"wp","href":"https:\/\/api.w.org\/{rel}","templated":true}]}}