{"id":234,"date":"2021-05-19T13:29:55","date_gmt":"2021-05-19T15:29:55","guid":{"rendered":"https:\/\/sites.usp.br\/pggen\/?page_id=234"},"modified":"2021-05-19T23:11:43","modified_gmt":"2021-05-20T01:11:43","slug":"processo-seletivo","status":"publish","type":"page","link":"https:\/\/sites.usp.br\/pggen\/processo-seletivo\/","title":{"rendered":"Processo seletivo"},"content":{"rendered":"\t\t<div data-elementor-type=\"wp-page\" data-elementor-id=\"234\" class=\"elementor elementor-234\" data-elementor-post-type=\"page\">\n\t\t\t\t\t\t<section class=\"elementor-section elementor-top-section elementor-element elementor-element-7a690cf elementor-section-boxed elementor-section-height-default elementor-section-height-default\" data-id=\"7a690cf\" data-element_type=\"section\">\n\t\t\t\t\t\t<div class=\"elementor-container elementor-column-gap-default\">\n\t\t\t\t\t<div class=\"elementor-column elementor-col-100 elementor-top-column elementor-element elementor-element-e3fa88f\" data-id=\"e3fa88f\" data-element_type=\"column\">\n\t\t\t<div class=\"elementor-widget-wrap elementor-element-populated\">\n\t\t\t\t\t\t<div class=\"elementor-element elementor-element-8cc5d14 elementor-widget elementor-widget-heading\" data-id=\"8cc5d14\" data-element_type=\"widget\" data-widget_type=\"heading.default\">\n\t\t\t\t<div class=\"elementor-widget-container\">\n\t\t\t<h2 class=\"elementor-heading-title elementor-size-xl\">Processo seletivo<\/h2>\t\t<\/div>\n\t\t\t\t<\/div>\n\t\t\t\t<div class=\"elementor-element elementor-element-c8f396a elementor-widget elementor-widget-text-editor\" data-id=\"c8f396a\" data-element_type=\"widget\" data-widget_type=\"text-editor.default\">\n\t\t\t\t<div class=\"elementor-widget-container\">\n\t\t\t\t\t\t\t<div class=\"item_noticia\"><a class=\"link_ev\" href=\"http:\/\/rge.fmrp.usp.br\/pgnovo\/processo-seletivo\/8\/edital-de-selecao-do-programa-de-pos-graduacao-em-genetica-2-semestre-2021\"><strong class=\"titulo-noticia\">&#8211; Edital de Sele\u00e7\u00e3o do Programa de P\u00f3s-Gradua\u00e7\u00e3o em Gen\u00e9tica (2\u00ba Semestre 2021)<\/strong><\/a><\/div><div class=\"item_noticia\"><a class=\"link_ev\" href=\"http:\/\/rge.fmrp.usp.br\/pgnovo\/processo-seletivo\/9\/inscricoes\"><strong class=\"titulo-noticia\">&#8211; Inscri\u00e7\u00f5es<\/strong><\/a><\/div><div class=\"item_noticia\"><a class=\"link_ev\" href=\"http:\/\/rge.fmrp.usp.br\/pgnovo\/processo-seletivo\/10\/mestrado-em-genetica\"><strong class=\"titulo-noticia\">&#8211; Mestrado em Gen\u00e9tica<\/strong><\/a><\/div><div class=\"item_noticia\"><a class=\"link_ev\" href=\"http:\/\/rge.fmrp.usp.br\/pgnovo\/processo-seletivo\/11\/doutorado-em-genetica\"><strong class=\"titulo-noticia\">&#8211; Doutorado em Gen\u00e9tica<\/strong><\/a><\/div><div class=\"item_noticia\"><a class=\"link_ev\" href=\"http:\/\/rge.fmrp.usp.br\/pgnovo\/processo-seletivo\/13\/programa-m1-genetica-geral\"><strong class=\"titulo-noticia\">&#8211; Programa M1: Gen\u00e9tica Geral<\/strong><\/a><\/div><div class=\"item_noticia\"><a class=\"link_ev\" href=\"http:\/\/rge.fmrp.usp.br\/pgnovo\/processo-seletivo\/14\/programa-m2-genetica-medica-e-clinica\"><strong class=\"titulo-noticia\">&#8211; Programa M2: Gen\u00e9tica M\u00e9dica e Cl\u00ednica<\/strong><\/a><\/div><div class=\"item_noticia\"><a class=\"link_ev\" href=\"http:\/\/rge.fmrp.usp.br\/pgnovo\/processo-seletivo\/15\/programa-m3-bioinformatica\"><strong class=\"titulo-noticia\">&#8211; Programa M3: Bioinform\u00e1tica<\/strong><\/a><\/div>\t\t\t\t\t\t<\/div>\n\t\t\t\t<\/div>\n\t\t\t\t\t<\/div>\n\t\t<\/div>\n\t\t\t\t\t<\/div>\n\t\t<\/section>\n\t\t\t\t<\/div>\n\t\t","protected":false},"excerpt":{"rendered":"<p>Processo seletivo &#8211; Edital de Sele\u00e7\u00e3o do Programa de P\u00f3s-Gradua\u00e7\u00e3o em Gen\u00e9tica (2\u00ba Semestre 2021)&#8211; Inscri\u00e7\u00f5es&#8211; Mestrado em Gen\u00e9tica&#8211; Doutorado em Gen\u00e9tica&#8211; Programa M1: Gen\u00e9tica Geral&#8211; Programa M2: Gen\u00e9tica M\u00e9dica e Cl\u00ednica&#8211; Programa M3: Bioinform\u00e1tica<\/p>\n","protected":false},"author":22211,"featured_media":0,"parent":0,"menu_order":0,"comment_status":"closed","ping_status":"closed","template":"","meta":{"footnotes":"","_links_to":"","_links_to_target":""},"class_list":["post-234","page","type-page","status-publish","hentry","entry"],"_links":{"self":[{"href":"https:\/\/sites.usp.br\/pggen\/wp-json\/wp\/v2\/pages\/234","targetHints":{"allow":["GET"]}}],"collection":[{"href":"https:\/\/sites.usp.br\/pggen\/wp-json\/wp\/v2\/pages"}],"about":[{"href":"https:\/\/sites.usp.br\/pggen\/wp-json\/wp\/v2\/types\/page"}],"author":[{"embeddable":true,"href":"https:\/\/sites.usp.br\/pggen\/wp-json\/wp\/v2\/users\/22211"}],"replies":[{"embeddable":true,"href":"https:\/\/sites.usp.br\/pggen\/wp-json\/wp\/v2\/comments?post=234"}],"version-history":[{"count":2,"href":"https:\/\/sites.usp.br\/pggen\/wp-json\/wp\/v2\/pages\/234\/revisions"}],"predecessor-version":[{"id":279,"href":"https:\/\/sites.usp.br\/pggen\/wp-json\/wp\/v2\/pages\/234\/revisions\/279"}],"wp:attachment":[{"href":"https:\/\/sites.usp.br\/pggen\/wp-json\/wp\/v2\/media?parent=234"}],"curies":[{"name":"wp","href":"https:\/\/api.w.org\/{rel}","templated":true}]}}