{"id":235,"date":"2021-05-19T13:29:55","date_gmt":"2021-05-19T15:29:55","guid":{"rendered":"https:\/\/sites.usp.br\/pggen\/?page_id=235"},"modified":"2021-05-19T23:21:44","modified_gmt":"2021-05-20T01:21:44","slug":"downloads","status":"publish","type":"page","link":"https:\/\/sites.usp.br\/pggen\/downloads\/","title":{"rendered":"Downloads"},"content":{"rendered":"\t\t<div data-elementor-type=\"wp-page\" data-elementor-id=\"235\" class=\"elementor elementor-235\" data-elementor-post-type=\"page\">\n\t\t\t\t\t\t<section class=\"elementor-section elementor-top-section elementor-element elementor-element-898dbe1 elementor-section-boxed elementor-section-height-default elementor-section-height-default\" data-id=\"898dbe1\" data-element_type=\"section\">\n\t\t\t\t\t\t<div class=\"elementor-container elementor-column-gap-default\">\n\t\t\t\t\t<div class=\"elementor-column elementor-col-100 elementor-top-column elementor-element elementor-element-e8267ac\" data-id=\"e8267ac\" data-element_type=\"column\">\n\t\t\t<div class=\"elementor-widget-wrap elementor-element-populated\">\n\t\t\t\t\t\t<div class=\"elementor-element elementor-element-edd127b elementor-widget elementor-widget-heading\" data-id=\"edd127b\" data-element_type=\"widget\" data-widget_type=\"heading.default\">\n\t\t\t\t<div class=\"elementor-widget-container\">\n\t\t\t<h2 class=\"elementor-heading-title elementor-size-xl\">Downloads<\/h2>\t\t<\/div>\n\t\t\t\t<\/div>\n\t\t\t\t<div class=\"elementor-element elementor-element-09b7a6d elementor-widget elementor-widget-text-editor\" data-id=\"09b7a6d\" data-element_type=\"widget\" data-widget_type=\"text-editor.default\">\n\t\t\t\t<div class=\"elementor-widget-container\">\n\t\t\t\t\t\t\t<p><a href=\"http:\/\/rge.fmrp.usp.br\/pgnovo\/download\/2\"><strong>Formul\u00e1rio para Inscri\u00e7\u00e3o de Exame de Qualifica\u00e7\u00e3o<\/strong><\/a><br \/><br \/><a href=\"http:\/\/rge.fmrp.usp.br\/pgnovo\/download\/3\"><strong>Solicita\u00e7\u00e3o Aux\u00edlio Docente<\/strong><\/a><br \/><br \/><a href=\"http:\/\/rge.fmrp.usp.br\/pgnovo\/download\/4\"><strong>Termo de Compromisso e Responsabilidade<\/strong><\/a><br \/><br \/><a href=\"http:\/\/rge.fmrp.usp.br\/pgnovo\/download\/5\"><strong>Declara\u00e7\u00e3o de Aceite pelo Orientador(a)<\/strong><\/a><br \/><br \/><a href=\"http:\/\/rge.fmrp.usp.br\/pgnovo\/download\/6\"><strong>Solicita\u00e7\u00f5es de Alunos<\/strong><\/a><br \/><br \/><a href=\"http:\/\/rge.fmrp.usp.br\/pgnovo\/download\/7\"><strong>Formul\u00e1rio de Matr\u00edcula em disciplina para Aluno Especial<\/strong><\/a><br \/><br \/><a href=\"http:\/\/rge.fmrp.usp.br\/pgnovo\/download\/8\"><strong>Formul\u00e1rio de Matr\u00edcula semestral-Aluno regular<\/strong><\/a><br \/><br \/><a href=\"http:\/\/rge.fmrp.usp.br\/pgnovo\/download\/9\"><strong>Formulario-de-Deposito-Regimento-5473-Doutorado_Atual<\/strong><\/a><br \/><br \/><a href=\"http:\/\/rge.fmrp.usp.br\/pgnovo\/download\/10\"><strong>Formulario-de-Deposito-Regimento-5473-Mestrado_Atual<\/strong><\/a><br \/><br \/><a href=\"http:\/\/rge.fmrp.usp.br\/pgnovo\/download\/11\"><strong>Formulario-de-Deposito-Regimento-6542_Atual<\/strong><\/a><\/p>\t\t\t\t\t\t<\/div>\n\t\t\t\t<\/div>\n\t\t\t\t\t<\/div>\n\t\t<\/div>\n\t\t\t\t\t<\/div>\n\t\t<\/section>\n\t\t\t\t<\/div>\n\t\t","protected":false},"excerpt":{"rendered":"<p>Downloads Formul\u00e1rio para Inscri\u00e7\u00e3o de Exame de Qualifica\u00e7\u00e3o Solicita\u00e7\u00e3o Aux\u00edlio Docente Termo de Compromisso e Responsabilidade Declara\u00e7\u00e3o de Aceite pelo Orientador(a) Solicita\u00e7\u00f5es de Alunos Formul\u00e1rio de Matr\u00edcula em disciplina para Aluno Especial Formul\u00e1rio de Matr\u00edcula semestral-Aluno regular Formulario-de-Deposito-Regimento-5473-Doutorado_Atual Formulario-de-Deposito-Regimento-5473-Mestrado_Atual Formulario-de-Deposito-Regimento-6542_Atual<\/p>\n","protected":false},"author":22211,"featured_media":0,"parent":0,"menu_order":0,"comment_status":"closed","ping_status":"closed","template":"","meta":{"footnotes":"","_links_to":"","_links_to_target":""},"class_list":["post-235","page","type-page","status-publish","hentry","entry"],"_links":{"self":[{"href":"https:\/\/sites.usp.br\/pggen\/wp-json\/wp\/v2\/pages\/235","targetHints":{"allow":["GET"]}}],"collection":[{"href":"https:\/\/sites.usp.br\/pggen\/wp-json\/wp\/v2\/pages"}],"about":[{"href":"https:\/\/sites.usp.br\/pggen\/wp-json\/wp\/v2\/types\/page"}],"author":[{"embeddable":true,"href":"https:\/\/sites.usp.br\/pggen\/wp-json\/wp\/v2\/users\/22211"}],"replies":[{"embeddable":true,"href":"https:\/\/sites.usp.br\/pggen\/wp-json\/wp\/v2\/comments?post=235"}],"version-history":[{"count":4,"href":"https:\/\/sites.usp.br\/pggen\/wp-json\/wp\/v2\/pages\/235\/revisions"}],"predecessor-version":[{"id":299,"href":"https:\/\/sites.usp.br\/pggen\/wp-json\/wp\/v2\/pages\/235\/revisions\/299"}],"wp:attachment":[{"href":"https:\/\/sites.usp.br\/pggen\/wp-json\/wp\/v2\/media?parent=235"}],"curies":[{"name":"wp","href":"https:\/\/api.w.org\/{rel}","templated":true}]}}