{"id":236,"date":"2021-05-19T13:29:55","date_gmt":"2021-05-19T15:29:55","guid":{"rendered":"https:\/\/sites.usp.br\/pggen\/?page_id=236"},"modified":"2021-05-19T22:27:06","modified_gmt":"2021-05-20T00:27:06","slug":"linhas-de-pesquisa","status":"publish","type":"page","link":"https:\/\/sites.usp.br\/pggen\/linhas-de-pesquisa\/","title":{"rendered":"Linhas de pesquisa"},"content":{"rendered":"\t\t<div data-elementor-type=\"wp-page\" data-elementor-id=\"236\" class=\"elementor elementor-236\" data-elementor-post-type=\"page\">\n\t\t\t\t\t\t<section class=\"elementor-section elementor-top-section elementor-element elementor-element-4ee1d34 elementor-section-boxed elementor-section-height-default elementor-section-height-default\" data-id=\"4ee1d34\" data-element_type=\"section\">\n\t\t\t\t\t\t<div class=\"elementor-container elementor-column-gap-default\">\n\t\t\t\t\t<div class=\"elementor-column elementor-col-100 elementor-top-column elementor-element elementor-element-47be14e\" data-id=\"47be14e\" data-element_type=\"column\">\n\t\t\t<div class=\"elementor-widget-wrap elementor-element-populated\">\n\t\t\t\t\t\t<div class=\"elementor-element elementor-element-e6eacdd elementor-widget elementor-widget-heading\" data-id=\"e6eacdd\" data-element_type=\"widget\" data-widget_type=\"heading.default\">\n\t\t\t\t<div class=\"elementor-widget-container\">\n\t\t\t<h2 class=\"elementor-heading-title elementor-size-xl\">Linhas de pesquisa<\/h2>\t\t<\/div>\n\t\t\t\t<\/div>\n\t\t\t\t<div class=\"elementor-element elementor-element-95c5dc6 elementor-widget elementor-widget-text-editor\" data-id=\"95c5dc6\" data-element_type=\"widget\" data-widget_type=\"text-editor.default\">\n\t\t\t\t<div class=\"elementor-widget-container\">\n\t\t\t\t\t\t\t<p><strong>Linhas de Pesquisa:<\/strong><\/p><p>1)\u00a0<strong>Biologia Molecular e Express\u00e3o G\u00eanica em P<\/strong><strong>lantas<\/strong><\/p><ul><li>Pretende-se estudar a express\u00e3o dos genes em plantas notadamente nos \u00f3rg\u00e3os reprodutivos.<\/li><\/ul><p>\u00a0<\/p><p>2)\u00a0<strong>Gen\u00e9tica e Biologia Molecular de Microrganismos<\/strong><\/p><ul><li>Express\u00e3o g\u00eanica em fungos filamentosos.<\/li><\/ul><p>\u00a0<\/p><p>3)\u00a0<strong>Gen\u00e9tica, Evolu\u00e7\u00e3o e Melhoramento Animal<\/strong><\/p><ul><li>Estudo de aspectos biol\u00f3gicos da reprodu\u00e7\u00e3o e utiliza\u00e7\u00e3o de marcadores moleculares para caracteriza\u00e7\u00e3o de popula\u00e7\u00f5es animais.<\/li><\/ul><ul><li>Identifica\u00e7\u00e3o de crit\u00e9rios de sele\u00e7\u00e3o.<\/li><\/ul><ul><li>Estudos gen\u00e9ticos, ecol\u00f3gicos e evolutivos de diferentes esp\u00e9cies.<\/li><\/ul><p>\u00a0<\/p><p>4)\u00a0<strong>Gen\u00e9tica Humana e M\u00e9dica<\/strong><\/p><ul><li>Utiliza\u00e7\u00e3o de diferentes t\u00e9cnicas de an\u00e1lise citogen\u00e9tica e de biologia molecular para caracteriza\u00e7\u00e3o, diagn\u00f3stico e identifica\u00e7\u00e3o de genes respons\u00e1veis por doen\u00e7as heredit\u00e1rias.<\/li><\/ul><p>\u00a0<\/p><p>5)\u00a0<strong>Gen\u00e9tica de Popula\u00e7\u00f5es e Bioinform\u00e1tica<\/strong><\/p><ul><li>Utiliza\u00e7\u00e3o de marcadores moleculares e polimorfismos de DNA para caracteriza\u00e7\u00e3o e estudo da variabilidade gen\u00e9tica de popula\u00e7\u00f5es brasileiras de diferentes esp\u00e9cies.<\/li><\/ul><ul><li>Desenvolvimento de aplicativos para an\u00e1lise de dados obtidos de projetos genoma.<\/li><\/ul><p>\u00a0<\/p><p>6)\u00a0<strong>Mutag\u00eanese e Mecanismos de Indu\u00e7\u00e3o do Dano Cromoss\u00f4mico por Agentes F\u00edsicos e Qu\u00edmicos<\/strong><\/p><ul><li>Estudo da atividade clastogenica, turbag\u00eanica e mutag\u00eanica de diversos compostos qu\u00edmicos em sistemas biol\u00f3gicos.<\/li><\/ul><p>\u00a0<\/p><p>7)\u00a0<strong>Oncogen\u00e9tica<\/strong><\/p><ul><li>Estudos gen\u00e9ticos de tumores e processos pr\u00e9-neopl\u00e1sicos humanos para identifica\u00e7\u00e3o de genes associados \u00e0 transforma\u00e7\u00e3o maligna.<\/li><\/ul><ul><li>Express\u00e3o g\u00eanica diferencial em tumores e estudos da correla\u00e7\u00e3o entre a g\u00eanese das c\u00e9lulas neopl\u00e1sicas e c\u00e9lulas-tronco.<\/li><\/ul><p>\u00a0<\/p><p>8)\u00a0<strong>Imunogen\u00e9tica Molecular<\/strong><\/p><ul><li>Perfis do Transcriptoma e Controle P\u00f3s-Transcricional (Intera\u00e7\u00f5es miRNAs-mRNAs) em C\u00e9lulas do Sistema Imune (C\u00e9lulas do Estroma do Timo, de Tim\u00f3citos e de Linf\u00f3citos T Perif\u00e9ricos).<\/li><\/ul><ul><li>O Papel do Gene Aire e de miRNAs no Controle da Toler\u00e2ncia Imunol\u00f3gica Central.<\/li><li>\u00a0<\/li><li>Perfis do Transcriptoma e Controle P\u00f3s-Transcricional (Intera\u00e7\u00f5es miRNAs-mRNAs) em C\u00e9lulas-Tronco Mesenquimais Humanas.<\/li><\/ul>\t\t\t\t\t\t<\/div>\n\t\t\t\t<\/div>\n\t\t\t\t\t<\/div>\n\t\t<\/div>\n\t\t\t\t\t<\/div>\n\t\t<\/section>\n\t\t\t\t<\/div>\n\t\t","protected":false},"excerpt":{"rendered":"<p>Linhas de pesquisa Linhas de Pesquisa: 1)\u00a0Biologia Molecular e Express\u00e3o G\u00eanica em Plantas Pretende-se estudar a express\u00e3o dos genes em plantas notadamente nos \u00f3rg\u00e3os reprodutivos. \u00a0 2)\u00a0Gen\u00e9tica e Biologia Molecular de Microrganismos Express\u00e3o g\u00eanica em fungos filamentosos. \u00a0 3)\u00a0Gen\u00e9tica, Evolu\u00e7\u00e3o e Melhoramento Animal Estudo de aspectos biol\u00f3gicos da reprodu\u00e7\u00e3o e utiliza\u00e7\u00e3o de marcadores moleculares para [&hellip;]<\/p>\n","protected":false},"author":22211,"featured_media":0,"parent":0,"menu_order":0,"comment_status":"closed","ping_status":"closed","template":"","meta":{"footnotes":"","_links_to":"","_links_to_target":""},"class_list":["post-236","page","type-page","status-publish","hentry","entry"],"_links":{"self":[{"href":"https:\/\/sites.usp.br\/pggen\/wp-json\/wp\/v2\/pages\/236","targetHints":{"allow":["GET"]}}],"collection":[{"href":"https:\/\/sites.usp.br\/pggen\/wp-json\/wp\/v2\/pages"}],"about":[{"href":"https:\/\/sites.usp.br\/pggen\/wp-json\/wp\/v2\/types\/page"}],"author":[{"embeddable":true,"href":"https:\/\/sites.usp.br\/pggen\/wp-json\/wp\/v2\/users\/22211"}],"replies":[{"embeddable":true,"href":"https:\/\/sites.usp.br\/pggen\/wp-json\/wp\/v2\/comments?post=236"}],"version-history":[{"count":2,"href":"https:\/\/sites.usp.br\/pggen\/wp-json\/wp\/v2\/pages\/236\/revisions"}],"predecessor-version":[{"id":275,"href":"https:\/\/sites.usp.br\/pggen\/wp-json\/wp\/v2\/pages\/236\/revisions\/275"}],"wp:attachment":[{"href":"https:\/\/sites.usp.br\/pggen\/wp-json\/wp\/v2\/media?parent=236"}],"curies":[{"name":"wp","href":"https:\/\/api.w.org\/{rel}","templated":true}]}}