{"id":281,"date":"2021-05-19T23:13:22","date_gmt":"2021-05-20T01:13:22","guid":{"rendered":"https:\/\/sites.usp.br\/pggen\/?page_id=281"},"modified":"2021-05-19T23:15:35","modified_gmt":"2021-05-20T01:15:35","slug":"elenco-de-disciplinas","status":"publish","type":"page","link":"https:\/\/sites.usp.br\/pggen\/elenco-de-disciplinas\/","title":{"rendered":"Elenco de disciplinas"},"content":{"rendered":"\t\t<div data-elementor-type=\"wp-page\" data-elementor-id=\"281\" class=\"elementor elementor-281\" data-elementor-post-type=\"page\">\n\t\t\t\t\t\t<section class=\"elementor-section elementor-top-section elementor-element elementor-element-5efec1e elementor-section-boxed elementor-section-height-default elementor-section-height-default\" data-id=\"5efec1e\" data-element_type=\"section\">\n\t\t\t\t\t\t<div class=\"elementor-container elementor-column-gap-default\">\n\t\t\t\t\t<div class=\"elementor-column elementor-col-100 elementor-top-column elementor-element elementor-element-09504e2\" data-id=\"09504e2\" data-element_type=\"column\">\n\t\t\t<div class=\"elementor-widget-wrap elementor-element-populated\">\n\t\t\t\t\t\t<div class=\"elementor-element elementor-element-5ef8322 elementor-widget elementor-widget-heading\" data-id=\"5ef8322\" data-element_type=\"widget\" data-widget_type=\"heading.default\">\n\t\t\t\t<div class=\"elementor-widget-container\">\n\t\t\t<h2 class=\"elementor-heading-title elementor-size-xl\">Elenco de disciplinas<\/h2>\t\t<\/div>\n\t\t\t\t<\/div>\n\t\t\t\t<div class=\"elementor-element elementor-element-434ff42 elementor-widget elementor-widget-text-editor\" data-id=\"434ff42\" data-element_type=\"widget\" data-widget_type=\"text-editor.default\">\n\t\t\t\t<div class=\"elementor-widget-container\">\n\t\t\t\t\t\t\t<table border=\"1\" cellspacing=\"5\" cellpadding=\"0\"><tbody><tr><td valign=\"top\" width=\"51\"><p align=\"center\"><strong>RGM<\/strong><\/p><\/td><td valign=\"top\" width=\"337\"><p align=\"center\"><strong>N O M E<\/strong><\/p><\/td><td valign=\"top\" width=\"90\"><p align=\"center\"><strong>CARGA HOR\u00c1RIA<\/strong><\/p><\/td><td valign=\"top\" width=\"90\"><p align=\"center\"><strong>SEMANAS<\/strong><\/p><\/td><td valign=\"top\" width=\"100\"><p align=\"center\"><strong>CR\u00c9DITOS\u00a0<\/strong><\/p><\/td><\/tr><tr><td><p>5801<\/p><\/td><td><p>T\u00f3picos Especiais em Gen\u00e9tica I<\/p><p>Elza Tiemi Sakamoto Hojo\/Maura Helena Manfrin<\/p><\/td><td><p align=\"center\">0.2.1<\/p><\/td><td><p align=\"center\">15<\/p><\/td><td><p align=\"center\">3<\/p><\/td><\/tr><tr><td><p>5802<\/p><\/td><td><p>Citogen\u00e9tica I<\/p><p>Catarina Satie Takahashi\/Raquel Alves dos Santos<\/p><\/td><td><p align=\"center\">1.8.3<\/p><\/td><td><p align=\"center\">10<\/p><\/td><td><p align=\"center\">8<\/p><\/td><\/tr><tr><td><p>5806<\/p><\/td><td><p>Gen\u00e9tica Quantitativa I<\/p><p>Cl\u00e1udia Cristina Paro de Paz<\/p><\/td><td><p align=\"center\">2.2.2<\/p><\/td><td><p align=\"center\">15<\/p><\/td><td><p align=\"center\">6<\/p><\/td><\/tr><tr><td><p>5818<\/p><\/td><td><p>T\u00f3picos Especiais em Gen\u00e9tica II<\/p><p>Ademilson Espencer Egea Soares<\/p><\/td><td><p align=\"center\">0.2.1<\/p><\/td><td><p align=\"center\">15<\/p><\/td><td><p align=\"center\">3<\/p><\/td><\/tr><tr><td><p>5819<\/p><\/td><td><p>T\u00f3picos Especiais em Gen\u00e9tica III<\/p><p>David De Jong\/Victor Evangelista de Faria Ferraz<\/p><\/td><td><p align=\"center\">0.4.1.<\/p><\/td><td><p align=\"center\">9<\/p><\/td><td><p align=\"center\">3<\/p><\/td><\/tr><tr><td><p>5830<\/p><\/td><td><p>Gen\u00e9tica M\u00e9dica I: Gen\u00e9tica e Defici\u00eancia Mental<\/p><p>Jo\u00e3o Monteiro de Pina Neto<\/p><\/td><td><p align=\"center\">5.8.2<\/p><\/td><td><p align=\"center\">6<\/p><\/td><td><p align=\"center\">6<\/p><\/td><\/tr><tr><td valign=\"top\" width=\"51\"><p>5837<\/p><\/td><td valign=\"top\" width=\"337\"><p>Bioestat\u00edstica<\/p><p>Raysildo Barbosa L\u00f4bo<\/p><\/td><td valign=\"top\" width=\"90\"><p align=\"center\">6.7.5<\/p><\/td><td valign=\"top\" width=\"90\"><p align=\"center\">5<\/p><\/td><td valign=\"top\" width=\"100\"><p align=\"center\">6<\/p><\/td><\/tr><tr><td valign=\"top\" width=\"51\"><p>5852<\/p><\/td><td valign=\"top\" width=\"337\"><p>T\u00f3picos em Melhoramento Gen\u00e9tico Animal I<\/p><p>Raysildo Barbosa L\u00f4bo\/Cl\u00e1udia Cristina Paro de Paz<\/p><\/td><td valign=\"top\" width=\"90\"><p align=\"center\">10.10.10<\/p><\/td><td valign=\"top\" width=\"90\"><p align=\"center\">1<\/p><\/td><td valign=\"top\" width=\"100\"><p align=\"center\">2<\/p><\/td><\/tr><tr><td><p>5854<\/p><\/td><td><p>Biologia Evolutiva<\/p><p>F\u00e1bio de Melo Sene\/Maura Helena Manfrin\/Evandro Marsola de Moraes<\/p><\/td><td><p align=\"center\">12.0.18<\/p><\/td><td><p align=\"center\">4<\/p><\/td><td><p align=\"center\">8<\/p><\/td><\/tr><tr><td><p>5858<\/p><\/td><td><p>Polimorfismos Gen\u00e9ticos: Detec\u00e7\u00e3o e An\u00e1lise<\/p><p>Aguinaldo Luiz Sim\u00f5es\/Celso Teixeira Mendes Junior\/Marcelo Rizzatti Luizon<\/p><\/td><td><p align=\"center\">2.7.3<\/p><\/td><td><p align=\"center\">5<\/p><\/td><td><p align=\"center\">4<\/p><\/td><\/tr><tr><td valign=\"top\" width=\"51\"><p>5860<\/p><\/td><td valign=\"top\" width=\"337\"><p>T\u00f3picos Avan\u00e7ados em Gen\u00e9tica<\/p><p>Ester Silveira Ramos\/Elza Tiemi Sakamoto Hojo<\/p><\/td><td valign=\"top\" width=\"90\"><p align=\"center\">10.15.5<\/p><\/td><td valign=\"top\" width=\"90\"><p align=\"center\">1<\/p><\/td><td valign=\"top\" width=\"100\"><p align=\"center\">2<\/p><\/td><\/tr><tr><td valign=\"top\" width=\"51\"><p>5861<\/p><\/td><td valign=\"top\" width=\"337\"><p>Aplica\u00e7\u00f5es M\u00e9dicas da Gen\u00e9tica Molecular<\/p><p>Wilson Ara\u00fajo da Silva Junior\/Rodrigo Alexandre Panepucci\/Dalila Luc\u00edola Zanette<\/p><\/td><td valign=\"top\" width=\"90\"><p align=\"center\">7.10.3<\/p><\/td><td valign=\"top\" width=\"90\"><p align=\"center\">3<\/p><\/td><td valign=\"top\" width=\"100\"><p align=\"center\">4<\/p><\/td><\/tr><tr><td><p>5862<\/p><\/td><td><p>Gen\u00e9tica Molecular<\/p><p>Nilce Maria Martinez Rossi<\/p><\/td><td><p align=\"center\">3.6.6<\/p><\/td><td><p align=\"center\">6<\/p><\/td><td><p align=\"center\">6<\/p><\/td><\/tr><tr><td><p>5867<\/p><\/td><td><p>Gen\u00e9tica-Bioqu\u00edmica e a Constru\u00e7\u00e3o de Modelos Hier\u00e1rquicos de Express\u00e3o G\u00eanica<\/p><p>Antonio Rossi Filho<\/p><\/td><td><p align=\"center\">4.4.7<\/p><\/td><td><p align=\"center\">4<\/p><\/td><td><p align=\"center\">4<\/p><\/td><\/tr><tr><td><p>5869<\/p><\/td><td><p>T\u00f3picos Especiais em Gen\u00e9tica IV<\/p><p>Zil\u00e1 Luz Paulino Sim\u00f5es\/M\u00e1rcia Maria Gentile Bitondi\/Klaus Hartmann Hartfelder<\/p><\/td><td><p align=\"center\">0.2.1<\/p><\/td><td><p align=\"center\">15<\/p><\/td><td><p align=\"center\">3<\/p><\/td><\/tr><tr><td><p>5871<\/p><\/td><td><p>Aspectos da Biologia Molecular de Plantas<\/p><p>Maria Helena de Souza Goldman<\/p><\/td><td><p align=\"center\">4.2.3<\/p><\/td><td><p align=\"center\">5<\/p><\/td><td><p align=\"center\">3<\/p><\/td><\/tr><tr><td><p>5872<\/p><\/td><td><p>Imunogen\u00e9tica Molecular<\/p><p>Geraldo Aleixo da Silva Passos Junior<\/p><\/td><td><p align=\"center\">3.3.3<\/p><\/td><td><p align=\"center\">10<\/p><\/td><td><p align=\"center\">6<\/p><\/td><\/tr><tr><td valign=\"top\" width=\"51\"><p>5875<\/p><\/td><td valign=\"top\" width=\"337\"><p>Aspectos Gen\u00e9ticos da Intersexualidade<\/p><p>Ester Silveira Ramos<\/p><\/td><td valign=\"top\" width=\"90\"><p align=\"center\">4.4.2<\/p><\/td><td valign=\"top\" width=\"90\"><p align=\"center\">6<\/p><\/td><td valign=\"top\" width=\"100\"><p align=\"center\">4<\/p><\/td><\/tr><tr><td><p>5877<\/p><\/td><td><p>Mutag\u00eanese e Instabilidade Gen\u00f4mica<\/p><p>Elza Tiemi Sakamoto Hojo<\/p><\/td><td><p align=\"center\">3.4.3<\/p><\/td><td><p align=\"center\">6<\/p><\/td><td><p align=\"center\">4<\/p><\/td><\/tr><tr><td valign=\"top\" width=\"51\"><p>5878<\/p><\/td><td valign=\"top\" width=\"337\"><p>Planejamento e Publica\u00e7\u00e3o de Pesquisas Cient\u00edficas<\/p><p>David De Jong<\/p><\/td><td valign=\"top\" width=\"90\"><p align=\"center\">1.3.2<\/p><\/td><td valign=\"top\" width=\"90\"><p align=\"center\">15<\/p><\/td><td valign=\"top\" width=\"100\"><p align=\"center\">6<\/p><\/td><\/tr><tr><td><p>5881<\/p><\/td><td><p>Altera\u00e7\u00f5es Cromoss\u00f4micas e Aconselhamento Gen\u00e9tico<\/p><p>Lucia Regina Martelli\/Ester Silveira Ramos<\/p><\/td><td><p align=\"center\">4.4.2<\/p><\/td><td><p align=\"center\">6<\/p><\/td><td><p align=\"center\">4<\/p><\/td><\/tr><tr><td valign=\"top\" width=\"51\"><p>5882<\/p><\/td><td valign=\"top\" width=\"337\"><p>Ontogenia e Filogenia: Evolu\u00e7\u00e3o de Mecanismos de Desenvolvimento<\/p><p>Klaus Hartmann Hartfelder<\/p><\/td><td valign=\"top\" width=\"90\"><p align=\"center\">1.1.1<\/p><\/td><td valign=\"top\" width=\"90\"><p align=\"center\">15<\/p><\/td><td valign=\"top\" width=\"100\"><p align=\"center\">3<\/p><\/td><\/tr><tr><td valign=\"top\" width=\"51\"><p>5885<\/p><\/td><td valign=\"top\" width=\"337\"><p>Semin\u00e1rios de Atualiza\u00e7\u00e3o em Gen\u00e9tica<\/p><p>Ester Silveira Ramos\/Geraldo Aleixo da Silva Passos Junior<\/p><\/td><td valign=\"top\" width=\"90\"><p align=\"center\">10.15.5<\/p><\/td><td valign=\"top\" width=\"90\"><p align=\"center\">1<\/p><\/td><td valign=\"top\" width=\"100\"><p align=\"center\">2<\/p><\/td><\/tr><tr><td valign=\"top\" width=\"51\"><p>5886<\/p><\/td><td valign=\"top\" width=\"337\"><p>Gen\u00e9tica e Reprodu\u00e7\u00e3o Humana<\/p><p>Jo\u00e3o Monteiro de Pina Neto<\/p><\/td><td valign=\"top\" width=\"90\"><p align=\"center\">5.3.1<\/p><\/td><td valign=\"top\" width=\"90\"><p align=\"center\">10<\/p><\/td><td valign=\"top\" width=\"100\"><p align=\"center\">6<\/p><\/td><\/tr><tr><td valign=\"top\" width=\"51\"><p>5889<\/p><\/td><td valign=\"top\" width=\"337\"><p>Semin\u00e1rios em Gen\u00e9tica de Popula\u00e7\u00f5es Humanas I<\/p><p>Aguinaldo Luiz Sim\u00f5es<\/p><\/td><td valign=\"top\" width=\"90\"><p align=\"center\">0.4.2<\/p><\/td><td valign=\"top\" width=\"90\"><p align=\"center\">5<\/p><\/td><td valign=\"top\" width=\"100\"><p align=\"center\">2<\/p><\/td><\/tr><tr><td valign=\"top\" width=\"51\"><p>5890<\/p><\/td><td valign=\"top\" width=\"337\"><p>Melhoramento Gen\u00e9tico Vegetal<\/p><p>Ana Lilia Alzate Marin<\/p><\/td><td valign=\"top\" width=\"90\"><p align=\"center\">2.2.2<\/p><\/td><td valign=\"top\" width=\"90\"><p align=\"center\">10<\/p><\/td><td valign=\"top\" width=\"100\"><p align=\"center\">4<\/p><\/td><\/tr><tr><td><p>5891<\/p><\/td><td><p>T\u00f3picos em Bioinform\u00e1tica<\/p><p>Silvana Giuliatti<\/p><\/td><td><p align=\"center\">9.0.6<\/p><\/td><td><p align=\"center\">2<\/p><\/td><td><p align=\"center\">2<\/p><\/td><\/tr><tr><td valign=\"top\" width=\"51\"><p>5893<\/p><\/td><td valign=\"top\" width=\"337\"><p>Semin\u00e1rios em Gen\u00e9tica Molecular e de Popula\u00e7\u00f5es<\/p><p>Ester Silveira Ramos\/Wilson Ara\u00fajo da Silva Junior<\/p><\/td><td valign=\"top\" width=\"90\"><p align=\"center\">0.2.1<\/p><\/td><td valign=\"top\" width=\"90\"><p align=\"center\">10<\/p><\/td><td valign=\"top\" width=\"100\"><p align=\"center\">2<\/p><\/td><\/tr><tr><td><p>5899<\/p><\/td><td><p>Conserva\u00e7\u00e3o e Utiliza\u00e7\u00e3o de Recursos Gen\u00e9ticos Vegetais<\/p><p>Ana Lilia Alzate Marin\/Silvana Giuliatti<\/p><\/td><td><p align=\"center\">1.3.2<\/p><\/td><td><p align=\"center\">10<\/p><\/td><td><p align=\"center\">4<\/p><\/td><\/tr><tr><td><p>5900<\/p><\/td><td><p>Mecanismos Alternativos de Heran\u00e7a<\/p><p>Tiago Campos Pereira<\/p><\/td><td><p align=\"center\">3.0.1<\/p><\/td><td><p align=\"center\">15<\/p><\/td><td><p align=\"center\">4<\/p><\/td><\/tr><tr><td>5906<\/td><td valign=\"top\"><p>Ferramentas Biotecnol\u00f3gicas Aplicadas ao Melhoramento Gen\u00e9tico de Plantas<\/p><p>Silvana\u00a0Aparecida Creste Dias de Souza<\/p><\/td><td>1.1.2<\/td><td>15<\/td><td>4<\/td><\/tr><tr><td>5907<\/td><td valign=\"top\"><p>An\u00e1lise de Transcriptomas<\/p><p>Zil\u00e1 Luz Paulino Sim\u00f5es\/Francis de Morais Franco Nunes\/Daniel Guariz Pinheiro<\/p><\/td><td>3.3.3<\/td><td>5<\/td><td>3<\/td><\/tr><tr><td>5908<\/td><td valign=\"top\"><p>T\u00f3picos em Gen\u00e9tica Estat\u00edstica<\/p><p>Kuruvilla Joseph Abraham<\/p><\/td><td>2.7.3<\/td><td>5<\/td><td>4<\/td><\/tr><tr><td>5909<\/td><td valign=\"top\"><p>Tel\u00f4meros e Telomerase<\/p><p>Rodrigo do Tocantins Calado de Saloma Rodrigues<\/p><\/td><td>3.3.3<\/td><td>5<\/td><td>3<\/td><\/tr><tr><td>5911<\/td><td valign=\"top\"><p>An\u00e1lise Integrativa em Larga-Escala de Dados Gen\u00f4micos e Epigen\u00f4micos<\/p><p>Houtan Noushmehr<\/p><\/td><td>2.4.3<\/td><td>10<\/td><td>6<\/td><\/tr><tr><td>5912<\/td><td valign=\"top\"><p>Fundamentos e Aplica\u00e7\u00f5es do Sequenciamento de Nova Gera\u00e7\u00e3o<\/p><p>Eduardo Antonio Donadi\/Juliana Doblas Massaro\/Adriane Feij\u00f3 Evangelista<\/p><\/td><td>10.15.5<\/td><td>1<\/td><td>2<\/td><\/tr><tr><td>5913<\/td><td valign=\"top\"><p>Introdu\u00e7\u00e3o a Modelagem Computacional de Redes de Regula\u00e7\u00e3o G\u00eanica<\/p><p>Zil\u00e1 Luz Paulino Sim\u00f5es\/Alexandre dos Santos Cristino<\/p><\/td><td>9.6.0<\/td><td>2<\/td><td>2<\/td><\/tr><tr><td>5914<\/td><td valign=\"top\"><p>C\u00e9lulas-Tronco e Terapia Celular: Aspectos B\u00e1sicos e Aplicados<\/p><p>Aparecida Maria Fontes\/Jo\u00e3o Tadeu Ribeiro Paes<\/p><\/td><td>4.0.1<\/td><td>9<\/td><td>3<\/td><\/tr><tr><td>5915<\/td><td valign=\"top\"><p>Farmacogen\u00f4mica Aplicada \u00e0 Oncologia<\/p><p>Vanessa da Silva Silveira<\/p><\/td><td>2.4.3<\/td><td>5<\/td><td>3<\/td><\/tr><tr><td>5916<\/td><td valign=\"top\"><p>Modelagem Computacional e\u00a0<em>Docking<\/em>\u00a0Molecular<\/p><p>Silvana Giuliatti<\/p><\/td><td>2.2.1<\/td><td>9<\/td><td>3<\/td><\/tr><tr><td>5917<\/td><td valign=\"top\"><p>Integra\u00e7\u00e3o Conceitual em Carcinog\u00eanese<\/p><p>Wilson Ara\u00fajo da Silva Junior\/Vinicius Kannen Cardoso<\/p><\/td><td>4.7.4<\/td><td>4<\/td><td>4<\/td><\/tr><tr><td><p>5918<\/p><\/td><td valign=\"top\"><p>Biotecnologia<\/p><p>Antonio Rossi Filho\/Roberto do Nascimento Silva<\/p><\/td><td><p align=\"center\">4.5.6<\/p><\/td><td><p align=\"center\">4<\/p><\/td><td><p align=\"center\">4<\/p><\/td><\/tr><tr><td><p>5919<\/p><\/td><td valign=\"top\"><p>Diversidade Gen\u00f4mica: Aplica\u00e7\u00f5es, Implica\u00e7\u00f5es e Ferramentas para An\u00e1lise em Larga Escala<\/p><p>Celso Teixeira Mendes Junior<\/p><\/td><td><p>2.1.3<\/p><\/td><td><p>10<\/p><\/td><td><p>4<\/p><\/td><\/tr><tr><td><p>5920<\/p><\/td><td><p>T\u00f3picos em Gen\u00e9tica V<\/p><p>Ana Lilia Alzate Marin\/Aparecida Maria Fontes\/Silvana Giuliatti<\/p><\/td><td><p>3.0.2<\/p><\/td><td><p>9<\/p><\/td><td><p>3<\/p><\/td><\/tr><tr><td>5921<\/td><td><p>RNA n\u00e3o Codificador: Fun\u00e7\u00f5es e Envolvimento na Biologia do C\u00e2ncer<\/p><p>Wilson Ara\u00fajo da Silva Junior\/Cleidson de P\u00e1dua Alves<\/p><\/td><td>10.15.5<\/td><td>1<\/td><td>2<\/td><\/tr><tr><td>5922<\/td><td><p>Toxicologia Gen\u00e9tica<\/p><p>Lus\u00e2nia Maria Greggi Antunes<\/p><\/td><td>2.4.4<\/td><td>6<\/td><td>4<\/td><\/tr><tr><td>5923<\/td><td><p>Princ\u00edpios de Morfometria Geom\u00e9trica<\/p><p>Tiago Mauricio Francoy<\/p><\/td><td>10.7.3<\/td><td>3<\/td><td>4<\/td><\/tr><tr><td>5924<\/td><td><p>Criatividade e Originalidade no Pensamento Cient\u00edfico<\/p><p>Tiago Campos Pereira<\/p><\/td><td>3.0.3<\/td><td>5<\/td><td>2<\/td><\/tr><tr><td>5925<\/td><td><p>Terapia G\u00eanica: Princ\u00edpios B\u00e1sicos e Aplica\u00e7\u00f5es<\/p><p>Aparecida Maria Fontes<\/p><\/td><td>2.2.2<\/td><td>5<\/td><td>2<\/td><\/tr><tr><td>5926<\/td><td><p>Mecanismos de Reparo de DNA no Desenvolvimento Tumoral<\/p><p>Val\u00e9ria Valente\/Wilson Ara\u00fajo da Silva Junior<\/p><\/td><td>2.9.4<\/td><td>3<\/td><td>3<\/td><\/tr><tr><td>5928<\/td><td><p>Uso do Ingl\u00eas Acad\u00eamico em Comunica\u00e7\u00e3o Cient\u00edfica para Manuscritos e Apresenta\u00e7\u00f5es Orais<\/p><p>Jeremy Andrew Squire<\/p><\/td><td>4.7.4<\/td><td>4<\/td><td>4<\/td><\/tr><\/tbody><\/table><p>\u00a0<\/p><p>\u00a0<\/p>\t\t\t\t\t\t<\/div>\n\t\t\t\t<\/div>\n\t\t\t\t\t<\/div>\n\t\t<\/div>\n\t\t\t\t\t<\/div>\n\t\t<\/section>\n\t\t\t\t<\/div>\n\t\t","protected":false},"excerpt":{"rendered":"<p>Elenco de disciplinas RGM N O M E CARGA HOR\u00c1RIA SEMANAS CR\u00c9DITOS\u00a0 5801 T\u00f3picos Especiais em Gen\u00e9tica I Elza Tiemi Sakamoto Hojo\/Maura Helena Manfrin 0.2.1 15 3 5802 Citogen\u00e9tica I Catarina Satie Takahashi\/Raquel Alves dos Santos 1.8.3 10 8 5806 Gen\u00e9tica Quantitativa I Cl\u00e1udia Cristina Paro de Paz 2.2.2 15 6 5818 T\u00f3picos Especiais em [&hellip;]<\/p>\n","protected":false},"author":22211,"featured_media":0,"parent":0,"menu_order":0,"comment_status":"closed","ping_status":"closed","template":"","meta":{"footnotes":"","_links_to":"","_links_to_target":""},"class_list":["post-281","page","type-page","status-publish","hentry","entry"],"_links":{"self":[{"href":"https:\/\/sites.usp.br\/pggen\/wp-json\/wp\/v2\/pages\/281","targetHints":{"allow":["GET"]}}],"collection":[{"href":"https:\/\/sites.usp.br\/pggen\/wp-json\/wp\/v2\/pages"}],"about":[{"href":"https:\/\/sites.usp.br\/pggen\/wp-json\/wp\/v2\/types\/page"}],"author":[{"embeddable":true,"href":"https:\/\/sites.usp.br\/pggen\/wp-json\/wp\/v2\/users\/22211"}],"replies":[{"embeddable":true,"href":"https:\/\/sites.usp.br\/pggen\/wp-json\/wp\/v2\/comments?post=281"}],"version-history":[{"count":2,"href":"https:\/\/sites.usp.br\/pggen\/wp-json\/wp\/v2\/pages\/281\/revisions"}],"predecessor-version":[{"id":293,"href":"https:\/\/sites.usp.br\/pggen\/wp-json\/wp\/v2\/pages\/281\/revisions\/293"}],"wp:attachment":[{"href":"https:\/\/sites.usp.br\/pggen\/wp-json\/wp\/v2\/media?parent=281"}],"curies":[{"name":"wp","href":"https:\/\/api.w.org\/{rel}","templated":true}]}}