{"id":282,"date":"2021-05-19T23:13:22","date_gmt":"2021-05-20T01:13:22","guid":{"rendered":"https:\/\/sites.usp.br\/pggen\/?page_id=282"},"modified":"2021-05-19T23:19:13","modified_gmt":"2021-05-20T01:19:13","slug":"disciplinas-2o-semestre","status":"publish","type":"page","link":"https:\/\/sites.usp.br\/pggen\/disciplinas-2o-semestre\/","title":{"rendered":"Disciplinas 2\u00ba Semestre"},"content":{"rendered":"\t\t<div data-elementor-type=\"wp-page\" data-elementor-id=\"282\" class=\"elementor elementor-282\" data-elementor-post-type=\"page\">\n\t\t\t\t\t\t<section class=\"elementor-section elementor-top-section elementor-element elementor-element-7b9845a elementor-section-boxed elementor-section-height-default elementor-section-height-default\" data-id=\"7b9845a\" data-element_type=\"section\">\n\t\t\t\t\t\t<div class=\"elementor-container elementor-column-gap-default\">\n\t\t\t\t\t<div class=\"elementor-column elementor-col-100 elementor-top-column elementor-element elementor-element-dcd6444\" data-id=\"dcd6444\" data-element_type=\"column\">\n\t\t\t<div class=\"elementor-widget-wrap elementor-element-populated\">\n\t\t\t\t\t\t<div class=\"elementor-element elementor-element-e78ad27 elementor-widget elementor-widget-heading\" data-id=\"e78ad27\" data-element_type=\"widget\" data-widget_type=\"heading.default\">\n\t\t\t\t<div class=\"elementor-widget-container\">\n\t\t\t<h2 class=\"elementor-heading-title elementor-size-xl\">Disciplinas de 2\u00ba Semestre<\/h2>\t\t<\/div>\n\t\t\t\t<\/div>\n\t\t\t\t<div class=\"elementor-element elementor-element-0dbba15 elementor-widget elementor-widget-text-editor\" data-id=\"0dbba15\" data-element_type=\"widget\" data-widget_type=\"text-editor.default\">\n\t\t\t\t<div class=\"elementor-widget-container\">\n\t\t\t\t\t\t\t<div><table border=\"1\" cellspacing=\"0\" cellpadding=\"0\"><tbody><tr><td><p><strong>Programa<\/strong><\/p><\/td><td colspan=\"5\"><p><strong>Gen\u00e9tica<\/strong><\/p><\/td><\/tr><tr><td><p><strong>C\u00f3digo \u00c1rea de Concentra\u00e7\u00e3o<\/strong><\/p><\/td><td colspan=\"5\"><p>17135<\/p><\/td><\/tr><tr><td><p><strong>C\u00f3digo e nome da Disciplina<\/strong><\/p><\/td><td colspan=\"5\"><p><strong>RGM5878 \u2013 Planejamento e Publica\u00e7\u00e3o de Pesquisas Cient\u00edficas<\/strong><\/p><\/td><\/tr><tr><td><p><strong>Docentes respons\u00e1veis<\/strong><\/p><\/td><td colspan=\"5\"><p>David De Jong<\/p><\/td><\/tr><tr><td><p><strong>Data ativa\u00e7\u00e3o da disciplina<\/strong><\/p><\/td><td colspan=\"5\"><p>03\/07\/2019<\/p><\/td><\/tr><tr><td><p><strong>Docentes colaboradores<\/strong><\/p><\/td><td colspan=\"3\"><p>Jeremy Andrew Squire<\/p><\/td><td><p><strong>Data aprova\u00e7\u00e3o em CPG<\/strong><\/p><\/td><td><p>05\/07\/2019<\/p><\/td><\/tr><tr><td><p><strong>N<\/strong><strong>\u00b0. vagas alunos regulares<\/strong><\/p><\/td><td><p>30<\/p><\/td><td><p><strong>N<\/strong><strong>\u00b0. vagas alunos especiais<\/strong><\/p><\/td><td><p>05<\/p><\/td><td><p><strong>Total<\/strong><\/p><\/td><td><p>35<\/p><\/td><\/tr><tr><td><p><strong>N<\/strong><strong>\u00b0. m\u00ednimo de matr\u00edculas<\/strong><\/p><\/td><td colspan=\"5\"><p>05<\/p><\/td><\/tr><tr><td><p><strong>Local<\/strong><\/p><\/td><td colspan=\"5\"><p><strong>FMRP-USP Depto de Gen\u00e9tica \u2013 Bloco H<\/strong><\/p><\/td><\/tr><tr><td><p><strong>Pr\u00e9-requisito<\/strong><\/p><p><strong>(crit\u00e9rio de sele\u00e7\u00e3o)<\/strong><\/p><\/td><td colspan=\"5\"><p>\u00a0<\/p><\/td><\/tr><tr><td><p><strong>Observa\u00e7\u00f5es<\/strong><\/p><p>\u00a0<\/p><\/td><td colspan=\"5\"><p>\u00a0<\/p><\/td><\/tr><tr><td><p><strong>Per\u00edodo de oferecimento<\/strong><\/p><\/td><td colspan=\"5\"><p>06\/08\u00a0\u00a0 at\u00e9 \u00a0\u00a019\/11\/2020<\/p><\/td><\/tr><tr><td><p><strong>Dias da semana<\/strong><\/p><\/td><td colspan=\"5\"><p>Quintas-feiras<\/p><\/td><\/tr><tr><td><p><strong>Hor\u00e1rio<\/strong><\/p><\/td><td colspan=\"5\"><p>14:00\u00a0\u00a0 \u00e0s\u00a0\u00a0 18:00 horas<\/p><\/td><\/tr><tr><td colspan=\"6\"><p><strong>A disciplina ser\u00e1 ministrada em\u00a0<\/strong>( X ) portugu\u00eas ou (\u00a0\u00a0 ) ingl\u00eas<\/p><\/td><\/tr><\/tbody><\/table><p>\u00a0<\/p><p>\u00a0<\/p><table border=\"1\" cellspacing=\"0\" cellpadding=\"0\"><tbody><tr><td><p><strong>Programa<\/strong><\/p><\/td><td colspan=\"5\"><p><strong>Gen\u00e9tica<\/strong><\/p><\/td><\/tr><tr><td><p><strong>C\u00f3digo \u00c1rea de Concentra\u00e7\u00e3o<\/strong><\/p><\/td><td colspan=\"5\"><p>17135<\/p><\/td><\/tr><tr><td><p><strong>C\u00f3digo e nome da Disciplina<\/strong><\/p><\/td><td colspan=\"5\"><p><strong>RGM5900 \u2013 Mecanismos Alternativos de Heran\u00e7a<\/strong><\/p><\/td><\/tr><tr><td><p><strong>Docentes respons\u00e1veis<\/strong><\/p><\/td><td colspan=\"5\"><p>Tiago Campos Pereira<\/p><\/td><\/tr><tr><td><p><strong>Data ativa\u00e7\u00e3o da disciplina<\/strong><\/p><\/td><td colspan=\"5\"><p>13\/12\/2017<\/p><\/td><\/tr><tr><td><p><strong>Docentes colaboradores<\/strong><\/p><\/td><td colspan=\"3\"><p>\u00a0<\/p><\/td><td><p><strong>Data aprova\u00e7\u00e3o em CPG<\/strong><\/p><\/td><td><p>13\/12\/2017<\/p><\/td><\/tr><tr><td><p><strong>N<\/strong><strong>\u00b0. vagas alunos regulares<\/strong><\/p><\/td><td><p>17<\/p><\/td><td><p><strong>N<\/strong><strong>\u00b0. vagas alunos especiais<\/strong><\/p><\/td><td><p>3<\/p><\/td><td><p><strong>Total<\/strong><\/p><\/td><td><p>20<\/p><\/td><\/tr><tr><td><p><strong>N<\/strong><strong>\u00b0. m\u00ednimo de matr\u00edculas<\/strong><\/p><\/td><td colspan=\"5\"><p>10<\/p><\/td><\/tr><tr><td><p><strong>Local<\/strong><\/p><\/td><td colspan=\"5\"><p><strong>FMRP-USP Depto de Gen\u00e9tica \u2013 Bloco H<\/strong><\/p><\/td><\/tr><tr><td><p><strong>Pr\u00e9-requisito<\/strong><\/p><p><strong>(crit\u00e9rio de sele\u00e7\u00e3o)<\/strong><\/p><\/td><td colspan=\"5\"><p>N\u00e3o h\u00e1<\/p><\/td><\/tr><tr><td><p><strong>Observa\u00e7\u00f5es<\/strong><\/p><p>\u00a0<\/p><\/td><td colspan=\"5\"><p>\u00a0<\/p><\/td><\/tr><tr><td><p><strong>Per\u00edodo de oferecimento<\/strong><\/p><\/td><td colspan=\"5\"><p>07\/08\u00a0\u00a0 at\u00e9 \u00a0\u00a027\/11\/2020<\/p><\/td><\/tr><tr><td><p><strong>Dias da semana<\/strong><\/p><\/td><td colspan=\"5\"><p>Sextas-feiras<\/p><\/td><\/tr><tr><td><p><strong>Hor\u00e1rio<\/strong><\/p><\/td><td colspan=\"5\"><p>14:00\u00a0\u00a0 \u00e0s\u00a0\u00a0 17:00 horas<\/p><\/td><\/tr><tr><td colspan=\"6\"><p><strong>A disciplina ser\u00e1 ministrada em\u00a0<\/strong>( X ) portugu\u00eas ou (\u00a0\u00a0 ) ingl\u00eas<\/p><\/td><\/tr><\/tbody><\/table><p>\u00a0<\/p><p>\u00a0<\/p><table border=\"1\" cellspacing=\"0\" cellpadding=\"0\"><tbody><tr><td><p><strong>Programa<\/strong><\/p><\/td><td colspan=\"5\"><p><strong>Gen\u00e9tica<\/strong><\/p><\/td><\/tr><tr><td><p><strong>C\u00f3digo \u00c1rea de Concentra\u00e7\u00e3o<\/strong><\/p><\/td><td colspan=\"5\"><p>1715<\/p><\/td><\/tr><tr><td><p><strong>C\u00f3digo e nome da Disciplina<\/strong><\/p><\/td><td colspan=\"5\"><p><strong>RGM5867 \u2013 Gen\u00e9tica-Bioqu\u00edmica e a Constru\u00e7\u00e3o de Modelos Hier\u00e1rquicos de Express\u00e3o G\u00eanica<\/strong><\/p><\/td><\/tr><tr><td><p><strong>Docentes respons\u00e1veis<\/strong><\/p><\/td><td colspan=\"5\"><p>Antonio Rossi Filho<\/p><\/td><\/tr><tr><td><p><strong>Data ativa\u00e7\u00e3o da disciplina<\/strong><\/p><\/td><td colspan=\"5\"><p>04\/11\/2019<\/p><\/td><\/tr><tr><td><p><strong>Docentes colaboradores<\/strong><\/p><\/td><td colspan=\"3\"><p>\u00a0<\/p><\/td><td><p><strong>Data aprova\u00e7\u00e3o em CPG<\/strong><\/p><\/td><td><p>04\/11\/2019<\/p><\/td><\/tr><tr><td><p><strong>N<\/strong><strong>\u00b0. vagas alunos regulares<\/strong><\/p><\/td><td><p>12<\/p><\/td><td><p><strong>N<\/strong><strong>\u00b0. vagas alunos especiais<\/strong><\/p><\/td><td><p>03<\/p><\/td><td><p><strong>Total<\/strong><\/p><\/td><td><p>15<\/p><\/td><\/tr><tr><td><p><strong>N<\/strong><strong>\u00b0. m\u00ednimo de matr\u00edculas<\/strong><\/p><\/td><td colspan=\"5\"><p>05 alunos<\/p><\/td><\/tr><tr><td><p><strong>Local<\/strong><\/p><\/td><td colspan=\"5\"><p><strong>FMRP-USP \u2013 Depto de Gen\u00e9tica \u2013 Bloco H<\/strong><\/p><\/td><\/tr><tr><td><p><strong>Pr\u00e9-requisito<\/strong><\/p><p><strong>(crit\u00e9rio de sele\u00e7\u00e3o)<\/strong><\/p><\/td><td colspan=\"5\"><p>\u00a0<\/p><\/td><\/tr><tr><td><p><strong>Observa\u00e7\u00f5es<\/strong><\/p><p>\u00a0<\/p><\/td><td colspan=\"5\"><p>\u00a0<\/p><\/td><\/tr><tr><td><p><strong>Per\u00edodo de oferecimento<\/strong><\/p><\/td><td colspan=\"5\"><p>15\/09\u00a0\u00a0 at\u00e9\u00a0\u00a0 07\/10\/2020<\/p><\/td><\/tr><tr><td><p><strong>Dias da semana<\/strong><\/p><\/td><td colspan=\"5\"><p>Ter\u00e7as-feiras<\/p><\/td><\/tr><tr><td><p><strong>Hor\u00e1rio<\/strong><\/p><\/td><td colspan=\"5\"><p>09:00\u00a0\u00a0 \u00e0s\u00a0\u00a0 12:00 horas<\/p><\/td><\/tr><tr><td colspan=\"6\"><p><strong>A disciplina ser\u00e1 ministrada em\u00a0<\/strong>( X ) portugu\u00eas ou (\u00a0\u00a0 ) ingl\u00eas<\/p><\/td><\/tr><\/tbody><\/table><p>\u00a0<\/p><p>\u00a0<\/p><table border=\"1\" cellspacing=\"0\" cellpadding=\"0\"><tbody><tr><td><p><strong>Programa<\/strong><\/p><\/td><td colspan=\"5\"><p><strong>Gen\u00e9tica<\/strong><\/p><\/td><\/tr><tr><td><p><strong>C\u00f3digo \u00c1rea de Concentra\u00e7\u00e3o<\/strong><\/p><\/td><td colspan=\"5\"><p>17135<\/p><\/td><\/tr><tr><td><p><strong>C\u00f3digo e nome da Disciplina<\/strong><\/p><\/td><td colspan=\"5\"><p><strong>RGM5862 \u2013 Gen\u00e9tica Molecular<\/strong><\/p><\/td><\/tr><tr><td><p><strong>Docentes respons\u00e1veis<\/strong><\/p><\/td><td colspan=\"5\"><p>Nilce Maria Martinez Rossi<\/p><\/td><\/tr><tr><td><p><strong>Data ativa\u00e7\u00e3o da disciplina<\/strong><\/p><\/td><td colspan=\"5\"><p>12\/09\/2017<\/p><\/td><\/tr><tr><td><p><strong>Docentes colaboradores<\/strong><\/p><\/td><td colspan=\"3\"><p>\u00a0<\/p><\/td><td><p><strong>Data aprova\u00e7\u00e3o em CPG<\/strong><\/p><\/td><td><p>12\/09\/2017<\/p><\/td><\/tr><tr><td><p><strong>N<\/strong><strong>\u00b0. vagas alunos regulares<\/strong><\/p><\/td><td><p>20<\/p><\/td><td><p><strong>N<\/strong><strong>\u00b0. vagas alunos especiais<\/strong><\/p><\/td><td><p>00<\/p><\/td><td><p><strong>Total<\/strong><\/p><\/td><td><p>20<\/p><\/td><\/tr><tr><td><p><strong>N<\/strong><strong>\u00b0. m\u00ednimo de matr\u00edculas<\/strong><\/p><\/td><td colspan=\"5\"><p>05 alunos<\/p><\/td><\/tr><tr><td><p><strong>Local<\/strong><\/p><\/td><td colspan=\"5\"><p><strong>FMRP-USP \u2013 Depto de Gen\u00e9tica \u2013 Bloco H<\/strong><\/p><\/td><\/tr><tr><td><p><strong>Pr\u00e9-requisito<\/strong><\/p><p><strong>(crit\u00e9rio de sele\u00e7\u00e3o)<\/strong><\/p><\/td><td colspan=\"5\"><p>\u00a0<\/p><\/td><\/tr><tr><td><p><strong>Observa\u00e7\u00f5es<\/strong><\/p><p>\u00a0<\/p><\/td><td colspan=\"5\"><p>\u00a0<\/p><\/td><\/tr><tr><td><p><strong>Per\u00edodo de oferecimento<\/strong><\/p><\/td><td colspan=\"5\"><p>16\/09\u00a0\u00a0 at\u00e9\u00a0\u00a0 21\/10\/2020<\/p><\/td><\/tr><tr><td><p><strong>Dias da semana<\/strong><\/p><\/td><td colspan=\"5\"><p>Quartas-feiras<\/p><\/td><\/tr><tr><td><p><strong>Hor\u00e1rio<\/strong><\/p><\/td><td colspan=\"5\"><p>09:00\u00a0\u00a0 \u00e0s 12:00 horas<\/p><\/td><\/tr><tr><td colspan=\"6\"><p><strong>A disciplina ser\u00e1 ministrada em\u00a0<\/strong>( X ) portugu\u00eas ou (\u00a0\u00a0 ) ingl\u00eas<\/p><\/td><\/tr><\/tbody><\/table><p>\u00a0<\/p><p>\u00a0<\/p><table border=\"1\" cellspacing=\"0\" cellpadding=\"0\"><tbody><tr><td><p><strong>Programa<\/strong><\/p><\/td><td colspan=\"5\"><p><strong>Gen\u00e9tica<\/strong><\/p><\/td><\/tr><tr><td><p><strong>C\u00f3digo \u00c1rea de Concentra\u00e7\u00e3o<\/strong><\/p><\/td><td colspan=\"5\"><p>17135<\/p><\/td><\/tr><tr><td><p><strong>C\u00f3digo e nome da Disciplina<\/strong><\/p><\/td><td colspan=\"5\"><p><strong>RGM5916 &#8211; Modelagem Computacional e Docking Molecular<\/strong><\/p><\/td><\/tr><tr><td><p><strong>Docentes respons\u00e1veis<\/strong><\/p><\/td><td colspan=\"5\"><p>Silvana Giuliatti<\/p><\/td><\/tr><tr><td><p><strong>Data ativa\u00e7\u00e3o da disciplina<\/strong><\/p><\/td><td colspan=\"5\"><p>07\/05\/2019<\/p><\/td><\/tr><tr><td><p><strong>Docentes colaboradores<\/strong><\/p><\/td><td colspan=\"3\"><p>\u00a0<\/p><\/td><td><p><strong>Data aprova\u00e7\u00e3o em CPG<\/strong><\/p><\/td><td><p>07\/05\/2019<\/p><\/td><\/tr><tr><td><p><strong>N<\/strong><strong>\u00b0. vagas alunos regulares<\/strong><\/p><\/td><td><p>25<\/p><\/td><td><p><strong>N<\/strong><strong>\u00b0. vagas alunos especiais<\/strong><\/p><\/td><td><p>10<\/p><\/td><td><p><strong>Total<\/strong><\/p><\/td><td><p>35<\/p><\/td><\/tr><tr><td><p><strong>N<\/strong><strong>\u00b0. m\u00ednimo de matr\u00edculas<\/strong><\/p><\/td><td colspan=\"5\"><p>05 alunos<\/p><\/td><\/tr><tr><td><p><strong>Local<\/strong><\/p><\/td><td colspan=\"5\"><p><strong>Videoconfer\u00eancia (Remota)<\/strong><\/p><\/td><\/tr><tr><td><p><strong>Pr\u00e9-requisito<\/strong><\/p><p><strong>(crit\u00e9rio de sele\u00e7\u00e3o)<\/strong><\/p><\/td><td colspan=\"5\"><p>\u00a0<\/p><\/td><\/tr><tr><td><p><strong>Observa\u00e7\u00f5es<\/strong><\/p><p>\u00a0<\/p><\/td><td colspan=\"5\"><p>\u00a0<\/p><\/td><\/tr><tr><td><p><strong>Per\u00edodo de oferecimento<\/strong><\/p><\/td><td colspan=\"5\"><p>25\/09\u00a0\u00a0 at\u00e9\u00a0 20\/11\/2020<\/p><\/td><\/tr><tr><td><p><strong>Dias da semana<\/strong><\/p><\/td><td colspan=\"5\"><p>Sextas-feiras<\/p><\/td><\/tr><tr><td><p><strong>Hor\u00e1rio<\/strong><\/p><\/td><td colspan=\"5\"><p>08:00\u00a0\u00a0 \u00e0s\u00a0\u00a0 12:00 horas<\/p><\/td><\/tr><tr><td colspan=\"6\"><p><strong>A disciplina ser\u00e1 ministrada em\u00a0<\/strong>( X ) portugu\u00eas ou (\u00a0\u00a0 ) ingl\u00eas<\/p><\/td><\/tr><\/tbody><\/table><p>\u00a0<\/p><p>\u00a0<\/p><table border=\"1\" cellspacing=\"0\" cellpadding=\"0\"><tbody><tr><td><p><strong>Programa<\/strong><\/p><\/td><td colspan=\"5\"><p><strong>Gen\u00e9tica<\/strong><\/p><\/td><\/tr><tr><td><p><strong>C\u00f3digo \u00c1rea de Concentra\u00e7\u00e3o<\/strong><\/p><\/td><td colspan=\"5\"><p>17135<\/p><\/td><\/tr><tr><td><p><strong>C\u00f3digo e nome da Disciplina<\/strong><\/p><\/td><td colspan=\"5\"><p><strong>RGM5928 \u2013 Use of Academic English in Scientific Communication for Writing Manuscripts and for Oral Presentations<\/strong><\/p><\/td><\/tr><tr><td><p><strong>Docentes respons\u00e1veis<\/strong><\/p><\/td><td colspan=\"5\"><p>Jeremy Andrew Squire<\/p><\/td><\/tr><tr><td><p><strong>Data ativa\u00e7\u00e3o da disciplina<\/strong><\/p><\/td><td colspan=\"5\"><p>\u00a0<\/p><\/td><\/tr><tr><td><p><strong>Docentes colaboradores<\/strong><\/p><\/td><td colspan=\"3\"><p>\u00a0<\/p><\/td><td><p><strong>Data aprova\u00e7\u00e3o em CPG<\/strong><\/p><\/td><td><p>21\/11\/2019<\/p><\/td><\/tr><tr><td><p><strong>N<\/strong><strong>\u00b0. vagas alunos regulares<\/strong><\/p><\/td><td><p>18<\/p><\/td><td><p><strong>N<\/strong><strong>\u00b0. vagas alunos especiais<\/strong><\/p><\/td><td><p>02<\/p><\/td><td><p><strong>Total<\/strong><\/p><\/td><td><p>20<\/p><\/td><\/tr><tr><td><p><strong>N<\/strong><strong>\u00b0. m\u00ednimo de matr\u00edculas<\/strong><\/p><\/td><td colspan=\"5\"><p>05<\/p><\/td><\/tr><tr><td><p><strong>Local<\/strong><\/p><\/td><td colspan=\"5\"><p><strong>FMRP-USP \u2013 Depto de Gen\u00e9tica \u2013 Bloco C<\/strong><\/p><\/td><\/tr><tr><td><p><strong>Pr\u00e9-requisito<\/strong><\/p><p><strong>(crit\u00e9rio de sele\u00e7\u00e3o)<\/strong><\/p><\/td><td colspan=\"5\"><p>\u00a0<\/p><\/td><\/tr><tr><td><p><strong>Observa\u00e7\u00f5es<\/strong><\/p><p>\u00a0<\/p><\/td><td colspan=\"5\"><p>Priority will be given for students in the Genetics program. Students should be doing a masters or doctorate in a topic related to medicine \/ biology. There are only 20 student places and students must be able to communicate in English during the interactive sessions. If there are more than 20 students enrolled, there will be an oral English test in the first class to select students based on their verbal English skills.<\/p><\/td><\/tr><tr><td><p><strong>Per\u00edodo de oferecimento<\/strong><\/p><\/td><td colspan=\"5\"><p>06\u00a0\u00a0 at\u00e9\u00a0\u00a0 27\/10\/2020<\/p><\/td><\/tr><tr><td><p><strong>Dias da semana<\/strong><\/p><\/td><td colspan=\"5\"><p>Ter\u00e7as-feiras<\/p><\/td><\/tr><tr><td><p><strong>Hor\u00e1rio<\/strong><\/p><\/td><td colspan=\"5\"><p>14:00\u00a0\u00a0 \u00e0s\u00a0\u00a0 18:00 horas<\/p><\/td><\/tr><tr><td colspan=\"6\"><p><strong>A disciplina ser\u00e1 ministrada em\u00a0<\/strong>( \u00a0\u00a0) portugu\u00eas ou ( X ) ingl\u00eas<\/p><\/td><\/tr><\/tbody><\/table><\/div>\t\t\t\t\t\t<\/div>\n\t\t\t\t<\/div>\n\t\t\t\t\t<\/div>\n\t\t<\/div>\n\t\t\t\t\t<\/div>\n\t\t<\/section>\n\t\t\t\t<\/div>\n\t\t","protected":false},"excerpt":{"rendered":"<p>Disciplinas de 2\u00ba Semestre Programa Gen\u00e9tica C\u00f3digo \u00c1rea de Concentra\u00e7\u00e3o 17135 C\u00f3digo e nome da Disciplina RGM5878 \u2013 Planejamento e Publica\u00e7\u00e3o de Pesquisas Cient\u00edficas Docentes respons\u00e1veis David De Jong Data ativa\u00e7\u00e3o da disciplina 03\/07\/2019 Docentes colaboradores Jeremy Andrew Squire Data aprova\u00e7\u00e3o em CPG 05\/07\/2019 N\u00b0. vagas alunos regulares 30 N\u00b0. vagas alunos especiais 05 Total [&hellip;]<\/p>\n","protected":false},"author":22211,"featured_media":0,"parent":0,"menu_order":0,"comment_status":"closed","ping_status":"closed","template":"","meta":{"footnotes":"","_links_to":"","_links_to_target":""},"class_list":["post-282","page","type-page","status-publish","hentry","entry"],"_links":{"self":[{"href":"https:\/\/sites.usp.br\/pggen\/wp-json\/wp\/v2\/pages\/282","targetHints":{"allow":["GET"]}}],"collection":[{"href":"https:\/\/sites.usp.br\/pggen\/wp-json\/wp\/v2\/pages"}],"about":[{"href":"https:\/\/sites.usp.br\/pggen\/wp-json\/wp\/v2\/types\/page"}],"author":[{"embeddable":true,"href":"https:\/\/sites.usp.br\/pggen\/wp-json\/wp\/v2\/users\/22211"}],"replies":[{"embeddable":true,"href":"https:\/\/sites.usp.br\/pggen\/wp-json\/wp\/v2\/comments?post=282"}],"version-history":[{"count":3,"href":"https:\/\/sites.usp.br\/pggen\/wp-json\/wp\/v2\/pages\/282\/revisions"}],"predecessor-version":[{"id":296,"href":"https:\/\/sites.usp.br\/pggen\/wp-json\/wp\/v2\/pages\/282\/revisions\/296"}],"wp:attachment":[{"href":"https:\/\/sites.usp.br\/pggen\/wp-json\/wp\/v2\/media?parent=282"}],"curies":[{"name":"wp","href":"https:\/\/api.w.org\/{rel}","templated":true}]}}