{"id":3098,"date":"2023-02-13T11:14:21","date_gmt":"2023-02-13T14:14:21","guid":{"rendered":"https:\/\/sites.usp.br\/pgimunoicb\/?page_id=3098"},"modified":"2026-02-27T19:31:09","modified_gmt":"2026-02-27T22:31:09","slug":"dra-sandra-marcia-muxel","status":"publish","type":"page","link":"https:\/\/sites.usp.br\/pgimunoicb\/orientadores-e-linhas-de-pesquisa\/dra-sandra-marcia-muxel\/","title":{"rendered":"Profa. Dra. Sandra Marcia Muxel"},"content":{"rendered":"<p><strong><a href=\"https:\/\/sites.usp.br\/pgimunoicb\/wp-content\/uploads\/sites\/317\/2023\/02\/Sandra-Muxel.jpeg\"><img loading=\"lazy\" decoding=\"async\" class=\"alignleft wp-image-3099\" src=\"https:\/\/sites.usp.br\/pgimunoicb\/wp-content\/uploads\/sites\/317\/2023\/02\/Sandra-Muxel.jpeg\" alt=\"\" width=\"165\" height=\"220\" data-id=\"3099\" \/><\/a>T\u00edtulo:\u00a0<\/strong>Professora Doutora<\/p>\n<p><strong>Laborat\u00f3rio:\u00a0<\/strong>EACH\/USP<strong><br \/>\n<\/strong><\/p>\n<p><strong>Telefone:\u00a0<\/strong><strong><br \/>\n<\/strong><\/p>\n<p><strong>E-mail: <\/strong>sandrammuxel@usp.br<span id=\"buscarListaOrientadoresAreaForm:inserirLO\"><\/span><\/p>\n<p><strong>Lattes: <\/strong><a href=\"http:\/\/lattes.cnpq.br\/5937214997529073\">http:\/\/lattes.cnpq.br\/5937214997529073<\/a><\/p>\n<p>&nbsp;<\/p>\n<p>Possui gradua\u00e7\u00e3o em Biomedicina pela Universidade Estadual de Londrina (2004), doutorado em Ci\u00eancias com \u00eanfase em Imunologia pela Universidade de S\u00e3o Paulo (2011) e P\u00f3s-doutorado em Fisiologia pela Universidade de S\u00e3o Paulo (2012-2016). Pesquisador visitante no Centro de Excelencia em Metabol\u00f3mica e Bioanalisis (CEMBIO- USP &#8211; Madri, Espanha). Atualmente trabalho como Especialista de Laborat\u00f3rio e pesquisadora no Laborat\u00f3rio de Intera\u00e7\u00f5es Neuroimunes do Departamento de Imunologia do Instituto de Ci\u00eancias Biom\u00e9dicas da Universidade de S\u00e3o Paulo. Tenho experi\u00eancia na \u00e1rea de Imunologia e biologia molecular, com \u00eanfase em Imunologia celular e doen\u00e7as infecciosas (mal\u00e1ria, leishmaniose, COVID). Atuo como coordenadora de projetos de pesquisa FAPESP e CNPq e extens\u00e3o (Biotreco &#8211; BiocientistaMirim &#8211; USP), estudando os temas: papel do metabolismo de L-arginina na ativa\u00e7\u00e3o de macr\u00f3fagos em processos infecciosos, estudo de Fatores de Transcri\u00e7\u00e3o e de RNAs n\u00e3o-codificadores (microRNAs e long noncoding) na regula\u00e7\u00e3o da express\u00e3o g\u00eanica durante a intera\u00e7\u00e3o pat\u00f3geno-hospedeiro.<\/p>\n<p>&nbsp;<\/p>\n<h4>Linha de pesquisa:<\/h4>\n<div class=\"title-wrapper\">\n<div class=\"layout-cell layout-cell-12 data-cell\">\n<div class=\"layout-cell layout-cell-3 text-align-right\">\n<div class=\"layout-cell-pad-5\">\n<ul>\n<li>Express\u00e3o de RNA NTT (Nonconding Transcript) de c\u00e9lulas T ativadas pelo pept\u00eddeo sint\u00e9tico do HIV (p9)<\/li>\n<li>Express\u00e3o g\u00eanica de de RNA NTT (Noncoding Transcript) em linf\u00f3citos HLA-A2 sensibilizados com RNA sint\u00e9tico Poli (i)(c).<\/li>\n<li>Altera\u00e7\u00f5es na composi\u00e7\u00e3o de microRNAs em macr\u00f3fagos infectados por Leishmania amazonensis<\/li>\n<li>MAL\u00c1RIA EXPERIMENTAL: Estudo da participa\u00e7\u00e3o da mol\u00e9cula CD1d e I-Ab na Ativa\u00e7\u00e3o Policlonal dos Linf\u00f3citos espl\u00eanicos e na gera\u00e7\u00e3o de imunidade ao Plasmodium chabaudi chabaudi AS.<\/li>\n<\/ul>\n<\/div>\n<h4>Publica\u00e7\u00f5es:<\/h4>\n<div class=\"artigo-completo\">\n<div class=\"layout-cell layout-cell-1 text-align-right\"><\/div>\n<\/div>\n<\/div>\n<\/div>\n<\/div>\n","protected":false},"excerpt":{"rendered":"<p>T\u00edtulo:\u00a0Professora Doutora Laborat\u00f3rio:\u00a0EACH\/USP Telefone:\u00a0 E-mail: sandrammuxel@usp.br Lattes: http:\/\/lattes.cnpq.br\/5937214997529073 &nbsp; Possui gradua\u00e7\u00e3o em Biomedicina pela Universidade Estadual de Londrina (2004), doutorado em Ci\u00eancias com \u00eanfase em Imunologia pela Universidade de S\u00e3o Paulo (2011) e P\u00f3s-doutorado em Fisiologia pela Universidade de S\u00e3o Paulo (2012-2016). Pesquisador visitante no Centro de Excelencia em Metabol\u00f3mica e Bioanalisis (CEMBIO- USP &#8211; Madri, Espanha). Atualmente trabalho como Especialista de Laborat\u00f3rio e pesquisadora no Laborat\u00f3rio de Intera\u00e7\u00f5es Neuroimunes do Departamento de Imunologia do Instituto de Ci\u00eancias Biom\u00e9dicas da Universidade de S\u00e3o Paulo. Tenho experi\u00eancia na \u00e1rea de Imunologia e biologia molecular, com \u00eanfase em Imunologia celular e doen\u00e7as infecciosas (mal\u00e1ria, leishmaniose, COVID). Atuo como coordenadora de projetos de pesquisa FAPESP e CNPq e extens\u00e3o (Biotreco &#8211; BiocientistaMirim &#8211; USP), estudando os temas: papel do metabolismo de L-arginina na ativa\u00e7\u00e3o de macr\u00f3fagos em processos infecciosos, estudo de Fatores de Transcri\u00e7\u00e3o e de RNAs n\u00e3o-codificadores (microRNAs e long noncoding) na regula\u00e7\u00e3o da express\u00e3o g\u00eanica durante a intera\u00e7\u00e3o pat\u00f3geno-hospedeiro. &nbsp; Linha de pesquisa: Express\u00e3o de RNA NTT (Nonconding Transcript) de c\u00e9lulas T ativadas pelo pept\u00eddeo sint\u00e9tico do HIV (p9) Express\u00e3o g\u00eanica de de RNA NTT (Noncoding Transcript) em linf\u00f3citos HLA-A2 sensibilizados com RNA sint\u00e9tico Poli (i)(c). Altera\u00e7\u00f5es na composi\u00e7\u00e3o de microRNAs [&#8230;]<\/p>\n","protected":false},"author":584,"featured_media":0,"parent":821,"menu_order":0,"comment_status":"closed","ping_status":"closed","template":"","meta":{"footnotes":"","_links_to":"","_links_to_target":""},"categories":[],"tags":[],"class_list":["post-3098","page","type-page","status-publish","hentry"],"_links":{"self":[{"href":"https:\/\/sites.usp.br\/pgimunoicb\/wp-json\/wp\/v2\/pages\/3098","targetHints":{"allow":["GET"]}}],"collection":[{"href":"https:\/\/sites.usp.br\/pgimunoicb\/wp-json\/wp\/v2\/pages"}],"about":[{"href":"https:\/\/sites.usp.br\/pgimunoicb\/wp-json\/wp\/v2\/types\/page"}],"author":[{"embeddable":true,"href":"https:\/\/sites.usp.br\/pgimunoicb\/wp-json\/wp\/v2\/users\/584"}],"replies":[{"embeddable":true,"href":"https:\/\/sites.usp.br\/pgimunoicb\/wp-json\/wp\/v2\/comments?post=3098"}],"version-history":[{"count":4,"href":"https:\/\/sites.usp.br\/pgimunoicb\/wp-json\/wp\/v2\/pages\/3098\/revisions"}],"predecessor-version":[{"id":3847,"href":"https:\/\/sites.usp.br\/pgimunoicb\/wp-json\/wp\/v2\/pages\/3098\/revisions\/3847"}],"up":[{"embeddable":true,"href":"https:\/\/sites.usp.br\/pgimunoicb\/wp-json\/wp\/v2\/pages\/821"}],"wp:attachment":[{"href":"https:\/\/sites.usp.br\/pgimunoicb\/wp-json\/wp\/v2\/media?parent=3098"}],"wp:term":[{"taxonomy":"category","embeddable":true,"href":"https:\/\/sites.usp.br\/pgimunoicb\/wp-json\/wp\/v2\/categories?post=3098"},{"taxonomy":"post_tag","embeddable":true,"href":"https:\/\/sites.usp.br\/pgimunoicb\/wp-json\/wp\/v2\/tags?post=3098"}],"curies":[{"name":"wp","href":"https:\/\/api.w.org\/{rel}","templated":true}]}}