{"id":821,"date":"2017-08-30T16:16:24","date_gmt":"2017-08-30T19:16:24","guid":{"rendered":"http:\/\/sites.usp.br\/pgimunoicb\/?page_id=821"},"modified":"2026-02-27T19:19:39","modified_gmt":"2026-02-27T22:19:39","slug":"orientadores-e-linhas-de-pesquisa","status":"publish","type":"page","link":"https:\/\/sites.usp.br\/pgimunoicb\/orientadores-e-linhas-de-pesquisa\/","title":{"rendered":"Orientadores e Linhas de Pesquisa"},"content":{"rendered":"<p>Clique nos nomes a seguir para abrir a p\u00e1gina correspondente:<\/p>\n<ul>\n<li><a href=\"\/\/sites.usp.br\/pgimunoicb\/orientadores-e-linhas-de-pesquisa\/profa-dra-alessandra-pontillo\/\">Alessandra Pontillo<\/a><\/li>\n<li><a href=\"\/\/sites.usp.br\/pgimunoicb\/orientadores-e-linhas-de-pesquisa\/prof-dr-alexandre-steiner\/\">Alexandre Alarcon Steiner<\/a><\/li>\n<li><a href=\"\/\/sites.usp.br\/pgimunoicb\/orientadores-e-linhas-de-pesquisa\/dra-ana-maria-moro\/\">Ana Maria Moro<\/a><\/li>\n<li><a href=\"\/\/sites.usp.br\/pgimunoicb\/orientadores-e-linhas-de-pesquisa\/profa-dra-ana-paula-lepique\/\">Ana Paula Lepique<\/a><\/li>\n<li><a href=\"\/\/sites.usp.br\/pgimunoicb\/orientadores-e-linhas-de-pesquisa\/prof-dr-anderson-de-sa-nunes\/\">Anderson de S\u00e1 Nunes<\/a><\/li>\n<li><a href=\"https:\/\/sites.usp.br\/pgimunoicb\/orientadores-e-linhas-de-pesquisa\/profa-dra-bruna-cunha-de-alencar-bargieri\/\">Bruna Cunha de Alencar Bargieri<\/a><\/li>\n<li><a href=\"https:\/\/sites.usp.br\/pgimunoicb\/orientadores-e-linhas-de-pesquisa\/profa-dra-denise-morais-da-fonseca\/\">Denise Morais da Fonseca<\/a><\/li>\n<li><a href=\"https:\/\/sites.usp.br\/pgimunoicb\/orientadores-e-linhas-de-pesquisa\/prof-dr-diego-luis-costa\/\">Diego\u00a0 Luis Costa<\/a><\/li>\n<li><a href=\"https:\/\/sites.usp.br\/pgimunoicb\/orientadores-e-linhas-de-pesquisa\/dra-eliana-faquim-de-lima-mauro\/\">Eliana Faquim de Lima Mauro<\/a><\/li>\n<li><a href=\"https:\/\/sites.usp.br\/pgimunoicb\/orientadores-e-linhas-de-pesquisa\/prof-dr-joao-gustavo-pessini-amarante-mendes\/\">Jo\u00e3o Gustavo Pessini Amarante Mendes<\/a><\/li>\n<li><a href=\"https:\/\/sites.usp.br\/pgimunoicb\/orientadores-e-linhas-de-pesquisa\/prof-dr-jose-alexandre-marzagao-barbuto\/\">Jos\u00e9 Alexandre Marzagao Barbuto<\/a><\/li>\n<li><a href=\"https:\/\/sites.usp.br\/pgimunoicb\/orientadores-e-linhas-de-pesquisa\/profa-dra-karina-ramalho-bortoluci\/\">Karina Ramalho Bortoluci<\/a><\/li>\n<li><a href=\"https:\/\/sites.usp.br\/pgimunoicb\/orientadores-e-linhas-de-pesquisa\/prof-dr-leandro-pires-araujo\/\">Leandro Pires Ara\u00fajo<\/a><\/li>\n<li><a href=\"https:\/\/sites.usp.br\/pgimunoicb\/orientadores-e-linhas-de-pesquisa\/profa-dra-lourdes-isaac\/\">Lourdes Isaac<\/a><\/li>\n<li><a href=\"https:\/\/sites.usp.br\/pgimunoicb\/orientadores-e-linhas-de-pesquisa\/dra-maria-notomi-sato\/\">Maria Notomi Sato<\/a><\/li>\n<li><a href=\"https:\/\/sites.usp.br\/pgimunoicb\/orientadores-e-linhas-de-pesquisa\/profa-dra-maria-regina-dimperio-lima\/\">Maria Regina D&#8217;Imperio Lima<\/a><\/li>\n<li><a href=\"https:\/\/sites.usp.br\/pgimunoicb\/orientadores-e-linhas-de-pesquisa\/nancy-starobinas\/\">Nancy Starobinas<\/a><\/li>\n<li><a href=\"https:\/\/sites.usp.br\/pgimunoicb\/orientadores-e-linhas-de-pesquisa\/prof-dr-niels-olsen-saraiva-camara\/\">Niels Olsen Saraiva C\u00e2mara<\/a><\/li>\n<li><a href=\"https:\/\/sites.usp.br\/pgimunoicb\/orientadores-e-linhas-de-pesquisa\/dr-otavio-cabral-marques\/\">Ot\u00e1vio Cabral Marques<\/a><\/li>\n<li><a href=\"https:\/\/sites.usp.br\/pgimunoicb\/orientadores-e-linhas-de-pesquisa\/prof-dr-pedro-manoel-mendes-de-moraes-vieira\/\">Pedro Manoel Mendes de Moraes Vieira<\/a><\/li>\n<li><a href=\"https:\/\/sites.usp.br\/pgimunoicb\/orientadores-e-linhas-de-pesquisa\/dr-rodrigo-nalio-ramos\/\">Rodrigo Nalio Ramos<\/a><\/li>\n<li><a href=\"https:\/\/sites.usp.br\/pgimunoicb\/sandra-coccuzzo-sampaio-vessoni\/\">Sandra Coccuzzo Sampaio Vessoni<\/a><\/li>\n<li><a href=\"https:\/\/sites.usp.br\/pgimunoicb\/orientadores-e-linhas-de-pesquisa\/dra-sandra-marcia-muxel\/\">Sandra Marcia Muxel<\/a><\/li>\n<li><a href=\"https:\/\/sites.usp.br\/pgimunoicb\/orientadores-e-linhas-de-pesquisa\/prof-dr-sergio-costa-oliveira\/\">Sergio Costa Oliveira<\/a><\/li>\n<li><a href=\"https:\/\/sites.usp.br\/pgimunoicb\/orientadores-e-linhas-de-pesquisa\/prof-dr-vinicius-de-andrade-oliveira\/\">Vinicius de Andrade Oliveira<\/a><\/li>\n<\/ul>\n<p>&nbsp;<\/p>\n","protected":false},"excerpt":{"rendered":"<p>Clique nos nomes a seguir para abrir a p\u00e1gina correspondente: Alessandra Pontillo Alexandre Alarcon Steiner Ana Maria Moro Ana Paula Lepique Anderson de S\u00e1 Nunes Bruna Cunha de Alencar Bargieri Denise Morais da Fonseca Diego\u00a0 Luis Costa Eliana Faquim de Lima Mauro Jo\u00e3o Gustavo Pessini Amarante Mendes Jos\u00e9 Alexandre Marzagao Barbuto Karina Ramalho Bortoluci Leandro Pires Ara\u00fajo Lourdes Isaac Maria Notomi Sato Maria Regina D&#8217;Imperio Lima Nancy Starobinas Niels Olsen Saraiva C\u00e2mara Ot\u00e1vio Cabral Marques Pedro Manoel Mendes de Moraes Vieira Rodrigo Nalio Ramos Sandra Coccuzzo Sampaio Vessoni Sandra Marcia Muxel Sergio Costa Oliveira Vinicius de Andrade Oliveira &nbsp;<\/p>\n","protected":false},"author":584,"featured_media":0,"parent":0,"menu_order":0,"comment_status":"closed","ping_status":"closed","template":"","meta":{"footnotes":"","_links_to":"","_links_to_target":""},"categories":[],"tags":[],"class_list":["post-821","page","type-page","status-publish","hentry"],"_links":{"self":[{"href":"https:\/\/sites.usp.br\/pgimunoicb\/wp-json\/wp\/v2\/pages\/821","targetHints":{"allow":["GET"]}}],"collection":[{"href":"https:\/\/sites.usp.br\/pgimunoicb\/wp-json\/wp\/v2\/pages"}],"about":[{"href":"https:\/\/sites.usp.br\/pgimunoicb\/wp-json\/wp\/v2\/types\/page"}],"author":[{"embeddable":true,"href":"https:\/\/sites.usp.br\/pgimunoicb\/wp-json\/wp\/v2\/users\/584"}],"replies":[{"embeddable":true,"href":"https:\/\/sites.usp.br\/pgimunoicb\/wp-json\/wp\/v2\/comments?post=821"}],"version-history":[{"count":4,"href":"https:\/\/sites.usp.br\/pgimunoicb\/wp-json\/wp\/v2\/pages\/821\/revisions"}],"predecessor-version":[{"id":3833,"href":"https:\/\/sites.usp.br\/pgimunoicb\/wp-json\/wp\/v2\/pages\/821\/revisions\/3833"}],"wp:attachment":[{"href":"https:\/\/sites.usp.br\/pgimunoicb\/wp-json\/wp\/v2\/media?parent=821"}],"wp:term":[{"taxonomy":"category","embeddable":true,"href":"https:\/\/sites.usp.br\/pgimunoicb\/wp-json\/wp\/v2\/categories?post=821"},{"taxonomy":"post_tag","embeddable":true,"href":"https:\/\/sites.usp.br\/pgimunoicb\/wp-json\/wp\/v2\/tags?post=821"}],"curies":[{"name":"wp","href":"https:\/\/api.w.org\/{rel}","templated":true}]}}