{"id":829,"date":"2017-08-30T16:49:11","date_gmt":"2017-08-30T19:49:11","guid":{"rendered":"http:\/\/sites.usp.br\/pgimunoicb\/?page_id=829"},"modified":"2026-02-27T19:14:53","modified_gmt":"2026-02-27T22:14:53","slug":"alunos-matriculados-programa","status":"publish","type":"page","link":"https:\/\/sites.usp.br\/pgimunoicb\/alunos-matriculados-programa\/","title":{"rendered":"Alunos Matriculados no Programa"},"content":{"rendered":"<p><a href=\"https:\/\/sites.usp.br\/pgimunoicb\/wp-content\/uploads\/sites\/317\/2022\/01\/Alunos-Pos-graduacao-Imunologia-ICB.pdf\">Alunos P\u00f3s-gradua\u00e7\u00e3o Imunologia ICB<\/a><\/p>\n<p>CPG: ICB (42)<\/p>\n<p>Programa: Imunologia (42007) A<\/p>\n<p>\u00c1rea de Concentra\u00e7\u00e3o: Imunologia (42133)<\/p>\n","protected":false},"excerpt":{"rendered":"<p>Alunos P\u00f3s-gradua\u00e7\u00e3o Imunologia ICB CPG: ICB (42) Programa: Imunologia (42007) A \u00c1rea de Concentra\u00e7\u00e3o: Imunologia (42133)<\/p>\n","protected":false},"author":584,"featured_media":0,"parent":0,"menu_order":0,"comment_status":"closed","ping_status":"closed","template":"","meta":{"footnotes":"","_links_to":"","_links_to_target":""},"categories":[],"tags":[],"class_list":["post-829","page","type-page","status-publish","hentry"],"_links":{"self":[{"href":"https:\/\/sites.usp.br\/pgimunoicb\/wp-json\/wp\/v2\/pages\/829","targetHints":{"allow":["GET"]}}],"collection":[{"href":"https:\/\/sites.usp.br\/pgimunoicb\/wp-json\/wp\/v2\/pages"}],"about":[{"href":"https:\/\/sites.usp.br\/pgimunoicb\/wp-json\/wp\/v2\/types\/page"}],"author":[{"embeddable":true,"href":"https:\/\/sites.usp.br\/pgimunoicb\/wp-json\/wp\/v2\/users\/584"}],"replies":[{"embeddable":true,"href":"https:\/\/sites.usp.br\/pgimunoicb\/wp-json\/wp\/v2\/comments?post=829"}],"version-history":[{"count":4,"href":"https:\/\/sites.usp.br\/pgimunoicb\/wp-json\/wp\/v2\/pages\/829\/revisions"}],"predecessor-version":[{"id":3828,"href":"https:\/\/sites.usp.br\/pgimunoicb\/wp-json\/wp\/v2\/pages\/829\/revisions\/3828"}],"wp:attachment":[{"href":"https:\/\/sites.usp.br\/pgimunoicb\/wp-json\/wp\/v2\/media?parent=829"}],"wp:term":[{"taxonomy":"category","embeddable":true,"href":"https:\/\/sites.usp.br\/pgimunoicb\/wp-json\/wp\/v2\/categories?post=829"},{"taxonomy":"post_tag","embeddable":true,"href":"https:\/\/sites.usp.br\/pgimunoicb\/wp-json\/wp\/v2\/tags?post=829"}],"curies":[{"name":"wp","href":"https:\/\/api.w.org\/{rel}","templated":true}]}}