{"id":831,"date":"2017-08-30T16:53:38","date_gmt":"2017-08-30T19:53:38","guid":{"rendered":"http:\/\/sites.usp.br\/pgimunoicb\/?page_id=831"},"modified":"2026-02-27T19:18:47","modified_gmt":"2026-02-27T22:18:47","slug":"egressos","status":"publish","type":"page","link":"https:\/\/sites.usp.br\/pgimunoicb\/egressos\/","title":{"rendered":"Egressos"},"content":{"rendered":"<p>A <strong>excel\u00eancia<\/strong> do Programa de P\u00f3s-gradua\u00e7\u00e3o em Imunologia do ICB-USP \u00e9 facilmente comprovada atrav\u00e9s da inser\u00e7\u00e3o profissional de seus egressos. Desde a sua cria\u00e7\u00e3o, alunos de Mestrado e\/ou Doutorado tem obtido coloca\u00e7\u00f5es de destaque tanto no setor p\u00fablico, quanto no setor privado. V\u00e1rios ex-alunos do nosso Programa s\u00e3o hoje l\u00edderes de grupos de pesquisa no Brasil e no exterior. Destacamos as mais recentes contrata\u00e7\u00f5es em Institutos de Pesquisa de ponta no exterior:<\/p>\n<p><a href=\"http:\/\/www.mountsinai.org\/profiles\/glaucia-furtado\" target=\"_blank\" rel=\"noopener noreferrer\">Glaucia Furtado<\/a> (Icahn School of Medicine at Mount Sinai, USA)<\/p>\n<p><a href=\"http:\/\/www.rockefeller.edu\/research\/faculty\/labheads\/DanielMucida\/\" target=\"_blank\" rel=\"noopener noreferrer\">Daniel Mucida<\/a> (The Rockefeler University, USA)<\/p>\n<p><a href=\"http:\/\/jura.wi.mit.edu\/victora\/index.html\" target=\"_blank\" rel=\"noopener noreferrer\">Gabriel D. Victora<\/a> (Whitehead Institute for Biomedical Research, USA)<\/p>\n<p><a href=\"http:\/\/micro.medicine.iu.edu\/faculty\/primary-faculty\/henrique-serezani-ph-d\/\" target=\"_blank\" rel=\"noopener noreferrer\">Carlos Henrique Cardoso Serezani<\/a> (Indiana University School of Medicine, USA)<\/p>\n<p><a href=\"http:\/\/www.decarvalholab.org\" target=\"_blank\" rel=\"noopener noreferrer\">Daniel Diniz de Carvalho<\/a> (University of Toronto and Ontario Cancer Institute, CA)<\/p>\n<p><a href=\"https:\/\/sites.usp.br\/pgimunoicb\/wp-content\/uploads\/sites\/317\/2017\/08\/Egressos-do-programa.xlsx\">Egressos do programa<\/a><\/p>\n","protected":false},"excerpt":{"rendered":"<p>A excel\u00eancia do Programa de P\u00f3s-gradua\u00e7\u00e3o em Imunologia do ICB-USP \u00e9 facilmente comprovada atrav\u00e9s da inser\u00e7\u00e3o profissional de seus egressos. Desde a sua cria\u00e7\u00e3o, alunos de Mestrado e\/ou Doutorado tem obtido coloca\u00e7\u00f5es de destaque tanto no setor p\u00fablico, quanto no setor privado. V\u00e1rios ex-alunos do nosso Programa s\u00e3o hoje l\u00edderes de grupos de pesquisa no Brasil e no exterior. Destacamos as mais recentes contrata\u00e7\u00f5es em Institutos de Pesquisa de ponta no exterior: Glaucia Furtado (Icahn School of Medicine at Mount Sinai, USA) Daniel Mucida (The Rockefeler University, USA) Gabriel D. Victora (Whitehead Institute for Biomedical Research, USA) Carlos Henrique Cardoso Serezani (Indiana University School of Medicine, USA) Daniel Diniz de Carvalho (University of Toronto and Ontario Cancer Institute, CA) Egressos do programa<\/p>\n","protected":false},"author":584,"featured_media":0,"parent":0,"menu_order":0,"comment_status":"closed","ping_status":"closed","template":"","meta":{"footnotes":"","_links_to":"","_links_to_target":""},"categories":[],"tags":[],"class_list":["post-831","page","type-page","status-publish","hentry"],"_links":{"self":[{"href":"https:\/\/sites.usp.br\/pgimunoicb\/wp-json\/wp\/v2\/pages\/831","targetHints":{"allow":["GET"]}}],"collection":[{"href":"https:\/\/sites.usp.br\/pgimunoicb\/wp-json\/wp\/v2\/pages"}],"about":[{"href":"https:\/\/sites.usp.br\/pgimunoicb\/wp-json\/wp\/v2\/types\/page"}],"author":[{"embeddable":true,"href":"https:\/\/sites.usp.br\/pgimunoicb\/wp-json\/wp\/v2\/users\/584"}],"replies":[{"embeddable":true,"href":"https:\/\/sites.usp.br\/pgimunoicb\/wp-json\/wp\/v2\/comments?post=831"}],"version-history":[{"count":3,"href":"https:\/\/sites.usp.br\/pgimunoicb\/wp-json\/wp\/v2\/pages\/831\/revisions"}],"predecessor-version":[{"id":3832,"href":"https:\/\/sites.usp.br\/pgimunoicb\/wp-json\/wp\/v2\/pages\/831\/revisions\/3832"}],"wp:attachment":[{"href":"https:\/\/sites.usp.br\/pgimunoicb\/wp-json\/wp\/v2\/media?parent=831"}],"wp:term":[{"taxonomy":"category","embeddable":true,"href":"https:\/\/sites.usp.br\/pgimunoicb\/wp-json\/wp\/v2\/categories?post=831"},{"taxonomy":"post_tag","embeddable":true,"href":"https:\/\/sites.usp.br\/pgimunoicb\/wp-json\/wp\/v2\/tags?post=831"}],"curies":[{"name":"wp","href":"https:\/\/api.w.org\/{rel}","templated":true}]}}