{"id":842,"date":"2017-08-30T17:16:50","date_gmt":"2017-08-30T20:16:50","guid":{"rendered":"http:\/\/sites.usp.br\/pgimunoicb\/?page_id=842"},"modified":"2026-02-27T19:16:07","modified_gmt":"2026-02-27T22:16:07","slug":"contato-2","status":"publish","type":"page","link":"https:\/\/sites.usp.br\/pgimunoicb\/contato-2\/","title":{"rendered":"Contato"},"content":{"rendered":"<p>Coment\u00e1rios ou perguntas s\u00e3o bem-vindos.<\/p>\n<p>Secretaria de P\u00f3s-Gradua\u00e7\u00e3o<br \/>\nTelefone: +55 (11) 3091-8478<br \/>\nE-mail: posimuno@icb.usp.br<\/p>\n","protected":false},"excerpt":{"rendered":"<p>Coment\u00e1rios ou perguntas s\u00e3o bem-vindos. Secretaria de P\u00f3s-Gradua\u00e7\u00e3o Telefone: +55 (11) 3091-8478 E-mail: posimuno@icb.usp.br<\/p>\n","protected":false},"author":584,"featured_media":0,"parent":0,"menu_order":0,"comment_status":"closed","ping_status":"closed","template":"","meta":{"footnotes":"","_links_to":"","_links_to_target":""},"categories":[],"tags":[],"class_list":["post-842","page","type-page","status-publish","hentry"],"_links":{"self":[{"href":"https:\/\/sites.usp.br\/pgimunoicb\/wp-json\/wp\/v2\/pages\/842","targetHints":{"allow":["GET"]}}],"collection":[{"href":"https:\/\/sites.usp.br\/pgimunoicb\/wp-json\/wp\/v2\/pages"}],"about":[{"href":"https:\/\/sites.usp.br\/pgimunoicb\/wp-json\/wp\/v2\/types\/page"}],"author":[{"embeddable":true,"href":"https:\/\/sites.usp.br\/pgimunoicb\/wp-json\/wp\/v2\/users\/584"}],"replies":[{"embeddable":true,"href":"https:\/\/sites.usp.br\/pgimunoicb\/wp-json\/wp\/v2\/comments?post=842"}],"version-history":[{"count":4,"href":"https:\/\/sites.usp.br\/pgimunoicb\/wp-json\/wp\/v2\/pages\/842\/revisions"}],"predecessor-version":[{"id":3829,"href":"https:\/\/sites.usp.br\/pgimunoicb\/wp-json\/wp\/v2\/pages\/842\/revisions\/3829"}],"wp:attachment":[{"href":"https:\/\/sites.usp.br\/pgimunoicb\/wp-json\/wp\/v2\/media?parent=842"}],"wp:term":[{"taxonomy":"category","embeddable":true,"href":"https:\/\/sites.usp.br\/pgimunoicb\/wp-json\/wp\/v2\/categories?post=842"},{"taxonomy":"post_tag","embeddable":true,"href":"https:\/\/sites.usp.br\/pgimunoicb\/wp-json\/wp\/v2\/tags?post=842"}],"curies":[{"name":"wp","href":"https:\/\/api.w.org\/{rel}","templated":true}]}}