{"id":850,"date":"2017-08-30T17:27:50","date_gmt":"2017-08-30T20:27:50","guid":{"rendered":"http:\/\/sites.usp.br\/pgimunoicb\/?page_id=850"},"modified":"2026-02-27T19:20:48","modified_gmt":"2026-02-27T22:20:48","slug":"pos-graduacao-em-imunologia-icb-usp","status":"publish","type":"page","link":"https:\/\/sites.usp.br\/pgimunoicb\/pos-graduacao-em-imunologia-icb-usp\/","title":{"rendered":"P\u00f3s-Gradua\u00e7\u00e3o em Imunologia \u2013 ICB-USP"},"content":{"rendered":"<p><strong><em>Hist\u00f3rico do programa<\/em><\/strong><\/p>\n<p>O Programa de P\u00f3s-Gradua\u00e7\u00e3o em Imunologia foi criado em 1983 a partir da a\u00e7\u00e3o conjunta dos docentes do rec\u00e9m-criado Departamento de Imunologia do Instituto de Ci\u00eancias Biom\u00e9dicas da Universidade de S\u00e3o Paulo (ICB\/USP). Os programas de Mestrado e Doutorado foram criados simultaneamente e receberam conceito A j\u00e1 na primeira avalia\u00e7\u00e3o da CAPES. A partir do tri\u00eanio 1998-2000, quando a CAPES modificou os seus crit\u00e9rios e pontua\u00e7\u00f5es, nosso Programa recebeu conceito 6, mas nas avalia\u00e7\u00f5es seguintes passou a receber conceito m\u00e1ximo (nota 7), o qual mant\u00e9m desde ent\u00e3o. Uma caracter\u00edstica marcante de nosso programa \u00e9 a variedade de \u00e1reas de pesquisa de seus orientadores. Oferecemos linhas de pesquisa em inflama\u00e7\u00e3o, alergia, c\u00e2ncer, imunobiologia de vetores, imunogen\u00e9tica, neuroimunomodula\u00e7\u00e3o, imunologia de bact\u00e9rias, v\u00edrus, fungos e protozo\u00e1rios, sistema complemento, imunodefici\u00eancias prim\u00e1rias e secund\u00e1rias, autoimunidade, imunometabolismo, morte celular, imunoparasitologia, toxinas e venenos e imunidade neonatal e de mucosas dentre outras.<\/p>\n<p><strong><em>Objetivos<\/em><\/strong><\/p>\n<p>O Programa de P\u00f3s-Gradua\u00e7\u00e3o em Imunologia do ICB-USP tem como objetivo central a forma\u00e7\u00e3o de mestres e doutores nas diferentes \u00e1reas da Imunologia, oferecendo um curr\u00edculo s\u00f3lido que permita o desenvolvimento de pesquisa e doc\u00eancia em Imunologia. Dentre desse mote, nosso programa visa: (a) promover a forma\u00e7\u00e3o de recursos humanos para doc\u00eancia e pesquisa, num contexto multidisciplinar com \u00eanfase em Imunologia, pautadas na \u00e9tica, respeito e responsabilidade; (b) fortalecer o ensino em Imunologia; (c) inovar e gerar novas descobertas que possam ser transformados em produtos para beneficiar pacientes de v\u00e1rias doen\u00e7as; (d) nuclear novos grupos de excel\u00eancia em Imunologia em Universidades e Institutos de ensino e pesquisa, no Brasil e no exterior; (e) estimular a mobilidade discente e docente, no Brasil e no exterior e fortalecer as colabora\u00e7\u00f5es com novos e estabelecidos grupos de pesquisas; (f) dar suporte a busca de financiamentos nacionais e internacionais, em principalmente em projetos em rede para consolidar linhas e grupos de pesquisa e nuclear novos; e (g) difundir a ci\u00eancia para sociedade civil.<\/p>\n<p>Desde o Mestrado, j\u00e1 se espera que o aluno desenvolva um projeto de pesquisa experimental e original, al\u00e9m de cursar um conjunto de disciplinas que forne\u00e7a a base te\u00f3rica geral e atualizada em Imunologia. Quanto aos alunos do Doutorado, espera-se que seu trabalho de pesquisa contribua tamb\u00e9m para o avan\u00e7o no conhecimento dos mecanismos de funcionamento do Sistema Imune, n\u00e3o se restringindo a estudos apenas descritivos ou metodol\u00f3gicos.<\/p>\n<p>O corpo de orientadores desenvolve projetos de pesquisa em v\u00e1rios campos da Imunologia, desde a interface pat\u00f3geno-hospedeiro ao estudo das fun\u00e7\u00f5es de genes relacionados \u00e0 resposta imunol\u00f3gica. Entre os projetos de natureza mais aplicada, procuramos estudar os mecanismos imunol\u00f3gicos e gen\u00e9ticos de imunodefici\u00eancias e autoimunidades humanas. Al\u00e9m disso, alguns laborat\u00f3rios possuem atividade de presta\u00e7\u00e3o de servi\u00e7o, realizando exames diagn\u00f3sticos para imunodefici\u00eancias e afec\u00e7\u00f5es do sistema complemento. Algumas linhas de pesquisa est\u00e3o voltadas diretamente para Inova\u00e7\u00e3o em Imunologia, com descoberta de novos alvos terap\u00eauticos, desenvolvimento de vacinas e soros imunes e desenvolvimento de ferramentas diagn\u00f3sticas. Neste \u00faltimo ano, uma nova linha de pesquisa foi estabelecida para estudar o impacto da infec\u00e7\u00e3o pelo zika v\u00edrus, em especial, o desenvolvimento da microcefalia e de vacinas, coordenado pelo Prof. Jean Pierre Peron (Rede ZIKA Brasil).<\/p>\n<p>Todos os orientadores possuem projetos de pesquisa financiados por ag\u00eancias de fomento nacionais e\/ou internacionais, sendo que a grande maioria figura como coordenador respons\u00e1vel por esses projetos. Muitos projetos s\u00e3o desenvolvidos em rede, com a participa\u00e7\u00e3o de v\u00e1rios pesquisadores em diferentes institui\u00e7\u00f5es de ensino (Centro de Pesquisa em Toxinas, Resposta Imune e Sinaliza\u00e7\u00e3o Celular \u2013 CEPID FAPES, INCTs de Investiga\u00e7\u00e3o em Imunologia (iii) e Fluidos Complexos, Projetos Tem\u00e1ticos FAPESP e NAP-PRP USP). Alguns projetos s\u00e3o tamb\u00e9m realizados em estrita colabora\u00e7\u00e3o com institui\u00e7\u00f5es internacionais (Instituto Gulbenkian de Ci\u00eancias, Instituto de Medicina Molecular da Universidade de Lisboa, Universidade de Liverpool, Universidade do Texas, Instituto Imagine da Universidade Paris Descartes, Universidad de La Republica, dentre outras). Ademais, orientadores do Programa fazem parte de grandes projetos em rede, como o GSK-CEPID FAPESP, Institutos Nacionais de Ci\u00eancia e Tecnologia (INCTs) e <em>Grand Challenges da Bill and Melinda Gate Foundation<\/em>.<\/p>\n<p>Nestes \u00faltimos anos, o Programa tem se dedicado a capacita\u00e7\u00e3o de doc\u00eancia para os discentes ao estimular a participa\u00e7\u00e3o, mesmo quando volunt\u00e1ria, do Programa de Aperfei\u00e7oamento de Ensino (PAE) e ao promover disciplinas com conte\u00fados pedag\u00f3gicos: \u201cO ensino de Imunologia para cursos de gradua\u00e7\u00e3o (BMI5898-1) e \u201cAprimoramento did\u00e1tico no ensino da Imunologia (BMI5899-1)\u201d. Ainda neste contexto, nas 7 edi\u00e7\u00f5es j\u00e1 realizadas do \u201cCurso de F\u00e9rias de Imunologia\u201d, promovidos pelo Programa, os discentes tiveram participa\u00e7\u00e3o efetiva das atividades de ensino, sob supervis\u00e3o do orientador respons\u00e1vel pela cria\u00e7\u00e3o do curso. Esta preocupa\u00e7\u00e3o reflete um dos nossos objetivos de formar professores capacitados a ensinar, de forma inovadora, conte\u00fados de Imunologia para o ensino m\u00e9dio e superior.<\/p>\n<p><strong><em>Perfil do Egresso<\/em><\/strong><\/p>\n<p>A qualidade da forma\u00e7\u00e3o acad\u00eamico-cient\u00edfica de nossos egressos pode ser amplamente comprovada pela nuclea\u00e7\u00e3o que estes profissionais estabeleceram em todo Brasil e tamb\u00e9m no exterior. Neste sentido, muitos de nossos egressos s\u00e3o pesquisadores estabelecidos e orientadores nas melhores institui\u00e7\u00f5es de ensino e pesquisa do Brasil, como \u00e9 o caso dos Profs. Drs. Jos\u00e9 Alexandre Marzag\u00e3o Barbuto, Lourdes Isaac, Maria Regina D\u2019Imp\u00e9rio Lima, Claudio Romero Farias Marinho, Jean Pierre Schatzmann Peron e Jo\u00e3o Gustavo Pessini Amarante-Mendes (ICB-USP), Alexandre de Castro Keller, Ana Claudia Trocoli Torrecilhas, Renato Barbosa, Karina Ramalho Bortoluci (UNIFESP), Marcelo de Franco, Nancy Starobinas, Irene Fernandes, Maria Fernanda de Macedo Soares, Carla Lima da Silva, Dunia del Carmen Rodriguez Soto, Eliana Faquim de Lima Mauro, Ana Maria Moura da Silva, Denise Tambourgi (Instituto Butantan), Ed\u00e9cio Cunha Neto, Ver\u00f4nica Porto Carreiro de Vasconcellos Coelho, Maria Notomi Sato, Gil Benard, Dewton de Moraes Vasconcelos, Jacqueline de F\u00e1tima Jacysyn (FMUSP), Maria Heloisa de Souza Lima Blotta, Pedro Manoel Mendes Moraes Vieira, Selma Giorgio (UNICAMP), L\u00facia Helena Faccioli e Auro Nomizo (FCFRP-USP), Ramon Kaneno e Denise Fecchio (Universidade Estadual Paulista J\u00falio de Mesquita Filho, UNESP-Botucatu), Ana Ang\u00e9lica Steil (Universidade do Vale do Itaja\u00ed), Henrique de Couto Teixeira, Ana Paula Ferreira, Juciane Castro (Universidade Federal de Juiz de Fora), Virmondes Rodrigues Junior (Universidade Federal do Tri\u00e2ngulo Mineiro), Maria Cristina dos Santos (Universidade Federal do Amazonas), Filomena Maria Perella Ballestieri (Universidade Federal da Grande Dourados), Phileno Pinge Filho (Universidade Estadual de Londrina), Ana Paula Kipnis, F\u00e1tima Ribeiro Dias, (Universidade Federal de Goi\u00e1s), Valdenia Maria Oliveira de Souza (Universidade Federal do Pernambuco), Fl\u00e1via Raquel Fernandes do Nascimento, Paulo Victor Soares (Universidade Federal do Maranh\u00e3o), Claudia Ida Brodskyn (Centro de Pesquisa Gon\u00e7alo Moniz, FIOCRUZ-Salvador), Enio Jos\u00e9 Bassi (Universidade Federal de Alagoas), Rosa Maria Elias (Centro Universit\u00e1rio V\u00e1rzea Grande &#8211; UNIVAG), Angela Falcai e Marcos Augusto Grigolin Grisotto (Universidade CEUMA \u2013 Maranh\u00e3o), entre outros. Al\u00e9m disto, outros egressos s\u00e3o pesquisadores em institui\u00e7\u00f5es de renome no exterior, como \u00e9 o caso dos Drs. Paola Minoprio (Institut Pasteur, Fran\u00e7a), Carlos Henrique Serezani (Indiana University, EUA), Maria Alicia Curoto de Lafaille (The Singapore Immunology Network, Singapore), Luciana Vieira de Moares (Instituto Gulbenkian, Portugal), Glaucia Furtado (Mount Sinai School of Medicine, EUA), Daniel Mucida e Gabriel Victora (The Rockefeller University, EUA) e Daniel Diniz de Carvalho (University of Toronto\/Ontario Cancer Institute, Canad\u00e1), Daniel Jacon Ketelhuth (Karolinska Institutet, Su\u00e9cia), Francisco Jos\u00e9 Rios (Institute of Cardiovascular and Medical Sciences, BHF Glasgow Cardiovascular Research Centre, Esc\u00f3cia).<\/p>\n<p>Nosso Programa tamb\u00e9m prepara os alunos para atuarem em diferentes segmentos da iniciativa privada. Somente como exemplo, v\u00e1rios dos nossos alunos foram contratados em empresas privadas, tais como a <em>Becton, Dickinson and Company<\/em> (BD Biosciences &#8211; Brasil), como especialistas na \u00e1rea de citometria de fluxo; Merck Millipore, Johnson &amp; Johnson, como t\u00e9cnicos especializados de Laborat\u00f3rio; na Bayer Brasil, como assistente e dire\u00e7\u00e3o em pesquisa cl\u00ednica; na EMD Millipore (Seattle \u2013 USA) como especialista de suporte t\u00e9cnico; na Alcon\/Novartis como especialista de aplica\u00e7\u00f5es cl\u00ednicas; na Pfizer (EUA) como especialista de suporte t\u00e9cnico, entre outros tantos.<\/p>\n<p>Em 2016, um egresso de doutorado do Programa foi selecionado no Programa de Bolsas para Am\u00e9rica Latina da Funda\u00e7\u00e3o Pew (Pew Latin American Fellows Program, <a href=\"http:\/\/www.pewtrusts.org\/en\/projects\/pew-latin-american-fellows\/directory-of-latin-fellows\/2016\/vinicius-de-andrade-oliveira\">http:\/\/www.pewtrusts.org\/en\/projects\/pew-latin-american-fellows\/directory-of-latin-fellows\/2016\/vinicius-de-andrade-oliveira<\/a>), o Dr. Vinicius Andrade de Oliveira, para p\u00f3s-doutoramento no laborat\u00f3rio da Profa. Yasmin Belkaid, NIH, EUA.<\/p>\n<p>Grande parte de nossos egressos est\u00e1 realizando p\u00f3s-doutoramento no exterior (Instituto Gulbenkian de Ci\u00eancias, Portugal; The Rockefeller University , EUA; NIH, EUA; Universidade de Yale, EUA;\u00a0 Universidade de Bonn, Alemanha; Universidade de Minessota, EUA; Instituto Maire Curie, Fran\u00e7a; Florida Internacional University, EUA; Universidade Lubeck, Alemanha, entre outras). Quatro egressos s\u00e3o hoje pesquisadores em Institutos de Ensino e Pesquisa acoplados a Hospitais de Ensino: Mariane Tami Amano (IEP do Hospital S\u00edrio Liban\u00eas), Ricardo Weilich, Welbert Pereira e Luiz Sardinha (IEP do Hospital Albert Einstein). Um egresso \u00e9 hoje Jovem Pesquisador FAPESP estudando Imunologia de Fungos (Dr. Flavio Loures), j\u00e1 supervisionando alunos de inicia\u00e7\u00e3o cient\u00edfica. Tr\u00eas egressos s\u00e3o hoje bolsista CAPES PNPD (Dras. Tatiana Takeiishi, Bruna Bizzarro e Priscila Denapolli).<\/p>\n<p><strong><em>Pr\u00eamio Teses (USP e CAPES)<\/em><\/strong><\/p>\n<p>A excel\u00eancia de nosso programa fica clara em premia\u00e7\u00f5es nacionais dos melhores trabalhos do ano. Teses do nosso programa receberam por 2 vezes o Pr\u00eamio CAPES de Tese na \u00e1rea Ci\u00eancias Biol\u00f3gicas III (2008 e 2010), al\u00e9m de 5 men\u00e7\u00f5es honrosas (2006, 2007, 2009, 2014 e 2016), totalizando sete premia\u00e7\u00f5es at\u00e9 o momento. Tamb\u00e9m recebemos men\u00e7\u00e3o honrosa nas edi\u00e7\u00f5es do Pr\u00eamio Tese Destaque USP em 2014 e de 2015 e a tese vencedora do mesmo pr\u00eamio na \u00e1rea de biol\u00f3gicas na edi\u00e7\u00e3o de 2016 foi de nosso programa.<\/p>\n<p>&nbsp;<\/p>\n","protected":false},"excerpt":{"rendered":"<p>Hist\u00f3rico do programa O Programa de P\u00f3s-Gradua\u00e7\u00e3o em Imunologia foi criado em 1983 a partir da a\u00e7\u00e3o conjunta dos docentes do rec\u00e9m-criado Departamento de Imunologia do Instituto de Ci\u00eancias Biom\u00e9dicas da Universidade de S\u00e3o Paulo (ICB\/USP). Os programas de Mestrado e Doutorado foram criados simultaneamente e receberam conceito A j\u00e1 na primeira avalia\u00e7\u00e3o da CAPES. A partir do tri\u00eanio 1998-2000, quando a CAPES modificou os seus crit\u00e9rios e pontua\u00e7\u00f5es, nosso Programa recebeu conceito 6, mas nas avalia\u00e7\u00f5es seguintes passou a receber conceito m\u00e1ximo (nota 7), o qual mant\u00e9m desde ent\u00e3o. Uma caracter\u00edstica marcante de nosso programa \u00e9 a variedade de \u00e1reas de pesquisa de seus orientadores. Oferecemos linhas de pesquisa em inflama\u00e7\u00e3o, alergia, c\u00e2ncer, imunobiologia de vetores, imunogen\u00e9tica, neuroimunomodula\u00e7\u00e3o, imunologia de bact\u00e9rias, v\u00edrus, fungos e protozo\u00e1rios, sistema complemento, imunodefici\u00eancias prim\u00e1rias e secund\u00e1rias, autoimunidade, imunometabolismo, morte celular, imunoparasitologia, toxinas e venenos e imunidade neonatal e de mucosas dentre outras. Objetivos O Programa de P\u00f3s-Gradua\u00e7\u00e3o em Imunologia do ICB-USP tem como objetivo central a forma\u00e7\u00e3o de mestres e doutores nas diferentes \u00e1reas da Imunologia, oferecendo um curr\u00edculo s\u00f3lido que permita o desenvolvimento de pesquisa e doc\u00eancia em Imunologia. Dentre desse mote, nosso programa visa: (a) promover a forma\u00e7\u00e3o de recursos humanos para [&#8230;]<\/p>\n","protected":false},"author":584,"featured_media":0,"parent":0,"menu_order":0,"comment_status":"closed","ping_status":"closed","template":"","meta":{"footnotes":"","_links_to":"","_links_to_target":""},"categories":[],"tags":[],"class_list":["post-850","page","type-page","status-publish","hentry"],"_links":{"self":[{"href":"https:\/\/sites.usp.br\/pgimunoicb\/wp-json\/wp\/v2\/pages\/850","targetHints":{"allow":["GET"]}}],"collection":[{"href":"https:\/\/sites.usp.br\/pgimunoicb\/wp-json\/wp\/v2\/pages"}],"about":[{"href":"https:\/\/sites.usp.br\/pgimunoicb\/wp-json\/wp\/v2\/types\/page"}],"author":[{"embeddable":true,"href":"https:\/\/sites.usp.br\/pgimunoicb\/wp-json\/wp\/v2\/users\/584"}],"replies":[{"embeddable":true,"href":"https:\/\/sites.usp.br\/pgimunoicb\/wp-json\/wp\/v2\/comments?post=850"}],"version-history":[{"count":4,"href":"https:\/\/sites.usp.br\/pgimunoicb\/wp-json\/wp\/v2\/pages\/850\/revisions"}],"predecessor-version":[{"id":3834,"href":"https:\/\/sites.usp.br\/pgimunoicb\/wp-json\/wp\/v2\/pages\/850\/revisions\/3834"}],"wp:attachment":[{"href":"https:\/\/sites.usp.br\/pgimunoicb\/wp-json\/wp\/v2\/media?parent=850"}],"wp:term":[{"taxonomy":"category","embeddable":true,"href":"https:\/\/sites.usp.br\/pgimunoicb\/wp-json\/wp\/v2\/categories?post=850"},{"taxonomy":"post_tag","embeddable":true,"href":"https:\/\/sites.usp.br\/pgimunoicb\/wp-json\/wp\/v2\/tags?post=850"}],"curies":[{"name":"wp","href":"https:\/\/api.w.org\/{rel}","templated":true}]}}