{"id":906,"date":"2017-08-31T16:29:00","date_gmt":"2017-08-31T19:29:00","guid":{"rendered":"http:\/\/sites.usp.br\/pgimunoicb\/?page_id=906"},"modified":"2026-02-27T20:28:46","modified_gmt":"2026-02-27T23:28:46","slug":"normas","status":"publish","type":"page","link":"https:\/\/sites.usp.br\/pgimunoicb\/programa\/ingressoselecao\/normas\/","title":{"rendered":"Normas"},"content":{"rendered":"<p>&nbsp;<\/p>\n<h3 id=\"texto\">NORMAS DO PROGRAMA DE P\u00d3S-GRADUA\u00c7\u00c3O EM IMUNOLOGIA DO ICB\/USP<\/h3>\n<p>Para alunos que fizeram a matr\u00edcula inicial at\u00e9 14\/05\/2019:<\/p>\n<p><a href=\"https:\/\/sites.usp.br\/pgimunoicb\/wp-content\/uploads\/sites\/317\/2019\/07\/REGULAMENTO-DO-PROGRAMA-DE-P\u00d3S-GRADUA\u00c7\u00c3O_CaN_11Jul17.pdf\">REGULAMENTO DO PROGRAMA DE P\u00d3S-GRADUA\u00c7\u00c3O_CaN_11Jul17<\/a><\/p>\n<p>&nbsp;<\/p>\n<p>Para alunos que fizeram a matr\u00edcula inicial a partir de 15\/05\/2019:<\/p>\n<p><a href=\"https:\/\/sites.usp.br\/pgimunoicb\/wp-content\/uploads\/sites\/317\/2019\/07\/REGULAMENTO-DO-PROGRAMA-DE-P\u00d3S-GRADUA\u00c7\u00c3O-CaN-15_05_2019.pdf\">REGULAMENTO-DO-PROGRAMA-DE-P\u00d3S-GRADUA\u00c7\u00c3O-CaN-15_05_2019<\/a><\/p>\n<p>&nbsp;<\/p>\n<h3 id=\"texto\">RULES OF THE GRADUATE PROGRAM IN IMMUNOLOGY OF ICB\/USP<\/h3>\n<p>For students with original enrollment until 05\/14\/2019:<\/p>\n<p><a href=\"https:\/\/sites.usp.br\/pgimunoicb\/wp-content\/uploads\/sites\/317\/2019\/07\/REGULAMENTO-DO-PROGRAMA-DE-P\u00d3S-GRADUA\u00c7\u00c3O_CaN_11Jul17.pdf\">REGULAMENTO DO PROGRAMA DE P\u00d3S-GRADUA\u00c7\u00c3O_CaN_11Jul17<\/a><\/p>\n<p>&nbsp;<\/p>\n<p>For students with original enrollment as of 05\/15\/2019:<\/p>\n<p><a href=\"https:\/\/sites.usp.br\/pgimunoicb\/wp-content\/uploads\/sites\/317\/2021\/12\/RULES-OF-THE-GRADUATE-PROGRAM-IN-IMMUNOLOGY-15_05_2019.pdf\">RULES OF THE GRADUATE PROGRAM IN IMMUNOLOGY 15_05_2019<\/a><\/p>\n<p>&nbsp;<\/p>\n","protected":false},"excerpt":{"rendered":"<p>&nbsp; NORMAS DO PROGRAMA DE P\u00d3S-GRADUA\u00c7\u00c3O EM IMUNOLOGIA DO ICB\/USP Para alunos que fizeram a matr\u00edcula inicial at\u00e9 14\/05\/2019: REGULAMENTO DO PROGRAMA DE P\u00d3S-GRADUA\u00c7\u00c3O_CaN_11Jul17 &nbsp; Para alunos que fizeram a matr\u00edcula inicial a partir de 15\/05\/2019: REGULAMENTO-DO-PROGRAMA-DE-P\u00d3S-GRADUA\u00c7\u00c3O-CaN-15_05_2019 &nbsp; RULES OF THE GRADUATE PROGRAM IN IMMUNOLOGY OF ICB\/USP For students with original enrollment until 05\/14\/2019: REGULAMENTO DO PROGRAMA DE P\u00d3S-GRADUA\u00c7\u00c3O_CaN_11Jul17 &nbsp; For students with original enrollment as of 05\/15\/2019: RULES OF THE GRADUATE PROGRAM IN IMMUNOLOGY 15_05_2019 &nbsp;<\/p>\n","protected":false},"author":584,"featured_media":0,"parent":903,"menu_order":0,"comment_status":"closed","ping_status":"closed","template":"","meta":{"footnotes":"","_links_to":"","_links_to_target":""},"categories":[],"tags":[],"class_list":["post-906","page","type-page","status-publish","hentry"],"_links":{"self":[{"href":"https:\/\/sites.usp.br\/pgimunoicb\/wp-json\/wp\/v2\/pages\/906","targetHints":{"allow":["GET"]}}],"collection":[{"href":"https:\/\/sites.usp.br\/pgimunoicb\/wp-json\/wp\/v2\/pages"}],"about":[{"href":"https:\/\/sites.usp.br\/pgimunoicb\/wp-json\/wp\/v2\/types\/page"}],"author":[{"embeddable":true,"href":"https:\/\/sites.usp.br\/pgimunoicb\/wp-json\/wp\/v2\/users\/584"}],"replies":[{"embeddable":true,"href":"https:\/\/sites.usp.br\/pgimunoicb\/wp-json\/wp\/v2\/comments?post=906"}],"version-history":[{"count":4,"href":"https:\/\/sites.usp.br\/pgimunoicb\/wp-json\/wp\/v2\/pages\/906\/revisions"}],"predecessor-version":[{"id":3901,"href":"https:\/\/sites.usp.br\/pgimunoicb\/wp-json\/wp\/v2\/pages\/906\/revisions\/3901"}],"up":[{"embeddable":true,"href":"https:\/\/sites.usp.br\/pgimunoicb\/wp-json\/wp\/v2\/pages\/903"}],"wp:attachment":[{"href":"https:\/\/sites.usp.br\/pgimunoicb\/wp-json\/wp\/v2\/media?parent=906"}],"wp:term":[{"taxonomy":"category","embeddable":true,"href":"https:\/\/sites.usp.br\/pgimunoicb\/wp-json\/wp\/v2\/categories?post=906"},{"taxonomy":"post_tag","embeddable":true,"href":"https:\/\/sites.usp.br\/pgimunoicb\/wp-json\/wp\/v2\/tags?post=906"}],"curies":[{"name":"wp","href":"https:\/\/api.w.org\/{rel}","templated":true}]}}