{"id":916,"date":"2017-08-31T17:19:22","date_gmt":"2017-08-31T20:19:22","guid":{"rendered":"http:\/\/sites.usp.br\/pgimunoicb\/?page_id=916"},"modified":"2026-02-27T20:27:01","modified_gmt":"2026-02-27T23:27:01","slug":"curso-de-ferias","status":"publish","type":"page","link":"https:\/\/sites.usp.br\/pgimunoicb\/programa\/ingressoselecao\/curso-de-ferias\/","title":{"rendered":"Curso de F\u00e9rias"},"content":{"rendered":"<h4><strong>Do dia 17 a 21 de Janeiro de 2022<\/strong><\/h4>\n<h5>o Departamento de Imunologia realizar\u00e1 o IX Curso de F\u00e9rias.<\/h5>\n<h5>Para mais informa\u00e7\u00f5es acesse <a href=\"https:\/\/cursoimunousp.wixsite.com\/ixcursodeferias\">https:\/\/cursoimunousp.wixsite.com\/ixcursodeferias<\/a><\/h5>\n<p><strong>Coordenador:<\/strong><\/p>\n<p>Jean Pierre Schatzmann Peron<\/p>\n<p>Prof. Dr. Anderson de S\u00e1 Nunes<\/p>\n<p><strong>Monitores:<\/strong><\/p>\n<div id=\"comp-jxi4iexs\" class=\"txtNew\" data-packed=\"true\">\n<div id=\"comp-jxi572fh\" class=\"txtNew\" data-packed=\"true\">\n<div id=\"comp-jxi4iexs\" class=\"_1Z_nJ\" data-testid=\"richTextElement\">\n<div id=\"comp-jxi572fh\" class=\"_1Z_nJ\" data-testid=\"richTextElement\">\n<p>Andrew Sardinha<\/p>\n<p>Carla Sanzochi Fogolin<\/p>\n<p>Caroline Martins<\/p>\n<p>Gabriela Coeli Menezes Evangelista<\/p>\n<p>Isis Lib\u00f3rio Trzan<\/p>\n<p>Laura Caroline de Faria<\/p>\n<p>Dra. Let\u00edcia Gomes de Pontes<\/p>\n<p>Let\u00edcia Sav\u00e9rio<\/p>\n<p>Lu\u00eds Eduardo Duarte Gon\u00e7alves<\/p>\n<p>Lu\u00edsa Menezes Silva<\/p>\n<p>Marcos Vin\u00edcios<\/p>\n<p>Mariela Vera Roa<\/p>\n<p>Nataly Peres<\/p>\n<p>Dra. Paula Paccielli Freire<\/p>\n<p>Ranieri Coelho Salgado<\/p>\n<p>Raylane Adrielle Gon\u00e7alves Cambui<\/p>\n<p>Tiago Francisco da Silva<\/p>\n<\/div>\n<\/div>\n<\/div>\n<\/div>\n","protected":false},"excerpt":{"rendered":"<p>Do dia 17 a 21 de Janeiro de 2022 o Departamento de Imunologia realizar\u00e1 o IX Curso de F\u00e9rias. Para mais informa\u00e7\u00f5es acesse https:\/\/cursoimunousp.wixsite.com\/ixcursodeferias Coordenador: Jean Pierre Schatzmann Peron Prof. Dr. Anderson de S\u00e1 Nunes Monitores: Andrew Sardinha Carla Sanzochi Fogolin Caroline Martins Gabriela Coeli Menezes Evangelista Isis Lib\u00f3rio Trzan Laura Caroline de Faria Dra. Let\u00edcia Gomes de Pontes Let\u00edcia Sav\u00e9rio Lu\u00eds Eduardo Duarte Gon\u00e7alves Lu\u00edsa Menezes Silva Marcos Vin\u00edcios Mariela Vera Roa Nataly Peres Dra. Paula Paccielli Freire Ranieri Coelho Salgado Raylane Adrielle Gon\u00e7alves Cambui Tiago Francisco da Silva<\/p>\n","protected":false},"author":584,"featured_media":2113,"parent":903,"menu_order":0,"comment_status":"closed","ping_status":"closed","template":"","meta":{"footnotes":"","_links_to":"","_links_to_target":""},"categories":[],"tags":[],"class_list":["post-916","page","type-page","status-publish","has-post-thumbnail","hentry"],"_links":{"self":[{"href":"https:\/\/sites.usp.br\/pgimunoicb\/wp-json\/wp\/v2\/pages\/916","targetHints":{"allow":["GET"]}}],"collection":[{"href":"https:\/\/sites.usp.br\/pgimunoicb\/wp-json\/wp\/v2\/pages"}],"about":[{"href":"https:\/\/sites.usp.br\/pgimunoicb\/wp-json\/wp\/v2\/types\/page"}],"author":[{"embeddable":true,"href":"https:\/\/sites.usp.br\/pgimunoicb\/wp-json\/wp\/v2\/users\/584"}],"replies":[{"embeddable":true,"href":"https:\/\/sites.usp.br\/pgimunoicb\/wp-json\/wp\/v2\/comments?post=916"}],"version-history":[{"count":4,"href":"https:\/\/sites.usp.br\/pgimunoicb\/wp-json\/wp\/v2\/pages\/916\/revisions"}],"predecessor-version":[{"id":3899,"href":"https:\/\/sites.usp.br\/pgimunoicb\/wp-json\/wp\/v2\/pages\/916\/revisions\/3899"}],"up":[{"embeddable":true,"href":"https:\/\/sites.usp.br\/pgimunoicb\/wp-json\/wp\/v2\/pages\/903"}],"wp:featuredmedia":[{"embeddable":true,"href":"https:\/\/sites.usp.br\/pgimunoicb\/wp-json\/wp\/v2\/media\/2113"}],"wp:attachment":[{"href":"https:\/\/sites.usp.br\/pgimunoicb\/wp-json\/wp\/v2\/media?parent=916"}],"wp:term":[{"taxonomy":"category","embeddable":true,"href":"https:\/\/sites.usp.br\/pgimunoicb\/wp-json\/wp\/v2\/categories?post=916"},{"taxonomy":"post_tag","embeddable":true,"href":"https:\/\/sites.usp.br\/pgimunoicb\/wp-json\/wp\/v2\/tags?post=916"}],"curies":[{"name":"wp","href":"https:\/\/api.w.org\/{rel}","templated":true}]}}