{"id":919,"date":"2017-08-31T17:23:45","date_gmt":"2017-08-31T20:23:45","guid":{"rendered":"http:\/\/sites.usp.br\/pgimunoicb\/?page_id=919"},"modified":"2026-02-27T20:27:40","modified_gmt":"2026-02-27T23:27:40","slug":"edital","status":"publish","type":"page","link":"https:\/\/sites.usp.br\/pgimunoicb\/programa\/ingressoselecao\/edital\/","title":{"rendered":"Edital"},"content":{"rendered":"<p>&nbsp;<\/p>\n<p style=\"text-align: center;\"><strong>INSTITUTO DE CI\u00caNCIAS BIOM\u00c9DICAS<\/strong><\/p>\n<p style=\"text-align: center;\"><strong>Edital de Abertura de Processo Seletivo PG\/BMI<\/strong><\/p>\n<h3 style=\"text-align: center;\">O PROCESSO SELETIVO ser\u00e1 realizado duas vezes ao ano nos seguintes per\u00edodos:<br \/>\n1\u00ba semestre: 27 a 29\/05\/2026 (per\u00edodo de inscri\u00e7\u00e3o 04 a 18\/05\/2026)<br \/>\n2\u00ba semestre: 25 a 27\/11\/2026 (per\u00edodo de inscri\u00e7\u00e3o 03 a 16\/11\/2026)<br \/>\nO ingresso no Doutorado \u00e9 feito em fluxo continuo.<\/h3>\n<p><a href=\"https:\/\/sites.usp.br\/pgimunoicb\/wp-content\/uploads\/sites\/317\/2026\/02\/Edital-de-abertura-de-processo-seletivo-2026.pdf\">Edital de abertura de processo seletivo &#8211; 2026<\/a><\/p>\n<p>&nbsp;<\/p>\n<p><a href=\"https:\/\/sites.usp.br\/pgimunoicb\/wp-content\/uploads\/sites\/317\/2025\/03\/Ficha_de_inscricao_Pos_Graduacao_ATUALIZADA-1.doc\">Ficha_de_inscri\u00e7\u00e3o_P\u00f3s_Gradua\u00e7\u00e3o_ATUALIZADA<\/a><\/p>\n<p>&nbsp;<\/p>\n<p><a href=\"https:\/\/sites.usp.br\/pgimunoicb\/wp-content\/uploads\/sites\/317\/2025\/03\/Ficha_de_inscricao_Pos_Graduacao_ATUALIZADA.doc\">GRADUATE PROGRAM REGISTRATION FORM<\/a><\/p>\n<p>&nbsp;<\/p>\n","protected":false},"excerpt":{"rendered":"<p>&nbsp; INSTITUTO DE CI\u00caNCIAS BIOM\u00c9DICAS Edital de Abertura de Processo Seletivo PG\/BMI O PROCESSO SELETIVO ser\u00e1 realizado duas vezes ao ano nos seguintes per\u00edodos: 1\u00ba semestre: 27 a 29\/05\/2026 (per\u00edodo de inscri\u00e7\u00e3o 04 a 18\/05\/2026) 2\u00ba semestre: 25 a 27\/11\/2026 (per\u00edodo de inscri\u00e7\u00e3o 03 a 16\/11\/2026) O ingresso no Doutorado \u00e9 feito em fluxo continuo. Edital de abertura de processo seletivo &#8211; 2026 &nbsp; Ficha_de_inscri\u00e7\u00e3o_P\u00f3s_Gradua\u00e7\u00e3o_ATUALIZADA &nbsp; GRADUATE PROGRAM REGISTRATION FORM &nbsp;<\/p>\n","protected":false},"author":584,"featured_media":0,"parent":903,"menu_order":0,"comment_status":"closed","ping_status":"closed","template":"","meta":{"footnotes":"","_links_to":"","_links_to_target":""},"categories":[],"tags":[],"class_list":["post-919","page","type-page","status-publish","hentry"],"_links":{"self":[{"href":"https:\/\/sites.usp.br\/pgimunoicb\/wp-json\/wp\/v2\/pages\/919","targetHints":{"allow":["GET"]}}],"collection":[{"href":"https:\/\/sites.usp.br\/pgimunoicb\/wp-json\/wp\/v2\/pages"}],"about":[{"href":"https:\/\/sites.usp.br\/pgimunoicb\/wp-json\/wp\/v2\/types\/page"}],"author":[{"embeddable":true,"href":"https:\/\/sites.usp.br\/pgimunoicb\/wp-json\/wp\/v2\/users\/584"}],"replies":[{"embeddable":true,"href":"https:\/\/sites.usp.br\/pgimunoicb\/wp-json\/wp\/v2\/comments?post=919"}],"version-history":[{"count":4,"href":"https:\/\/sites.usp.br\/pgimunoicb\/wp-json\/wp\/v2\/pages\/919\/revisions"}],"predecessor-version":[{"id":3900,"href":"https:\/\/sites.usp.br\/pgimunoicb\/wp-json\/wp\/v2\/pages\/919\/revisions\/3900"}],"up":[{"embeddable":true,"href":"https:\/\/sites.usp.br\/pgimunoicb\/wp-json\/wp\/v2\/pages\/903"}],"wp:attachment":[{"href":"https:\/\/sites.usp.br\/pgimunoicb\/wp-json\/wp\/v2\/media?parent=919"}],"wp:term":[{"taxonomy":"category","embeddable":true,"href":"https:\/\/sites.usp.br\/pgimunoicb\/wp-json\/wp\/v2\/categories?post=919"},{"taxonomy":"post_tag","embeddable":true,"href":"https:\/\/sites.usp.br\/pgimunoicb\/wp-json\/wp\/v2\/tags?post=919"}],"curies":[{"name":"wp","href":"https:\/\/api.w.org\/{rel}","templated":true}]}}